{"id":5365,"date":"2020-12-09T14:25:13","date_gmt":"2021-02-01T07:39:04","guid":{"rendered":"https:\/\/www.skyline.de\/?post_type=product&#038;p=5365"},"modified":"2021-02-01T08:40:21","modified_gmt":"2021-02-01T07:40:21","slug":"rongeur-et-reptilienheim-marrakech-v-20","status":"publish","type":"product","link":"https:\/\/www.skyline.de\/fr\/product\/rongeur-et-reptilienheim-marrakech-v-20\/","title":{"rendered":"Rongeurs et reptiles Marrakech V.20"},"content":{"rendered":"<ul>\n<li>Caract\u00e9ristiques sp\u00e9ciales : Le grand rabat au sommet est ouvert au moyen d\u2019un ressort de pression de gaz<\/li>\n<li>\u00c9l\u00e9ments de haute qualit\u00e9 en verre, en bois r\u00e9el et une couverture en treillis noir<\/li>\n<li>Vitres panoramiques et grand rabat d\u2019ouverture en haut<\/li>\n<li>Vue panoramique des animaux<\/li>\n<li>Les panneaux lat\u00e9raux du le cages sont en bois laqu\u00e9<\/li>\n<li>Plancher, avant et arri\u00e8re en verre<\/li>\n<li>L\u2019\u00e9vent en aluminium \u00e0 l\u2019arri\u00e8re assure une circulation optimale de l\u2019air<\/li>\n<li>Fen\u00eatre avant pour le nettoyage facilement sorti vers le haut<\/li>\n<li>Toute hauteur haute d\u2019un jour s\u00e9lectionnable, pour assez d\u2019espace pour creuser, creuser et creuser<\/li>\n<li>Nettoyage facile<\/li>\n<li>Couleurs:\n<ul>\n<li>\u00c9l\u00e9ments en bois: disponible en blanc<\/li>\n<\/ul>\n<\/li>\n<li>Accessoires librement s\u00e9lectionnables<\/li>\n<\/ul>\n<p>&nbsp;<\/p>\n<p><span class=\"s1\"><b>Informations sur les concessionnaires<\/b><\/span><\/p>\n<p><strong>Marakesh 120<\/strong><br \/>\nDimensions: 115x55x50 cm<br \/>\nPi\u00e8ces de palette: 14<br \/>\nPoids brut: 38<br \/>\nEspacement de fil : 7mm<\/p>\n","protected":false},"excerpt":{"rendered":"<p class=\"p1\">GRAND DESIGN ET HABITAT OPTIMAL ER POUR VOTRE FAVORI!<br \/>\nSkyline Rongeurs et reptiles de Marrakech v.2 est un habitat chic et agr\u00e9able pour les petits mammif\u00e8res comme etc. Hamsters, rats, souris et reptiles&#8230;<\/p>\n<p><strong>Test\u00e9 et recommand\u00e9 par la F\u00e9d\u00e9ration pour la conservation de la nature et des esp\u00e8ces (BNA)!<\/strong><\/p>\n","protected":false},"featured_media":5359,"template":"","meta":[],"product_brand":[],"product_cat":[75,69],"product_tag":[],"class_list":{"0":"post-5365","1":"product","2":"type-product","3":"status-publish","4":"has-post-thumbnail","6":"product_cat-cages-pour-rongeurs","7":"product_cat-home-garden-fr","9":"first","10":"instock","11":"shipping-taxable","12":"product-type-simple"},"yoast_head":"<!-- This site is optimized with the Yoast SEO plugin v27.1.1 - https:\/\/yoast.com\/product\/yoast-seo-wordpress\/ -->\n<title>Rongeurs et reptiles Marrakech V.20 - Skyline - Lifestyle f\u00fcr Tiere<\/title>\n<meta name=\"description\" content=\"Skyline Rongeurs et reptiles de Marrakech v.2 est un habitat chic pour les petits mammif\u00e8res comme etc. Hamsters, souris, reptiles...\" \/>\n<meta name=\"robots\" content=\"index, follow, max-snippet:-1, max-image-preview:large, max-video-preview:-1\" \/>\n<link rel=\"canonical\" href=\"https:\/\/www.skyline.de\/fr\/product\/rongeur-et-reptilienheim-marrakech-v-20\/\" \/>\n<meta property=\"og:locale\" content=\"fr_FR\" \/>\n<meta property=\"og:type\" content=\"article\" \/>\n<meta property=\"og:title\" content=\"Rongeurs et reptiles Marrakech V.20 - Skyline - Lifestyle f\u00fcr Tiere\" \/>\n<meta property=\"og:description\" content=\"Skyline Rongeurs et reptiles de Marrakech v.2 est un habitat chic pour les petits mammif\u00e8res comme etc. Hamsters, souris, reptiles...\" \/>\n<meta property=\"og:url\" content=\"https:\/\/www.skyline.de\/fr\/product\/rongeur-et-reptilienheim-marrakech-v-20\/\" \/>\n<meta property=\"og:site_name\" content=\"Skyline - Lifestyle f\u00fcr Tiere\" \/>\n<meta property=\"article:modified_time\" content=\"2021-02-01T07:40:21+00:00\" \/>\n<meta property=\"og:image\" content=\"https:\/\/i0.wp.com\/www.skyline.de\/wp-content\/uploads\/2020\/12\/Skyline-nagerheime-marrakesch-v.2.jpg?fit=400%2C500&ssl=1\" \/>\n\t<meta property=\"og:image:width\" content=\"400\" \/>\n\t<meta property=\"og:image:height\" content=\"500\" \/>\n\t<meta property=\"og:image:type\" content=\"image\/jpeg\" \/>\n<meta name=\"twitter:card\" content=\"summary_large_image\" \/>\n<meta name=\"twitter:label1\" content=\"Dur\u00e9e de lecture estim\u00e9e\" \/>\n\t<meta name=\"twitter:data1\" content=\"1 minute\" \/>\n<script type=\"application\/ld+json\" class=\"yoast-schema-graph\">{\"@context\":\"https:\/\/schema.org\",\"@graph\":[{\"@type\":\"WebPage\",\"@id\":\"https:\/\/www.skyline.de\/fr\/product\/rongeur-et-reptilienheim-marrakech-v-20\/\",\"url\":\"https:\/\/www.skyline.de\/fr\/product\/rongeur-et-reptilienheim-marrakech-v-20\/\",\"name\":\"Rongeurs et reptiles Marrakech V.20 - Skyline - Lifestyle f\u00fcr Tiere\",\"isPartOf\":{\"@id\":\"https:\/\/www.skyline.de\/#website\"},\"primaryImageOfPage\":{\"@id\":\"https:\/\/www.skyline.de\/fr\/product\/rongeur-et-reptilienheim-marrakech-v-20\/#primaryimage\"},\"image\":{\"@id\":\"https:\/\/www.skyline.de\/fr\/product\/rongeur-et-reptilienheim-marrakech-v-20\/#primaryimage\"},\"thumbnailUrl\":\"https:\/\/i0.wp.com\/www.skyline.de\/wp-content\/uploads\/2020\/12\/Skyline-nagerheime-marrakesch-v.2.jpg?fit=400%2C500&ssl=1\",\"datePublished\":\"2021-02-01T07:39:04+00:00\",\"dateModified\":\"2021-02-01T07:40:21+00:00\",\"description\":\"Skyline Rongeurs et reptiles de Marrakech v.2 est un habitat chic pour les petits mammif\u00e8res comme etc. Hamsters, souris, reptiles...\",\"breadcrumb\":{\"@id\":\"https:\/\/www.skyline.de\/fr\/product\/rongeur-et-reptilienheim-marrakech-v-20\/#breadcrumb\"},\"inLanguage\":\"fr-FR\",\"potentialAction\":[{\"@type\":\"ReadAction\",\"target\":[\"https:\/\/www.skyline.de\/fr\/product\/rongeur-et-reptilienheim-marrakech-v-20\/\"]}]},{\"@type\":\"ImageObject\",\"inLanguage\":\"fr-FR\",\"@id\":\"https:\/\/www.skyline.de\/fr\/product\/rongeur-et-reptilienheim-marrakech-v-20\/#primaryimage\",\"url\":\"https:\/\/i0.wp.com\/www.skyline.de\/wp-content\/uploads\/2020\/12\/Skyline-nagerheime-marrakesch-v.2.jpg?fit=400%2C500&ssl=1\",\"contentUrl\":\"https:\/\/i0.wp.com\/www.skyline.de\/wp-content\/uploads\/2020\/12\/Skyline-nagerheime-marrakesch-v.2.jpg?fit=400%2C500&ssl=1\",\"width\":400,\"height\":500},{\"@type\":\"BreadcrumbList\",\"@id\":\"https:\/\/www.skyline.de\/fr\/product\/rongeur-et-reptilienheim-marrakech-v-20\/#breadcrumb\",\"itemListElement\":[{\"@type\":\"ListItem\",\"position\":1,\"name\":\"Startseite\",\"item\":\"https:\/\/www.skyline.de\/fr\/\"},{\"@type\":\"ListItem\",\"position\":2,\"name\":\"Boutique\",\"item\":\"https:\/\/www.skyline.de\/fr\/boutique\/\"},{\"@type\":\"ListItem\",\"position\":3,\"name\":\"Rongeurs et reptiles Marrakech V.20\"}]},{\"@type\":\"WebSite\",\"@id\":\"https:\/\/www.skyline.de\/#website\",\"url\":\"https:\/\/www.skyline.de\/\",\"name\":\"Skyline - Lifestyle f\u00fcr Tiere\",\"description\":\"Katzen, Hunde, Wild- und Gartenv\u00f6gel, Insekten, H\u00fchner, Zierv\u00f6gel, Zwergkaninchen, Meerschweinchen, Hamster, Ratten, M\u00e4use\",\"potentialAction\":[{\"@type\":\"SearchAction\",\"target\":{\"@type\":\"EntryPoint\",\"urlTemplate\":\"https:\/\/www.skyline.de\/?s={search_term_string}\"},\"query-input\":{\"@type\":\"PropertyValueSpecification\",\"valueRequired\":true,\"valueName\":\"search_term_string\"}}],\"inLanguage\":\"fr-FR\"}]}<\/script>\n<!-- \/ Yoast SEO plugin. -->","yoast_head_json":{"title":"Rongeurs et reptiles Marrakech V.20 - Skyline - Lifestyle f\u00fcr Tiere","description":"Skyline Rongeurs et reptiles de Marrakech v.2 est un habitat chic pour les petits mammif\u00e8res comme etc. Hamsters, souris, reptiles...","robots":{"index":"index","follow":"follow","max-snippet":"max-snippet:-1","max-image-preview":"max-image-preview:large","max-video-preview":"max-video-preview:-1"},"canonical":"https:\/\/www.skyline.de\/fr\/product\/rongeur-et-reptilienheim-marrakech-v-20\/","og_locale":"fr_FR","og_type":"article","og_title":"Rongeurs et reptiles Marrakech V.20 - Skyline - Lifestyle f\u00fcr Tiere","og_description":"Skyline Rongeurs et reptiles de Marrakech v.2 est un habitat chic pour les petits mammif\u00e8res comme etc. Hamsters, souris, reptiles...","og_url":"https:\/\/www.skyline.de\/fr\/product\/rongeur-et-reptilienheim-marrakech-v-20\/","og_site_name":"Skyline - Lifestyle f\u00fcr Tiere","article_modified_time":"2021-02-01T07:40:21+00:00","og_image":[{"width":400,"height":500,"url":"https:\/\/i0.wp.com\/www.skyline.de\/wp-content\/uploads\/2020\/12\/Skyline-nagerheime-marrakesch-v.2.jpg?fit=400%2C500&ssl=1","type":"image\/jpeg"}],"twitter_card":"summary_large_image","twitter_misc":{"Dur\u00e9e de lecture estim\u00e9e":"1 minute"},"schema":{"@context":"https:\/\/schema.org","@graph":[{"@type":"WebPage","@id":"https:\/\/www.skyline.de\/fr\/product\/rongeur-et-reptilienheim-marrakech-v-20\/","url":"https:\/\/www.skyline.de\/fr\/product\/rongeur-et-reptilienheim-marrakech-v-20\/","name":"Rongeurs et reptiles Marrakech V.20 - Skyline - Lifestyle f\u00fcr Tiere","isPartOf":{"@id":"https:\/\/www.skyline.de\/#website"},"primaryImageOfPage":{"@id":"https:\/\/www.skyline.de\/fr\/product\/rongeur-et-reptilienheim-marrakech-v-20\/#primaryimage"},"image":{"@id":"https:\/\/www.skyline.de\/fr\/product\/rongeur-et-reptilienheim-marrakech-v-20\/#primaryimage"},"thumbnailUrl":"https:\/\/i0.wp.com\/www.skyline.de\/wp-content\/uploads\/2020\/12\/Skyline-nagerheime-marrakesch-v.2.jpg?fit=400%2C500&ssl=1","datePublished":"2021-02-01T07:39:04+00:00","dateModified":"2021-02-01T07:40:21+00:00","description":"Skyline Rongeurs et reptiles de Marrakech v.2 est un habitat chic pour les petits mammif\u00e8res comme etc. Hamsters, souris, reptiles...","breadcrumb":{"@id":"https:\/\/www.skyline.de\/fr\/product\/rongeur-et-reptilienheim-marrakech-v-20\/#breadcrumb"},"inLanguage":"fr-FR","potentialAction":[{"@type":"ReadAction","target":["https:\/\/www.skyline.de\/fr\/product\/rongeur-et-reptilienheim-marrakech-v-20\/"]}]},{"@type":"ImageObject","inLanguage":"fr-FR","@id":"https:\/\/www.skyline.de\/fr\/product\/rongeur-et-reptilienheim-marrakech-v-20\/#primaryimage","url":"https:\/\/i0.wp.com\/www.skyline.de\/wp-content\/uploads\/2020\/12\/Skyline-nagerheime-marrakesch-v.2.jpg?fit=400%2C500&ssl=1","contentUrl":"https:\/\/i0.wp.com\/www.skyline.de\/wp-content\/uploads\/2020\/12\/Skyline-nagerheime-marrakesch-v.2.jpg?fit=400%2C500&ssl=1","width":400,"height":500},{"@type":"BreadcrumbList","@id":"https:\/\/www.skyline.de\/fr\/product\/rongeur-et-reptilienheim-marrakech-v-20\/#breadcrumb","itemListElement":[{"@type":"ListItem","position":1,"name":"Startseite","item":"https:\/\/www.skyline.de\/fr\/"},{"@type":"ListItem","position":2,"name":"Boutique","item":"https:\/\/www.skyline.de\/fr\/boutique\/"},{"@type":"ListItem","position":3,"name":"Rongeurs et reptiles Marrakech V.20"}]},{"@type":"WebSite","@id":"https:\/\/www.skyline.de\/#website","url":"https:\/\/www.skyline.de\/","name":"Skyline - Lifestyle f\u00fcr Tiere","description":"Katzen, Hunde, Wild- und Gartenv\u00f6gel, Insekten, H\u00fchner, Zierv\u00f6gel, Zwergkaninchen, Meerschweinchen, Hamster, Ratten, M\u00e4use","potentialAction":[{"@type":"SearchAction","target":{"@type":"EntryPoint","urlTemplate":"https:\/\/www.skyline.de\/?s={search_term_string}"},"query-input":{"@type":"PropertyValueSpecification","valueRequired":true,"valueName":"search_term_string"}}],"inLanguage":"fr-FR"}]}},"_links":{"self":[{"href":"https:\/\/www.skyline.de\/fr\/wp-json\/wp\/v2\/product\/5365","targetHints":{"allow":["GET"]}}],"collection":[{"href":"https:\/\/www.skyline.de\/fr\/wp-json\/wp\/v2\/product"}],"about":[{"href":"https:\/\/www.skyline.de\/fr\/wp-json\/wp\/v2\/types\/product"}],"wp:featuredmedia":[{"embeddable":true,"href":"https:\/\/www.skyline.de\/fr\/wp-json\/wp\/v2\/media\/5359"}],"wp:attachment":[{"href":"https:\/\/www.skyline.de\/fr\/wp-json\/wp\/v2\/media?parent=5365"}],"wp:term":[{"taxonomy":"product_brand","embeddable":true,"href":"https:\/\/www.skyline.de\/fr\/wp-json\/wp\/v2\/product_brand?post=5365"},{"taxonomy":"product_cat","embeddable":true,"href":"https:\/\/www.skyline.de\/fr\/wp-json\/wp\/v2\/product_cat?post=5365"},{"taxonomy":"product_tag","embeddable":true,"href":"https:\/\/www.skyline.de\/fr\/wp-json\/wp\/v2\/product_tag?post=5365"}],"curies":[{"name":"wp","href":"https:\/\/api.w.org\/{rel}","templated":true}]}}