{"id":5128,"date":"2019-10-14T16:38:26","date_gmt":"2020-05-27T11:49:44","guid":{"rendered":"http:\/\/www.skyline.de\/?post_type=product&#038;p=5128"},"modified":"2020-05-27T13:49:44","modified_gmt":"2020-05-27T11:49:44","slug":"voliere-oiseaux-eldorado","status":"publish","type":"product","link":"https:\/\/www.skyline.de\/fr\/product\/voliere-oiseaux-eldorado\/","title":{"rendered":"Cages Oiseaux Eldorado"},"content":{"rendered":"<ul>\n<li>Compteur d\u2019alimentation avec trois bols d\u2019alimentation chrom\u00e9s (peut \u00eatre pivot\u00e9 compl\u00e8tement vers l\u2019ext\u00e9rieur)<\/li>\n<li> deux grands volets sur le c\u00f4t\u00e9 et quatre petites portes avant<\/li>\n<li>Le tiroir de plancher peut \u00eatre facilement sorti pour le nettoyage (incart en aluminium dans le tiroir)<\/li>\n<li>4 rouleaux \u00e0 d\u00e9placer<\/li>\n<li>Particuli\u00e8rement adapt\u00e9 \u00e0 la perruche, \u00e0 la perruche canarie, aux pinsons z\u00e9br\u00e9s, aux agaporndes et \u00e0 d\u2019autres esp\u00e8ces d\u2019oiseaux de petite \u00e0 moyenne<\/li>\n<li>Couleur de grille : anthracitemitalic<\/li>\n<li>Surface en bois:<\/li>\n<\/ul>\n<p class=\"p1\"><span class=\"s1\"><b>Informations sur les<br \/>\n concessionnaires<\/b><\/span> <span class=\"s1\">Dimensions: 118x76x178cm<br \/>\n<\/span> <span class=\"s1\">Pi\u00e8ces de palette:<br \/>\n 42<\/span> <span class=\"s1\">Poids brut:<br \/>\n 40 kg<\/span> <span class=\"s1\">Espacement de fil : 1.1cm<\/span><\/p>\n","protected":false},"excerpt":{"rendered":"<p>Belles voli\u00e8res d\u2019oiseaux faites de bois de pin avec le comptoir de nourriture pivotant. L\u2019ELDORADO voli\u00e8re d\u2019oiseaux est une voli\u00e8re spacieuse et fonctionnelle pour de nombreuses esp\u00e8ces d\u2019oiseaux comme la perruche des vagues, la perruche canarie et les pinsons z\u00e9br\u00e9s&#8230;<\/p>\n","protected":false},"featured_media":5275,"template":"","meta":[],"product_brand":[],"product_cat":[51],"product_tag":[],"class_list":{"0":"post-5128","1":"product","2":"type-product","3":"status-publish","4":"has-post-thumbnail","6":"product_cat-avant-garde-fr-2","8":"first","9":"instock","10":"shipping-taxable","11":"product-type-simple"},"yoast_head":"<!-- This site is optimized with the Yoast SEO plugin v27.5 - https:\/\/yoast.com\/product\/yoast-seo-wordpress\/ -->\n<title>Cages Oiseaux Eldorado - Skyline - Lifestyle f\u00fcr Tiere<\/title>\n<meta name=\"robots\" content=\"index, follow, max-snippet:-1, max-image-preview:large, max-video-preview:-1\" \/>\n<link rel=\"canonical\" href=\"https:\/\/www.skyline.de\/fr\/product\/voliere-oiseaux-eldorado\/\" \/>\n<meta property=\"og:locale\" content=\"fr_FR\" \/>\n<meta property=\"og:type\" content=\"article\" \/>\n<meta property=\"og:title\" content=\"Cages Oiseaux Eldorado - Skyline - Lifestyle f\u00fcr Tiere\" \/>\n<meta property=\"og:description\" content=\"Belles voli\u00e8res d\u2019oiseaux faites de bois de pin avec le comptoir de nourriture pivotant. L\u2019ELDORADO voli\u00e8re d\u2019oiseaux est une voli\u00e8re spacieuse et fonctionnelle pour de nombreuses esp\u00e8ces d\u2019oiseaux comme la perruche des vagues, la perruche canarie et les pinsons z\u00e9br\u00e9s...\" \/>\n<meta property=\"og:url\" content=\"https:\/\/www.skyline.de\/fr\/product\/voliere-oiseaux-eldorado\/\" \/>\n<meta property=\"og:site_name\" content=\"Skyline - Lifestyle f\u00fcr Tiere\" \/>\n<meta property=\"og:image\" content=\"https:\/\/i0.wp.com\/www.skyline.de\/wp-content\/uploads\/2019\/10\/Skyline-Vogelkaefig-eldorado-1.jpg?fit=400%2C500&ssl=1\" \/>\n\t<meta property=\"og:image:width\" content=\"400\" \/>\n\t<meta property=\"og:image:height\" content=\"500\" \/>\n\t<meta property=\"og:image:type\" content=\"image\/jpeg\" \/>\n<meta name=\"twitter:card\" content=\"summary_large_image\" \/>\n<meta name=\"twitter:label1\" content=\"Dur\u00e9e de lecture estim\u00e9e\" \/>\n\t<meta name=\"twitter:data1\" content=\"1 minute\" \/>\n<script type=\"application\/ld+json\" class=\"yoast-schema-graph\">{\"@context\":\"https:\\\/\\\/schema.org\",\"@graph\":[{\"@type\":\"WebPage\",\"@id\":\"https:\\\/\\\/www.skyline.de\\\/fr\\\/product\\\/voliere-oiseaux-eldorado\\\/\",\"url\":\"https:\\\/\\\/www.skyline.de\\\/fr\\\/product\\\/voliere-oiseaux-eldorado\\\/\",\"name\":\"Cages Oiseaux Eldorado - Skyline - Lifestyle f\u00fcr Tiere\",\"isPartOf\":{\"@id\":\"https:\\\/\\\/www.skyline.de\\\/#website\"},\"primaryImageOfPage\":{\"@id\":\"https:\\\/\\\/www.skyline.de\\\/fr\\\/product\\\/voliere-oiseaux-eldorado\\\/#primaryimage\"},\"image\":{\"@id\":\"https:\\\/\\\/www.skyline.de\\\/fr\\\/product\\\/voliere-oiseaux-eldorado\\\/#primaryimage\"},\"thumbnailUrl\":\"https:\\\/\\\/i0.wp.com\\\/www.skyline.de\\\/wp-content\\\/uploads\\\/2019\\\/10\\\/Skyline-Vogelkaefig-eldorado-1.jpg?fit=400%2C500&ssl=1\",\"datePublished\":\"2020-05-27T11:49:44+00:00\",\"breadcrumb\":{\"@id\":\"https:\\\/\\\/www.skyline.de\\\/fr\\\/product\\\/voliere-oiseaux-eldorado\\\/#breadcrumb\"},\"inLanguage\":\"fr-FR\",\"potentialAction\":[{\"@type\":\"ReadAction\",\"target\":[\"https:\\\/\\\/www.skyline.de\\\/fr\\\/product\\\/voliere-oiseaux-eldorado\\\/\"]}]},{\"@type\":\"ImageObject\",\"inLanguage\":\"fr-FR\",\"@id\":\"https:\\\/\\\/www.skyline.de\\\/fr\\\/product\\\/voliere-oiseaux-eldorado\\\/#primaryimage\",\"url\":\"https:\\\/\\\/i0.wp.com\\\/www.skyline.de\\\/wp-content\\\/uploads\\\/2019\\\/10\\\/Skyline-Vogelkaefig-eldorado-1.jpg?fit=400%2C500&ssl=1\",\"contentUrl\":\"https:\\\/\\\/i0.wp.com\\\/www.skyline.de\\\/wp-content\\\/uploads\\\/2019\\\/10\\\/Skyline-Vogelkaefig-eldorado-1.jpg?fit=400%2C500&ssl=1\",\"width\":400,\"height\":500},{\"@type\":\"BreadcrumbList\",\"@id\":\"https:\\\/\\\/www.skyline.de\\\/fr\\\/product\\\/voliere-oiseaux-eldorado\\\/#breadcrumb\",\"itemListElement\":[{\"@type\":\"ListItem\",\"position\":1,\"name\":\"Startseite\",\"item\":\"https:\\\/\\\/www.skyline.de\\\/fr\\\/\"},{\"@type\":\"ListItem\",\"position\":2,\"name\":\"Boutique\",\"item\":\"https:\\\/\\\/www.skyline.de\\\/fr\\\/boutique\\\/\"},{\"@type\":\"ListItem\",\"position\":3,\"name\":\"Cages Oiseaux Eldorado\"}]},{\"@type\":\"WebSite\",\"@id\":\"https:\\\/\\\/www.skyline.de\\\/#website\",\"url\":\"https:\\\/\\\/www.skyline.de\\\/\",\"name\":\"Skyline - Lifestyle f\u00fcr Tiere\",\"description\":\"Katzen, Hunde, Wild- und Gartenv\u00f6gel, Insekten, H\u00fchner, Zierv\u00f6gel, Zwergkaninchen, Meerschweinchen, Hamster, Ratten, M\u00e4use\",\"potentialAction\":[{\"@type\":\"SearchAction\",\"target\":{\"@type\":\"EntryPoint\",\"urlTemplate\":\"https:\\\/\\\/www.skyline.de\\\/?s={search_term_string}\"},\"query-input\":{\"@type\":\"PropertyValueSpecification\",\"valueRequired\":true,\"valueName\":\"search_term_string\"}}],\"inLanguage\":\"fr-FR\"}]}<\/script>\n<!-- \/ Yoast SEO plugin. -->","yoast_head_json":{"title":"Cages Oiseaux Eldorado - Skyline - Lifestyle f\u00fcr Tiere","robots":{"index":"index","follow":"follow","max-snippet":"max-snippet:-1","max-image-preview":"max-image-preview:large","max-video-preview":"max-video-preview:-1"},"canonical":"https:\/\/www.skyline.de\/fr\/product\/voliere-oiseaux-eldorado\/","og_locale":"fr_FR","og_type":"article","og_title":"Cages Oiseaux Eldorado - Skyline - Lifestyle f\u00fcr Tiere","og_description":"Belles voli\u00e8res d\u2019oiseaux faites de bois de pin avec le comptoir de nourriture pivotant. L\u2019ELDORADO voli\u00e8re d\u2019oiseaux est une voli\u00e8re spacieuse et fonctionnelle pour de nombreuses esp\u00e8ces d\u2019oiseaux comme la perruche des vagues, la perruche canarie et les pinsons z\u00e9br\u00e9s...","og_url":"https:\/\/www.skyline.de\/fr\/product\/voliere-oiseaux-eldorado\/","og_site_name":"Skyline - Lifestyle f\u00fcr Tiere","og_image":[{"width":400,"height":500,"url":"https:\/\/i0.wp.com\/www.skyline.de\/wp-content\/uploads\/2019\/10\/Skyline-Vogelkaefig-eldorado-1.jpg?fit=400%2C500&ssl=1","type":"image\/jpeg"}],"twitter_card":"summary_large_image","twitter_misc":{"Dur\u00e9e de lecture estim\u00e9e":"1 minute"},"schema":{"@context":"https:\/\/schema.org","@graph":[{"@type":"WebPage","@id":"https:\/\/www.skyline.de\/fr\/product\/voliere-oiseaux-eldorado\/","url":"https:\/\/www.skyline.de\/fr\/product\/voliere-oiseaux-eldorado\/","name":"Cages Oiseaux Eldorado - Skyline - Lifestyle f\u00fcr Tiere","isPartOf":{"@id":"https:\/\/www.skyline.de\/#website"},"primaryImageOfPage":{"@id":"https:\/\/www.skyline.de\/fr\/product\/voliere-oiseaux-eldorado\/#primaryimage"},"image":{"@id":"https:\/\/www.skyline.de\/fr\/product\/voliere-oiseaux-eldorado\/#primaryimage"},"thumbnailUrl":"https:\/\/i0.wp.com\/www.skyline.de\/wp-content\/uploads\/2019\/10\/Skyline-Vogelkaefig-eldorado-1.jpg?fit=400%2C500&ssl=1","datePublished":"2020-05-27T11:49:44+00:00","breadcrumb":{"@id":"https:\/\/www.skyline.de\/fr\/product\/voliere-oiseaux-eldorado\/#breadcrumb"},"inLanguage":"fr-FR","potentialAction":[{"@type":"ReadAction","target":["https:\/\/www.skyline.de\/fr\/product\/voliere-oiseaux-eldorado\/"]}]},{"@type":"ImageObject","inLanguage":"fr-FR","@id":"https:\/\/www.skyline.de\/fr\/product\/voliere-oiseaux-eldorado\/#primaryimage","url":"https:\/\/i0.wp.com\/www.skyline.de\/wp-content\/uploads\/2019\/10\/Skyline-Vogelkaefig-eldorado-1.jpg?fit=400%2C500&ssl=1","contentUrl":"https:\/\/i0.wp.com\/www.skyline.de\/wp-content\/uploads\/2019\/10\/Skyline-Vogelkaefig-eldorado-1.jpg?fit=400%2C500&ssl=1","width":400,"height":500},{"@type":"BreadcrumbList","@id":"https:\/\/www.skyline.de\/fr\/product\/voliere-oiseaux-eldorado\/#breadcrumb","itemListElement":[{"@type":"ListItem","position":1,"name":"Startseite","item":"https:\/\/www.skyline.de\/fr\/"},{"@type":"ListItem","position":2,"name":"Boutique","item":"https:\/\/www.skyline.de\/fr\/boutique\/"},{"@type":"ListItem","position":3,"name":"Cages Oiseaux Eldorado"}]},{"@type":"WebSite","@id":"https:\/\/www.skyline.de\/#website","url":"https:\/\/www.skyline.de\/","name":"Skyline - Lifestyle f\u00fcr Tiere","description":"Katzen, Hunde, Wild- und Gartenv\u00f6gel, Insekten, H\u00fchner, Zierv\u00f6gel, Zwergkaninchen, Meerschweinchen, Hamster, Ratten, M\u00e4use","potentialAction":[{"@type":"SearchAction","target":{"@type":"EntryPoint","urlTemplate":"https:\/\/www.skyline.de\/?s={search_term_string}"},"query-input":{"@type":"PropertyValueSpecification","valueRequired":true,"valueName":"search_term_string"}}],"inLanguage":"fr-FR"}]}},"_links":{"self":[{"href":"https:\/\/www.skyline.de\/fr\/wp-json\/wp\/v2\/product\/5128","targetHints":{"allow":["GET"]}}],"collection":[{"href":"https:\/\/www.skyline.de\/fr\/wp-json\/wp\/v2\/product"}],"about":[{"href":"https:\/\/www.skyline.de\/fr\/wp-json\/wp\/v2\/types\/product"}],"wp:featuredmedia":[{"embeddable":true,"href":"https:\/\/www.skyline.de\/fr\/wp-json\/wp\/v2\/media\/5275"}],"wp:attachment":[{"href":"https:\/\/www.skyline.de\/fr\/wp-json\/wp\/v2\/media?parent=5128"}],"wp:term":[{"taxonomy":"product_brand","embeddable":true,"href":"https:\/\/www.skyline.de\/fr\/wp-json\/wp\/v2\/product_brand?post=5128"},{"taxonomy":"product_cat","embeddable":true,"href":"https:\/\/www.skyline.de\/fr\/wp-json\/wp\/v2\/product_cat?post=5128"},{"taxonomy":"product_tag","embeddable":true,"href":"https:\/\/www.skyline.de\/fr\/wp-json\/wp\/v2\/product_tag?post=5128"}],"curies":[{"name":"wp","href":"https:\/\/api.w.org\/{rel}","templated":true}]}}