{"id":5123,"date":"2013-06-07T11:22:50","date_gmt":"2020-05-27T11:49:44","guid":{"rendered":"http:\/\/www.skyline.de\/?post_type=product&#038;p=5123"},"modified":"2020-05-27T13:49:45","modified_gmt":"2020-05-27T11:49:45","slug":"cages-oiseaux-lena","status":"publish","type":"product","link":"https:\/\/www.skyline.de\/fr\/product\/cages-oiseaux-lena\/","title":{"rendered":"Cages Oiseaux Lena"},"content":{"rendered":"<ul class=\"product-features-list\">\n<li>Cage \u00e0 oiseaux pour perruches, exotiques, canaris<\/li>\n<li><i class=\"icon icon-checkmark\"><\/i>Avec des tiges de si\u00e8ge en bois 3x, \u00e9chelle 1x, jouets 1x Holtz<\/li>\n<li><i class=\"icon icon-checkmark\"><\/i>y compris. 2 bols d\u2019alimentation pour les oiseaux<\/li>\n<li><i class=\"icon icon-checkmark\"><\/i>Tiroir amovible de sable d\u2019oiseau<\/li>\n<li><i class=\"icon icon-checkmark\"><\/i>Disponible en diff\u00e9rentes couleurs (bleu noir, blanc et rouge)<\/li>\n<\/ul>\n<p class=\"p1\"><span class=\"s1\"><b>Informations sur les<br \/>\n concessionnaires<\/b><\/span> <span class=\"s1\">Dimensions: 75x43x58cm<br \/>\n<\/span> <span class=\"s1\">Pi\u00e8ces de palette:<br \/>\n 24<\/span> <span class=\"s1\">Poids brut:<br \/>\n 9,8 kg<\/span> <span class=\"s1\">Espacement de fil : 1.1cm<\/span><\/p>\n","protected":false},"excerpt":{"rendered":"<p>Skyline Cages Oiseaux Lena est une cage \u00e0 oiseaux id\u00e9ale pour les oiseaux tels que les perruches, les canaris et les exotiques. Disponible en diff\u00e9rentes couleurs.<\/p>\n","protected":false},"featured_media":4699,"template":"","meta":[],"product_brand":[],"product_cat":[51],"product_tag":[],"class_list":{"0":"post-5123","1":"product","2":"type-product","3":"status-publish","4":"has-post-thumbnail","6":"product_cat-avant-garde-fr-2","8":"first","9":"instock","10":"shipping-taxable","11":"product-type-simple"},"yoast_head":"<!-- This site is optimized with the Yoast SEO plugin v27.1.1 - https:\/\/yoast.com\/product\/yoast-seo-wordpress\/ -->\n<title>Cages Oiseaux Lena - Skyline - Lifestyle f\u00fcr Tiere<\/title>\n<meta name=\"robots\" content=\"index, follow, max-snippet:-1, max-image-preview:large, max-video-preview:-1\" \/>\n<link rel=\"canonical\" href=\"https:\/\/www.skyline.de\/fr\/product\/cages-oiseaux-lena\/\" \/>\n<meta property=\"og:locale\" content=\"fr_FR\" \/>\n<meta property=\"og:type\" content=\"article\" \/>\n<meta property=\"og:title\" content=\"Cages Oiseaux Lena - Skyline - Lifestyle f\u00fcr Tiere\" \/>\n<meta property=\"og:description\" content=\"Skyline Cages Oiseaux Lena est une cage \u00e0 oiseaux id\u00e9ale pour les oiseaux tels que les perruches, les canaris et les exotiques. Disponible en diff\u00e9rentes couleurs.\" \/>\n<meta property=\"og:url\" content=\"https:\/\/www.skyline.de\/fr\/product\/cages-oiseaux-lena\/\" \/>\n<meta property=\"og:site_name\" content=\"Skyline - Lifestyle f\u00fcr Tiere\" \/>\n<meta property=\"article:modified_time\" content=\"2020-05-27T11:49:45+00:00\" \/>\n<meta property=\"og:image\" content=\"https:\/\/i2.wp.com\/www.skyline.de\/wp-content\/uploads\/2013\/06\/Skyline-Vogelkaefig-Lena-W-1.jpg?fit=600%2C700&ssl=1\" \/>\n\t<meta property=\"og:image:width\" content=\"600\" \/>\n\t<meta property=\"og:image:height\" content=\"700\" \/>\n\t<meta property=\"og:image:type\" content=\"image\/jpeg\" \/>\n<meta name=\"twitter:card\" content=\"summary_large_image\" \/>\n<script type=\"application\/ld+json\" class=\"yoast-schema-graph\">{\"@context\":\"https:\/\/schema.org\",\"@graph\":[{\"@type\":\"WebPage\",\"@id\":\"https:\/\/www.skyline.de\/fr\/product\/cages-oiseaux-lena\/\",\"url\":\"https:\/\/www.skyline.de\/fr\/product\/cages-oiseaux-lena\/\",\"name\":\"Cages Oiseaux Lena - Skyline - Lifestyle f\u00fcr Tiere\",\"isPartOf\":{\"@id\":\"https:\/\/www.skyline.de\/#website\"},\"primaryImageOfPage\":{\"@id\":\"https:\/\/www.skyline.de\/fr\/product\/cages-oiseaux-lena\/#primaryimage\"},\"image\":{\"@id\":\"https:\/\/www.skyline.de\/fr\/product\/cages-oiseaux-lena\/#primaryimage\"},\"thumbnailUrl\":\"https:\/\/i0.wp.com\/www.skyline.de\/wp-content\/uploads\/2013\/06\/Skyline-Vogelkaefig-Lena-W-1.jpg?fit=600%2C700&ssl=1\",\"datePublished\":\"2020-05-27T11:49:44+00:00\",\"dateModified\":\"2020-05-27T11:49:45+00:00\",\"breadcrumb\":{\"@id\":\"https:\/\/www.skyline.de\/fr\/product\/cages-oiseaux-lena\/#breadcrumb\"},\"inLanguage\":\"fr-FR\",\"potentialAction\":[{\"@type\":\"ReadAction\",\"target\":[\"https:\/\/www.skyline.de\/fr\/product\/cages-oiseaux-lena\/\"]}]},{\"@type\":\"ImageObject\",\"inLanguage\":\"fr-FR\",\"@id\":\"https:\/\/www.skyline.de\/fr\/product\/cages-oiseaux-lena\/#primaryimage\",\"url\":\"https:\/\/i0.wp.com\/www.skyline.de\/wp-content\/uploads\/2013\/06\/Skyline-Vogelkaefig-Lena-W-1.jpg?fit=600%2C700&ssl=1\",\"contentUrl\":\"https:\/\/i0.wp.com\/www.skyline.de\/wp-content\/uploads\/2013\/06\/Skyline-Vogelkaefig-Lena-W-1.jpg?fit=600%2C700&ssl=1\",\"width\":600,\"height\":700},{\"@type\":\"BreadcrumbList\",\"@id\":\"https:\/\/www.skyline.de\/fr\/product\/cages-oiseaux-lena\/#breadcrumb\",\"itemListElement\":[{\"@type\":\"ListItem\",\"position\":1,\"name\":\"Startseite\",\"item\":\"https:\/\/www.skyline.de\/fr\/\"},{\"@type\":\"ListItem\",\"position\":2,\"name\":\"Boutique\",\"item\":\"https:\/\/www.skyline.de\/fr\/boutique\/\"},{\"@type\":\"ListItem\",\"position\":3,\"name\":\"Cages Oiseaux Lena\"}]},{\"@type\":\"WebSite\",\"@id\":\"https:\/\/www.skyline.de\/#website\",\"url\":\"https:\/\/www.skyline.de\/\",\"name\":\"Skyline - Lifestyle f\u00fcr Tiere\",\"description\":\"Katzen, Hunde, Wild- und Gartenv\u00f6gel, Insekten, H\u00fchner, Zierv\u00f6gel, Zwergkaninchen, Meerschweinchen, Hamster, Ratten, M\u00e4use\",\"potentialAction\":[{\"@type\":\"SearchAction\",\"target\":{\"@type\":\"EntryPoint\",\"urlTemplate\":\"https:\/\/www.skyline.de\/?s={search_term_string}\"},\"query-input\":{\"@type\":\"PropertyValueSpecification\",\"valueRequired\":true,\"valueName\":\"search_term_string\"}}],\"inLanguage\":\"fr-FR\"}]}<\/script>\n<!-- \/ Yoast SEO plugin. -->","yoast_head_json":{"title":"Cages Oiseaux Lena - Skyline - Lifestyle f\u00fcr Tiere","robots":{"index":"index","follow":"follow","max-snippet":"max-snippet:-1","max-image-preview":"max-image-preview:large","max-video-preview":"max-video-preview:-1"},"canonical":"https:\/\/www.skyline.de\/fr\/product\/cages-oiseaux-lena\/","og_locale":"fr_FR","og_type":"article","og_title":"Cages Oiseaux Lena - Skyline - Lifestyle f\u00fcr Tiere","og_description":"Skyline Cages Oiseaux Lena est une cage \u00e0 oiseaux id\u00e9ale pour les oiseaux tels que les perruches, les canaris et les exotiques. Disponible en diff\u00e9rentes couleurs.","og_url":"https:\/\/www.skyline.de\/fr\/product\/cages-oiseaux-lena\/","og_site_name":"Skyline - Lifestyle f\u00fcr Tiere","article_modified_time":"2020-05-27T11:49:45+00:00","og_image":[{"width":600,"height":700,"url":"https:\/\/i2.wp.com\/www.skyline.de\/wp-content\/uploads\/2013\/06\/Skyline-Vogelkaefig-Lena-W-1.jpg?fit=600%2C700&ssl=1","type":"image\/jpeg"}],"twitter_card":"summary_large_image","schema":{"@context":"https:\/\/schema.org","@graph":[{"@type":"WebPage","@id":"https:\/\/www.skyline.de\/fr\/product\/cages-oiseaux-lena\/","url":"https:\/\/www.skyline.de\/fr\/product\/cages-oiseaux-lena\/","name":"Cages Oiseaux Lena - Skyline - Lifestyle f\u00fcr Tiere","isPartOf":{"@id":"https:\/\/www.skyline.de\/#website"},"primaryImageOfPage":{"@id":"https:\/\/www.skyline.de\/fr\/product\/cages-oiseaux-lena\/#primaryimage"},"image":{"@id":"https:\/\/www.skyline.de\/fr\/product\/cages-oiseaux-lena\/#primaryimage"},"thumbnailUrl":"https:\/\/i0.wp.com\/www.skyline.de\/wp-content\/uploads\/2013\/06\/Skyline-Vogelkaefig-Lena-W-1.jpg?fit=600%2C700&ssl=1","datePublished":"2020-05-27T11:49:44+00:00","dateModified":"2020-05-27T11:49:45+00:00","breadcrumb":{"@id":"https:\/\/www.skyline.de\/fr\/product\/cages-oiseaux-lena\/#breadcrumb"},"inLanguage":"fr-FR","potentialAction":[{"@type":"ReadAction","target":["https:\/\/www.skyline.de\/fr\/product\/cages-oiseaux-lena\/"]}]},{"@type":"ImageObject","inLanguage":"fr-FR","@id":"https:\/\/www.skyline.de\/fr\/product\/cages-oiseaux-lena\/#primaryimage","url":"https:\/\/i0.wp.com\/www.skyline.de\/wp-content\/uploads\/2013\/06\/Skyline-Vogelkaefig-Lena-W-1.jpg?fit=600%2C700&ssl=1","contentUrl":"https:\/\/i0.wp.com\/www.skyline.de\/wp-content\/uploads\/2013\/06\/Skyline-Vogelkaefig-Lena-W-1.jpg?fit=600%2C700&ssl=1","width":600,"height":700},{"@type":"BreadcrumbList","@id":"https:\/\/www.skyline.de\/fr\/product\/cages-oiseaux-lena\/#breadcrumb","itemListElement":[{"@type":"ListItem","position":1,"name":"Startseite","item":"https:\/\/www.skyline.de\/fr\/"},{"@type":"ListItem","position":2,"name":"Boutique","item":"https:\/\/www.skyline.de\/fr\/boutique\/"},{"@type":"ListItem","position":3,"name":"Cages Oiseaux Lena"}]},{"@type":"WebSite","@id":"https:\/\/www.skyline.de\/#website","url":"https:\/\/www.skyline.de\/","name":"Skyline - Lifestyle f\u00fcr Tiere","description":"Katzen, Hunde, Wild- und Gartenv\u00f6gel, Insekten, H\u00fchner, Zierv\u00f6gel, Zwergkaninchen, Meerschweinchen, Hamster, Ratten, M\u00e4use","potentialAction":[{"@type":"SearchAction","target":{"@type":"EntryPoint","urlTemplate":"https:\/\/www.skyline.de\/?s={search_term_string}"},"query-input":{"@type":"PropertyValueSpecification","valueRequired":true,"valueName":"search_term_string"}}],"inLanguage":"fr-FR"}]}},"_links":{"self":[{"href":"https:\/\/www.skyline.de\/fr\/wp-json\/wp\/v2\/product\/5123","targetHints":{"allow":["GET"]}}],"collection":[{"href":"https:\/\/www.skyline.de\/fr\/wp-json\/wp\/v2\/product"}],"about":[{"href":"https:\/\/www.skyline.de\/fr\/wp-json\/wp\/v2\/types\/product"}],"wp:featuredmedia":[{"embeddable":true,"href":"https:\/\/www.skyline.de\/fr\/wp-json\/wp\/v2\/media\/4699"}],"wp:attachment":[{"href":"https:\/\/www.skyline.de\/fr\/wp-json\/wp\/v2\/media?parent=5123"}],"wp:term":[{"taxonomy":"product_brand","embeddable":true,"href":"https:\/\/www.skyline.de\/fr\/wp-json\/wp\/v2\/product_brand?post=5123"},{"taxonomy":"product_cat","embeddable":true,"href":"https:\/\/www.skyline.de\/fr\/wp-json\/wp\/v2\/product_cat?post=5123"},{"taxonomy":"product_tag","embeddable":true,"href":"https:\/\/www.skyline.de\/fr\/wp-json\/wp\/v2\/product_tag?post=5123"}],"curies":[{"name":"wp","href":"https:\/\/api.w.org\/{rel}","templated":true}]}}