{"id":5117,"date":"2019-10-14T22:56:07","date_gmt":"2020-05-27T11:49:24","guid":{"rendered":"http:\/\/www.skyline.de\/?post_type=product&#038;p=5117"},"modified":"2020-05-27T13:49:25","modified_gmt":"2020-05-27T11:49:25","slug":"mangeoire-oiseaux-lucky-inn","status":"publish","type":"product","link":"https:\/\/www.skyline.de\/fr\/product\/mangeoire-oiseaux-lucky-inn\/","title":{"rendered":"Mangeoire Oiseaux Lucky Inn"},"content":{"rendered":"<ul>\n<li>Les bols d\u2019alimentation en c\u00e9ramique garantissent la meilleure hygi\u00e8ne possible<\/li>\n<li>Protection de surface durable \u00e0 l\u2019aide d\u2019huiles protectrices naturelles<\/li>\n<li>Bois massif de haute qualit\u00e9<\/li>\n<li>Accessoires galvaniquement raffin\u00e9s<\/li>\n<li>Avec dispositif de suspension<\/li>\n<\/ul>\n<p><strong>Informations sur les concessionnaires<\/strong><br \/>\nDimensions: 21x14x29 cm<br \/>\nMorceaux de palette: <span style=\"color: #ff0000;\"><strong>224 pcs.<\/strong><\/span><\/p>\n","protected":false},"excerpt":{"rendered":"<p>Maison d\u2019alimentation de concepteur pour des oiseaux de jardin<\/p>\n","protected":false},"featured_media":4462,"template":"","meta":[],"product_brand":[],"product_cat":[71],"product_tag":[],"class_list":{"0":"post-5117","1":"product","2":"type-product","3":"status-publish","4":"has-post-thumbnail","6":"product_cat-breednfeed-fr","8":"first","9":"instock","10":"shipping-taxable","11":"product-type-simple"},"yoast_head":"<!-- This site is optimized with the Yoast SEO plugin v27.5 - https:\/\/yoast.com\/product\/yoast-seo-wordpress\/ -->\n<title>Mangeoire Oiseaux Lucky Inn - Skyline - Lifestyle f\u00fcr Tiere<\/title>\n<meta name=\"robots\" content=\"index, follow, max-snippet:-1, max-image-preview:large, max-video-preview:-1\" \/>\n<link rel=\"canonical\" href=\"https:\/\/www.skyline.de\/fr\/product\/mangeoire-oiseaux-lucky-inn\/\" \/>\n<meta property=\"og:locale\" content=\"fr_FR\" \/>\n<meta property=\"og:type\" content=\"article\" \/>\n<meta property=\"og:title\" content=\"Mangeoire Oiseaux Lucky Inn - Skyline - Lifestyle f\u00fcr Tiere\" \/>\n<meta property=\"og:description\" content=\"Maison d\u2019alimentation de concepteur pour des oiseaux de jardin\" \/>\n<meta property=\"og:url\" content=\"https:\/\/www.skyline.de\/fr\/product\/mangeoire-oiseaux-lucky-inn\/\" \/>\n<meta property=\"og:site_name\" content=\"Skyline - Lifestyle f\u00fcr Tiere\" \/>\n<meta property=\"article:modified_time\" content=\"2020-05-27T11:49:25+00:00\" \/>\n<meta property=\"og:image\" content=\"https:\/\/i0.wp.com\/www.skyline.de\/wp-content\/uploads\/2013\/06\/Skyline-vogel-futterstelle-luckyinn.jpg?fit=400%2C500&ssl=1\" \/>\n\t<meta property=\"og:image:width\" content=\"400\" \/>\n\t<meta property=\"og:image:height\" content=\"500\" \/>\n\t<meta property=\"og:image:type\" content=\"image\/jpeg\" \/>\n<meta name=\"twitter:card\" content=\"summary_large_image\" \/>\n<script type=\"application\/ld+json\" class=\"yoast-schema-graph\">{\"@context\":\"https:\\\/\\\/schema.org\",\"@graph\":[{\"@type\":\"WebPage\",\"@id\":\"https:\\\/\\\/www.skyline.de\\\/fr\\\/product\\\/mangeoire-oiseaux-lucky-inn\\\/\",\"url\":\"https:\\\/\\\/www.skyline.de\\\/fr\\\/product\\\/mangeoire-oiseaux-lucky-inn\\\/\",\"name\":\"Mangeoire Oiseaux Lucky Inn - Skyline - Lifestyle f\u00fcr Tiere\",\"isPartOf\":{\"@id\":\"https:\\\/\\\/www.skyline.de\\\/#website\"},\"primaryImageOfPage\":{\"@id\":\"https:\\\/\\\/www.skyline.de\\\/fr\\\/product\\\/mangeoire-oiseaux-lucky-inn\\\/#primaryimage\"},\"image\":{\"@id\":\"https:\\\/\\\/www.skyline.de\\\/fr\\\/product\\\/mangeoire-oiseaux-lucky-inn\\\/#primaryimage\"},\"thumbnailUrl\":\"https:\\\/\\\/i0.wp.com\\\/www.skyline.de\\\/wp-content\\\/uploads\\\/2013\\\/06\\\/Skyline-vogel-futterstelle-luckyinn.jpg?fit=400%2C500&ssl=1\",\"datePublished\":\"2020-05-27T11:49:24+00:00\",\"dateModified\":\"2020-05-27T11:49:25+00:00\",\"breadcrumb\":{\"@id\":\"https:\\\/\\\/www.skyline.de\\\/fr\\\/product\\\/mangeoire-oiseaux-lucky-inn\\\/#breadcrumb\"},\"inLanguage\":\"fr-FR\",\"potentialAction\":[{\"@type\":\"ReadAction\",\"target\":[\"https:\\\/\\\/www.skyline.de\\\/fr\\\/product\\\/mangeoire-oiseaux-lucky-inn\\\/\"]}]},{\"@type\":\"ImageObject\",\"inLanguage\":\"fr-FR\",\"@id\":\"https:\\\/\\\/www.skyline.de\\\/fr\\\/product\\\/mangeoire-oiseaux-lucky-inn\\\/#primaryimage\",\"url\":\"https:\\\/\\\/i0.wp.com\\\/www.skyline.de\\\/wp-content\\\/uploads\\\/2013\\\/06\\\/Skyline-vogel-futterstelle-luckyinn.jpg?fit=400%2C500&ssl=1\",\"contentUrl\":\"https:\\\/\\\/i0.wp.com\\\/www.skyline.de\\\/wp-content\\\/uploads\\\/2013\\\/06\\\/Skyline-vogel-futterstelle-luckyinn.jpg?fit=400%2C500&ssl=1\",\"width\":400,\"height\":500,\"caption\":\"cages oiseaux Skyline\"},{\"@type\":\"BreadcrumbList\",\"@id\":\"https:\\\/\\\/www.skyline.de\\\/fr\\\/product\\\/mangeoire-oiseaux-lucky-inn\\\/#breadcrumb\",\"itemListElement\":[{\"@type\":\"ListItem\",\"position\":1,\"name\":\"Startseite\",\"item\":\"https:\\\/\\\/www.skyline.de\\\/fr\\\/\"},{\"@type\":\"ListItem\",\"position\":2,\"name\":\"Boutique\",\"item\":\"https:\\\/\\\/www.skyline.de\\\/fr\\\/boutique\\\/\"},{\"@type\":\"ListItem\",\"position\":3,\"name\":\"Mangeoire Oiseaux Lucky Inn\"}]},{\"@type\":\"WebSite\",\"@id\":\"https:\\\/\\\/www.skyline.de\\\/#website\",\"url\":\"https:\\\/\\\/www.skyline.de\\\/\",\"name\":\"Skyline - Lifestyle f\u00fcr Tiere\",\"description\":\"Katzen, Hunde, Wild- und Gartenv\u00f6gel, Insekten, H\u00fchner, Zierv\u00f6gel, Zwergkaninchen, Meerschweinchen, Hamster, Ratten, M\u00e4use\",\"potentialAction\":[{\"@type\":\"SearchAction\",\"target\":{\"@type\":\"EntryPoint\",\"urlTemplate\":\"https:\\\/\\\/www.skyline.de\\\/?s={search_term_string}\"},\"query-input\":{\"@type\":\"PropertyValueSpecification\",\"valueRequired\":true,\"valueName\":\"search_term_string\"}}],\"inLanguage\":\"fr-FR\"}]}<\/script>\n<!-- \/ Yoast SEO plugin. -->","yoast_head_json":{"title":"Mangeoire Oiseaux Lucky Inn - Skyline - Lifestyle f\u00fcr Tiere","robots":{"index":"index","follow":"follow","max-snippet":"max-snippet:-1","max-image-preview":"max-image-preview:large","max-video-preview":"max-video-preview:-1"},"canonical":"https:\/\/www.skyline.de\/fr\/product\/mangeoire-oiseaux-lucky-inn\/","og_locale":"fr_FR","og_type":"article","og_title":"Mangeoire Oiseaux Lucky Inn - Skyline - Lifestyle f\u00fcr Tiere","og_description":"Maison d\u2019alimentation de concepteur pour des oiseaux de jardin","og_url":"https:\/\/www.skyline.de\/fr\/product\/mangeoire-oiseaux-lucky-inn\/","og_site_name":"Skyline - Lifestyle f\u00fcr Tiere","article_modified_time":"2020-05-27T11:49:25+00:00","og_image":[{"width":400,"height":500,"url":"https:\/\/i0.wp.com\/www.skyline.de\/wp-content\/uploads\/2013\/06\/Skyline-vogel-futterstelle-luckyinn.jpg?fit=400%2C500&ssl=1","type":"image\/jpeg"}],"twitter_card":"summary_large_image","schema":{"@context":"https:\/\/schema.org","@graph":[{"@type":"WebPage","@id":"https:\/\/www.skyline.de\/fr\/product\/mangeoire-oiseaux-lucky-inn\/","url":"https:\/\/www.skyline.de\/fr\/product\/mangeoire-oiseaux-lucky-inn\/","name":"Mangeoire Oiseaux Lucky Inn - Skyline - Lifestyle f\u00fcr Tiere","isPartOf":{"@id":"https:\/\/www.skyline.de\/#website"},"primaryImageOfPage":{"@id":"https:\/\/www.skyline.de\/fr\/product\/mangeoire-oiseaux-lucky-inn\/#primaryimage"},"image":{"@id":"https:\/\/www.skyline.de\/fr\/product\/mangeoire-oiseaux-lucky-inn\/#primaryimage"},"thumbnailUrl":"https:\/\/i0.wp.com\/www.skyline.de\/wp-content\/uploads\/2013\/06\/Skyline-vogel-futterstelle-luckyinn.jpg?fit=400%2C500&ssl=1","datePublished":"2020-05-27T11:49:24+00:00","dateModified":"2020-05-27T11:49:25+00:00","breadcrumb":{"@id":"https:\/\/www.skyline.de\/fr\/product\/mangeoire-oiseaux-lucky-inn\/#breadcrumb"},"inLanguage":"fr-FR","potentialAction":[{"@type":"ReadAction","target":["https:\/\/www.skyline.de\/fr\/product\/mangeoire-oiseaux-lucky-inn\/"]}]},{"@type":"ImageObject","inLanguage":"fr-FR","@id":"https:\/\/www.skyline.de\/fr\/product\/mangeoire-oiseaux-lucky-inn\/#primaryimage","url":"https:\/\/i0.wp.com\/www.skyline.de\/wp-content\/uploads\/2013\/06\/Skyline-vogel-futterstelle-luckyinn.jpg?fit=400%2C500&ssl=1","contentUrl":"https:\/\/i0.wp.com\/www.skyline.de\/wp-content\/uploads\/2013\/06\/Skyline-vogel-futterstelle-luckyinn.jpg?fit=400%2C500&ssl=1","width":400,"height":500,"caption":"cages oiseaux Skyline"},{"@type":"BreadcrumbList","@id":"https:\/\/www.skyline.de\/fr\/product\/mangeoire-oiseaux-lucky-inn\/#breadcrumb","itemListElement":[{"@type":"ListItem","position":1,"name":"Startseite","item":"https:\/\/www.skyline.de\/fr\/"},{"@type":"ListItem","position":2,"name":"Boutique","item":"https:\/\/www.skyline.de\/fr\/boutique\/"},{"@type":"ListItem","position":3,"name":"Mangeoire Oiseaux Lucky Inn"}]},{"@type":"WebSite","@id":"https:\/\/www.skyline.de\/#website","url":"https:\/\/www.skyline.de\/","name":"Skyline - Lifestyle f\u00fcr Tiere","description":"Katzen, Hunde, Wild- und Gartenv\u00f6gel, Insekten, H\u00fchner, Zierv\u00f6gel, Zwergkaninchen, Meerschweinchen, Hamster, Ratten, M\u00e4use","potentialAction":[{"@type":"SearchAction","target":{"@type":"EntryPoint","urlTemplate":"https:\/\/www.skyline.de\/?s={search_term_string}"},"query-input":{"@type":"PropertyValueSpecification","valueRequired":true,"valueName":"search_term_string"}}],"inLanguage":"fr-FR"}]}},"_links":{"self":[{"href":"https:\/\/www.skyline.de\/fr\/wp-json\/wp\/v2\/product\/5117","targetHints":{"allow":["GET"]}}],"collection":[{"href":"https:\/\/www.skyline.de\/fr\/wp-json\/wp\/v2\/product"}],"about":[{"href":"https:\/\/www.skyline.de\/fr\/wp-json\/wp\/v2\/types\/product"}],"wp:featuredmedia":[{"embeddable":true,"href":"https:\/\/www.skyline.de\/fr\/wp-json\/wp\/v2\/media\/4462"}],"wp:attachment":[{"href":"https:\/\/www.skyline.de\/fr\/wp-json\/wp\/v2\/media?parent=5117"}],"wp:term":[{"taxonomy":"product_brand","embeddable":true,"href":"https:\/\/www.skyline.de\/fr\/wp-json\/wp\/v2\/product_brand?post=5117"},{"taxonomy":"product_cat","embeddable":true,"href":"https:\/\/www.skyline.de\/fr\/wp-json\/wp\/v2\/product_cat?post=5117"},{"taxonomy":"product_tag","embeddable":true,"href":"https:\/\/www.skyline.de\/fr\/wp-json\/wp\/v2\/product_tag?post=5117"}],"curies":[{"name":"wp","href":"https:\/\/api.w.org\/{rel}","templated":true}]}}