{"id":5111,"date":"2019-10-16T13:49:07","date_gmt":"2020-05-27T11:49:18","guid":{"rendered":"http:\/\/www.skyline.de\/?post_type=product&#038;p=5111"},"modified":"2020-05-27T13:49:19","modified_gmt":"2020-05-27T11:49:19","slug":"fort-oscar","status":"publish","type":"product","link":"https:\/\/www.skyline.de\/fr\/product\/fort-oscar\/","title":{"rendered":"Fort Oscar"},"content":{"rendered":"<p><strong>Finitions<br \/>\n et tailles<\/strong> D\u00e9crochage dimensions: 128 x 70 x 170 cm<br \/>\nDimensions de l\u2019\u00e9curie avec parc: 198 x 70 x 170 cm<\/p>\n<ul>\n<li>Roulement \u00e0 billes de tiroir multiplex<\/li>\n<li>Toit en aluminium isol\u00e9 (Dibond) avec 3cm d\u2019\u00e9paisseur de polystyr\u00e8ne<\/li>\n<li>Ressort de pression de gaz pour ouvrir le toit<\/li>\n<li>Bois peint plusieurs fois deux couleurs avec la laque certifi\u00e9e de bateau biologique<\/li>\n<li>Po\u00eale int\u00e9rieure galvanis\u00e9e s\u00e9par\u00e9ment amovible<\/li>\n<\/ul>\n","protected":false},"excerpt":{"rendered":"<p>Skyline clapier \u00ab\u00a0Fort Oscar\u00a0\u00bb<br \/>\nLe Clapier en Bois pour Lapin impressionne par sa qualit\u00e9, son design et sa fonctionnalit\u00e9.<br \/>\nParc lat\u00e9ral et roue libre ing\u00e9nieux sous l\u2019\u00e9curie possible.<br \/>\nConvient \u00e0 2 li\u00e8vres nains ou plusieurs cobayes.<\/p>\n","protected":false},"featured_media":4489,"template":"","meta":[],"product_brand":[],"product_cat":[59,55],"product_tag":[],"class_list":{"0":"post-5111","1":"product","2":"type-product","3":"status-publish","4":"has-post-thumbnail","6":"product_cat-clapiers-pour-lapins","7":"product_cat-domaene-fr","9":"first","10":"instock","11":"shipping-taxable","12":"product-type-simple"},"yoast_head":"<!-- This site is optimized with the Yoast SEO plugin v27.1.1 - https:\/\/yoast.com\/product\/yoast-seo-wordpress\/ -->\n<title>Fort Oscar - Skyline - Lifestyle f\u00fcr Tiere<\/title>\n<meta name=\"robots\" content=\"index, follow, max-snippet:-1, max-image-preview:large, max-video-preview:-1\" \/>\n<link rel=\"canonical\" href=\"https:\/\/www.skyline.de\/fr\/product\/fort-oscar\/\" \/>\n<meta property=\"og:locale\" content=\"fr_FR\" \/>\n<meta property=\"og:type\" content=\"article\" \/>\n<meta property=\"og:title\" content=\"Fort Oscar - Skyline - Lifestyle f\u00fcr Tiere\" \/>\n<meta property=\"og:description\" content=\"Skyline clapier &quot;Fort Oscar&quot; Le Clapier en Bois pour Lapin impressionne par sa qualit\u00e9, son design et sa fonctionnalit\u00e9. Parc lat\u00e9ral et roue libre ing\u00e9nieux sous l\u2019\u00e9curie possible. Convient \u00e0 2 li\u00e8vres nains ou plusieurs cobayes.\" \/>\n<meta property=\"og:url\" content=\"https:\/\/www.skyline.de\/fr\/product\/fort-oscar\/\" \/>\n<meta property=\"og:site_name\" content=\"Skyline - Lifestyle f\u00fcr Tiere\" \/>\n<meta property=\"article:modified_time\" content=\"2020-05-27T11:49:19+00:00\" \/>\n<meta property=\"og:image\" content=\"https:\/\/i1.wp.com\/www.skyline.de\/wp-content\/uploads\/2013\/06\/Skyline-huehnerstall-fort-oscar.jpg?fit=400%2C500&ssl=1\" \/>\n\t<meta property=\"og:image:width\" content=\"400\" \/>\n\t<meta property=\"og:image:height\" content=\"500\" \/>\n\t<meta property=\"og:image:type\" content=\"image\/jpeg\" \/>\n<meta name=\"twitter:card\" content=\"summary_large_image\" \/>\n<script type=\"application\/ld+json\" class=\"yoast-schema-graph\">{\"@context\":\"https:\/\/schema.org\",\"@graph\":[{\"@type\":\"WebPage\",\"@id\":\"https:\/\/www.skyline.de\/fr\/product\/fort-oscar\/\",\"url\":\"https:\/\/www.skyline.de\/fr\/product\/fort-oscar\/\",\"name\":\"Fort Oscar - Skyline - Lifestyle f\u00fcr Tiere\",\"isPartOf\":{\"@id\":\"https:\/\/www.skyline.de\/#website\"},\"primaryImageOfPage\":{\"@id\":\"https:\/\/www.skyline.de\/fr\/product\/fort-oscar\/#primaryimage\"},\"image\":{\"@id\":\"https:\/\/www.skyline.de\/fr\/product\/fort-oscar\/#primaryimage\"},\"thumbnailUrl\":\"https:\/\/i0.wp.com\/www.skyline.de\/wp-content\/uploads\/2013\/06\/Skyline-huehnerstall-fort-oscar.jpg?fit=400%2C500&ssl=1\",\"datePublished\":\"2020-05-27T11:49:18+00:00\",\"dateModified\":\"2020-05-27T11:49:19+00:00\",\"breadcrumb\":{\"@id\":\"https:\/\/www.skyline.de\/fr\/product\/fort-oscar\/#breadcrumb\"},\"inLanguage\":\"fr-FR\",\"potentialAction\":[{\"@type\":\"ReadAction\",\"target\":[\"https:\/\/www.skyline.de\/fr\/product\/fort-oscar\/\"]}]},{\"@type\":\"ImageObject\",\"inLanguage\":\"fr-FR\",\"@id\":\"https:\/\/www.skyline.de\/fr\/product\/fort-oscar\/#primaryimage\",\"url\":\"https:\/\/i0.wp.com\/www.skyline.de\/wp-content\/uploads\/2013\/06\/Skyline-huehnerstall-fort-oscar.jpg?fit=400%2C500&ssl=1\",\"contentUrl\":\"https:\/\/i0.wp.com\/www.skyline.de\/wp-content\/uploads\/2013\/06\/Skyline-huehnerstall-fort-oscar.jpg?fit=400%2C500&ssl=1\",\"width\":400,\"height\":500,\"caption\":\"cages oiseaux Skyline\"},{\"@type\":\"BreadcrumbList\",\"@id\":\"https:\/\/www.skyline.de\/fr\/product\/fort-oscar\/#breadcrumb\",\"itemListElement\":[{\"@type\":\"ListItem\",\"position\":1,\"name\":\"Startseite\",\"item\":\"https:\/\/www.skyline.de\/fr\/\"},{\"@type\":\"ListItem\",\"position\":2,\"name\":\"Boutique\",\"item\":\"https:\/\/www.skyline.de\/fr\/boutique\/\"},{\"@type\":\"ListItem\",\"position\":3,\"name\":\"Fort Oscar\"}]},{\"@type\":\"WebSite\",\"@id\":\"https:\/\/www.skyline.de\/#website\",\"url\":\"https:\/\/www.skyline.de\/\",\"name\":\"Skyline - Lifestyle f\u00fcr Tiere\",\"description\":\"Katzen, Hunde, Wild- und Gartenv\u00f6gel, Insekten, H\u00fchner, Zierv\u00f6gel, Zwergkaninchen, Meerschweinchen, Hamster, Ratten, M\u00e4use\",\"potentialAction\":[{\"@type\":\"SearchAction\",\"target\":{\"@type\":\"EntryPoint\",\"urlTemplate\":\"https:\/\/www.skyline.de\/?s={search_term_string}\"},\"query-input\":{\"@type\":\"PropertyValueSpecification\",\"valueRequired\":true,\"valueName\":\"search_term_string\"}}],\"inLanguage\":\"fr-FR\"}]}<\/script>\n<!-- \/ Yoast SEO plugin. -->","yoast_head_json":{"title":"Fort Oscar - Skyline - Lifestyle f\u00fcr Tiere","robots":{"index":"index","follow":"follow","max-snippet":"max-snippet:-1","max-image-preview":"max-image-preview:large","max-video-preview":"max-video-preview:-1"},"canonical":"https:\/\/www.skyline.de\/fr\/product\/fort-oscar\/","og_locale":"fr_FR","og_type":"article","og_title":"Fort Oscar - Skyline - Lifestyle f\u00fcr Tiere","og_description":"Skyline clapier \"Fort Oscar\" Le Clapier en Bois pour Lapin impressionne par sa qualit\u00e9, son design et sa fonctionnalit\u00e9. Parc lat\u00e9ral et roue libre ing\u00e9nieux sous l\u2019\u00e9curie possible. Convient \u00e0 2 li\u00e8vres nains ou plusieurs cobayes.","og_url":"https:\/\/www.skyline.de\/fr\/product\/fort-oscar\/","og_site_name":"Skyline - Lifestyle f\u00fcr Tiere","article_modified_time":"2020-05-27T11:49:19+00:00","og_image":[{"width":400,"height":500,"url":"https:\/\/i1.wp.com\/www.skyline.de\/wp-content\/uploads\/2013\/06\/Skyline-huehnerstall-fort-oscar.jpg?fit=400%2C500&ssl=1","type":"image\/jpeg"}],"twitter_card":"summary_large_image","schema":{"@context":"https:\/\/schema.org","@graph":[{"@type":"WebPage","@id":"https:\/\/www.skyline.de\/fr\/product\/fort-oscar\/","url":"https:\/\/www.skyline.de\/fr\/product\/fort-oscar\/","name":"Fort Oscar - Skyline - Lifestyle f\u00fcr Tiere","isPartOf":{"@id":"https:\/\/www.skyline.de\/#website"},"primaryImageOfPage":{"@id":"https:\/\/www.skyline.de\/fr\/product\/fort-oscar\/#primaryimage"},"image":{"@id":"https:\/\/www.skyline.de\/fr\/product\/fort-oscar\/#primaryimage"},"thumbnailUrl":"https:\/\/i0.wp.com\/www.skyline.de\/wp-content\/uploads\/2013\/06\/Skyline-huehnerstall-fort-oscar.jpg?fit=400%2C500&ssl=1","datePublished":"2020-05-27T11:49:18+00:00","dateModified":"2020-05-27T11:49:19+00:00","breadcrumb":{"@id":"https:\/\/www.skyline.de\/fr\/product\/fort-oscar\/#breadcrumb"},"inLanguage":"fr-FR","potentialAction":[{"@type":"ReadAction","target":["https:\/\/www.skyline.de\/fr\/product\/fort-oscar\/"]}]},{"@type":"ImageObject","inLanguage":"fr-FR","@id":"https:\/\/www.skyline.de\/fr\/product\/fort-oscar\/#primaryimage","url":"https:\/\/i0.wp.com\/www.skyline.de\/wp-content\/uploads\/2013\/06\/Skyline-huehnerstall-fort-oscar.jpg?fit=400%2C500&ssl=1","contentUrl":"https:\/\/i0.wp.com\/www.skyline.de\/wp-content\/uploads\/2013\/06\/Skyline-huehnerstall-fort-oscar.jpg?fit=400%2C500&ssl=1","width":400,"height":500,"caption":"cages oiseaux Skyline"},{"@type":"BreadcrumbList","@id":"https:\/\/www.skyline.de\/fr\/product\/fort-oscar\/#breadcrumb","itemListElement":[{"@type":"ListItem","position":1,"name":"Startseite","item":"https:\/\/www.skyline.de\/fr\/"},{"@type":"ListItem","position":2,"name":"Boutique","item":"https:\/\/www.skyline.de\/fr\/boutique\/"},{"@type":"ListItem","position":3,"name":"Fort Oscar"}]},{"@type":"WebSite","@id":"https:\/\/www.skyline.de\/#website","url":"https:\/\/www.skyline.de\/","name":"Skyline - Lifestyle f\u00fcr Tiere","description":"Katzen, Hunde, Wild- und Gartenv\u00f6gel, Insekten, H\u00fchner, Zierv\u00f6gel, Zwergkaninchen, Meerschweinchen, Hamster, Ratten, M\u00e4use","potentialAction":[{"@type":"SearchAction","target":{"@type":"EntryPoint","urlTemplate":"https:\/\/www.skyline.de\/?s={search_term_string}"},"query-input":{"@type":"PropertyValueSpecification","valueRequired":true,"valueName":"search_term_string"}}],"inLanguage":"fr-FR"}]}},"_links":{"self":[{"href":"https:\/\/www.skyline.de\/fr\/wp-json\/wp\/v2\/product\/5111","targetHints":{"allow":["GET"]}}],"collection":[{"href":"https:\/\/www.skyline.de\/fr\/wp-json\/wp\/v2\/product"}],"about":[{"href":"https:\/\/www.skyline.de\/fr\/wp-json\/wp\/v2\/types\/product"}],"wp:featuredmedia":[{"embeddable":true,"href":"https:\/\/www.skyline.de\/fr\/wp-json\/wp\/v2\/media\/4489"}],"wp:attachment":[{"href":"https:\/\/www.skyline.de\/fr\/wp-json\/wp\/v2\/media?parent=5111"}],"wp:term":[{"taxonomy":"product_brand","embeddable":true,"href":"https:\/\/www.skyline.de\/fr\/wp-json\/wp\/v2\/product_brand?post=5111"},{"taxonomy":"product_cat","embeddable":true,"href":"https:\/\/www.skyline.de\/fr\/wp-json\/wp\/v2\/product_cat?post=5111"},{"taxonomy":"product_tag","embeddable":true,"href":"https:\/\/www.skyline.de\/fr\/wp-json\/wp\/v2\/product_tag?post=5111"}],"curies":[{"name":"wp","href":"https:\/\/api.w.org\/{rel}","templated":true}]}}