{"id":5108,"date":"2019-10-16T13:53:50","date_gmt":"2020-05-27T11:49:20","guid":{"rendered":"http:\/\/www.skyline.de\/?post_type=product&#038;p=5108"},"modified":"2020-05-27T13:49:20","modified_gmt":"2020-05-27T11:49:20","slug":"fort-shilo-parc","status":"publish","type":"product","link":"https:\/\/www.skyline.de\/fr\/product\/fort-shilo-parc\/","title":{"rendered":"Parc Fort Shilo"},"content":{"rendered":"<p><strong>Finitions<br \/>\n et tailles<\/strong> D\u00e9crochage dimensions: 128 x 70 x 170 cm<br \/>\nDimensions de l\u2019\u00e9curie avec parc: 198 x 70 x 170 cm<br \/>\nDimensions clapier Parc carr\u00e9 suppl\u00e9mentaire: 120 x 120 x 60 cm<\/p>\n<ul>\n<li>Roulement \u00e0 billes de tiroir multiplex<\/li>\n<li>Toit en aluminium isol\u00e9 (Dibond) avec 3cm d\u2019\u00e9paisseur de polystyr\u00e8ne<\/li>\n<li>Ressort de pression de gaz pour ouvrir le toit<\/li>\n<li>Bois peint plusieurs fois deux couleurs avec la laque certifi\u00e9e de bateau biologique<\/li>\n<li>Po\u00eale int\u00e9rieure galvanis\u00e9e s\u00e9par\u00e9ment amovible<\/li>\n<\/ul>\n","protected":false},"excerpt":{"rendered":"<p>Skyline clapier pour lapin \u00ab\u00a0Fort Shilo Park\u00a0\u00bb<br \/>\nLe Clapier en Bois pour Lapin impressionne par sa qualit\u00e9, son design et sa fonctionnalit\u00e9.<br \/>\nParc lat\u00e9ral et roue libre sous l\u2019\u00e9curie.<br \/>\nConvient \u00e0 2 li\u00e8vres nains ou plusieurs cobayes.<\/p>\n","protected":false},"featured_media":4488,"template":"","meta":[],"product_brand":[],"product_cat":[59,55],"product_tag":[],"class_list":{"0":"post-5108","1":"product","2":"type-product","3":"status-publish","4":"has-post-thumbnail","6":"product_cat-clapiers-pour-lapins","7":"product_cat-domaene-fr","9":"first","10":"instock","11":"shipping-taxable","12":"product-type-simple"},"yoast_head":"<!-- This site is optimized with the Yoast SEO plugin v27.1.1 - https:\/\/yoast.com\/product\/yoast-seo-wordpress\/ -->\n<title>Parc Fort Shilo - Skyline - Lifestyle f\u00fcr Tiere<\/title>\n<meta name=\"robots\" content=\"index, follow, max-snippet:-1, max-image-preview:large, max-video-preview:-1\" \/>\n<link rel=\"canonical\" href=\"https:\/\/www.skyline.de\/fr\/product\/fort-shilo-parc\/\" \/>\n<meta property=\"og:locale\" content=\"fr_FR\" \/>\n<meta property=\"og:type\" content=\"article\" \/>\n<meta property=\"og:title\" content=\"Parc Fort Shilo - Skyline - Lifestyle f\u00fcr Tiere\" \/>\n<meta property=\"og:description\" content=\"Skyline clapier pour lapin &quot;Fort Shilo Park&quot; Le Clapier en Bois pour Lapin impressionne par sa qualit\u00e9, son design et sa fonctionnalit\u00e9. Parc lat\u00e9ral et roue libre sous l\u2019\u00e9curie. Convient \u00e0 2 li\u00e8vres nains ou plusieurs cobayes.\" \/>\n<meta property=\"og:url\" content=\"https:\/\/www.skyline.de\/fr\/product\/fort-shilo-parc\/\" \/>\n<meta property=\"og:site_name\" content=\"Skyline - Lifestyle f\u00fcr Tiere\" \/>\n<meta property=\"og:image\" content=\"https:\/\/i0.wp.com\/www.skyline.de\/wp-content\/uploads\/2013\/06\/Skyline-huehnerstall-fort-shilo-park.jpg?fit=400%2C500&ssl=1\" \/>\n\t<meta property=\"og:image:width\" content=\"400\" \/>\n\t<meta property=\"og:image:height\" content=\"500\" \/>\n\t<meta property=\"og:image:type\" content=\"image\/jpeg\" \/>\n<meta name=\"twitter:card\" content=\"summary_large_image\" \/>\n<script type=\"application\/ld+json\" class=\"yoast-schema-graph\">{\"@context\":\"https:\/\/schema.org\",\"@graph\":[{\"@type\":\"WebPage\",\"@id\":\"https:\/\/www.skyline.de\/fr\/product\/fort-shilo-parc\/\",\"url\":\"https:\/\/www.skyline.de\/fr\/product\/fort-shilo-parc\/\",\"name\":\"Parc Fort Shilo - Skyline - Lifestyle f\u00fcr Tiere\",\"isPartOf\":{\"@id\":\"https:\/\/www.skyline.de\/#website\"},\"primaryImageOfPage\":{\"@id\":\"https:\/\/www.skyline.de\/fr\/product\/fort-shilo-parc\/#primaryimage\"},\"image\":{\"@id\":\"https:\/\/www.skyline.de\/fr\/product\/fort-shilo-parc\/#primaryimage\"},\"thumbnailUrl\":\"https:\/\/i0.wp.com\/www.skyline.de\/wp-content\/uploads\/2013\/06\/Skyline-huehnerstall-fort-shilo-park.jpg?fit=400%2C500&ssl=1\",\"datePublished\":\"2020-05-27T11:49:20+00:00\",\"breadcrumb\":{\"@id\":\"https:\/\/www.skyline.de\/fr\/product\/fort-shilo-parc\/#breadcrumb\"},\"inLanguage\":\"fr-FR\",\"potentialAction\":[{\"@type\":\"ReadAction\",\"target\":[\"https:\/\/www.skyline.de\/fr\/product\/fort-shilo-parc\/\"]}]},{\"@type\":\"ImageObject\",\"inLanguage\":\"fr-FR\",\"@id\":\"https:\/\/www.skyline.de\/fr\/product\/fort-shilo-parc\/#primaryimage\",\"url\":\"https:\/\/i0.wp.com\/www.skyline.de\/wp-content\/uploads\/2013\/06\/Skyline-huehnerstall-fort-shilo-park.jpg?fit=400%2C500&ssl=1\",\"contentUrl\":\"https:\/\/i0.wp.com\/www.skyline.de\/wp-content\/uploads\/2013\/06\/Skyline-huehnerstall-fort-shilo-park.jpg?fit=400%2C500&ssl=1\",\"width\":400,\"height\":500,\"caption\":\"cages oiseaux Skyline\"},{\"@type\":\"BreadcrumbList\",\"@id\":\"https:\/\/www.skyline.de\/fr\/product\/fort-shilo-parc\/#breadcrumb\",\"itemListElement\":[{\"@type\":\"ListItem\",\"position\":1,\"name\":\"Startseite\",\"item\":\"https:\/\/www.skyline.de\/fr\/\"},{\"@type\":\"ListItem\",\"position\":2,\"name\":\"Boutique\",\"item\":\"https:\/\/www.skyline.de\/fr\/boutique\/\"},{\"@type\":\"ListItem\",\"position\":3,\"name\":\"Parc Fort Shilo\"}]},{\"@type\":\"WebSite\",\"@id\":\"https:\/\/www.skyline.de\/#website\",\"url\":\"https:\/\/www.skyline.de\/\",\"name\":\"Skyline - Lifestyle f\u00fcr Tiere\",\"description\":\"Katzen, Hunde, Wild- und Gartenv\u00f6gel, Insekten, H\u00fchner, Zierv\u00f6gel, Zwergkaninchen, Meerschweinchen, Hamster, Ratten, M\u00e4use\",\"potentialAction\":[{\"@type\":\"SearchAction\",\"target\":{\"@type\":\"EntryPoint\",\"urlTemplate\":\"https:\/\/www.skyline.de\/?s={search_term_string}\"},\"query-input\":{\"@type\":\"PropertyValueSpecification\",\"valueRequired\":true,\"valueName\":\"search_term_string\"}}],\"inLanguage\":\"fr-FR\"}]}<\/script>\n<!-- \/ Yoast SEO plugin. -->","yoast_head_json":{"title":"Parc Fort Shilo - Skyline - Lifestyle f\u00fcr Tiere","robots":{"index":"index","follow":"follow","max-snippet":"max-snippet:-1","max-image-preview":"max-image-preview:large","max-video-preview":"max-video-preview:-1"},"canonical":"https:\/\/www.skyline.de\/fr\/product\/fort-shilo-parc\/","og_locale":"fr_FR","og_type":"article","og_title":"Parc Fort Shilo - Skyline - Lifestyle f\u00fcr Tiere","og_description":"Skyline clapier pour lapin \"Fort Shilo Park\" Le Clapier en Bois pour Lapin impressionne par sa qualit\u00e9, son design et sa fonctionnalit\u00e9. Parc lat\u00e9ral et roue libre sous l\u2019\u00e9curie. Convient \u00e0 2 li\u00e8vres nains ou plusieurs cobayes.","og_url":"https:\/\/www.skyline.de\/fr\/product\/fort-shilo-parc\/","og_site_name":"Skyline - Lifestyle f\u00fcr Tiere","og_image":[{"width":400,"height":500,"url":"https:\/\/i0.wp.com\/www.skyline.de\/wp-content\/uploads\/2013\/06\/Skyline-huehnerstall-fort-shilo-park.jpg?fit=400%2C500&ssl=1","type":"image\/jpeg"}],"twitter_card":"summary_large_image","schema":{"@context":"https:\/\/schema.org","@graph":[{"@type":"WebPage","@id":"https:\/\/www.skyline.de\/fr\/product\/fort-shilo-parc\/","url":"https:\/\/www.skyline.de\/fr\/product\/fort-shilo-parc\/","name":"Parc Fort Shilo - Skyline - Lifestyle f\u00fcr Tiere","isPartOf":{"@id":"https:\/\/www.skyline.de\/#website"},"primaryImageOfPage":{"@id":"https:\/\/www.skyline.de\/fr\/product\/fort-shilo-parc\/#primaryimage"},"image":{"@id":"https:\/\/www.skyline.de\/fr\/product\/fort-shilo-parc\/#primaryimage"},"thumbnailUrl":"https:\/\/i0.wp.com\/www.skyline.de\/wp-content\/uploads\/2013\/06\/Skyline-huehnerstall-fort-shilo-park.jpg?fit=400%2C500&ssl=1","datePublished":"2020-05-27T11:49:20+00:00","breadcrumb":{"@id":"https:\/\/www.skyline.de\/fr\/product\/fort-shilo-parc\/#breadcrumb"},"inLanguage":"fr-FR","potentialAction":[{"@type":"ReadAction","target":["https:\/\/www.skyline.de\/fr\/product\/fort-shilo-parc\/"]}]},{"@type":"ImageObject","inLanguage":"fr-FR","@id":"https:\/\/www.skyline.de\/fr\/product\/fort-shilo-parc\/#primaryimage","url":"https:\/\/i0.wp.com\/www.skyline.de\/wp-content\/uploads\/2013\/06\/Skyline-huehnerstall-fort-shilo-park.jpg?fit=400%2C500&ssl=1","contentUrl":"https:\/\/i0.wp.com\/www.skyline.de\/wp-content\/uploads\/2013\/06\/Skyline-huehnerstall-fort-shilo-park.jpg?fit=400%2C500&ssl=1","width":400,"height":500,"caption":"cages oiseaux Skyline"},{"@type":"BreadcrumbList","@id":"https:\/\/www.skyline.de\/fr\/product\/fort-shilo-parc\/#breadcrumb","itemListElement":[{"@type":"ListItem","position":1,"name":"Startseite","item":"https:\/\/www.skyline.de\/fr\/"},{"@type":"ListItem","position":2,"name":"Boutique","item":"https:\/\/www.skyline.de\/fr\/boutique\/"},{"@type":"ListItem","position":3,"name":"Parc Fort Shilo"}]},{"@type":"WebSite","@id":"https:\/\/www.skyline.de\/#website","url":"https:\/\/www.skyline.de\/","name":"Skyline - Lifestyle f\u00fcr Tiere","description":"Katzen, Hunde, Wild- und Gartenv\u00f6gel, Insekten, H\u00fchner, Zierv\u00f6gel, Zwergkaninchen, Meerschweinchen, Hamster, Ratten, M\u00e4use","potentialAction":[{"@type":"SearchAction","target":{"@type":"EntryPoint","urlTemplate":"https:\/\/www.skyline.de\/?s={search_term_string}"},"query-input":{"@type":"PropertyValueSpecification","valueRequired":true,"valueName":"search_term_string"}}],"inLanguage":"fr-FR"}]}},"_links":{"self":[{"href":"https:\/\/www.skyline.de\/fr\/wp-json\/wp\/v2\/product\/5108","targetHints":{"allow":["GET"]}}],"collection":[{"href":"https:\/\/www.skyline.de\/fr\/wp-json\/wp\/v2\/product"}],"about":[{"href":"https:\/\/www.skyline.de\/fr\/wp-json\/wp\/v2\/types\/product"}],"wp:featuredmedia":[{"embeddable":true,"href":"https:\/\/www.skyline.de\/fr\/wp-json\/wp\/v2\/media\/4488"}],"wp:attachment":[{"href":"https:\/\/www.skyline.de\/fr\/wp-json\/wp\/v2\/media?parent=5108"}],"wp:term":[{"taxonomy":"product_brand","embeddable":true,"href":"https:\/\/www.skyline.de\/fr\/wp-json\/wp\/v2\/product_brand?post=5108"},{"taxonomy":"product_cat","embeddable":true,"href":"https:\/\/www.skyline.de\/fr\/wp-json\/wp\/v2\/product_cat?post=5108"},{"taxonomy":"product_tag","embeddable":true,"href":"https:\/\/www.skyline.de\/fr\/wp-json\/wp\/v2\/product_tag?post=5108"}],"curies":[{"name":"wp","href":"https:\/\/api.w.org\/{rel}","templated":true}]}}