{"id":5107,"date":"2019-10-17T16:10:53","date_gmt":"2020-05-27T11:49:49","guid":{"rendered":"http:\/\/www.skyline.de\/?post_type=product&#038;p=5107"},"modified":"2021-08-30T13:30:42","modified_gmt":"2021-08-30T11:30:42","slug":"cibono-cibono","status":"publish","type":"product","link":"https:\/\/www.skyline.de\/fr\/product\/cibono-cibono\/","title":{"rendered":"SALTIMBOCCA \u00ab\u00a0CIBONO\u00a0\u00bb"},"content":{"rendered":"<p>&nbsp;<\/p>\n<p class=\"p1\">CIBONO 1<br \/>\n450x190x87 mm<br \/>\n0,25 litre de 0 <span class=\"s1\">\u00e0 <\/span>125 mm, H <span class=\"s1\">et <\/span>45 mm<\/p>\n<p class=\"p1\">CIBONO 2<br \/>\n545 x 230 x 120 mm<br \/>\n0,5 litre de 0 \u00e0 175 mm, H et 70 mm<\/p>\n<p class=\"p1\">CIBONO 3<br \/>\n650 x 275 x 145 mm<br \/>\n1 litre de 0 <span class=\"s1\">\u00e0 <\/span>220 mm, H <span class=\"s1\">et <\/span>85 mm<\/p>\n","protected":false},"excerpt":{"rendered":"<p>&nbsp;<\/p>\n<p class=\"p2\">Pour un d\u00eener bien entretenu, nos designers ont con\u00e7u d\u2019\u00e9l\u00e9gantes combinaisons de nobles bols en porcelaine blanche dans une belle bordure de bois naturel. Soyez inspir\u00e9 par les diff\u00e9rentes formes de nos syst\u00e8mes d\u2019alimentation. Ils sont disponibles en trois tailles diff\u00e9rentes.<\/p>\n<p class=\"p1\"><img loading=\"lazy\" decoding=\"async\" class=\"alignnone size-full wp-image-1624\" src=\"https:\/\/www.skyline.de\/wp-content\/uploads\/2019\/10\/copyright-winkelbauer.png\" alt=\"\" width=\"192\" height=\"43\" srcset=\"https:\/\/i0.wp.com\/www.skyline.de\/wp-content\/uploads\/2019\/10\/copyright-winkelbauer.png?w=192&amp;ssl=1 192w, https:\/\/i0.wp.com\/www.skyline.de\/wp-content\/uploads\/2019\/10\/copyright-winkelbauer.png?resize=50%2C11&amp;ssl=1 50w, https:\/\/i0.wp.com\/www.skyline.de\/wp-content\/uploads\/2019\/10\/copyright-winkelbauer.png?resize=150%2C34&amp;ssl=1 150w\" sizes=\"auto, (max-width: 192px) 100vw, 192px\" \/><\/p>\n","protected":false},"featured_media":4749,"template":"","meta":[],"product_brand":[],"product_cat":[65,56],"product_tag":[],"class_list":{"0":"post-5107","1":"product","2":"type-product","3":"status-publish","4":"has-post-thumbnail","6":"product_cat-bols","7":"product_cat-felidaes-palace-fr","9":"first","10":"instock","11":"shipping-taxable","12":"product-type-simple"},"yoast_head":"<!-- This site is optimized with the Yoast SEO plugin v27.1.1 - https:\/\/yoast.com\/product\/yoast-seo-wordpress\/ -->\n<title>SALTIMBOCCA &quot;CIBONO&quot; - Skyline - Lifestyle f\u00fcr Tiere<\/title>\n<meta name=\"robots\" content=\"index, follow, max-snippet:-1, max-image-preview:large, max-video-preview:-1\" \/>\n<link rel=\"canonical\" href=\"https:\/\/www.skyline.de\/fr\/product\/cibono-cibono\/\" \/>\n<meta property=\"og:locale\" content=\"fr_FR\" \/>\n<meta property=\"og:type\" content=\"article\" \/>\n<meta property=\"og:title\" content=\"SALTIMBOCCA &quot;CIBONO&quot; - Skyline - Lifestyle f\u00fcr Tiere\" \/>\n<meta property=\"og:description\" content=\"&nbsp; Pour un d\u00eener bien entretenu, nos designers ont con\u00e7u d\u2019\u00e9l\u00e9gantes combinaisons de nobles bols en porcelaine blanche dans une belle bordure de bois naturel. Soyez inspir\u00e9 par les diff\u00e9rentes formes de nos syst\u00e8mes d\u2019alimentation. Ils sont disponibles en trois tailles diff\u00e9rentes.\" \/>\n<meta property=\"og:url\" content=\"https:\/\/www.skyline.de\/fr\/product\/cibono-cibono\/\" \/>\n<meta property=\"og:site_name\" content=\"Skyline - Lifestyle f\u00fcr Tiere\" \/>\n<meta property=\"article:modified_time\" content=\"2021-08-30T11:30:42+00:00\" \/>\n<meta property=\"og:image\" content=\"https:\/\/i1.wp.com\/www.skyline.de\/wp-content\/uploads\/2019\/10\/Skyline-katzennapf-cibono.jpg?fit=400%2C500&ssl=1\" \/>\n\t<meta property=\"og:image:width\" content=\"400\" \/>\n\t<meta property=\"og:image:height\" content=\"500\" \/>\n\t<meta property=\"og:image:type\" content=\"image\/jpeg\" \/>\n<meta name=\"twitter:card\" content=\"summary_large_image\" \/>\n<script type=\"application\/ld+json\" class=\"yoast-schema-graph\">{\"@context\":\"https:\/\/schema.org\",\"@graph\":[{\"@type\":\"WebPage\",\"@id\":\"https:\/\/www.skyline.de\/fr\/product\/cibono-cibono\/\",\"url\":\"https:\/\/www.skyline.de\/fr\/product\/cibono-cibono\/\",\"name\":\"SALTIMBOCCA \\\"CIBONO\\\" - Skyline - Lifestyle f\u00fcr Tiere\",\"isPartOf\":{\"@id\":\"https:\/\/www.skyline.de\/#website\"},\"primaryImageOfPage\":{\"@id\":\"https:\/\/www.skyline.de\/fr\/product\/cibono-cibono\/#primaryimage\"},\"image\":{\"@id\":\"https:\/\/www.skyline.de\/fr\/product\/cibono-cibono\/#primaryimage\"},\"thumbnailUrl\":\"https:\/\/i0.wp.com\/www.skyline.de\/wp-content\/uploads\/2019\/10\/Skyline-katzennapf-cibono.jpg?fit=400%2C500&ssl=1\",\"datePublished\":\"2020-05-27T11:49:49+00:00\",\"dateModified\":\"2021-08-30T11:30:42+00:00\",\"breadcrumb\":{\"@id\":\"https:\/\/www.skyline.de\/fr\/product\/cibono-cibono\/#breadcrumb\"},\"inLanguage\":\"fr-FR\",\"potentialAction\":[{\"@type\":\"ReadAction\",\"target\":[\"https:\/\/www.skyline.de\/fr\/product\/cibono-cibono\/\"]}]},{\"@type\":\"ImageObject\",\"inLanguage\":\"fr-FR\",\"@id\":\"https:\/\/www.skyline.de\/fr\/product\/cibono-cibono\/#primaryimage\",\"url\":\"https:\/\/i0.wp.com\/www.skyline.de\/wp-content\/uploads\/2019\/10\/Skyline-katzennapf-cibono.jpg?fit=400%2C500&ssl=1\",\"contentUrl\":\"https:\/\/i0.wp.com\/www.skyline.de\/wp-content\/uploads\/2019\/10\/Skyline-katzennapf-cibono.jpg?fit=400%2C500&ssl=1\",\"width\":400,\"height\":500},{\"@type\":\"BreadcrumbList\",\"@id\":\"https:\/\/www.skyline.de\/fr\/product\/cibono-cibono\/#breadcrumb\",\"itemListElement\":[{\"@type\":\"ListItem\",\"position\":1,\"name\":\"Startseite\",\"item\":\"https:\/\/www.skyline.de\/fr\/\"},{\"@type\":\"ListItem\",\"position\":2,\"name\":\"Boutique\",\"item\":\"https:\/\/www.skyline.de\/fr\/boutique\/\"},{\"@type\":\"ListItem\",\"position\":3,\"name\":\"SALTIMBOCCA \u00ab\u00a0CIBONO\u00a0\u00bb\"}]},{\"@type\":\"WebSite\",\"@id\":\"https:\/\/www.skyline.de\/#website\",\"url\":\"https:\/\/www.skyline.de\/\",\"name\":\"Skyline - Lifestyle f\u00fcr Tiere\",\"description\":\"Katzen, Hunde, Wild- und Gartenv\u00f6gel, Insekten, H\u00fchner, Zierv\u00f6gel, Zwergkaninchen, Meerschweinchen, Hamster, Ratten, M\u00e4use\",\"potentialAction\":[{\"@type\":\"SearchAction\",\"target\":{\"@type\":\"EntryPoint\",\"urlTemplate\":\"https:\/\/www.skyline.de\/?s={search_term_string}\"},\"query-input\":{\"@type\":\"PropertyValueSpecification\",\"valueRequired\":true,\"valueName\":\"search_term_string\"}}],\"inLanguage\":\"fr-FR\"}]}<\/script>\n<!-- \/ Yoast SEO plugin. -->","yoast_head_json":{"title":"SALTIMBOCCA \"CIBONO\" - Skyline - Lifestyle f\u00fcr Tiere","robots":{"index":"index","follow":"follow","max-snippet":"max-snippet:-1","max-image-preview":"max-image-preview:large","max-video-preview":"max-video-preview:-1"},"canonical":"https:\/\/www.skyline.de\/fr\/product\/cibono-cibono\/","og_locale":"fr_FR","og_type":"article","og_title":"SALTIMBOCCA \"CIBONO\" - Skyline - Lifestyle f\u00fcr Tiere","og_description":"&nbsp; Pour un d\u00eener bien entretenu, nos designers ont con\u00e7u d\u2019\u00e9l\u00e9gantes combinaisons de nobles bols en porcelaine blanche dans une belle bordure de bois naturel. Soyez inspir\u00e9 par les diff\u00e9rentes formes de nos syst\u00e8mes d\u2019alimentation. Ils sont disponibles en trois tailles diff\u00e9rentes.","og_url":"https:\/\/www.skyline.de\/fr\/product\/cibono-cibono\/","og_site_name":"Skyline - Lifestyle f\u00fcr Tiere","article_modified_time":"2021-08-30T11:30:42+00:00","og_image":[{"width":400,"height":500,"url":"https:\/\/i1.wp.com\/www.skyline.de\/wp-content\/uploads\/2019\/10\/Skyline-katzennapf-cibono.jpg?fit=400%2C500&ssl=1","type":"image\/jpeg"}],"twitter_card":"summary_large_image","schema":{"@context":"https:\/\/schema.org","@graph":[{"@type":"WebPage","@id":"https:\/\/www.skyline.de\/fr\/product\/cibono-cibono\/","url":"https:\/\/www.skyline.de\/fr\/product\/cibono-cibono\/","name":"SALTIMBOCCA \"CIBONO\" - Skyline - Lifestyle f\u00fcr Tiere","isPartOf":{"@id":"https:\/\/www.skyline.de\/#website"},"primaryImageOfPage":{"@id":"https:\/\/www.skyline.de\/fr\/product\/cibono-cibono\/#primaryimage"},"image":{"@id":"https:\/\/www.skyline.de\/fr\/product\/cibono-cibono\/#primaryimage"},"thumbnailUrl":"https:\/\/i0.wp.com\/www.skyline.de\/wp-content\/uploads\/2019\/10\/Skyline-katzennapf-cibono.jpg?fit=400%2C500&ssl=1","datePublished":"2020-05-27T11:49:49+00:00","dateModified":"2021-08-30T11:30:42+00:00","breadcrumb":{"@id":"https:\/\/www.skyline.de\/fr\/product\/cibono-cibono\/#breadcrumb"},"inLanguage":"fr-FR","potentialAction":[{"@type":"ReadAction","target":["https:\/\/www.skyline.de\/fr\/product\/cibono-cibono\/"]}]},{"@type":"ImageObject","inLanguage":"fr-FR","@id":"https:\/\/www.skyline.de\/fr\/product\/cibono-cibono\/#primaryimage","url":"https:\/\/i0.wp.com\/www.skyline.de\/wp-content\/uploads\/2019\/10\/Skyline-katzennapf-cibono.jpg?fit=400%2C500&ssl=1","contentUrl":"https:\/\/i0.wp.com\/www.skyline.de\/wp-content\/uploads\/2019\/10\/Skyline-katzennapf-cibono.jpg?fit=400%2C500&ssl=1","width":400,"height":500},{"@type":"BreadcrumbList","@id":"https:\/\/www.skyline.de\/fr\/product\/cibono-cibono\/#breadcrumb","itemListElement":[{"@type":"ListItem","position":1,"name":"Startseite","item":"https:\/\/www.skyline.de\/fr\/"},{"@type":"ListItem","position":2,"name":"Boutique","item":"https:\/\/www.skyline.de\/fr\/boutique\/"},{"@type":"ListItem","position":3,"name":"SALTIMBOCCA \u00ab\u00a0CIBONO\u00a0\u00bb"}]},{"@type":"WebSite","@id":"https:\/\/www.skyline.de\/#website","url":"https:\/\/www.skyline.de\/","name":"Skyline - Lifestyle f\u00fcr Tiere","description":"Katzen, Hunde, Wild- und Gartenv\u00f6gel, Insekten, H\u00fchner, Zierv\u00f6gel, Zwergkaninchen, Meerschweinchen, Hamster, Ratten, M\u00e4use","potentialAction":[{"@type":"SearchAction","target":{"@type":"EntryPoint","urlTemplate":"https:\/\/www.skyline.de\/?s={search_term_string}"},"query-input":{"@type":"PropertyValueSpecification","valueRequired":true,"valueName":"search_term_string"}}],"inLanguage":"fr-FR"}]}},"_links":{"self":[{"href":"https:\/\/www.skyline.de\/fr\/wp-json\/wp\/v2\/product\/5107","targetHints":{"allow":["GET"]}}],"collection":[{"href":"https:\/\/www.skyline.de\/fr\/wp-json\/wp\/v2\/product"}],"about":[{"href":"https:\/\/www.skyline.de\/fr\/wp-json\/wp\/v2\/types\/product"}],"wp:featuredmedia":[{"embeddable":true,"href":"https:\/\/www.skyline.de\/fr\/wp-json\/wp\/v2\/media\/4749"}],"wp:attachment":[{"href":"https:\/\/www.skyline.de\/fr\/wp-json\/wp\/v2\/media?parent=5107"}],"wp:term":[{"taxonomy":"product_brand","embeddable":true,"href":"https:\/\/www.skyline.de\/fr\/wp-json\/wp\/v2\/product_brand?post=5107"},{"taxonomy":"product_cat","embeddable":true,"href":"https:\/\/www.skyline.de\/fr\/wp-json\/wp\/v2\/product_cat?post=5107"},{"taxonomy":"product_tag","embeddable":true,"href":"https:\/\/www.skyline.de\/fr\/wp-json\/wp\/v2\/product_tag?post=5107"}],"curies":[{"name":"wp","href":"https:\/\/api.w.org\/{rel}","templated":true}]}}