{"id":5098,"date":"2019-11-18T15:34:11","date_gmt":"2020-05-26T23:39:39","guid":{"rendered":"http:\/\/www.skyline.de\/?post_type=product&#038;p=5098"},"modified":"2020-05-27T13:49:01","modified_gmt":"2020-05-27T11:49:01","slug":"cages-rongeurs-hoppelgarden","status":"publish","type":"product","link":"https:\/\/www.skyline.de\/fr\/product\/cages-rongeurs-hoppelgarden\/","title":{"rendered":"CAGES RONGEURS HOPPELGARDEN"},"content":{"rendered":"<p>Le bac de la cage Hoppelgarden constitu\u00e9 de panneaux en plexiglas transparent permet d\u2019observer votre petit animal. La hauteur du bac est suffisante pour \u00e9viter les projections ind\u00e9sirables hors de la cage et le fond est r\u00e9sistant \u00e0 l\u2019eau. La cage est facile \u00e0 d\u00e9placer gr\u00e2ce aux quatre roulettes. Maille fine pour petits rongeurs, poussins\u2026<\/p>\n<p>La cage Hoppelgarden est \u00e9quip\u00e9e de roulettes permettant de la d\u00e9placer sans effort, Grande hauteur du bac plastique permet d\u2019\u00e9viter les projections de liti\u00e8re.<\/p>\n<p>Mod\u00e8le illustr\u00e9 comprend des accessoires en option, non inclus dans le prix.<\/p>\n<ul>\n<li>Cage de haute qualit\u00e9 en plexiglas, fil et bois r\u00e9el<\/li>\n<li>Panoramique en plexiglas et grand rabat d\u2019ouverture en haut<\/li>\n<li>Vue panoramique des animaux<\/li>\n<li>Bois de bouleau laqu\u00e9<\/li>\n<li>Hauteur de liti\u00e8re 20 cm, pour assez d\u2019espace pour creuser, creuser et creuser<\/li>\n<li>Sable avant avec de plus petites portes<\/li>\n<li>4 rouleaux pratiques assurent une mobilit\u00e9 libre<\/li>\n<li>Nettoyage facile<\/li>\n<li>Couleurs:\n<ul>\n<li>\u00c9l\u00e9ments du bois: Nature<\/li>\n<\/ul>\n<\/li>\n<li>Accessoires librement s\u00e9lectionnables<\/li>\n<li><strong>Hoppelgarden 80 et 100<\/strong>\n<ul>\n<li>ont un grand rabat sur le dessus et sont en outre \u00e9quip\u00e9s de planchers et d\u2019\u00e9chelles<\/li>\n<li>c\u00e2blage serr\u00e9 7mm &#8211; adapt\u00e9 aux petits produits<\/li>\n<\/ul>\n<\/li>\n<li><strong>Hoppelgarden 120 et 140<\/strong>\n<ul>\n<li>ont des grilles amovibles au-dessus, 2 chacune<\/li>\n<li>Grande distance de fil 27mm &#8211; appropri\u00e9 pour les lapins nains et les cochons d\u2019Inde<\/li>\n<\/ul>\n<\/li>\n<\/ul>\n<p>&nbsp;<\/p>\n<p><span class=\"s1\"><b>Informations sur les concessionnaires<\/b><\/span><\/p>\n<p><strong>Hoppelgarden 80<\/strong><br \/>\nDimensions: 750x550x500mm<br \/>\nPi\u00e8ces de palette: 44<br \/>\nPoids brut: 15,3 kg<br \/>\nEspacement de fil : 7mm<\/p>\n<p><strong>Hoppelgarden 100<\/strong><br \/>\nDimensions: 1000x720x550mm<br \/>\nPi\u00e8ces de palette: 21<br \/>\nPoids brut: 23<br \/>\nEspacement de fil : 7mm<\/p>\n<p><strong>Hoppelgarden 120<\/strong><br \/>\nDimensions: 1200x720x650mm<br \/>\nPi\u00e8ces de palette: 20<br \/>\nPoids brut: 20.4<br \/>\nEspacement de fil : 28mm<\/p>\n<p><strong>Hoppelgarden 140<\/strong><br \/>\nDimensions: 1400x720x650mm<br \/>\nMorceaux de palette: 12<br \/>\nPoids brut: 27<br \/>\nEspacement de fil : 28mm<\/p>\n","protected":false},"excerpt":{"rendered":"<p class=\"p1\">OPTIMAL AUBERGE ET MAISON EXT\u00c9RIEURE<br \/>\npour les petits produits tels que les lapins nains, les cobayes, les hamsters, les souris et les rats<\/p>\n","protected":false},"featured_media":1049,"template":"","meta":[],"product_brand":[],"product_cat":[75,69],"product_tag":[],"class_list":{"0":"post-5098","1":"product","2":"type-product","3":"status-publish","4":"has-post-thumbnail","6":"product_cat-cages-pour-rongeurs","7":"product_cat-home-garden-fr","9":"first","10":"instock","11":"shipping-taxable","12":"product-type-simple"},"yoast_head":"<!-- This site is optimized with the Yoast SEO plugin v27.1.1 - https:\/\/yoast.com\/product\/yoast-seo-wordpress\/ -->\n<title>CAGES RONGEURS HOPPELGARDEN - Skyline - Lifestyle f\u00fcr Tiere<\/title>\n<meta name=\"robots\" content=\"index, follow, max-snippet:-1, max-image-preview:large, max-video-preview:-1\" \/>\n<link rel=\"canonical\" href=\"https:\/\/www.skyline.de\/fr\/product\/cages-rongeurs-hoppelgarden\/\" \/>\n<meta property=\"og:locale\" content=\"fr_FR\" \/>\n<meta property=\"og:type\" content=\"article\" \/>\n<meta property=\"og:title\" content=\"CAGES RONGEURS HOPPELGARDEN - Skyline - Lifestyle f\u00fcr Tiere\" \/>\n<meta property=\"og:description\" content=\"OPTIMAL AUBERGE ET MAISON EXT\u00c9RIEURE pour les petits produits tels que les lapins nains, les cobayes, les hamsters, les souris et les rats\" \/>\n<meta property=\"og:url\" content=\"https:\/\/www.skyline.de\/fr\/product\/cages-rongeurs-hoppelgarden\/\" \/>\n<meta property=\"og:site_name\" content=\"Skyline - Lifestyle f\u00fcr Tiere\" \/>\n<meta property=\"article:modified_time\" content=\"2020-05-27T11:49:01+00:00\" \/>\n<meta property=\"og:image\" content=\"https:\/\/i0.wp.com\/www.skyline.de\/wp-content\/uploads\/2019\/10\/Skyline-nagerheime-hoppelgarden-80-100.jpg?fit=400%2C500&ssl=1\" \/>\n\t<meta property=\"og:image:width\" content=\"400\" \/>\n\t<meta property=\"og:image:height\" content=\"500\" \/>\n\t<meta property=\"og:image:type\" content=\"image\/jpeg\" \/>\n<meta name=\"twitter:card\" content=\"summary_large_image\" \/>\n<meta name=\"twitter:label1\" content=\"Dur\u00e9e de lecture estim\u00e9e\" \/>\n\t<meta name=\"twitter:data1\" content=\"1 minute\" \/>\n<script type=\"application\/ld+json\" class=\"yoast-schema-graph\">{\"@context\":\"https:\/\/schema.org\",\"@graph\":[{\"@type\":\"WebPage\",\"@id\":\"https:\/\/www.skyline.de\/fr\/product\/cages-rongeurs-hoppelgarden\/\",\"url\":\"https:\/\/www.skyline.de\/fr\/product\/cages-rongeurs-hoppelgarden\/\",\"name\":\"CAGES RONGEURS HOPPELGARDEN - Skyline - Lifestyle f\u00fcr Tiere\",\"isPartOf\":{\"@id\":\"https:\/\/www.skyline.de\/#website\"},\"primaryImageOfPage\":{\"@id\":\"https:\/\/www.skyline.de\/fr\/product\/cages-rongeurs-hoppelgarden\/#primaryimage\"},\"image\":{\"@id\":\"https:\/\/www.skyline.de\/fr\/product\/cages-rongeurs-hoppelgarden\/#primaryimage\"},\"thumbnailUrl\":\"https:\/\/i0.wp.com\/www.skyline.de\/wp-content\/uploads\/2019\/10\/Skyline-nagerheime-hoppelgarden-80-100.jpg?fit=400%2C500&ssl=1\",\"datePublished\":\"2020-05-26T23:39:39+00:00\",\"dateModified\":\"2020-05-27T11:49:01+00:00\",\"breadcrumb\":{\"@id\":\"https:\/\/www.skyline.de\/fr\/product\/cages-rongeurs-hoppelgarden\/#breadcrumb\"},\"inLanguage\":\"fr-FR\",\"potentialAction\":[{\"@type\":\"ReadAction\",\"target\":[\"https:\/\/www.skyline.de\/fr\/product\/cages-rongeurs-hoppelgarden\/\"]}]},{\"@type\":\"ImageObject\",\"inLanguage\":\"fr-FR\",\"@id\":\"https:\/\/www.skyline.de\/fr\/product\/cages-rongeurs-hoppelgarden\/#primaryimage\",\"url\":\"https:\/\/i0.wp.com\/www.skyline.de\/wp-content\/uploads\/2019\/10\/Skyline-nagerheime-hoppelgarden-80-100.jpg?fit=400%2C500&ssl=1\",\"contentUrl\":\"https:\/\/i0.wp.com\/www.skyline.de\/wp-content\/uploads\/2019\/10\/Skyline-nagerheime-hoppelgarden-80-100.jpg?fit=400%2C500&ssl=1\",\"width\":400,\"height\":500,\"caption\":\"Skyline nagerheime\"},{\"@type\":\"BreadcrumbList\",\"@id\":\"https:\/\/www.skyline.de\/fr\/product\/cages-rongeurs-hoppelgarden\/#breadcrumb\",\"itemListElement\":[{\"@type\":\"ListItem\",\"position\":1,\"name\":\"Startseite\",\"item\":\"https:\/\/www.skyline.de\/fr\/\"},{\"@type\":\"ListItem\",\"position\":2,\"name\":\"Boutique\",\"item\":\"https:\/\/www.skyline.de\/fr\/boutique\/\"},{\"@type\":\"ListItem\",\"position\":3,\"name\":\"CAGES RONGEURS HOPPELGARDEN\"}]},{\"@type\":\"WebSite\",\"@id\":\"https:\/\/www.skyline.de\/#website\",\"url\":\"https:\/\/www.skyline.de\/\",\"name\":\"Skyline - Lifestyle f\u00fcr Tiere\",\"description\":\"Katzen, Hunde, Wild- und Gartenv\u00f6gel, Insekten, H\u00fchner, Zierv\u00f6gel, Zwergkaninchen, Meerschweinchen, Hamster, Ratten, M\u00e4use\",\"potentialAction\":[{\"@type\":\"SearchAction\",\"target\":{\"@type\":\"EntryPoint\",\"urlTemplate\":\"https:\/\/www.skyline.de\/?s={search_term_string}\"},\"query-input\":{\"@type\":\"PropertyValueSpecification\",\"valueRequired\":true,\"valueName\":\"search_term_string\"}}],\"inLanguage\":\"fr-FR\"}]}<\/script>\n<!-- \/ Yoast SEO plugin. -->","yoast_head_json":{"title":"CAGES RONGEURS HOPPELGARDEN - Skyline - Lifestyle f\u00fcr Tiere","robots":{"index":"index","follow":"follow","max-snippet":"max-snippet:-1","max-image-preview":"max-image-preview:large","max-video-preview":"max-video-preview:-1"},"canonical":"https:\/\/www.skyline.de\/fr\/product\/cages-rongeurs-hoppelgarden\/","og_locale":"fr_FR","og_type":"article","og_title":"CAGES RONGEURS HOPPELGARDEN - Skyline - Lifestyle f\u00fcr Tiere","og_description":"OPTIMAL AUBERGE ET MAISON EXT\u00c9RIEURE pour les petits produits tels que les lapins nains, les cobayes, les hamsters, les souris et les rats","og_url":"https:\/\/www.skyline.de\/fr\/product\/cages-rongeurs-hoppelgarden\/","og_site_name":"Skyline - Lifestyle f\u00fcr Tiere","article_modified_time":"2020-05-27T11:49:01+00:00","og_image":[{"width":400,"height":500,"url":"https:\/\/i0.wp.com\/www.skyline.de\/wp-content\/uploads\/2019\/10\/Skyline-nagerheime-hoppelgarden-80-100.jpg?fit=400%2C500&ssl=1","type":"image\/jpeg"}],"twitter_card":"summary_large_image","twitter_misc":{"Dur\u00e9e de lecture estim\u00e9e":"1 minute"},"schema":{"@context":"https:\/\/schema.org","@graph":[{"@type":"WebPage","@id":"https:\/\/www.skyline.de\/fr\/product\/cages-rongeurs-hoppelgarden\/","url":"https:\/\/www.skyline.de\/fr\/product\/cages-rongeurs-hoppelgarden\/","name":"CAGES RONGEURS HOPPELGARDEN - Skyline - Lifestyle f\u00fcr Tiere","isPartOf":{"@id":"https:\/\/www.skyline.de\/#website"},"primaryImageOfPage":{"@id":"https:\/\/www.skyline.de\/fr\/product\/cages-rongeurs-hoppelgarden\/#primaryimage"},"image":{"@id":"https:\/\/www.skyline.de\/fr\/product\/cages-rongeurs-hoppelgarden\/#primaryimage"},"thumbnailUrl":"https:\/\/i0.wp.com\/www.skyline.de\/wp-content\/uploads\/2019\/10\/Skyline-nagerheime-hoppelgarden-80-100.jpg?fit=400%2C500&ssl=1","datePublished":"2020-05-26T23:39:39+00:00","dateModified":"2020-05-27T11:49:01+00:00","breadcrumb":{"@id":"https:\/\/www.skyline.de\/fr\/product\/cages-rongeurs-hoppelgarden\/#breadcrumb"},"inLanguage":"fr-FR","potentialAction":[{"@type":"ReadAction","target":["https:\/\/www.skyline.de\/fr\/product\/cages-rongeurs-hoppelgarden\/"]}]},{"@type":"ImageObject","inLanguage":"fr-FR","@id":"https:\/\/www.skyline.de\/fr\/product\/cages-rongeurs-hoppelgarden\/#primaryimage","url":"https:\/\/i0.wp.com\/www.skyline.de\/wp-content\/uploads\/2019\/10\/Skyline-nagerheime-hoppelgarden-80-100.jpg?fit=400%2C500&ssl=1","contentUrl":"https:\/\/i0.wp.com\/www.skyline.de\/wp-content\/uploads\/2019\/10\/Skyline-nagerheime-hoppelgarden-80-100.jpg?fit=400%2C500&ssl=1","width":400,"height":500,"caption":"Skyline nagerheime"},{"@type":"BreadcrumbList","@id":"https:\/\/www.skyline.de\/fr\/product\/cages-rongeurs-hoppelgarden\/#breadcrumb","itemListElement":[{"@type":"ListItem","position":1,"name":"Startseite","item":"https:\/\/www.skyline.de\/fr\/"},{"@type":"ListItem","position":2,"name":"Boutique","item":"https:\/\/www.skyline.de\/fr\/boutique\/"},{"@type":"ListItem","position":3,"name":"CAGES RONGEURS HOPPELGARDEN"}]},{"@type":"WebSite","@id":"https:\/\/www.skyline.de\/#website","url":"https:\/\/www.skyline.de\/","name":"Skyline - Lifestyle f\u00fcr Tiere","description":"Katzen, Hunde, Wild- und Gartenv\u00f6gel, Insekten, H\u00fchner, Zierv\u00f6gel, Zwergkaninchen, Meerschweinchen, Hamster, Ratten, M\u00e4use","potentialAction":[{"@type":"SearchAction","target":{"@type":"EntryPoint","urlTemplate":"https:\/\/www.skyline.de\/?s={search_term_string}"},"query-input":{"@type":"PropertyValueSpecification","valueRequired":true,"valueName":"search_term_string"}}],"inLanguage":"fr-FR"}]}},"_links":{"self":[{"href":"https:\/\/www.skyline.de\/fr\/wp-json\/wp\/v2\/product\/5098","targetHints":{"allow":["GET"]}}],"collection":[{"href":"https:\/\/www.skyline.de\/fr\/wp-json\/wp\/v2\/product"}],"about":[{"href":"https:\/\/www.skyline.de\/fr\/wp-json\/wp\/v2\/types\/product"}],"wp:featuredmedia":[{"embeddable":true,"href":"https:\/\/www.skyline.de\/fr\/wp-json\/wp\/v2\/media\/1049"}],"wp:attachment":[{"href":"https:\/\/www.skyline.de\/fr\/wp-json\/wp\/v2\/media?parent=5098"}],"wp:term":[{"taxonomy":"product_brand","embeddable":true,"href":"https:\/\/www.skyline.de\/fr\/wp-json\/wp\/v2\/product_brand?post=5098"},{"taxonomy":"product_cat","embeddable":true,"href":"https:\/\/www.skyline.de\/fr\/wp-json\/wp\/v2\/product_cat?post=5098"},{"taxonomy":"product_tag","embeddable":true,"href":"https:\/\/www.skyline.de\/fr\/wp-json\/wp\/v2\/product_tag?post=5098"}],"curies":[{"name":"wp","href":"https:\/\/api.w.org\/{rel}","templated":true}]}}