{"id":5097,"date":"2019-11-18T14:58:48","date_gmt":"2020-05-27T11:49:00","guid":{"rendered":"http:\/\/www.skyline.de\/?post_type=product&#038;p=5097"},"modified":"2020-05-27T13:49:00","modified_gmt":"2020-05-27T11:49:00","slug":"maximus","status":"publish","type":"product","link":"https:\/\/www.skyline.de\/fr\/product\/maximus\/","title":{"rendered":"CAGES RONGEURS MAXIMUS"},"content":{"rendered":"<ul>\n<li>Derni\u00e8re g\u00e9n\u00e9ration de cages rongeurs\n<ul>\n<li>Bac \u00e0 fond \u00e9lev\u00e9 en multiplexe, assure une hauteur optimale de literie<\/li>\n<li>Oasis de bien-\u00eatre pour les rongeurs<\/li>\n<\/ul>\n<\/li>\n<li>Cage de fil et multiplex de haute qualit\u00e9 assure les normes d\u2019hygi\u00e8ne les plus \u00e9lev\u00e9es<\/li>\n<li>Hauteur de liti\u00e8re 20 cm<\/li>\n<li>Sable avant avec de plus petites portes<\/li>\n<li>Haut grand rabat<\/li>\n<li>Nettoyage facile<\/li>\n<li>Installation facile<\/li>\n<li>Couleurs: bol blanc et corps de cage noir<\/li>\n<li>Accessoires librement s\u00e9lectionnables<\/li>\n<\/ul>\n<p>&nbsp;<\/p>\n<p><span class=\"s1\"><b>Informations sur les<br \/>\n concessionnaires<\/b><\/span> <strong>Maximus 100<\/strong><br \/>\nDimensions: 1020x550x550mm<br \/>\nPi\u00e8ces de palette: 35<br \/>\nPoids brut: 22<br \/>\nEspacement de fil : 28mm<\/p>\n<p><strong>Maximus 120<\/strong><br \/>\nDimensions: 1200x600x550mm<br \/>\nPi\u00e8ces de palette: 22<br \/>\nPoids brut: 25<br \/>\nEspacement de fil : 28mm<\/p>\n","protected":false},"excerpt":{"rendered":"<p class=\"p1\">LA DERNI\u00c8RE G\u00c9N\u00c9RATION S\u2019EST ENGAG\u00c9E DANS LES MAISONS DE SOINS INFIRMIERS DE DURABILIT\u00c9 ET LE BIEN-\u00caTRE DES ANIMAUX!<br \/>\npour les petits mammif\u00e8res tels que les lapins nains et les cobayes<\/p>\n","protected":false},"featured_media":4641,"template":"","meta":[],"product_brand":[],"product_cat":[75,69],"product_tag":[],"class_list":{"0":"post-5097","1":"product","2":"type-product","3":"status-publish","4":"has-post-thumbnail","6":"product_cat-cages-pour-rongeurs","7":"product_cat-home-garden-fr","9":"first","10":"instock","11":"shipping-taxable","12":"product-type-simple"},"yoast_head":"<!-- This site is optimized with the Yoast SEO plugin v27.1.1 - https:\/\/yoast.com\/product\/yoast-seo-wordpress\/ -->\n<title>CAGES RONGEURS MAXIMUS - Skyline - Lifestyle f\u00fcr Tiere<\/title>\n<meta name=\"robots\" content=\"index, follow, max-snippet:-1, max-image-preview:large, max-video-preview:-1\" \/>\n<link rel=\"canonical\" href=\"https:\/\/www.skyline.de\/fr\/product\/maximus\/\" \/>\n<meta property=\"og:locale\" content=\"fr_FR\" \/>\n<meta property=\"og:type\" content=\"article\" \/>\n<meta property=\"og:title\" content=\"CAGES RONGEURS MAXIMUS - Skyline - Lifestyle f\u00fcr Tiere\" \/>\n<meta property=\"og:description\" content=\"LA DERNI\u00c8RE G\u00c9N\u00c9RATION S\u2019EST ENGAG\u00c9E DANS LES MAISONS DE SOINS INFIRMIERS DE DURABILIT\u00c9 ET LE BIEN-\u00caTRE DES ANIMAUX! pour les petits mammif\u00e8res tels que les lapins nains et les cobayes\" \/>\n<meta property=\"og:url\" content=\"https:\/\/www.skyline.de\/fr\/product\/maximus\/\" \/>\n<meta property=\"og:site_name\" content=\"Skyline - Lifestyle f\u00fcr Tiere\" \/>\n<meta property=\"og:image\" content=\"https:\/\/i1.wp.com\/www.skyline.de\/wp-content\/uploads\/2019\/11\/Skyline-nagerheime-maximus.jpg?fit=400%2C500&ssl=1\" \/>\n\t<meta property=\"og:image:width\" content=\"400\" \/>\n\t<meta property=\"og:image:height\" content=\"500\" \/>\n\t<meta property=\"og:image:type\" content=\"image\/jpeg\" \/>\n<meta name=\"twitter:card\" content=\"summary_large_image\" \/>\n<meta name=\"twitter:label1\" content=\"Dur\u00e9e de lecture estim\u00e9e\" \/>\n\t<meta name=\"twitter:data1\" content=\"1 minute\" \/>\n<script type=\"application\/ld+json\" class=\"yoast-schema-graph\">{\"@context\":\"https:\/\/schema.org\",\"@graph\":[{\"@type\":\"WebPage\",\"@id\":\"https:\/\/www.skyline.de\/fr\/product\/maximus\/\",\"url\":\"https:\/\/www.skyline.de\/fr\/product\/maximus\/\",\"name\":\"CAGES RONGEURS MAXIMUS - Skyline - Lifestyle f\u00fcr Tiere\",\"isPartOf\":{\"@id\":\"https:\/\/www.skyline.de\/#website\"},\"primaryImageOfPage\":{\"@id\":\"https:\/\/www.skyline.de\/fr\/product\/maximus\/#primaryimage\"},\"image\":{\"@id\":\"https:\/\/www.skyline.de\/fr\/product\/maximus\/#primaryimage\"},\"thumbnailUrl\":\"https:\/\/i0.wp.com\/www.skyline.de\/wp-content\/uploads\/2019\/11\/Skyline-nagerheime-maximus.jpg?fit=400%2C500&ssl=1\",\"datePublished\":\"2020-05-27T11:49:00+00:00\",\"breadcrumb\":{\"@id\":\"https:\/\/www.skyline.de\/fr\/product\/maximus\/#breadcrumb\"},\"inLanguage\":\"fr-FR\",\"potentialAction\":[{\"@type\":\"ReadAction\",\"target\":[\"https:\/\/www.skyline.de\/fr\/product\/maximus\/\"]}]},{\"@type\":\"ImageObject\",\"inLanguage\":\"fr-FR\",\"@id\":\"https:\/\/www.skyline.de\/fr\/product\/maximus\/#primaryimage\",\"url\":\"https:\/\/i0.wp.com\/www.skyline.de\/wp-content\/uploads\/2019\/11\/Skyline-nagerheime-maximus.jpg?fit=400%2C500&ssl=1\",\"contentUrl\":\"https:\/\/i0.wp.com\/www.skyline.de\/wp-content\/uploads\/2019\/11\/Skyline-nagerheime-maximus.jpg?fit=400%2C500&ssl=1\",\"width\":400,\"height\":500},{\"@type\":\"BreadcrumbList\",\"@id\":\"https:\/\/www.skyline.de\/fr\/product\/maximus\/#breadcrumb\",\"itemListElement\":[{\"@type\":\"ListItem\",\"position\":1,\"name\":\"Startseite\",\"item\":\"https:\/\/www.skyline.de\/fr\/\"},{\"@type\":\"ListItem\",\"position\":2,\"name\":\"Boutique\",\"item\":\"https:\/\/www.skyline.de\/fr\/boutique\/\"},{\"@type\":\"ListItem\",\"position\":3,\"name\":\"CAGES RONGEURS MAXIMUS\"}]},{\"@type\":\"WebSite\",\"@id\":\"https:\/\/www.skyline.de\/#website\",\"url\":\"https:\/\/www.skyline.de\/\",\"name\":\"Skyline - Lifestyle f\u00fcr Tiere\",\"description\":\"Katzen, Hunde, Wild- und Gartenv\u00f6gel, Insekten, H\u00fchner, Zierv\u00f6gel, Zwergkaninchen, Meerschweinchen, Hamster, Ratten, M\u00e4use\",\"potentialAction\":[{\"@type\":\"SearchAction\",\"target\":{\"@type\":\"EntryPoint\",\"urlTemplate\":\"https:\/\/www.skyline.de\/?s={search_term_string}\"},\"query-input\":{\"@type\":\"PropertyValueSpecification\",\"valueRequired\":true,\"valueName\":\"search_term_string\"}}],\"inLanguage\":\"fr-FR\"}]}<\/script>\n<!-- \/ Yoast SEO plugin. -->","yoast_head_json":{"title":"CAGES RONGEURS MAXIMUS - Skyline - Lifestyle f\u00fcr Tiere","robots":{"index":"index","follow":"follow","max-snippet":"max-snippet:-1","max-image-preview":"max-image-preview:large","max-video-preview":"max-video-preview:-1"},"canonical":"https:\/\/www.skyline.de\/fr\/product\/maximus\/","og_locale":"fr_FR","og_type":"article","og_title":"CAGES RONGEURS MAXIMUS - Skyline - Lifestyle f\u00fcr Tiere","og_description":"LA DERNI\u00c8RE G\u00c9N\u00c9RATION S\u2019EST ENGAG\u00c9E DANS LES MAISONS DE SOINS INFIRMIERS DE DURABILIT\u00c9 ET LE BIEN-\u00caTRE DES ANIMAUX! pour les petits mammif\u00e8res tels que les lapins nains et les cobayes","og_url":"https:\/\/www.skyline.de\/fr\/product\/maximus\/","og_site_name":"Skyline - Lifestyle f\u00fcr Tiere","og_image":[{"width":400,"height":500,"url":"https:\/\/i1.wp.com\/www.skyline.de\/wp-content\/uploads\/2019\/11\/Skyline-nagerheime-maximus.jpg?fit=400%2C500&ssl=1","type":"image\/jpeg"}],"twitter_card":"summary_large_image","twitter_misc":{"Dur\u00e9e de lecture estim\u00e9e":"1 minute"},"schema":{"@context":"https:\/\/schema.org","@graph":[{"@type":"WebPage","@id":"https:\/\/www.skyline.de\/fr\/product\/maximus\/","url":"https:\/\/www.skyline.de\/fr\/product\/maximus\/","name":"CAGES RONGEURS MAXIMUS - Skyline - Lifestyle f\u00fcr Tiere","isPartOf":{"@id":"https:\/\/www.skyline.de\/#website"},"primaryImageOfPage":{"@id":"https:\/\/www.skyline.de\/fr\/product\/maximus\/#primaryimage"},"image":{"@id":"https:\/\/www.skyline.de\/fr\/product\/maximus\/#primaryimage"},"thumbnailUrl":"https:\/\/i0.wp.com\/www.skyline.de\/wp-content\/uploads\/2019\/11\/Skyline-nagerheime-maximus.jpg?fit=400%2C500&ssl=1","datePublished":"2020-05-27T11:49:00+00:00","breadcrumb":{"@id":"https:\/\/www.skyline.de\/fr\/product\/maximus\/#breadcrumb"},"inLanguage":"fr-FR","potentialAction":[{"@type":"ReadAction","target":["https:\/\/www.skyline.de\/fr\/product\/maximus\/"]}]},{"@type":"ImageObject","inLanguage":"fr-FR","@id":"https:\/\/www.skyline.de\/fr\/product\/maximus\/#primaryimage","url":"https:\/\/i0.wp.com\/www.skyline.de\/wp-content\/uploads\/2019\/11\/Skyline-nagerheime-maximus.jpg?fit=400%2C500&ssl=1","contentUrl":"https:\/\/i0.wp.com\/www.skyline.de\/wp-content\/uploads\/2019\/11\/Skyline-nagerheime-maximus.jpg?fit=400%2C500&ssl=1","width":400,"height":500},{"@type":"BreadcrumbList","@id":"https:\/\/www.skyline.de\/fr\/product\/maximus\/#breadcrumb","itemListElement":[{"@type":"ListItem","position":1,"name":"Startseite","item":"https:\/\/www.skyline.de\/fr\/"},{"@type":"ListItem","position":2,"name":"Boutique","item":"https:\/\/www.skyline.de\/fr\/boutique\/"},{"@type":"ListItem","position":3,"name":"CAGES RONGEURS MAXIMUS"}]},{"@type":"WebSite","@id":"https:\/\/www.skyline.de\/#website","url":"https:\/\/www.skyline.de\/","name":"Skyline - Lifestyle f\u00fcr Tiere","description":"Katzen, Hunde, Wild- und Gartenv\u00f6gel, Insekten, H\u00fchner, Zierv\u00f6gel, Zwergkaninchen, Meerschweinchen, Hamster, Ratten, M\u00e4use","potentialAction":[{"@type":"SearchAction","target":{"@type":"EntryPoint","urlTemplate":"https:\/\/www.skyline.de\/?s={search_term_string}"},"query-input":{"@type":"PropertyValueSpecification","valueRequired":true,"valueName":"search_term_string"}}],"inLanguage":"fr-FR"}]}},"_links":{"self":[{"href":"https:\/\/www.skyline.de\/fr\/wp-json\/wp\/v2\/product\/5097","targetHints":{"allow":["GET"]}}],"collection":[{"href":"https:\/\/www.skyline.de\/fr\/wp-json\/wp\/v2\/product"}],"about":[{"href":"https:\/\/www.skyline.de\/fr\/wp-json\/wp\/v2\/types\/product"}],"wp:featuredmedia":[{"embeddable":true,"href":"https:\/\/www.skyline.de\/fr\/wp-json\/wp\/v2\/media\/4641"}],"wp:attachment":[{"href":"https:\/\/www.skyline.de\/fr\/wp-json\/wp\/v2\/media?parent=5097"}],"wp:term":[{"taxonomy":"product_brand","embeddable":true,"href":"https:\/\/www.skyline.de\/fr\/wp-json\/wp\/v2\/product_brand?post=5097"},{"taxonomy":"product_cat","embeddable":true,"href":"https:\/\/www.skyline.de\/fr\/wp-json\/wp\/v2\/product_cat?post=5097"},{"taxonomy":"product_tag","embeddable":true,"href":"https:\/\/www.skyline.de\/fr\/wp-json\/wp\/v2\/product_tag?post=5097"}],"curies":[{"name":"wp","href":"https:\/\/api.w.org\/{rel}","templated":true}]}}