{"id":5091,"date":"2019-11-18T15:56:29","date_gmt":"2020-05-26T23:13:16","guid":{"rendered":"http:\/\/www.skyline.de\/?post_type=product&#038;p=5091"},"modified":"2020-05-27T13:48:57","modified_gmt":"2020-05-27T11:48:57","slug":"rock-resort","status":"publish","type":"product","link":"https:\/\/www.skyline.de\/fr\/product\/rock-resort\/","title":{"rendered":"CAGES RONGEURS ROCK RESORT"},"content":{"rendered":"<p>Rock Resort est constitu\u00e9e d\u2019une partie sup\u00e9rieure grillag\u00e9e et d\u2019une partie inf\u00e9rieure constitu\u00e9e d\u2019un terrarium qui peut \u00eatre rempli d&rsquo;une couche de plus de 19 cm de liti\u00e8re pour que les petits rongeurs puissent y creuser des galleries. La partie grillag\u00e9e est fix\u00e9e gr\u00e2ce \u00e0 des pinces \u00e0 vis que vous pouvez facilement enlever pour le nettoyage.<\/p>\n<ul>\n<li>Petite cage animale faite de verre et de m\u00e9tal<\/li>\n<li>Pratique : Possibilit\u00e9 \u00e9lev\u00e9e de liti\u00e8re pour le comportement naturel d\u2019enterrement des animaux<\/li>\n<li>Vue panoramique des animaux<\/li>\n<li>Corps de fil attach\u00e9 au terrarium au moyen de 4 supports m\u00e9talliques<\/li>\n<li>Espacement de grille : 7 mm<\/li>\n<li>\u00c9paisseur du r\u00e9seau : 1,6 mm, 3,4 mm<\/li>\n<li>Couleur de grille : noir, poudre enduite,<\/li>\n<li>1 grande porte pliante en haut<\/li>\n<li>2 \u00e9tages offrent beaucoup d\u2019espace<\/li>\n<li>Y compris le v\u00e9lo d\u2019\u00e9quilibre<\/li>\n<li>De nombreuses options de conception, y compris Accessoires en contreplaqu\u00e9 et bouleau (2 \u00e9tages, 2 rampes, chalets au toit rouge)<\/li>\n<li>Nettoyage facile<\/li>\n<li>Assemblage rapide<\/li>\n<\/ul>\n<p>&nbsp;<\/p>\n<p><span class=\"s1\"><b>Informations sur les concessionnaires<\/b><\/span><\/p>\n<p><strong>Rock Resort 60<\/strong><br \/>\nDimensions: 67&#215;36.5&#215;52 cm<br \/>\nPi\u00e8ces de palette: 15<br \/>\nPoids brut: 10.8<br \/>\nEspacement de fil : 7mm<\/p>\n<p><strong>Rock Resort 80<\/strong><br \/>\nDimensions: 75x45x45 cm<br \/>\nPi\u00e8ces de palette: 14<br \/>\nPoids brut: &#8211;<br \/>\nEspacement de fil : 7mm<\/p>\n<p class=\"p1\"><strong>Rock Resort 100<\/strong><br \/>\nDimensions: 100x50x52 cm<br \/>\nPi\u00e8ce de palette: 4<br \/>\nPoids brut: &#8211;<br \/>\nEspacement de fil : 7mm<\/p>\n","protected":false},"excerpt":{"rendered":"<p class=\"p1\">DESIGN MODERNE ET HABITAT OPTIMAL POUR VOTRE PR\u00c9F\u00c9R\u00c9!<br \/>\nLe Skyline cages rangeurs Rock Resort est un habitat chic et optimal pour les petits mammif\u00e8res tels que les hamsters, les rats, les souris et les reptiles &#8230;<\/p>\n<p>&nbsp;<\/p>\n<p class=\"p1\">\n","protected":false},"featured_media":4731,"template":"","meta":[],"product_brand":[],"product_cat":[75,69],"product_tag":[],"class_list":{"0":"post-5091","1":"product","2":"type-product","3":"status-publish","4":"has-post-thumbnail","6":"product_cat-cages-pour-rongeurs","7":"product_cat-home-garden-fr","9":"first","10":"instock","11":"shipping-taxable","12":"product-type-simple"},"yoast_head":"<!-- This site is optimized with the Yoast SEO plugin v27.1.1 - https:\/\/yoast.com\/product\/yoast-seo-wordpress\/ -->\n<title>CAGES RONGEURS ROCK RESORT - Skyline - Lifestyle f\u00fcr Tiere<\/title>\n<meta name=\"robots\" content=\"index, follow, max-snippet:-1, max-image-preview:large, max-video-preview:-1\" \/>\n<link rel=\"canonical\" href=\"https:\/\/www.skyline.de\/fr\/product\/rock-resort\/\" \/>\n<meta property=\"og:locale\" content=\"fr_FR\" \/>\n<meta property=\"og:type\" content=\"article\" \/>\n<meta property=\"og:title\" content=\"CAGES RONGEURS ROCK RESORT - Skyline - Lifestyle f\u00fcr Tiere\" \/>\n<meta property=\"og:description\" content=\"DESIGN MODERNE ET HABITAT OPTIMAL POUR VOTRE PR\u00c9F\u00c9R\u00c9! Le Skyline cages rangeurs Rock Resort est un habitat chic et optimal pour les petits mammif\u00e8res tels que les hamsters, les rats, les souris et les reptiles ... &nbsp;\" \/>\n<meta property=\"og:url\" content=\"https:\/\/www.skyline.de\/fr\/product\/rock-resort\/\" \/>\n<meta property=\"og:site_name\" content=\"Skyline - Lifestyle f\u00fcr Tiere\" \/>\n<meta property=\"article:modified_time\" content=\"2020-05-27T11:48:57+00:00\" \/>\n<meta property=\"og:image\" content=\"https:\/\/i0.wp.com\/www.skyline.de\/wp-content\/uploads\/2019\/10\/Skyline-nagerheime-Rock-resort-1.jpg?fit=400%2C500&ssl=1\" \/>\n\t<meta property=\"og:image:width\" content=\"400\" \/>\n\t<meta property=\"og:image:height\" content=\"500\" \/>\n\t<meta property=\"og:image:type\" content=\"image\/jpeg\" \/>\n<meta name=\"twitter:card\" content=\"summary_large_image\" \/>\n<meta name=\"twitter:label1\" content=\"Dur\u00e9e de lecture estim\u00e9e\" \/>\n\t<meta name=\"twitter:data1\" content=\"1 minute\" \/>\n<script type=\"application\/ld+json\" class=\"yoast-schema-graph\">{\"@context\":\"https:\/\/schema.org\",\"@graph\":[{\"@type\":\"WebPage\",\"@id\":\"https:\/\/www.skyline.de\/fr\/product\/rock-resort\/\",\"url\":\"https:\/\/www.skyline.de\/fr\/product\/rock-resort\/\",\"name\":\"CAGES RONGEURS ROCK RESORT - Skyline - Lifestyle f\u00fcr Tiere\",\"isPartOf\":{\"@id\":\"https:\/\/www.skyline.de\/#website\"},\"primaryImageOfPage\":{\"@id\":\"https:\/\/www.skyline.de\/fr\/product\/rock-resort\/#primaryimage\"},\"image\":{\"@id\":\"https:\/\/www.skyline.de\/fr\/product\/rock-resort\/#primaryimage\"},\"thumbnailUrl\":\"https:\/\/i0.wp.com\/www.skyline.de\/wp-content\/uploads\/2019\/10\/Skyline-nagerheime-Rock-resort-1.jpg?fit=400%2C500&ssl=1\",\"datePublished\":\"2020-05-26T23:13:16+00:00\",\"dateModified\":\"2020-05-27T11:48:57+00:00\",\"breadcrumb\":{\"@id\":\"https:\/\/www.skyline.de\/fr\/product\/rock-resort\/#breadcrumb\"},\"inLanguage\":\"fr-FR\",\"potentialAction\":[{\"@type\":\"ReadAction\",\"target\":[\"https:\/\/www.skyline.de\/fr\/product\/rock-resort\/\"]}]},{\"@type\":\"ImageObject\",\"inLanguage\":\"fr-FR\",\"@id\":\"https:\/\/www.skyline.de\/fr\/product\/rock-resort\/#primaryimage\",\"url\":\"https:\/\/i0.wp.com\/www.skyline.de\/wp-content\/uploads\/2019\/10\/Skyline-nagerheime-Rock-resort-1.jpg?fit=400%2C500&ssl=1\",\"contentUrl\":\"https:\/\/i0.wp.com\/www.skyline.de\/wp-content\/uploads\/2019\/10\/Skyline-nagerheime-Rock-resort-1.jpg?fit=400%2C500&ssl=1\",\"width\":400,\"height\":500},{\"@type\":\"BreadcrumbList\",\"@id\":\"https:\/\/www.skyline.de\/fr\/product\/rock-resort\/#breadcrumb\",\"itemListElement\":[{\"@type\":\"ListItem\",\"position\":1,\"name\":\"Startseite\",\"item\":\"https:\/\/www.skyline.de\/fr\/\"},{\"@type\":\"ListItem\",\"position\":2,\"name\":\"Boutique\",\"item\":\"https:\/\/www.skyline.de\/fr\/boutique\/\"},{\"@type\":\"ListItem\",\"position\":3,\"name\":\"CAGES RONGEURS ROCK RESORT\"}]},{\"@type\":\"WebSite\",\"@id\":\"https:\/\/www.skyline.de\/#website\",\"url\":\"https:\/\/www.skyline.de\/\",\"name\":\"Skyline - Lifestyle f\u00fcr Tiere\",\"description\":\"Katzen, Hunde, Wild- und Gartenv\u00f6gel, Insekten, H\u00fchner, Zierv\u00f6gel, Zwergkaninchen, Meerschweinchen, Hamster, Ratten, M\u00e4use\",\"potentialAction\":[{\"@type\":\"SearchAction\",\"target\":{\"@type\":\"EntryPoint\",\"urlTemplate\":\"https:\/\/www.skyline.de\/?s={search_term_string}\"},\"query-input\":{\"@type\":\"PropertyValueSpecification\",\"valueRequired\":true,\"valueName\":\"search_term_string\"}}],\"inLanguage\":\"fr-FR\"}]}<\/script>\n<!-- \/ Yoast SEO plugin. -->","yoast_head_json":{"title":"CAGES RONGEURS ROCK RESORT - Skyline - Lifestyle f\u00fcr Tiere","robots":{"index":"index","follow":"follow","max-snippet":"max-snippet:-1","max-image-preview":"max-image-preview:large","max-video-preview":"max-video-preview:-1"},"canonical":"https:\/\/www.skyline.de\/fr\/product\/rock-resort\/","og_locale":"fr_FR","og_type":"article","og_title":"CAGES RONGEURS ROCK RESORT - Skyline - Lifestyle f\u00fcr Tiere","og_description":"DESIGN MODERNE ET HABITAT OPTIMAL POUR VOTRE PR\u00c9F\u00c9R\u00c9! Le Skyline cages rangeurs Rock Resort est un habitat chic et optimal pour les petits mammif\u00e8res tels que les hamsters, les rats, les souris et les reptiles ... &nbsp;","og_url":"https:\/\/www.skyline.de\/fr\/product\/rock-resort\/","og_site_name":"Skyline - Lifestyle f\u00fcr Tiere","article_modified_time":"2020-05-27T11:48:57+00:00","og_image":[{"width":400,"height":500,"url":"https:\/\/i0.wp.com\/www.skyline.de\/wp-content\/uploads\/2019\/10\/Skyline-nagerheime-Rock-resort-1.jpg?fit=400%2C500&ssl=1","type":"image\/jpeg"}],"twitter_card":"summary_large_image","twitter_misc":{"Dur\u00e9e de lecture estim\u00e9e":"1 minute"},"schema":{"@context":"https:\/\/schema.org","@graph":[{"@type":"WebPage","@id":"https:\/\/www.skyline.de\/fr\/product\/rock-resort\/","url":"https:\/\/www.skyline.de\/fr\/product\/rock-resort\/","name":"CAGES RONGEURS ROCK RESORT - Skyline - Lifestyle f\u00fcr Tiere","isPartOf":{"@id":"https:\/\/www.skyline.de\/#website"},"primaryImageOfPage":{"@id":"https:\/\/www.skyline.de\/fr\/product\/rock-resort\/#primaryimage"},"image":{"@id":"https:\/\/www.skyline.de\/fr\/product\/rock-resort\/#primaryimage"},"thumbnailUrl":"https:\/\/i0.wp.com\/www.skyline.de\/wp-content\/uploads\/2019\/10\/Skyline-nagerheime-Rock-resort-1.jpg?fit=400%2C500&ssl=1","datePublished":"2020-05-26T23:13:16+00:00","dateModified":"2020-05-27T11:48:57+00:00","breadcrumb":{"@id":"https:\/\/www.skyline.de\/fr\/product\/rock-resort\/#breadcrumb"},"inLanguage":"fr-FR","potentialAction":[{"@type":"ReadAction","target":["https:\/\/www.skyline.de\/fr\/product\/rock-resort\/"]}]},{"@type":"ImageObject","inLanguage":"fr-FR","@id":"https:\/\/www.skyline.de\/fr\/product\/rock-resort\/#primaryimage","url":"https:\/\/i0.wp.com\/www.skyline.de\/wp-content\/uploads\/2019\/10\/Skyline-nagerheime-Rock-resort-1.jpg?fit=400%2C500&ssl=1","contentUrl":"https:\/\/i0.wp.com\/www.skyline.de\/wp-content\/uploads\/2019\/10\/Skyline-nagerheime-Rock-resort-1.jpg?fit=400%2C500&ssl=1","width":400,"height":500},{"@type":"BreadcrumbList","@id":"https:\/\/www.skyline.de\/fr\/product\/rock-resort\/#breadcrumb","itemListElement":[{"@type":"ListItem","position":1,"name":"Startseite","item":"https:\/\/www.skyline.de\/fr\/"},{"@type":"ListItem","position":2,"name":"Boutique","item":"https:\/\/www.skyline.de\/fr\/boutique\/"},{"@type":"ListItem","position":3,"name":"CAGES RONGEURS ROCK RESORT"}]},{"@type":"WebSite","@id":"https:\/\/www.skyline.de\/#website","url":"https:\/\/www.skyline.de\/","name":"Skyline - Lifestyle f\u00fcr Tiere","description":"Katzen, Hunde, Wild- und Gartenv\u00f6gel, Insekten, H\u00fchner, Zierv\u00f6gel, Zwergkaninchen, Meerschweinchen, Hamster, Ratten, M\u00e4use","potentialAction":[{"@type":"SearchAction","target":{"@type":"EntryPoint","urlTemplate":"https:\/\/www.skyline.de\/?s={search_term_string}"},"query-input":{"@type":"PropertyValueSpecification","valueRequired":true,"valueName":"search_term_string"}}],"inLanguage":"fr-FR"}]}},"_links":{"self":[{"href":"https:\/\/www.skyline.de\/fr\/wp-json\/wp\/v2\/product\/5091","targetHints":{"allow":["GET"]}}],"collection":[{"href":"https:\/\/www.skyline.de\/fr\/wp-json\/wp\/v2\/product"}],"about":[{"href":"https:\/\/www.skyline.de\/fr\/wp-json\/wp\/v2\/types\/product"}],"wp:featuredmedia":[{"embeddable":true,"href":"https:\/\/www.skyline.de\/fr\/wp-json\/wp\/v2\/media\/4731"}],"wp:attachment":[{"href":"https:\/\/www.skyline.de\/fr\/wp-json\/wp\/v2\/media?parent=5091"}],"wp:term":[{"taxonomy":"product_brand","embeddable":true,"href":"https:\/\/www.skyline.de\/fr\/wp-json\/wp\/v2\/product_brand?post=5091"},{"taxonomy":"product_cat","embeddable":true,"href":"https:\/\/www.skyline.de\/fr\/wp-json\/wp\/v2\/product_cat?post=5091"},{"taxonomy":"product_tag","embeddable":true,"href":"https:\/\/www.skyline.de\/fr\/wp-json\/wp\/v2\/product_tag?post=5091"}],"curies":[{"name":"wp","href":"https:\/\/api.w.org\/{rel}","templated":true}]}}