{"id":5090,"date":"2019-11-18T15:36:47","date_gmt":"2020-05-26T23:21:11","guid":{"rendered":"http:\/\/www.skyline.de\/?post_type=product&#038;p=5090"},"modified":"2020-05-27T13:48:55","modified_gmt":"2020-05-27T11:48:55","slug":"cages-rangeurs-marrakech","status":"publish","type":"product","link":"https:\/\/www.skyline.de\/fr\/product\/cages-rangeurs-marrakech\/","title":{"rendered":"CAGES RONGEURS MARRAKECH"},"content":{"rendered":"<p>L\u2019originali\u00e9 du design: l\u2019association du bois, du m\u00e9tal et du verre est assur\u00e9ment la combinaison originale et pratique. Les vitres \u00e0 l\u00b4avant et \u00e0 l\u00b4arri\u00e8re permettent d\u00b4observer parfaitement un petit animal. Le plancher en verre facilite le nettoyage. Dans ce concept d\u2019habitat, l\u2019observation est maximale et aucune salissure ne s\u2019\u00e9chappe \u00e0 l\u2019ext\u00e9rieur.<\/p>\n<ul>\n<li>Caract\u00e9ristiques sp\u00e9ciales : Le grand rabat au sommet est ouvert au moyen d\u2019un ressort de pression de gaz<\/li>\n<li>\u00c9l\u00e9ments de haute qualit\u00e9 en verre, en bois r\u00e9el et une couverture en treillis noir<\/li>\n<li>Vitres panoramiques et grand rabat d\u2019ouverture en haut<\/li>\n<li>Vue panoramique des animaux<\/li>\n<li>Les panneaux lat\u00e9raux du le cages sont en bois laqu\u00e9<\/li>\n<li>Plancher, avant et arri\u00e8re en verre<\/li>\n<li>L\u2019\u00e9vent en aluminium \u00e0 l\u2019arri\u00e8re assure une circulation optimale de l\u2019air<\/li>\n<li>Fen\u00eatre avant pour le nettoyage facilement sorti vers le haut<\/li>\n<li>Toute hauteur haute d\u2019un jour s\u00e9lectionnable, pour assez d\u2019espace pour creuser, creuser et creuser<\/li>\n<li>Nettoyage facile<\/li>\n<li>Couleurs:\n<ul>\n<li>\u00c9l\u00e9ments en bois : disponibles en blanc, naturel ou brun fonc\u00e9<\/li>\n<\/ul>\n<\/li>\n<li>Accessoires librement s\u00e9lectionnables<\/li>\n<\/ul>\n<p>&nbsp;<\/p>\n<p><span class=\"s1\"><b>Informations sur les concessionnaires<\/b><\/span><\/p>\n<p><strong>Marakesh 80<\/strong><br \/>\nDimensions: 77x47x40 cm<br \/>\nPi\u00e8ces de palette: 40<br \/>\nPoids brut: 16.8<br \/>\nEspacement de fil : 7mm<\/p>\n<p><strong>Marakesh 100<\/strong><br \/>\nDimensions: 96x47x40 cm<br \/>\nPi\u00e8ces de palette: 20<br \/>\nPoids brut: 20.5<br \/>\nEspacement de fil : 7mm<\/p>\n<p><strong>Marakesh 120<\/strong><br \/>\nDimensions: 115x55x50 cm<br \/>\nPi\u00e8ces de palette: 14<br \/>\nPoids brut: 38<br \/>\nEspacement de fil : 7mm<\/p>\n<p>L\u2019emballage sur mesure: les cages Marrakesch sont emball\u00e9es dans les cartons plat fabriqu\u00e9s sur mesure en fonction des exigences de la logistique afin de r\u00e9duire de l&rsquo;espace de stockage et des co\u00fbts de transport.<\/p>\n<p>Le mod\u00e8le illustr\u00e9 comprend des accessoires en option, non inclus dans le prix.<\/p>\n","protected":false},"excerpt":{"rendered":"<p class=\"p1\">GRAND DESIGN ET HABITAT OPTIMAL ER POUR VOTRE FAVORI!<br \/>\nLe Skyline cages rangeurs Marrakech est un habitat chic et agr\u00e9able pour les petits mammif\u00e8res tels que les hamsters, les rats, les souris et les reptiles&#8230;<\/p>\n<p><strong>Test\u00e9 et recommand\u00e9 par la F\u00e9d\u00e9ration pour la conservation de la nature et des esp\u00e8ces (BNA)!<\/strong><br \/>\n<strong>Pour magasiner s&rsquo;il vous pla\u00eet cliquez sur le logo de notre partenaire zooplus<\/strong><br \/>\n<a href=\"https:\/\/www.zooplus.de\/shop\/nager_kleintiere\/kaefige_freigehege\/hamster_maus\/80cm\/431524\" target=\"_blank\" rel=\"noopener noreferrer\"><img loading=\"lazy\" decoding=\"async\" class=\"alignleft wp-image-3352\" src=\"https:\/\/www.skyline.de\/wp-content\/uploads\/2019\/12\/logo@2x-300x83.png\" alt=\"Shopping avec notre partenaire\" width=\"109\" height=\"30\" srcset=\"https:\/\/i0.wp.com\/www.skyline.de\/wp-content\/uploads\/2019\/12\/logo%402x.png?resize=300%2C83&amp;ssl=1 300w, https:\/\/i0.wp.com\/www.skyline.de\/wp-content\/uploads\/2019\/12\/logo%402x.png?resize=260%2C72&amp;ssl=1 260w, https:\/\/i0.wp.com\/www.skyline.de\/wp-content\/uploads\/2019\/12\/logo%402x.png?resize=50%2C14&amp;ssl=1 50w, https:\/\/i0.wp.com\/www.skyline.de\/wp-content\/uploads\/2019\/12\/logo%402x.png?resize=150%2C42&amp;ssl=1 150w, https:\/\/i0.wp.com\/www.skyline.de\/wp-content\/uploads\/2019\/12\/logo%402x.png?w=392&amp;ssl=1 392w\" sizes=\"auto, (max-width: 109px) 100vw, 109px\" \/><\/a><\/p>\n","protected":false},"featured_media":4581,"template":"","meta":[],"product_brand":[],"product_cat":[75,69],"product_tag":[],"class_list":{"0":"post-5090","1":"product","2":"type-product","3":"status-publish","4":"has-post-thumbnail","6":"product_cat-cages-pour-rongeurs","7":"product_cat-home-garden-fr","9":"first","10":"instock","11":"shipping-taxable","12":"product-type-simple"},"yoast_head":"<!-- This site is optimized with the Yoast SEO plugin v27.5 - https:\/\/yoast.com\/product\/yoast-seo-wordpress\/ -->\n<title>CAGES RONGEURS MARRAKECH - Skyline - Lifestyle f\u00fcr Tiere<\/title>\n<meta name=\"robots\" content=\"index, follow, max-snippet:-1, max-image-preview:large, max-video-preview:-1\" \/>\n<link rel=\"canonical\" href=\"https:\/\/www.skyline.de\/fr\/product\/cages-rangeurs-marrakech\/\" \/>\n<meta property=\"og:locale\" content=\"fr_FR\" \/>\n<meta property=\"og:type\" content=\"article\" \/>\n<meta property=\"og:title\" content=\"CAGES RONGEURS MARRAKECH - Skyline - Lifestyle f\u00fcr Tiere\" \/>\n<meta property=\"og:description\" content=\"GRAND DESIGN ET HABITAT OPTIMAL ER POUR VOTRE FAVORI! Le Skyline cages rangeurs Marrakech est un habitat chic et agr\u00e9able pour les petits mammif\u00e8res tels que les hamsters, les rats, les souris et les reptiles... Test\u00e9 et recommand\u00e9 par la F\u00e9d\u00e9ration pour la conservation de la nature et des esp\u00e8ces (BNA)! Pour magasiner s&#039;il vous pla\u00eet cliquez sur le logo de notre partenaire zooplus\" \/>\n<meta property=\"og:url\" content=\"https:\/\/www.skyline.de\/fr\/product\/cages-rangeurs-marrakech\/\" \/>\n<meta property=\"og:site_name\" content=\"Skyline - Lifestyle f\u00fcr Tiere\" \/>\n<meta property=\"article:modified_time\" content=\"2020-05-27T11:48:55+00:00\" \/>\n<meta property=\"og:image\" content=\"https:\/\/i0.wp.com\/www.skyline.de\/wp-content\/uploads\/2019\/10\/Skyline-nagerheime-marrakesch.jpg?fit=400%2C500&ssl=1\" \/>\n\t<meta property=\"og:image:width\" content=\"400\" \/>\n\t<meta property=\"og:image:height\" content=\"500\" \/>\n\t<meta property=\"og:image:type\" content=\"image\/jpeg\" \/>\n<meta name=\"twitter:card\" content=\"summary_large_image\" \/>\n<meta name=\"twitter:label1\" content=\"Dur\u00e9e de lecture estim\u00e9e\" \/>\n\t<meta name=\"twitter:data1\" content=\"1 minute\" \/>\n<script type=\"application\/ld+json\" class=\"yoast-schema-graph\">{\"@context\":\"https:\\\/\\\/schema.org\",\"@graph\":[{\"@type\":\"WebPage\",\"@id\":\"https:\\\/\\\/www.skyline.de\\\/fr\\\/product\\\/cages-rangeurs-marrakech\\\/\",\"url\":\"https:\\\/\\\/www.skyline.de\\\/fr\\\/product\\\/cages-rangeurs-marrakech\\\/\",\"name\":\"CAGES RONGEURS MARRAKECH - Skyline - Lifestyle f\u00fcr Tiere\",\"isPartOf\":{\"@id\":\"https:\\\/\\\/www.skyline.de\\\/#website\"},\"primaryImageOfPage\":{\"@id\":\"https:\\\/\\\/www.skyline.de\\\/fr\\\/product\\\/cages-rangeurs-marrakech\\\/#primaryimage\"},\"image\":{\"@id\":\"https:\\\/\\\/www.skyline.de\\\/fr\\\/product\\\/cages-rangeurs-marrakech\\\/#primaryimage\"},\"thumbnailUrl\":\"https:\\\/\\\/i0.wp.com\\\/www.skyline.de\\\/wp-content\\\/uploads\\\/2019\\\/10\\\/Skyline-nagerheime-marrakesch.jpg?fit=400%2C500&ssl=1\",\"datePublished\":\"2020-05-26T23:21:11+00:00\",\"dateModified\":\"2020-05-27T11:48:55+00:00\",\"breadcrumb\":{\"@id\":\"https:\\\/\\\/www.skyline.de\\\/fr\\\/product\\\/cages-rangeurs-marrakech\\\/#breadcrumb\"},\"inLanguage\":\"fr-FR\",\"potentialAction\":[{\"@type\":\"ReadAction\",\"target\":[\"https:\\\/\\\/www.skyline.de\\\/fr\\\/product\\\/cages-rangeurs-marrakech\\\/\"]}]},{\"@type\":\"ImageObject\",\"inLanguage\":\"fr-FR\",\"@id\":\"https:\\\/\\\/www.skyline.de\\\/fr\\\/product\\\/cages-rangeurs-marrakech\\\/#primaryimage\",\"url\":\"https:\\\/\\\/i0.wp.com\\\/www.skyline.de\\\/wp-content\\\/uploads\\\/2019\\\/10\\\/Skyline-nagerheime-marrakesch.jpg?fit=400%2C500&ssl=1\",\"contentUrl\":\"https:\\\/\\\/i0.wp.com\\\/www.skyline.de\\\/wp-content\\\/uploads\\\/2019\\\/10\\\/Skyline-nagerheime-marrakesch.jpg?fit=400%2C500&ssl=1\",\"width\":400,\"height\":500,\"caption\":\"cages oiseaux Skyline\"},{\"@type\":\"BreadcrumbList\",\"@id\":\"https:\\\/\\\/www.skyline.de\\\/fr\\\/product\\\/cages-rangeurs-marrakech\\\/#breadcrumb\",\"itemListElement\":[{\"@type\":\"ListItem\",\"position\":1,\"name\":\"Startseite\",\"item\":\"https:\\\/\\\/www.skyline.de\\\/fr\\\/\"},{\"@type\":\"ListItem\",\"position\":2,\"name\":\"Boutique\",\"item\":\"https:\\\/\\\/www.skyline.de\\\/fr\\\/boutique\\\/\"},{\"@type\":\"ListItem\",\"position\":3,\"name\":\"CAGES RONGEURS MARRAKECH\"}]},{\"@type\":\"WebSite\",\"@id\":\"https:\\\/\\\/www.skyline.de\\\/#website\",\"url\":\"https:\\\/\\\/www.skyline.de\\\/\",\"name\":\"Skyline - Lifestyle f\u00fcr Tiere\",\"description\":\"Katzen, Hunde, Wild- und Gartenv\u00f6gel, Insekten, H\u00fchner, Zierv\u00f6gel, Zwergkaninchen, Meerschweinchen, Hamster, Ratten, M\u00e4use\",\"potentialAction\":[{\"@type\":\"SearchAction\",\"target\":{\"@type\":\"EntryPoint\",\"urlTemplate\":\"https:\\\/\\\/www.skyline.de\\\/?s={search_term_string}\"},\"query-input\":{\"@type\":\"PropertyValueSpecification\",\"valueRequired\":true,\"valueName\":\"search_term_string\"}}],\"inLanguage\":\"fr-FR\"}]}<\/script>\n<!-- \/ Yoast SEO plugin. -->","yoast_head_json":{"title":"CAGES RONGEURS MARRAKECH - Skyline - Lifestyle f\u00fcr Tiere","robots":{"index":"index","follow":"follow","max-snippet":"max-snippet:-1","max-image-preview":"max-image-preview:large","max-video-preview":"max-video-preview:-1"},"canonical":"https:\/\/www.skyline.de\/fr\/product\/cages-rangeurs-marrakech\/","og_locale":"fr_FR","og_type":"article","og_title":"CAGES RONGEURS MARRAKECH - Skyline - Lifestyle f\u00fcr Tiere","og_description":"GRAND DESIGN ET HABITAT OPTIMAL ER POUR VOTRE FAVORI! Le Skyline cages rangeurs Marrakech est un habitat chic et agr\u00e9able pour les petits mammif\u00e8res tels que les hamsters, les rats, les souris et les reptiles... Test\u00e9 et recommand\u00e9 par la F\u00e9d\u00e9ration pour la conservation de la nature et des esp\u00e8ces (BNA)! Pour magasiner s'il vous pla\u00eet cliquez sur le logo de notre partenaire zooplus","og_url":"https:\/\/www.skyline.de\/fr\/product\/cages-rangeurs-marrakech\/","og_site_name":"Skyline - Lifestyle f\u00fcr Tiere","article_modified_time":"2020-05-27T11:48:55+00:00","og_image":[{"width":400,"height":500,"url":"https:\/\/i0.wp.com\/www.skyline.de\/wp-content\/uploads\/2019\/10\/Skyline-nagerheime-marrakesch.jpg?fit=400%2C500&ssl=1","type":"image\/jpeg"}],"twitter_card":"summary_large_image","twitter_misc":{"Dur\u00e9e de lecture estim\u00e9e":"1 minute"},"schema":{"@context":"https:\/\/schema.org","@graph":[{"@type":"WebPage","@id":"https:\/\/www.skyline.de\/fr\/product\/cages-rangeurs-marrakech\/","url":"https:\/\/www.skyline.de\/fr\/product\/cages-rangeurs-marrakech\/","name":"CAGES RONGEURS MARRAKECH - Skyline - Lifestyle f\u00fcr Tiere","isPartOf":{"@id":"https:\/\/www.skyline.de\/#website"},"primaryImageOfPage":{"@id":"https:\/\/www.skyline.de\/fr\/product\/cages-rangeurs-marrakech\/#primaryimage"},"image":{"@id":"https:\/\/www.skyline.de\/fr\/product\/cages-rangeurs-marrakech\/#primaryimage"},"thumbnailUrl":"https:\/\/i0.wp.com\/www.skyline.de\/wp-content\/uploads\/2019\/10\/Skyline-nagerheime-marrakesch.jpg?fit=400%2C500&ssl=1","datePublished":"2020-05-26T23:21:11+00:00","dateModified":"2020-05-27T11:48:55+00:00","breadcrumb":{"@id":"https:\/\/www.skyline.de\/fr\/product\/cages-rangeurs-marrakech\/#breadcrumb"},"inLanguage":"fr-FR","potentialAction":[{"@type":"ReadAction","target":["https:\/\/www.skyline.de\/fr\/product\/cages-rangeurs-marrakech\/"]}]},{"@type":"ImageObject","inLanguage":"fr-FR","@id":"https:\/\/www.skyline.de\/fr\/product\/cages-rangeurs-marrakech\/#primaryimage","url":"https:\/\/i0.wp.com\/www.skyline.de\/wp-content\/uploads\/2019\/10\/Skyline-nagerheime-marrakesch.jpg?fit=400%2C500&ssl=1","contentUrl":"https:\/\/i0.wp.com\/www.skyline.de\/wp-content\/uploads\/2019\/10\/Skyline-nagerheime-marrakesch.jpg?fit=400%2C500&ssl=1","width":400,"height":500,"caption":"cages oiseaux Skyline"},{"@type":"BreadcrumbList","@id":"https:\/\/www.skyline.de\/fr\/product\/cages-rangeurs-marrakech\/#breadcrumb","itemListElement":[{"@type":"ListItem","position":1,"name":"Startseite","item":"https:\/\/www.skyline.de\/fr\/"},{"@type":"ListItem","position":2,"name":"Boutique","item":"https:\/\/www.skyline.de\/fr\/boutique\/"},{"@type":"ListItem","position":3,"name":"CAGES RONGEURS MARRAKECH"}]},{"@type":"WebSite","@id":"https:\/\/www.skyline.de\/#website","url":"https:\/\/www.skyline.de\/","name":"Skyline - Lifestyle f\u00fcr Tiere","description":"Katzen, Hunde, Wild- und Gartenv\u00f6gel, Insekten, H\u00fchner, Zierv\u00f6gel, Zwergkaninchen, Meerschweinchen, Hamster, Ratten, M\u00e4use","potentialAction":[{"@type":"SearchAction","target":{"@type":"EntryPoint","urlTemplate":"https:\/\/www.skyline.de\/?s={search_term_string}"},"query-input":{"@type":"PropertyValueSpecification","valueRequired":true,"valueName":"search_term_string"}}],"inLanguage":"fr-FR"}]}},"_links":{"self":[{"href":"https:\/\/www.skyline.de\/fr\/wp-json\/wp\/v2\/product\/5090","targetHints":{"allow":["GET"]}}],"collection":[{"href":"https:\/\/www.skyline.de\/fr\/wp-json\/wp\/v2\/product"}],"about":[{"href":"https:\/\/www.skyline.de\/fr\/wp-json\/wp\/v2\/types\/product"}],"wp:featuredmedia":[{"embeddable":true,"href":"https:\/\/www.skyline.de\/fr\/wp-json\/wp\/v2\/media\/4581"}],"wp:attachment":[{"href":"https:\/\/www.skyline.de\/fr\/wp-json\/wp\/v2\/media?parent=5090"}],"wp:term":[{"taxonomy":"product_brand","embeddable":true,"href":"https:\/\/www.skyline.de\/fr\/wp-json\/wp\/v2\/product_brand?post=5090"},{"taxonomy":"product_cat","embeddable":true,"href":"https:\/\/www.skyline.de\/fr\/wp-json\/wp\/v2\/product_cat?post=5090"},{"taxonomy":"product_tag","embeddable":true,"href":"https:\/\/www.skyline.de\/fr\/wp-json\/wp\/v2\/product_tag?post=5090"}],"curies":[{"name":"wp","href":"https:\/\/api.w.org\/{rel}","templated":true}]}}