{"id":5088,"date":"2019-11-18T15:39:02","date_gmt":"2020-05-26T23:19:42","guid":{"rendered":"http:\/\/www.skyline.de\/?post_type=product&#038;p=5088"},"modified":"2020-05-27T13:48:54","modified_gmt":"2020-05-27T11:48:54","slug":"cages-rongeurs-falco","status":"publish","type":"product","link":"https:\/\/www.skyline.de\/fr\/product\/cages-rongeurs-falco\/","title":{"rendered":"CAGES RONGEURS Falco"},"content":{"rendered":"<p>Cette cage innovante dispose d\u2019une maille en m\u00e9tal et d\u2019un terrarium profond o\u00f9 votre animal peut se cacher et fouiller. Le bac en verre transparent vous permet d\u2019observer votre petit compagnon lors de ses activit\u00e9s.<\/p>\n<ul>\n<li>Petite cage animale faite de verre et de m\u00e9tal<\/li>\n<li>Pratique : Possibilit\u00e9 \u00e9lev\u00e9e de liti\u00e8re pour le comportement naturel d\u2019enterrement des animaux<\/li>\n<li>Vue panoramique des animaux<\/li>\n<li>Corps de fil attach\u00e9 au terrarium au moyen de 4 supports m\u00e9talliques<\/li>\n<li>Le terrarium avec unit\u00e9 de ventilation assure une circulation optimale de l\u2019air<\/li>\n<li>Espacement de grille : 7 mm<\/li>\n<li>\u00c9paisseur du r\u00e9seau : 1,6 mm, 3,4 mm<\/li>\n<li>Couleur de grille : noir, poudre enduite,<\/li>\n<li>1 grande porte pliante en haut<\/li>\n<li>2 \u00e9tages offrent beaucoup d\u2019espace<\/li>\n<li>De nombreuses options de conception, y compris Accessoires en contreplaqu\u00e9 et bouleau (2 \u00e9tages, 2 rampes, chalets au toit rouge)<\/li>\n<li>Nettoyage facile<\/li>\n<li>Assemblage rapide<\/li>\n<\/ul>\n<p>&nbsp;<\/p>\n<p><span class=\"s1\"><b>Informations sur les concessionnaires<\/b><\/span><\/p>\n<p><strong>Nagarium FALCO 80<\/strong><br \/>\nDimensions: 750 x 450 x 650mm<br \/>\nMorceaux de palette: 10<br \/>\nPoids brut: 18.3<br \/>\nEspacement de fil : 7mm<\/p>\n<p><strong>Nagarium FALCO 100<\/strong><br \/>\nDimensions: 1000 x 500 x 750mm<br \/>\nPi\u00e8ce de palette: 4<br \/>\nPoids brut: 27<br \/>\nEspacement de fil : 7mm<\/p>\n<p class=\"p1\"><strong>Nagarium FALCO 120<\/strong><br \/>\nDimensions: 1140 x 740 x 750mm<br \/>\nPi\u00e8ce de palette: 5<br \/>\nPoids brut: 42<br \/>\nEspacement de fil : 7mm<\/p>\n","protected":false},"excerpt":{"rendered":"<p class=\"p1\">GRAND DESIGN ET HABITAT OPTIMAL ER POUR VOTRE FAVORI!<br \/>\nLe Skyline cages rongeurs Falco est un habitat chic et optimal pour les petits mammif\u00e8res tels que les hamsters, les rats, les souris et les reptiles&#8230;<\/p>\n<p><strong>Pour magasiner s&rsquo;il vous pla\u00eet cliquez sur le logo de notre partenaire zooplus<\/strong><br \/>\n<a href=\"https:\/\/www.zooplus.de\/shop\/nager_kleintiere\/kaefige_freigehege\/hamster_maus\/nagarien\/111219\" target=\"_blank\" rel=\"noopener noreferrer\"><img loading=\"lazy\" decoding=\"async\" class=\"alignleft wp-image-3352\" src=\"https:\/\/www.skyline.de\/wp-content\/uploads\/2019\/12\/logo@2x-300x83.png\" alt=\"Shopping avec notre partenaire\" width=\"109\" height=\"30\" srcset=\"https:\/\/i0.wp.com\/www.skyline.de\/wp-content\/uploads\/2019\/12\/logo%402x.png?resize=300%2C83&amp;ssl=1 300w, https:\/\/i0.wp.com\/www.skyline.de\/wp-content\/uploads\/2019\/12\/logo%402x.png?resize=260%2C72&amp;ssl=1 260w, https:\/\/i0.wp.com\/www.skyline.de\/wp-content\/uploads\/2019\/12\/logo%402x.png?resize=50%2C14&amp;ssl=1 50w, https:\/\/i0.wp.com\/www.skyline.de\/wp-content\/uploads\/2019\/12\/logo%402x.png?resize=150%2C42&amp;ssl=1 150w, https:\/\/i0.wp.com\/www.skyline.de\/wp-content\/uploads\/2019\/12\/logo%402x.png?w=392&amp;ssl=1 392w\" sizes=\"auto, (max-width: 109px) 100vw, 109px\" \/><\/a><\/p>\n<p class=\"p1\">\n","protected":false},"featured_media":4587,"template":"","meta":[],"product_brand":[],"product_cat":[75,69],"product_tag":[],"class_list":{"0":"post-5088","1":"product","2":"type-product","3":"status-publish","4":"has-post-thumbnail","6":"product_cat-cages-pour-rongeurs","7":"product_cat-home-garden-fr","9":"first","10":"instock","11":"shipping-taxable","12":"product-type-simple"},"yoast_head":"<!-- This site is optimized with the Yoast SEO plugin v27.5 - https:\/\/yoast.com\/product\/yoast-seo-wordpress\/ -->\n<title>CAGES RONGEURS Falco - Skyline - Lifestyle f\u00fcr Tiere<\/title>\n<meta name=\"robots\" content=\"index, follow, max-snippet:-1, max-image-preview:large, max-video-preview:-1\" \/>\n<link rel=\"canonical\" href=\"https:\/\/www.skyline.de\/fr\/product\/cages-rongeurs-falco\/\" \/>\n<meta property=\"og:locale\" content=\"fr_FR\" \/>\n<meta property=\"og:type\" content=\"article\" \/>\n<meta property=\"og:title\" content=\"CAGES RONGEURS Falco - Skyline - Lifestyle f\u00fcr Tiere\" \/>\n<meta property=\"og:description\" content=\"GRAND DESIGN ET HABITAT OPTIMAL ER POUR VOTRE FAVORI! Le Skyline cages rongeurs Falco est un habitat chic et optimal pour les petits mammif\u00e8res tels que les hamsters, les rats, les souris et les reptiles... Pour magasiner s&#039;il vous pla\u00eet cliquez sur le logo de notre partenaire zooplus\" \/>\n<meta property=\"og:url\" content=\"https:\/\/www.skyline.de\/fr\/product\/cages-rongeurs-falco\/\" \/>\n<meta property=\"og:site_name\" content=\"Skyline - Lifestyle f\u00fcr Tiere\" \/>\n<meta property=\"article:modified_time\" content=\"2020-05-27T11:48:54+00:00\" \/>\n<meta property=\"og:image\" content=\"https:\/\/i1.wp.com\/www.skyline.de\/wp-content\/uploads\/2019\/10\/Skyline-nagerheime-falco.jpg?fit=400%2C500&ssl=1\" \/>\n\t<meta property=\"og:image:width\" content=\"400\" \/>\n\t<meta property=\"og:image:height\" content=\"500\" \/>\n\t<meta property=\"og:image:type\" content=\"image\/jpeg\" \/>\n<meta name=\"twitter:card\" content=\"summary_large_image\" \/>\n<meta name=\"twitter:label1\" content=\"Dur\u00e9e de lecture estim\u00e9e\" \/>\n\t<meta name=\"twitter:data1\" content=\"1 minute\" \/>\n<script type=\"application\/ld+json\" class=\"yoast-schema-graph\">{\"@context\":\"https:\\\/\\\/schema.org\",\"@graph\":[{\"@type\":\"WebPage\",\"@id\":\"https:\\\/\\\/www.skyline.de\\\/fr\\\/product\\\/cages-rongeurs-falco\\\/\",\"url\":\"https:\\\/\\\/www.skyline.de\\\/fr\\\/product\\\/cages-rongeurs-falco\\\/\",\"name\":\"CAGES RONGEURS Falco - Skyline - Lifestyle f\u00fcr Tiere\",\"isPartOf\":{\"@id\":\"https:\\\/\\\/www.skyline.de\\\/#website\"},\"primaryImageOfPage\":{\"@id\":\"https:\\\/\\\/www.skyline.de\\\/fr\\\/product\\\/cages-rongeurs-falco\\\/#primaryimage\"},\"image\":{\"@id\":\"https:\\\/\\\/www.skyline.de\\\/fr\\\/product\\\/cages-rongeurs-falco\\\/#primaryimage\"},\"thumbnailUrl\":\"https:\\\/\\\/i0.wp.com\\\/www.skyline.de\\\/wp-content\\\/uploads\\\/2019\\\/10\\\/Skyline-nagerheime-falco.jpg?fit=400%2C500&ssl=1\",\"datePublished\":\"2020-05-26T23:19:42+00:00\",\"dateModified\":\"2020-05-27T11:48:54+00:00\",\"breadcrumb\":{\"@id\":\"https:\\\/\\\/www.skyline.de\\\/fr\\\/product\\\/cages-rongeurs-falco\\\/#breadcrumb\"},\"inLanguage\":\"fr-FR\",\"potentialAction\":[{\"@type\":\"ReadAction\",\"target\":[\"https:\\\/\\\/www.skyline.de\\\/fr\\\/product\\\/cages-rongeurs-falco\\\/\"]}]},{\"@type\":\"ImageObject\",\"inLanguage\":\"fr-FR\",\"@id\":\"https:\\\/\\\/www.skyline.de\\\/fr\\\/product\\\/cages-rongeurs-falco\\\/#primaryimage\",\"url\":\"https:\\\/\\\/i0.wp.com\\\/www.skyline.de\\\/wp-content\\\/uploads\\\/2019\\\/10\\\/Skyline-nagerheime-falco.jpg?fit=400%2C500&ssl=1\",\"contentUrl\":\"https:\\\/\\\/i0.wp.com\\\/www.skyline.de\\\/wp-content\\\/uploads\\\/2019\\\/10\\\/Skyline-nagerheime-falco.jpg?fit=400%2C500&ssl=1\",\"width\":400,\"height\":500,\"caption\":\"cages oiseaux Skyline\"},{\"@type\":\"BreadcrumbList\",\"@id\":\"https:\\\/\\\/www.skyline.de\\\/fr\\\/product\\\/cages-rongeurs-falco\\\/#breadcrumb\",\"itemListElement\":[{\"@type\":\"ListItem\",\"position\":1,\"name\":\"Startseite\",\"item\":\"https:\\\/\\\/www.skyline.de\\\/fr\\\/\"},{\"@type\":\"ListItem\",\"position\":2,\"name\":\"Boutique\",\"item\":\"https:\\\/\\\/www.skyline.de\\\/fr\\\/boutique\\\/\"},{\"@type\":\"ListItem\",\"position\":3,\"name\":\"CAGES RONGEURS Falco\"}]},{\"@type\":\"WebSite\",\"@id\":\"https:\\\/\\\/www.skyline.de\\\/#website\",\"url\":\"https:\\\/\\\/www.skyline.de\\\/\",\"name\":\"Skyline - Lifestyle f\u00fcr Tiere\",\"description\":\"Katzen, Hunde, Wild- und Gartenv\u00f6gel, Insekten, H\u00fchner, Zierv\u00f6gel, Zwergkaninchen, Meerschweinchen, Hamster, Ratten, M\u00e4use\",\"potentialAction\":[{\"@type\":\"SearchAction\",\"target\":{\"@type\":\"EntryPoint\",\"urlTemplate\":\"https:\\\/\\\/www.skyline.de\\\/?s={search_term_string}\"},\"query-input\":{\"@type\":\"PropertyValueSpecification\",\"valueRequired\":true,\"valueName\":\"search_term_string\"}}],\"inLanguage\":\"fr-FR\"}]}<\/script>\n<!-- \/ Yoast SEO plugin. -->","yoast_head_json":{"title":"CAGES RONGEURS Falco - Skyline - Lifestyle f\u00fcr Tiere","robots":{"index":"index","follow":"follow","max-snippet":"max-snippet:-1","max-image-preview":"max-image-preview:large","max-video-preview":"max-video-preview:-1"},"canonical":"https:\/\/www.skyline.de\/fr\/product\/cages-rongeurs-falco\/","og_locale":"fr_FR","og_type":"article","og_title":"CAGES RONGEURS Falco - Skyline - Lifestyle f\u00fcr Tiere","og_description":"GRAND DESIGN ET HABITAT OPTIMAL ER POUR VOTRE FAVORI! Le Skyline cages rongeurs Falco est un habitat chic et optimal pour les petits mammif\u00e8res tels que les hamsters, les rats, les souris et les reptiles... Pour magasiner s'il vous pla\u00eet cliquez sur le logo de notre partenaire zooplus","og_url":"https:\/\/www.skyline.de\/fr\/product\/cages-rongeurs-falco\/","og_site_name":"Skyline - Lifestyle f\u00fcr Tiere","article_modified_time":"2020-05-27T11:48:54+00:00","og_image":[{"width":400,"height":500,"url":"https:\/\/i1.wp.com\/www.skyline.de\/wp-content\/uploads\/2019\/10\/Skyline-nagerheime-falco.jpg?fit=400%2C500&ssl=1","type":"image\/jpeg"}],"twitter_card":"summary_large_image","twitter_misc":{"Dur\u00e9e de lecture estim\u00e9e":"1 minute"},"schema":{"@context":"https:\/\/schema.org","@graph":[{"@type":"WebPage","@id":"https:\/\/www.skyline.de\/fr\/product\/cages-rongeurs-falco\/","url":"https:\/\/www.skyline.de\/fr\/product\/cages-rongeurs-falco\/","name":"CAGES RONGEURS Falco - Skyline - Lifestyle f\u00fcr Tiere","isPartOf":{"@id":"https:\/\/www.skyline.de\/#website"},"primaryImageOfPage":{"@id":"https:\/\/www.skyline.de\/fr\/product\/cages-rongeurs-falco\/#primaryimage"},"image":{"@id":"https:\/\/www.skyline.de\/fr\/product\/cages-rongeurs-falco\/#primaryimage"},"thumbnailUrl":"https:\/\/i0.wp.com\/www.skyline.de\/wp-content\/uploads\/2019\/10\/Skyline-nagerheime-falco.jpg?fit=400%2C500&ssl=1","datePublished":"2020-05-26T23:19:42+00:00","dateModified":"2020-05-27T11:48:54+00:00","breadcrumb":{"@id":"https:\/\/www.skyline.de\/fr\/product\/cages-rongeurs-falco\/#breadcrumb"},"inLanguage":"fr-FR","potentialAction":[{"@type":"ReadAction","target":["https:\/\/www.skyline.de\/fr\/product\/cages-rongeurs-falco\/"]}]},{"@type":"ImageObject","inLanguage":"fr-FR","@id":"https:\/\/www.skyline.de\/fr\/product\/cages-rongeurs-falco\/#primaryimage","url":"https:\/\/i0.wp.com\/www.skyline.de\/wp-content\/uploads\/2019\/10\/Skyline-nagerheime-falco.jpg?fit=400%2C500&ssl=1","contentUrl":"https:\/\/i0.wp.com\/www.skyline.de\/wp-content\/uploads\/2019\/10\/Skyline-nagerheime-falco.jpg?fit=400%2C500&ssl=1","width":400,"height":500,"caption":"cages oiseaux Skyline"},{"@type":"BreadcrumbList","@id":"https:\/\/www.skyline.de\/fr\/product\/cages-rongeurs-falco\/#breadcrumb","itemListElement":[{"@type":"ListItem","position":1,"name":"Startseite","item":"https:\/\/www.skyline.de\/fr\/"},{"@type":"ListItem","position":2,"name":"Boutique","item":"https:\/\/www.skyline.de\/fr\/boutique\/"},{"@type":"ListItem","position":3,"name":"CAGES RONGEURS Falco"}]},{"@type":"WebSite","@id":"https:\/\/www.skyline.de\/#website","url":"https:\/\/www.skyline.de\/","name":"Skyline - Lifestyle f\u00fcr Tiere","description":"Katzen, Hunde, Wild- und Gartenv\u00f6gel, Insekten, H\u00fchner, Zierv\u00f6gel, Zwergkaninchen, Meerschweinchen, Hamster, Ratten, M\u00e4use","potentialAction":[{"@type":"SearchAction","target":{"@type":"EntryPoint","urlTemplate":"https:\/\/www.skyline.de\/?s={search_term_string}"},"query-input":{"@type":"PropertyValueSpecification","valueRequired":true,"valueName":"search_term_string"}}],"inLanguage":"fr-FR"}]}},"_links":{"self":[{"href":"https:\/\/www.skyline.de\/fr\/wp-json\/wp\/v2\/product\/5088","targetHints":{"allow":["GET"]}}],"collection":[{"href":"https:\/\/www.skyline.de\/fr\/wp-json\/wp\/v2\/product"}],"about":[{"href":"https:\/\/www.skyline.de\/fr\/wp-json\/wp\/v2\/types\/product"}],"wp:featuredmedia":[{"embeddable":true,"href":"https:\/\/www.skyline.de\/fr\/wp-json\/wp\/v2\/media\/4587"}],"wp:attachment":[{"href":"https:\/\/www.skyline.de\/fr\/wp-json\/wp\/v2\/media?parent=5088"}],"wp:term":[{"taxonomy":"product_brand","embeddable":true,"href":"https:\/\/www.skyline.de\/fr\/wp-json\/wp\/v2\/product_brand?post=5088"},{"taxonomy":"product_cat","embeddable":true,"href":"https:\/\/www.skyline.de\/fr\/wp-json\/wp\/v2\/product_cat?post=5088"},{"taxonomy":"product_tag","embeddable":true,"href":"https:\/\/www.skyline.de\/fr\/wp-json\/wp\/v2\/product_tag?post=5088"}],"curies":[{"name":"wp","href":"https:\/\/api.w.org\/{rel}","templated":true}]}}