{"id":5087,"date":"2020-03-10T15:25:23","date_gmt":"2020-03-10T14:25:23","guid":{"rendered":"http:\/\/www.skyline.de\/produkt\/cages-rongeurs-kerry\/"},"modified":"2020-05-27T13:48:54","modified_gmt":"2020-05-27T11:48:54","slug":"cages-rongeurs-kerry","status":"publish","type":"product","link":"https:\/\/www.skyline.de\/fr\/product\/cages-rongeurs-kerry\/","title":{"rendered":"CAGES RONGEURS KERRY"},"content":{"rendered":"<ul>\n<li>Petite cage \u00e0 animaux en verre et m\u00e9tal<\/li>\n<li>Pratique: possibilit\u00e9 de liti\u00e8re \u00e9lev\u00e9e pour le comportement naturel d&rsquo;excavation des animaux<\/li>\n<li>Vue panoramique des animaux<\/li>\n<li>Le terrarium avec unit\u00e9 de ventilation assure une circulation d&rsquo;air optimale<\/li>\n<li>espacement de la grille: 7 mm<\/li>\n<li>\u00c9paisseur de grille: 1,6 mm, 3,4 mm<\/li>\n<li>Couleur de la grille: noir, rev\u00eatement par poudre,<\/li>\n<li>1 grande porte pliante sur le dessus<\/li>\n<li>Nombreuses options de conception Incl. Accessoires en contreplaqu\u00e9 et bouleau (2 \u00e9tages, 2 rampes, maisons au toit rouge)<\/li>\n<li>Nettoyage facile<\/li>\n<li>Assemblage rapide<\/li>\n<\/ul>\n<p><span class=\"s1\"> <b><br \/>\nInformations sur le revendeur<br \/>\n<\/b> <\/span><\/p>\n<p>Dimensions: 75 x 45 x 37 cm<br \/>\nPalette pi\u00e8ces: 40<br \/>\nEspacement des fils: 7 mm<\/p>\n","protected":false},"excerpt":{"rendered":"<p class=\"p1\">GRANDE CONCEPTION &amp; ESPACE DE VIE OPTIMAL POUR VOTRE FAVORI!<br \/>\nLa CAGES RONGEURS et reptiles Kerry est un espace de vie chic et optimal pour les petits mammif\u00e8res tels que Hamsters, rats, souris et reptiles &#8230;<\/p>\n<p><strong> Pour magasiner, veuillez cliquer sur le logo de notre partenaire zooplus <\/strong><br \/>\n<a href=\"https:\/\/www.zooplus.de\/shop\/nager_kleintiere\/kaefige_freigehege\/hamster_maus\/80cm\/33689\" target=\"_blank\" rel=\"noopener noreferrer\"> <img decoding=\"async\" class=\"alignleft wp-image-3352 \" src=\" https:\/\/www.skyline.de\/wp-content\/uploads\/2019\/12\/logo@2x-300x83.png \" alt=\" Shopping chez notre partenaire \" width=\" 109 \" height=\" 30 \" \/> <\/a><\/p>\n<p class=\"p1\">\n","protected":false},"featured_media":4320,"template":"","meta":[],"product_brand":[],"product_cat":[75,69],"product_tag":[],"class_list":{"0":"post-5087","1":"product","2":"type-product","3":"status-publish","4":"has-post-thumbnail","6":"product_cat-cages-pour-rongeurs","7":"product_cat-home-garden-fr","9":"first","10":"instock","11":"shipping-taxable","12":"product-type-simple"},"yoast_head":"<!-- This site is optimized with the Yoast SEO plugin v27.1.1 - https:\/\/yoast.com\/product\/yoast-seo-wordpress\/ -->\n<title>CAGES RONGEURS KERRY - Skyline - Lifestyle f\u00fcr Tiere<\/title>\n<meta name=\"robots\" content=\"index, follow, max-snippet:-1, max-image-preview:large, max-video-preview:-1\" \/>\n<link rel=\"canonical\" href=\"https:\/\/www.skyline.de\/fr\/product\/cages-rongeurs-kerry\/\" \/>\n<meta property=\"og:locale\" content=\"fr_FR\" \/>\n<meta property=\"og:type\" content=\"article\" \/>\n<meta property=\"og:title\" content=\"CAGES RONGEURS KERRY - Skyline - Lifestyle f\u00fcr Tiere\" \/>\n<meta property=\"og:description\" content=\"GRANDE CONCEPTION &amp; ESPACE DE VIE OPTIMAL POUR VOTRE FAVORI! La CAGES RONGEURS et reptiles Kerry est un espace de vie chic et optimal pour les petits mammif\u00e8res tels que Hamsters, rats, souris et reptiles ...  Pour magasiner, veuillez cliquer sur le logo de notre partenaire zooplus\" \/>\n<meta property=\"og:url\" content=\"https:\/\/www.skyline.de\/fr\/product\/cages-rongeurs-kerry\/\" \/>\n<meta property=\"og:site_name\" content=\"Skyline - Lifestyle f\u00fcr Tiere\" \/>\n<meta property=\"article:modified_time\" content=\"2020-05-27T11:48:54+00:00\" \/>\n<meta property=\"og:image\" content=\"https:\/\/i2.wp.com\/www.skyline.de\/wp-content\/uploads\/2020\/03\/skyline_Hamsterterrarium_Kerry.jpg?fit=800%2C800&ssl=1\" \/>\n\t<meta property=\"og:image:width\" content=\"800\" \/>\n\t<meta property=\"og:image:height\" content=\"800\" \/>\n\t<meta property=\"og:image:type\" content=\"image\/jpeg\" \/>\n<meta name=\"twitter:card\" content=\"summary_large_image\" \/>\n<script type=\"application\/ld+json\" class=\"yoast-schema-graph\">{\"@context\":\"https:\/\/schema.org\",\"@graph\":[{\"@type\":\"WebPage\",\"@id\":\"https:\/\/www.skyline.de\/fr\/product\/cages-rongeurs-kerry\/\",\"url\":\"https:\/\/www.skyline.de\/fr\/product\/cages-rongeurs-kerry\/\",\"name\":\"CAGES RONGEURS KERRY - Skyline - Lifestyle f\u00fcr Tiere\",\"isPartOf\":{\"@id\":\"https:\/\/www.skyline.de\/#website\"},\"primaryImageOfPage\":{\"@id\":\"https:\/\/www.skyline.de\/fr\/product\/cages-rongeurs-kerry\/#primaryimage\"},\"image\":{\"@id\":\"https:\/\/www.skyline.de\/fr\/product\/cages-rongeurs-kerry\/#primaryimage\"},\"thumbnailUrl\":\"https:\/\/i0.wp.com\/www.skyline.de\/wp-content\/uploads\/2020\/03\/skyline_Hamsterterrarium_Kerry.jpg?fit=800%2C800&ssl=1\",\"datePublished\":\"2020-03-10T14:25:23+00:00\",\"dateModified\":\"2020-05-27T11:48:54+00:00\",\"breadcrumb\":{\"@id\":\"https:\/\/www.skyline.de\/fr\/product\/cages-rongeurs-kerry\/#breadcrumb\"},\"inLanguage\":\"fr-FR\",\"potentialAction\":[{\"@type\":\"ReadAction\",\"target\":[\"https:\/\/www.skyline.de\/fr\/product\/cages-rongeurs-kerry\/\"]}]},{\"@type\":\"ImageObject\",\"inLanguage\":\"fr-FR\",\"@id\":\"https:\/\/www.skyline.de\/fr\/product\/cages-rongeurs-kerry\/#primaryimage\",\"url\":\"https:\/\/i0.wp.com\/www.skyline.de\/wp-content\/uploads\/2020\/03\/skyline_Hamsterterrarium_Kerry.jpg?fit=800%2C800&ssl=1\",\"contentUrl\":\"https:\/\/i0.wp.com\/www.skyline.de\/wp-content\/uploads\/2020\/03\/skyline_Hamsterterrarium_Kerry.jpg?fit=800%2C800&ssl=1\",\"width\":800,\"height\":800,\"caption\":\"skyline Hamsterterrarium\"},{\"@type\":\"BreadcrumbList\",\"@id\":\"https:\/\/www.skyline.de\/fr\/product\/cages-rongeurs-kerry\/#breadcrumb\",\"itemListElement\":[{\"@type\":\"ListItem\",\"position\":1,\"name\":\"Startseite\",\"item\":\"https:\/\/www.skyline.de\/fr\/\"},{\"@type\":\"ListItem\",\"position\":2,\"name\":\"Boutique\",\"item\":\"https:\/\/www.skyline.de\/fr\/boutique\/\"},{\"@type\":\"ListItem\",\"position\":3,\"name\":\"CAGES RONGEURS KERRY\"}]},{\"@type\":\"WebSite\",\"@id\":\"https:\/\/www.skyline.de\/#website\",\"url\":\"https:\/\/www.skyline.de\/\",\"name\":\"Skyline - Lifestyle f\u00fcr Tiere\",\"description\":\"Katzen, Hunde, Wild- und Gartenv\u00f6gel, Insekten, H\u00fchner, Zierv\u00f6gel, Zwergkaninchen, Meerschweinchen, Hamster, Ratten, M\u00e4use\",\"potentialAction\":[{\"@type\":\"SearchAction\",\"target\":{\"@type\":\"EntryPoint\",\"urlTemplate\":\"https:\/\/www.skyline.de\/?s={search_term_string}\"},\"query-input\":{\"@type\":\"PropertyValueSpecification\",\"valueRequired\":true,\"valueName\":\"search_term_string\"}}],\"inLanguage\":\"fr-FR\"}]}<\/script>\n<!-- \/ Yoast SEO plugin. -->","yoast_head_json":{"title":"CAGES RONGEURS KERRY - Skyline - Lifestyle f\u00fcr Tiere","robots":{"index":"index","follow":"follow","max-snippet":"max-snippet:-1","max-image-preview":"max-image-preview:large","max-video-preview":"max-video-preview:-1"},"canonical":"https:\/\/www.skyline.de\/fr\/product\/cages-rongeurs-kerry\/","og_locale":"fr_FR","og_type":"article","og_title":"CAGES RONGEURS KERRY - Skyline - Lifestyle f\u00fcr Tiere","og_description":"GRANDE CONCEPTION &amp; ESPACE DE VIE OPTIMAL POUR VOTRE FAVORI! La CAGES RONGEURS et reptiles Kerry est un espace de vie chic et optimal pour les petits mammif\u00e8res tels que Hamsters, rats, souris et reptiles ...  Pour magasiner, veuillez cliquer sur le logo de notre partenaire zooplus","og_url":"https:\/\/www.skyline.de\/fr\/product\/cages-rongeurs-kerry\/","og_site_name":"Skyline - Lifestyle f\u00fcr Tiere","article_modified_time":"2020-05-27T11:48:54+00:00","og_image":[{"width":800,"height":800,"url":"https:\/\/i2.wp.com\/www.skyline.de\/wp-content\/uploads\/2020\/03\/skyline_Hamsterterrarium_Kerry.jpg?fit=800%2C800&ssl=1","type":"image\/jpeg"}],"twitter_card":"summary_large_image","schema":{"@context":"https:\/\/schema.org","@graph":[{"@type":"WebPage","@id":"https:\/\/www.skyline.de\/fr\/product\/cages-rongeurs-kerry\/","url":"https:\/\/www.skyline.de\/fr\/product\/cages-rongeurs-kerry\/","name":"CAGES RONGEURS KERRY - Skyline - Lifestyle f\u00fcr Tiere","isPartOf":{"@id":"https:\/\/www.skyline.de\/#website"},"primaryImageOfPage":{"@id":"https:\/\/www.skyline.de\/fr\/product\/cages-rongeurs-kerry\/#primaryimage"},"image":{"@id":"https:\/\/www.skyline.de\/fr\/product\/cages-rongeurs-kerry\/#primaryimage"},"thumbnailUrl":"https:\/\/i0.wp.com\/www.skyline.de\/wp-content\/uploads\/2020\/03\/skyline_Hamsterterrarium_Kerry.jpg?fit=800%2C800&ssl=1","datePublished":"2020-03-10T14:25:23+00:00","dateModified":"2020-05-27T11:48:54+00:00","breadcrumb":{"@id":"https:\/\/www.skyline.de\/fr\/product\/cages-rongeurs-kerry\/#breadcrumb"},"inLanguage":"fr-FR","potentialAction":[{"@type":"ReadAction","target":["https:\/\/www.skyline.de\/fr\/product\/cages-rongeurs-kerry\/"]}]},{"@type":"ImageObject","inLanguage":"fr-FR","@id":"https:\/\/www.skyline.de\/fr\/product\/cages-rongeurs-kerry\/#primaryimage","url":"https:\/\/i0.wp.com\/www.skyline.de\/wp-content\/uploads\/2020\/03\/skyline_Hamsterterrarium_Kerry.jpg?fit=800%2C800&ssl=1","contentUrl":"https:\/\/i0.wp.com\/www.skyline.de\/wp-content\/uploads\/2020\/03\/skyline_Hamsterterrarium_Kerry.jpg?fit=800%2C800&ssl=1","width":800,"height":800,"caption":"skyline Hamsterterrarium"},{"@type":"BreadcrumbList","@id":"https:\/\/www.skyline.de\/fr\/product\/cages-rongeurs-kerry\/#breadcrumb","itemListElement":[{"@type":"ListItem","position":1,"name":"Startseite","item":"https:\/\/www.skyline.de\/fr\/"},{"@type":"ListItem","position":2,"name":"Boutique","item":"https:\/\/www.skyline.de\/fr\/boutique\/"},{"@type":"ListItem","position":3,"name":"CAGES RONGEURS KERRY"}]},{"@type":"WebSite","@id":"https:\/\/www.skyline.de\/#website","url":"https:\/\/www.skyline.de\/","name":"Skyline - Lifestyle f\u00fcr Tiere","description":"Katzen, Hunde, Wild- und Gartenv\u00f6gel, Insekten, H\u00fchner, Zierv\u00f6gel, Zwergkaninchen, Meerschweinchen, Hamster, Ratten, M\u00e4use","potentialAction":[{"@type":"SearchAction","target":{"@type":"EntryPoint","urlTemplate":"https:\/\/www.skyline.de\/?s={search_term_string}"},"query-input":{"@type":"PropertyValueSpecification","valueRequired":true,"valueName":"search_term_string"}}],"inLanguage":"fr-FR"}]}},"_links":{"self":[{"href":"https:\/\/www.skyline.de\/fr\/wp-json\/wp\/v2\/product\/5087","targetHints":{"allow":["GET"]}}],"collection":[{"href":"https:\/\/www.skyline.de\/fr\/wp-json\/wp\/v2\/product"}],"about":[{"href":"https:\/\/www.skyline.de\/fr\/wp-json\/wp\/v2\/types\/product"}],"wp:featuredmedia":[{"embeddable":true,"href":"https:\/\/www.skyline.de\/fr\/wp-json\/wp\/v2\/media\/4320"}],"wp:attachment":[{"href":"https:\/\/www.skyline.de\/fr\/wp-json\/wp\/v2\/media?parent=5087"}],"wp:term":[{"taxonomy":"product_brand","embeddable":true,"href":"https:\/\/www.skyline.de\/fr\/wp-json\/wp\/v2\/product_brand?post=5087"},{"taxonomy":"product_cat","embeddable":true,"href":"https:\/\/www.skyline.de\/fr\/wp-json\/wp\/v2\/product_cat?post=5087"},{"taxonomy":"product_tag","embeddable":true,"href":"https:\/\/www.skyline.de\/fr\/wp-json\/wp\/v2\/product_tag?post=5087"}],"curies":[{"name":"wp","href":"https:\/\/api.w.org\/{rel}","templated":true}]}}