{"id":5085,"date":"2019-11-18T15:43:35","date_gmt":"2020-05-26T23:42:36","guid":{"rendered":"http:\/\/www.skyline.de\/?post_type=product&#038;p=5085"},"modified":"2020-05-27T13:48:52","modified_gmt":"2020-05-27T11:48:52","slug":"luca-1","status":"publish","type":"product","link":"https:\/\/www.skyline.de\/fr\/product\/luca-1\/","title":{"rendered":"LUCA I"},"content":{"rendered":"<p><strong>Finitions<br \/>\n et tailles<\/strong> Dimensions:800x400x1600 mm<br \/>\nPi\u00e8ce de palette:<br \/>\nPoids brut:<\/p>\n","protected":false},"excerpt":{"rendered":"<p>Avec une fonctionnalit\u00e9 r\u00e9fl\u00e9chie et un design simple, ce mod\u00e8le s\u2019int\u00e8gre parfaitement dans n\u2019importe quel milieu de vie.<br \/>\nFacile \u00e0 appuyer contre le mur.<br \/>\nBois r\u00e9el de haute qualit\u00e9 avec portes pliantes pour assez d\u2019espace de rangement.<br \/>\nBarre d\u2019alimentation int\u00e9gr\u00e9e avec deux tasses en acier inoxydable et surface ingesan \u00e0 gratter en sisal.<br \/>\nZone de mensonge suffisante.<\/p>\n","protected":false},"featured_media":4649,"template":"","meta":[],"product_brand":[],"product_cat":[67,56],"product_tag":[],"class_list":{"0":"post-5085","1":"product","2":"type-product","3":"status-publish","4":"has-post-thumbnail","6":"product_cat-arbres-a-chat","7":"product_cat-felidaes-palace-fr","9":"first","10":"instock","11":"shipping-taxable","12":"product-type-simple"},"yoast_head":"<!-- This site is optimized with the Yoast SEO plugin v27.1.1 - https:\/\/yoast.com\/product\/yoast-seo-wordpress\/ -->\n<title>LUCA I - Skyline - Lifestyle f\u00fcr Tiere<\/title>\n<meta name=\"robots\" content=\"index, follow, max-snippet:-1, max-image-preview:large, max-video-preview:-1\" \/>\n<link rel=\"canonical\" href=\"https:\/\/www.skyline.de\/fr\/product\/luca-1\/\" \/>\n<meta property=\"og:locale\" content=\"fr_FR\" \/>\n<meta property=\"og:type\" content=\"article\" \/>\n<meta property=\"og:title\" content=\"LUCA I - Skyline - Lifestyle f\u00fcr Tiere\" \/>\n<meta property=\"og:description\" content=\"Avec une fonctionnalit\u00e9 r\u00e9fl\u00e9chie et un design simple, ce mod\u00e8le s\u2019int\u00e8gre parfaitement dans n\u2019importe quel milieu de vie. Facile \u00e0 appuyer contre le mur. Bois r\u00e9el de haute qualit\u00e9 avec portes pliantes pour assez d\u2019espace de rangement. Barre d\u2019alimentation int\u00e9gr\u00e9e avec deux tasses en acier inoxydable et surface ingesan \u00e0 gratter en sisal. Zone de mensonge suffisante.\" \/>\n<meta property=\"og:url\" content=\"https:\/\/www.skyline.de\/fr\/product\/luca-1\/\" \/>\n<meta property=\"og:site_name\" content=\"Skyline - Lifestyle f\u00fcr Tiere\" \/>\n<meta property=\"article:modified_time\" content=\"2020-05-27T11:48:52+00:00\" \/>\n<meta property=\"og:image\" content=\"https:\/\/i2.wp.com\/www.skyline.de\/wp-content\/uploads\/2019\/11\/Skyline-Katzenbaum-LUCA-1.jpg?fit=400%2C500&ssl=1\" \/>\n\t<meta property=\"og:image:width\" content=\"400\" \/>\n\t<meta property=\"og:image:height\" content=\"500\" \/>\n\t<meta property=\"og:image:type\" content=\"image\/jpeg\" \/>\n<meta name=\"twitter:card\" content=\"summary_large_image\" \/>\n<script type=\"application\/ld+json\" class=\"yoast-schema-graph\">{\"@context\":\"https:\/\/schema.org\",\"@graph\":[{\"@type\":\"WebPage\",\"@id\":\"https:\/\/www.skyline.de\/fr\/product\/luca-1\/\",\"url\":\"https:\/\/www.skyline.de\/fr\/product\/luca-1\/\",\"name\":\"LUCA I - Skyline - Lifestyle f\u00fcr Tiere\",\"isPartOf\":{\"@id\":\"https:\/\/www.skyline.de\/#website\"},\"primaryImageOfPage\":{\"@id\":\"https:\/\/www.skyline.de\/fr\/product\/luca-1\/#primaryimage\"},\"image\":{\"@id\":\"https:\/\/www.skyline.de\/fr\/product\/luca-1\/#primaryimage\"},\"thumbnailUrl\":\"https:\/\/i0.wp.com\/www.skyline.de\/wp-content\/uploads\/2019\/11\/Skyline-Katzenbaum-LUCA-1.jpg?fit=400%2C500&ssl=1\",\"datePublished\":\"2020-05-26T23:42:36+00:00\",\"dateModified\":\"2020-05-27T11:48:52+00:00\",\"breadcrumb\":{\"@id\":\"https:\/\/www.skyline.de\/fr\/product\/luca-1\/#breadcrumb\"},\"inLanguage\":\"fr-FR\",\"potentialAction\":[{\"@type\":\"ReadAction\",\"target\":[\"https:\/\/www.skyline.de\/fr\/product\/luca-1\/\"]}]},{\"@type\":\"ImageObject\",\"inLanguage\":\"fr-FR\",\"@id\":\"https:\/\/www.skyline.de\/fr\/product\/luca-1\/#primaryimage\",\"url\":\"https:\/\/i0.wp.com\/www.skyline.de\/wp-content\/uploads\/2019\/11\/Skyline-Katzenbaum-LUCA-1.jpg?fit=400%2C500&ssl=1\",\"contentUrl\":\"https:\/\/i0.wp.com\/www.skyline.de\/wp-content\/uploads\/2019\/11\/Skyline-Katzenbaum-LUCA-1.jpg?fit=400%2C500&ssl=1\",\"width\":400,\"height\":500},{\"@type\":\"BreadcrumbList\",\"@id\":\"https:\/\/www.skyline.de\/fr\/product\/luca-1\/#breadcrumb\",\"itemListElement\":[{\"@type\":\"ListItem\",\"position\":1,\"name\":\"Startseite\",\"item\":\"https:\/\/www.skyline.de\/fr\/\"},{\"@type\":\"ListItem\",\"position\":2,\"name\":\"Boutique\",\"item\":\"https:\/\/www.skyline.de\/fr\/boutique\/\"},{\"@type\":\"ListItem\",\"position\":3,\"name\":\"LUCA I\"}]},{\"@type\":\"WebSite\",\"@id\":\"https:\/\/www.skyline.de\/#website\",\"url\":\"https:\/\/www.skyline.de\/\",\"name\":\"Skyline - Lifestyle f\u00fcr Tiere\",\"description\":\"Katzen, Hunde, Wild- und Gartenv\u00f6gel, Insekten, H\u00fchner, Zierv\u00f6gel, Zwergkaninchen, Meerschweinchen, Hamster, Ratten, M\u00e4use\",\"potentialAction\":[{\"@type\":\"SearchAction\",\"target\":{\"@type\":\"EntryPoint\",\"urlTemplate\":\"https:\/\/www.skyline.de\/?s={search_term_string}\"},\"query-input\":{\"@type\":\"PropertyValueSpecification\",\"valueRequired\":true,\"valueName\":\"search_term_string\"}}],\"inLanguage\":\"fr-FR\"}]}<\/script>\n<!-- \/ Yoast SEO plugin. -->","yoast_head_json":{"title":"LUCA I - Skyline - Lifestyle f\u00fcr Tiere","robots":{"index":"index","follow":"follow","max-snippet":"max-snippet:-1","max-image-preview":"max-image-preview:large","max-video-preview":"max-video-preview:-1"},"canonical":"https:\/\/www.skyline.de\/fr\/product\/luca-1\/","og_locale":"fr_FR","og_type":"article","og_title":"LUCA I - Skyline - Lifestyle f\u00fcr Tiere","og_description":"Avec une fonctionnalit\u00e9 r\u00e9fl\u00e9chie et un design simple, ce mod\u00e8le s\u2019int\u00e8gre parfaitement dans n\u2019importe quel milieu de vie. Facile \u00e0 appuyer contre le mur. Bois r\u00e9el de haute qualit\u00e9 avec portes pliantes pour assez d\u2019espace de rangement. Barre d\u2019alimentation int\u00e9gr\u00e9e avec deux tasses en acier inoxydable et surface ingesan \u00e0 gratter en sisal. Zone de mensonge suffisante.","og_url":"https:\/\/www.skyline.de\/fr\/product\/luca-1\/","og_site_name":"Skyline - Lifestyle f\u00fcr Tiere","article_modified_time":"2020-05-27T11:48:52+00:00","og_image":[{"width":400,"height":500,"url":"https:\/\/i2.wp.com\/www.skyline.de\/wp-content\/uploads\/2019\/11\/Skyline-Katzenbaum-LUCA-1.jpg?fit=400%2C500&ssl=1","type":"image\/jpeg"}],"twitter_card":"summary_large_image","schema":{"@context":"https:\/\/schema.org","@graph":[{"@type":"WebPage","@id":"https:\/\/www.skyline.de\/fr\/product\/luca-1\/","url":"https:\/\/www.skyline.de\/fr\/product\/luca-1\/","name":"LUCA I - Skyline - Lifestyle f\u00fcr Tiere","isPartOf":{"@id":"https:\/\/www.skyline.de\/#website"},"primaryImageOfPage":{"@id":"https:\/\/www.skyline.de\/fr\/product\/luca-1\/#primaryimage"},"image":{"@id":"https:\/\/www.skyline.de\/fr\/product\/luca-1\/#primaryimage"},"thumbnailUrl":"https:\/\/i0.wp.com\/www.skyline.de\/wp-content\/uploads\/2019\/11\/Skyline-Katzenbaum-LUCA-1.jpg?fit=400%2C500&ssl=1","datePublished":"2020-05-26T23:42:36+00:00","dateModified":"2020-05-27T11:48:52+00:00","breadcrumb":{"@id":"https:\/\/www.skyline.de\/fr\/product\/luca-1\/#breadcrumb"},"inLanguage":"fr-FR","potentialAction":[{"@type":"ReadAction","target":["https:\/\/www.skyline.de\/fr\/product\/luca-1\/"]}]},{"@type":"ImageObject","inLanguage":"fr-FR","@id":"https:\/\/www.skyline.de\/fr\/product\/luca-1\/#primaryimage","url":"https:\/\/i0.wp.com\/www.skyline.de\/wp-content\/uploads\/2019\/11\/Skyline-Katzenbaum-LUCA-1.jpg?fit=400%2C500&ssl=1","contentUrl":"https:\/\/i0.wp.com\/www.skyline.de\/wp-content\/uploads\/2019\/11\/Skyline-Katzenbaum-LUCA-1.jpg?fit=400%2C500&ssl=1","width":400,"height":500},{"@type":"BreadcrumbList","@id":"https:\/\/www.skyline.de\/fr\/product\/luca-1\/#breadcrumb","itemListElement":[{"@type":"ListItem","position":1,"name":"Startseite","item":"https:\/\/www.skyline.de\/fr\/"},{"@type":"ListItem","position":2,"name":"Boutique","item":"https:\/\/www.skyline.de\/fr\/boutique\/"},{"@type":"ListItem","position":3,"name":"LUCA I"}]},{"@type":"WebSite","@id":"https:\/\/www.skyline.de\/#website","url":"https:\/\/www.skyline.de\/","name":"Skyline - Lifestyle f\u00fcr Tiere","description":"Katzen, Hunde, Wild- und Gartenv\u00f6gel, Insekten, H\u00fchner, Zierv\u00f6gel, Zwergkaninchen, Meerschweinchen, Hamster, Ratten, M\u00e4use","potentialAction":[{"@type":"SearchAction","target":{"@type":"EntryPoint","urlTemplate":"https:\/\/www.skyline.de\/?s={search_term_string}"},"query-input":{"@type":"PropertyValueSpecification","valueRequired":true,"valueName":"search_term_string"}}],"inLanguage":"fr-FR"}]}},"_links":{"self":[{"href":"https:\/\/www.skyline.de\/fr\/wp-json\/wp\/v2\/product\/5085","targetHints":{"allow":["GET"]}}],"collection":[{"href":"https:\/\/www.skyline.de\/fr\/wp-json\/wp\/v2\/product"}],"about":[{"href":"https:\/\/www.skyline.de\/fr\/wp-json\/wp\/v2\/types\/product"}],"wp:featuredmedia":[{"embeddable":true,"href":"https:\/\/www.skyline.de\/fr\/wp-json\/wp\/v2\/media\/4649"}],"wp:attachment":[{"href":"https:\/\/www.skyline.de\/fr\/wp-json\/wp\/v2\/media?parent=5085"}],"wp:term":[{"taxonomy":"product_brand","embeddable":true,"href":"https:\/\/www.skyline.de\/fr\/wp-json\/wp\/v2\/product_brand?post=5085"},{"taxonomy":"product_cat","embeddable":true,"href":"https:\/\/www.skyline.de\/fr\/wp-json\/wp\/v2\/product_cat?post=5085"},{"taxonomy":"product_tag","embeddable":true,"href":"https:\/\/www.skyline.de\/fr\/wp-json\/wp\/v2\/product_tag?post=5085"}],"curies":[{"name":"wp","href":"https:\/\/api.w.org\/{rel}","templated":true}]}}