{"id":5082,"date":"2019-11-18T15:44:37","date_gmt":"2020-05-26T23:42:34","guid":{"rendered":"http:\/\/www.skyline.de\/?post_type=product&#038;p=5082"},"modified":"2020-05-27T13:48:51","modified_gmt":"2020-05-27T11:48:51","slug":"marco","status":"publish","type":"product","link":"https:\/\/www.skyline.de\/fr\/product\/marco\/","title":{"rendered":"MARCO"},"content":{"rendered":"<p><strong>Finitions<br \/>\n et tailles<\/strong> Dimensions: 460x330x840mm<br \/>\nPi\u00e8ce de palette:<br \/>\nPoids brut:<\/p>\n","protected":false},"excerpt":{"rendered":"<p>Un arbre classique de rayure de chat avec la surface suffisante d\u2019ingestion de rayures faite de tapis de sisal et de tronc de sisal.<br \/>\nBois.<br \/>\nR\u00e9glable flexible.<br \/>\nPosition assise \u00e9lev\u00e9e.<\/p>\n","protected":false},"featured_media":4647,"template":"","meta":[],"product_brand":[],"product_cat":[67,56],"product_tag":[],"class_list":{"0":"post-5082","1":"product","2":"type-product","3":"status-publish","4":"has-post-thumbnail","6":"product_cat-arbres-a-chat","7":"product_cat-felidaes-palace-fr","9":"first","10":"instock","11":"shipping-taxable","12":"product-type-simple"},"yoast_head":"<!-- This site is optimized with the Yoast SEO plugin v27.1.1 - https:\/\/yoast.com\/product\/yoast-seo-wordpress\/ -->\n<title>MARCO - Skyline - Lifestyle f\u00fcr Tiere<\/title>\n<meta name=\"robots\" content=\"index, follow, max-snippet:-1, max-image-preview:large, max-video-preview:-1\" \/>\n<link rel=\"canonical\" href=\"https:\/\/www.skyline.de\/fr\/product\/marco\/\" \/>\n<meta property=\"og:locale\" content=\"fr_FR\" \/>\n<meta property=\"og:type\" content=\"article\" \/>\n<meta property=\"og:title\" content=\"MARCO - Skyline - Lifestyle f\u00fcr Tiere\" \/>\n<meta property=\"og:description\" content=\"Un arbre classique de rayure de chat avec la surface suffisante d\u2019ingestion de rayures faite de tapis de sisal et de tronc de sisal. Bois. R\u00e9glable flexible. Position assise \u00e9lev\u00e9e.\" \/>\n<meta property=\"og:url\" content=\"https:\/\/www.skyline.de\/fr\/product\/marco\/\" \/>\n<meta property=\"og:site_name\" content=\"Skyline - Lifestyle f\u00fcr Tiere\" \/>\n<meta property=\"article:modified_time\" content=\"2020-05-27T11:48:51+00:00\" \/>\n<meta property=\"og:image\" content=\"https:\/\/i2.wp.com\/www.skyline.de\/wp-content\/uploads\/2019\/11\/Skyline-Katzenbaum-Marco.jpg?fit=400%2C500&ssl=1\" \/>\n\t<meta property=\"og:image:width\" content=\"400\" \/>\n\t<meta property=\"og:image:height\" content=\"500\" \/>\n\t<meta property=\"og:image:type\" content=\"image\/jpeg\" \/>\n<meta name=\"twitter:card\" content=\"summary_large_image\" \/>\n<script type=\"application\/ld+json\" class=\"yoast-schema-graph\">{\"@context\":\"https:\/\/schema.org\",\"@graph\":[{\"@type\":\"WebPage\",\"@id\":\"https:\/\/www.skyline.de\/fr\/product\/marco\/\",\"url\":\"https:\/\/www.skyline.de\/fr\/product\/marco\/\",\"name\":\"MARCO - Skyline - Lifestyle f\u00fcr Tiere\",\"isPartOf\":{\"@id\":\"https:\/\/www.skyline.de\/#website\"},\"primaryImageOfPage\":{\"@id\":\"https:\/\/www.skyline.de\/fr\/product\/marco\/#primaryimage\"},\"image\":{\"@id\":\"https:\/\/www.skyline.de\/fr\/product\/marco\/#primaryimage\"},\"thumbnailUrl\":\"https:\/\/i0.wp.com\/www.skyline.de\/wp-content\/uploads\/2019\/11\/Skyline-Katzenbaum-Marco.jpg?fit=400%2C500&ssl=1\",\"datePublished\":\"2020-05-26T23:42:34+00:00\",\"dateModified\":\"2020-05-27T11:48:51+00:00\",\"breadcrumb\":{\"@id\":\"https:\/\/www.skyline.de\/fr\/product\/marco\/#breadcrumb\"},\"inLanguage\":\"fr-FR\",\"potentialAction\":[{\"@type\":\"ReadAction\",\"target\":[\"https:\/\/www.skyline.de\/fr\/product\/marco\/\"]}]},{\"@type\":\"ImageObject\",\"inLanguage\":\"fr-FR\",\"@id\":\"https:\/\/www.skyline.de\/fr\/product\/marco\/#primaryimage\",\"url\":\"https:\/\/i0.wp.com\/www.skyline.de\/wp-content\/uploads\/2019\/11\/Skyline-Katzenbaum-Marco.jpg?fit=400%2C500&ssl=1\",\"contentUrl\":\"https:\/\/i0.wp.com\/www.skyline.de\/wp-content\/uploads\/2019\/11\/Skyline-Katzenbaum-Marco.jpg?fit=400%2C500&ssl=1\",\"width\":400,\"height\":500},{\"@type\":\"BreadcrumbList\",\"@id\":\"https:\/\/www.skyline.de\/fr\/product\/marco\/#breadcrumb\",\"itemListElement\":[{\"@type\":\"ListItem\",\"position\":1,\"name\":\"Startseite\",\"item\":\"https:\/\/www.skyline.de\/fr\/\"},{\"@type\":\"ListItem\",\"position\":2,\"name\":\"Boutique\",\"item\":\"https:\/\/www.skyline.de\/fr\/boutique\/\"},{\"@type\":\"ListItem\",\"position\":3,\"name\":\"MARCO\"}]},{\"@type\":\"WebSite\",\"@id\":\"https:\/\/www.skyline.de\/#website\",\"url\":\"https:\/\/www.skyline.de\/\",\"name\":\"Skyline - Lifestyle f\u00fcr Tiere\",\"description\":\"Katzen, Hunde, Wild- und Gartenv\u00f6gel, Insekten, H\u00fchner, Zierv\u00f6gel, Zwergkaninchen, Meerschweinchen, Hamster, Ratten, M\u00e4use\",\"potentialAction\":[{\"@type\":\"SearchAction\",\"target\":{\"@type\":\"EntryPoint\",\"urlTemplate\":\"https:\/\/www.skyline.de\/?s={search_term_string}\"},\"query-input\":{\"@type\":\"PropertyValueSpecification\",\"valueRequired\":true,\"valueName\":\"search_term_string\"}}],\"inLanguage\":\"fr-FR\"}]}<\/script>\n<!-- \/ Yoast SEO plugin. -->","yoast_head_json":{"title":"MARCO - Skyline - Lifestyle f\u00fcr Tiere","robots":{"index":"index","follow":"follow","max-snippet":"max-snippet:-1","max-image-preview":"max-image-preview:large","max-video-preview":"max-video-preview:-1"},"canonical":"https:\/\/www.skyline.de\/fr\/product\/marco\/","og_locale":"fr_FR","og_type":"article","og_title":"MARCO - Skyline - Lifestyle f\u00fcr Tiere","og_description":"Un arbre classique de rayure de chat avec la surface suffisante d\u2019ingestion de rayures faite de tapis de sisal et de tronc de sisal. Bois. R\u00e9glable flexible. Position assise \u00e9lev\u00e9e.","og_url":"https:\/\/www.skyline.de\/fr\/product\/marco\/","og_site_name":"Skyline - Lifestyle f\u00fcr Tiere","article_modified_time":"2020-05-27T11:48:51+00:00","og_image":[{"width":400,"height":500,"url":"https:\/\/i2.wp.com\/www.skyline.de\/wp-content\/uploads\/2019\/11\/Skyline-Katzenbaum-Marco.jpg?fit=400%2C500&ssl=1","type":"image\/jpeg"}],"twitter_card":"summary_large_image","schema":{"@context":"https:\/\/schema.org","@graph":[{"@type":"WebPage","@id":"https:\/\/www.skyline.de\/fr\/product\/marco\/","url":"https:\/\/www.skyline.de\/fr\/product\/marco\/","name":"MARCO - Skyline - Lifestyle f\u00fcr Tiere","isPartOf":{"@id":"https:\/\/www.skyline.de\/#website"},"primaryImageOfPage":{"@id":"https:\/\/www.skyline.de\/fr\/product\/marco\/#primaryimage"},"image":{"@id":"https:\/\/www.skyline.de\/fr\/product\/marco\/#primaryimage"},"thumbnailUrl":"https:\/\/i0.wp.com\/www.skyline.de\/wp-content\/uploads\/2019\/11\/Skyline-Katzenbaum-Marco.jpg?fit=400%2C500&ssl=1","datePublished":"2020-05-26T23:42:34+00:00","dateModified":"2020-05-27T11:48:51+00:00","breadcrumb":{"@id":"https:\/\/www.skyline.de\/fr\/product\/marco\/#breadcrumb"},"inLanguage":"fr-FR","potentialAction":[{"@type":"ReadAction","target":["https:\/\/www.skyline.de\/fr\/product\/marco\/"]}]},{"@type":"ImageObject","inLanguage":"fr-FR","@id":"https:\/\/www.skyline.de\/fr\/product\/marco\/#primaryimage","url":"https:\/\/i0.wp.com\/www.skyline.de\/wp-content\/uploads\/2019\/11\/Skyline-Katzenbaum-Marco.jpg?fit=400%2C500&ssl=1","contentUrl":"https:\/\/i0.wp.com\/www.skyline.de\/wp-content\/uploads\/2019\/11\/Skyline-Katzenbaum-Marco.jpg?fit=400%2C500&ssl=1","width":400,"height":500},{"@type":"BreadcrumbList","@id":"https:\/\/www.skyline.de\/fr\/product\/marco\/#breadcrumb","itemListElement":[{"@type":"ListItem","position":1,"name":"Startseite","item":"https:\/\/www.skyline.de\/fr\/"},{"@type":"ListItem","position":2,"name":"Boutique","item":"https:\/\/www.skyline.de\/fr\/boutique\/"},{"@type":"ListItem","position":3,"name":"MARCO"}]},{"@type":"WebSite","@id":"https:\/\/www.skyline.de\/#website","url":"https:\/\/www.skyline.de\/","name":"Skyline - Lifestyle f\u00fcr Tiere","description":"Katzen, Hunde, Wild- und Gartenv\u00f6gel, Insekten, H\u00fchner, Zierv\u00f6gel, Zwergkaninchen, Meerschweinchen, Hamster, Ratten, M\u00e4use","potentialAction":[{"@type":"SearchAction","target":{"@type":"EntryPoint","urlTemplate":"https:\/\/www.skyline.de\/?s={search_term_string}"},"query-input":{"@type":"PropertyValueSpecification","valueRequired":true,"valueName":"search_term_string"}}],"inLanguage":"fr-FR"}]}},"_links":{"self":[{"href":"https:\/\/www.skyline.de\/fr\/wp-json\/wp\/v2\/product\/5082","targetHints":{"allow":["GET"]}}],"collection":[{"href":"https:\/\/www.skyline.de\/fr\/wp-json\/wp\/v2\/product"}],"about":[{"href":"https:\/\/www.skyline.de\/fr\/wp-json\/wp\/v2\/types\/product"}],"wp:featuredmedia":[{"embeddable":true,"href":"https:\/\/www.skyline.de\/fr\/wp-json\/wp\/v2\/media\/4647"}],"wp:attachment":[{"href":"https:\/\/www.skyline.de\/fr\/wp-json\/wp\/v2\/media?parent=5082"}],"wp:term":[{"taxonomy":"product_brand","embeddable":true,"href":"https:\/\/www.skyline.de\/fr\/wp-json\/wp\/v2\/product_brand?post=5082"},{"taxonomy":"product_cat","embeddable":true,"href":"https:\/\/www.skyline.de\/fr\/wp-json\/wp\/v2\/product_cat?post=5082"},{"taxonomy":"product_tag","embeddable":true,"href":"https:\/\/www.skyline.de\/fr\/wp-json\/wp\/v2\/product_tag?post=5082"}],"curies":[{"name":"wp","href":"https:\/\/api.w.org\/{rel}","templated":true}]}}