{"id":5079,"date":"2019-12-27T15:34:46","date_gmt":"2020-05-26T23:42:31","guid":{"rendered":"http:\/\/www.skyline.de\/?post_type=product&#038;p=5079"},"modified":"2020-05-27T13:48:49","modified_gmt":"2020-05-27T11:48:49","slug":"leo","status":"publish","type":"product","link":"https:\/\/www.skyline.de\/fr\/product\/leo\/","title":{"rendered":"LEO"},"content":{"rendered":"<p><strong>Finitions<br \/>\n et tailles<\/strong> Dimensions: 120x4x150cm<br \/>\nPi\u00e8ce de palette:<br \/>\nPoids brut:<\/p>\n","protected":false},"excerpt":{"rendered":"<p>GLOBETROTTERS CHAT GRIFFOIR LEO<br \/>\nLes arbres \u00e0 gratter muraux a la SKYLINE \u00e9voquent le grand monde dans le cadre de vie priv\u00e9 : ces cimes d\u2019arbres du monde entier ressemblent \u00e0 un d\u00e9calque mural d\u00e9coratif. Eucalyptus, arbre \u00e0 pain de singe, palmier et cactus vous invitent \u00e0 un voyage fantastique autour de notre globe. Contreplaqu\u00e9 de forme stable &#8230; Sisal&#8230; Mur<br \/>\n<strong>Pour magasiner s&rsquo;il vous pla\u00eet cliquez sur le logo de notre partenaire zooplus<\/strong><br \/>\n<a href=\"https:\/\/www.zooplus.de\/shop\/katzen\/kratzbaum_katzenbaum\/kratzbaum_mittel\/kratzbaum_mittel_160cm\/581221\" target=\"_blank\" rel=\"noopener noreferrer\"><img loading=\"lazy\" decoding=\"async\" class=\"alignleft wp-image-3352\" src=\"https:\/\/www.skyline.de\/wp-content\/uploads\/2019\/12\/logo@2x-300x83.png\" alt=\"Shopping avec notre partenaire\" width=\"109\" height=\"30\" srcset=\"https:\/\/i0.wp.com\/www.skyline.de\/wp-content\/uploads\/2019\/12\/logo%402x.png?resize=300%2C83&amp;ssl=1 300w, https:\/\/i0.wp.com\/www.skyline.de\/wp-content\/uploads\/2019\/12\/logo%402x.png?resize=260%2C72&amp;ssl=1 260w, https:\/\/i0.wp.com\/www.skyline.de\/wp-content\/uploads\/2019\/12\/logo%402x.png?resize=50%2C14&amp;ssl=1 50w, https:\/\/i0.wp.com\/www.skyline.de\/wp-content\/uploads\/2019\/12\/logo%402x.png?resize=150%2C42&amp;ssl=1 150w, https:\/\/i0.wp.com\/www.skyline.de\/wp-content\/uploads\/2019\/12\/logo%402x.png?w=392&amp;ssl=1 392w\" sizes=\"auto, (max-width: 109px) 100vw, 109px\" \/><\/a><\/p>\n","protected":false},"featured_media":5297,"template":"","meta":[],"product_brand":[],"product_cat":[67,56],"product_tag":[],"class_list":{"0":"post-5079","1":"product","2":"type-product","3":"status-publish","4":"has-post-thumbnail","6":"product_cat-arbres-a-chat","7":"product_cat-felidaes-palace-fr","9":"first","10":"instock","11":"shipping-taxable","12":"product-type-simple"},"yoast_head":"<!-- This site is optimized with the Yoast SEO plugin v27.1.1 - https:\/\/yoast.com\/product\/yoast-seo-wordpress\/ -->\n<title>LEO - Skyline - Lifestyle f\u00fcr Tiere<\/title>\n<meta name=\"robots\" content=\"index, follow, max-snippet:-1, max-image-preview:large, max-video-preview:-1\" \/>\n<link rel=\"canonical\" href=\"https:\/\/www.skyline.de\/fr\/product\/leo\/\" \/>\n<meta property=\"og:locale\" content=\"fr_FR\" \/>\n<meta property=\"og:type\" content=\"article\" \/>\n<meta property=\"og:title\" content=\"LEO - Skyline - Lifestyle f\u00fcr Tiere\" \/>\n<meta property=\"og:description\" content=\"GLOBETROTTERS CHAT GRIFFOIR LEO Les arbres \u00e0 gratter muraux a la SKYLINE \u00e9voquent le grand monde dans le cadre de vie priv\u00e9 : ces cimes d\u2019arbres du monde entier ressemblent \u00e0 un d\u00e9calque mural d\u00e9coratif. Eucalyptus, arbre \u00e0 pain de singe, palmier et cactus vous invitent \u00e0 un voyage fantastique autour de notre globe. Contreplaqu\u00e9 de forme stable ... Sisal... Mur Pour magasiner s&#039;il vous pla\u00eet cliquez sur le logo de notre partenaire zooplus\" \/>\n<meta property=\"og:url\" content=\"https:\/\/www.skyline.de\/fr\/product\/leo\/\" \/>\n<meta property=\"og:site_name\" content=\"Skyline - Lifestyle f\u00fcr Tiere\" \/>\n<meta property=\"article:modified_time\" content=\"2020-05-27T11:48:49+00:00\" \/>\n<meta property=\"og:image\" content=\"https:\/\/i1.wp.com\/www.skyline.de\/wp-content\/uploads\/2019\/12\/Skyline-Katzenbaum-leo-01.jpg?fit=400%2C500&ssl=1\" \/>\n\t<meta property=\"og:image:width\" content=\"400\" \/>\n\t<meta property=\"og:image:height\" content=\"500\" \/>\n\t<meta property=\"og:image:type\" content=\"image\/jpeg\" \/>\n<meta name=\"twitter:card\" content=\"summary_large_image\" \/>\n<script type=\"application\/ld+json\" class=\"yoast-schema-graph\">{\"@context\":\"https:\/\/schema.org\",\"@graph\":[{\"@type\":\"WebPage\",\"@id\":\"https:\/\/www.skyline.de\/fr\/product\/leo\/\",\"url\":\"https:\/\/www.skyline.de\/fr\/product\/leo\/\",\"name\":\"LEO - Skyline - Lifestyle f\u00fcr Tiere\",\"isPartOf\":{\"@id\":\"https:\/\/www.skyline.de\/#website\"},\"primaryImageOfPage\":{\"@id\":\"https:\/\/www.skyline.de\/fr\/product\/leo\/#primaryimage\"},\"image\":{\"@id\":\"https:\/\/www.skyline.de\/fr\/product\/leo\/#primaryimage\"},\"thumbnailUrl\":\"https:\/\/i0.wp.com\/www.skyline.de\/wp-content\/uploads\/2019\/12\/Skyline-Katzenbaum-leo-01.jpg?fit=400%2C500&ssl=1\",\"datePublished\":\"2020-05-26T23:42:31+00:00\",\"dateModified\":\"2020-05-27T11:48:49+00:00\",\"breadcrumb\":{\"@id\":\"https:\/\/www.skyline.de\/fr\/product\/leo\/#breadcrumb\"},\"inLanguage\":\"fr-FR\",\"potentialAction\":[{\"@type\":\"ReadAction\",\"target\":[\"https:\/\/www.skyline.de\/fr\/product\/leo\/\"]}]},{\"@type\":\"ImageObject\",\"inLanguage\":\"fr-FR\",\"@id\":\"https:\/\/www.skyline.de\/fr\/product\/leo\/#primaryimage\",\"url\":\"https:\/\/i0.wp.com\/www.skyline.de\/wp-content\/uploads\/2019\/12\/Skyline-Katzenbaum-leo-01.jpg?fit=400%2C500&ssl=1\",\"contentUrl\":\"https:\/\/i0.wp.com\/www.skyline.de\/wp-content\/uploads\/2019\/12\/Skyline-Katzenbaum-leo-01.jpg?fit=400%2C500&ssl=1\",\"width\":400,\"height\":500,\"caption\":\"Skyline Katzenbaum\"},{\"@type\":\"BreadcrumbList\",\"@id\":\"https:\/\/www.skyline.de\/fr\/product\/leo\/#breadcrumb\",\"itemListElement\":[{\"@type\":\"ListItem\",\"position\":1,\"name\":\"Startseite\",\"item\":\"https:\/\/www.skyline.de\/fr\/\"},{\"@type\":\"ListItem\",\"position\":2,\"name\":\"Boutique\",\"item\":\"https:\/\/www.skyline.de\/fr\/boutique\/\"},{\"@type\":\"ListItem\",\"position\":3,\"name\":\"LEO\"}]},{\"@type\":\"WebSite\",\"@id\":\"https:\/\/www.skyline.de\/#website\",\"url\":\"https:\/\/www.skyline.de\/\",\"name\":\"Skyline - Lifestyle f\u00fcr Tiere\",\"description\":\"Katzen, Hunde, Wild- und Gartenv\u00f6gel, Insekten, H\u00fchner, Zierv\u00f6gel, Zwergkaninchen, Meerschweinchen, Hamster, Ratten, M\u00e4use\",\"potentialAction\":[{\"@type\":\"SearchAction\",\"target\":{\"@type\":\"EntryPoint\",\"urlTemplate\":\"https:\/\/www.skyline.de\/?s={search_term_string}\"},\"query-input\":{\"@type\":\"PropertyValueSpecification\",\"valueRequired\":true,\"valueName\":\"search_term_string\"}}],\"inLanguage\":\"fr-FR\"}]}<\/script>\n<!-- \/ Yoast SEO plugin. -->","yoast_head_json":{"title":"LEO - Skyline - Lifestyle f\u00fcr Tiere","robots":{"index":"index","follow":"follow","max-snippet":"max-snippet:-1","max-image-preview":"max-image-preview:large","max-video-preview":"max-video-preview:-1"},"canonical":"https:\/\/www.skyline.de\/fr\/product\/leo\/","og_locale":"fr_FR","og_type":"article","og_title":"LEO - Skyline - Lifestyle f\u00fcr Tiere","og_description":"GLOBETROTTERS CHAT GRIFFOIR LEO Les arbres \u00e0 gratter muraux a la SKYLINE \u00e9voquent le grand monde dans le cadre de vie priv\u00e9 : ces cimes d\u2019arbres du monde entier ressemblent \u00e0 un d\u00e9calque mural d\u00e9coratif. Eucalyptus, arbre \u00e0 pain de singe, palmier et cactus vous invitent \u00e0 un voyage fantastique autour de notre globe. Contreplaqu\u00e9 de forme stable ... Sisal... Mur Pour magasiner s'il vous pla\u00eet cliquez sur le logo de notre partenaire zooplus","og_url":"https:\/\/www.skyline.de\/fr\/product\/leo\/","og_site_name":"Skyline - Lifestyle f\u00fcr Tiere","article_modified_time":"2020-05-27T11:48:49+00:00","og_image":[{"width":400,"height":500,"url":"https:\/\/i1.wp.com\/www.skyline.de\/wp-content\/uploads\/2019\/12\/Skyline-Katzenbaum-leo-01.jpg?fit=400%2C500&ssl=1","type":"image\/jpeg"}],"twitter_card":"summary_large_image","schema":{"@context":"https:\/\/schema.org","@graph":[{"@type":"WebPage","@id":"https:\/\/www.skyline.de\/fr\/product\/leo\/","url":"https:\/\/www.skyline.de\/fr\/product\/leo\/","name":"LEO - Skyline - Lifestyle f\u00fcr Tiere","isPartOf":{"@id":"https:\/\/www.skyline.de\/#website"},"primaryImageOfPage":{"@id":"https:\/\/www.skyline.de\/fr\/product\/leo\/#primaryimage"},"image":{"@id":"https:\/\/www.skyline.de\/fr\/product\/leo\/#primaryimage"},"thumbnailUrl":"https:\/\/i0.wp.com\/www.skyline.de\/wp-content\/uploads\/2019\/12\/Skyline-Katzenbaum-leo-01.jpg?fit=400%2C500&ssl=1","datePublished":"2020-05-26T23:42:31+00:00","dateModified":"2020-05-27T11:48:49+00:00","breadcrumb":{"@id":"https:\/\/www.skyline.de\/fr\/product\/leo\/#breadcrumb"},"inLanguage":"fr-FR","potentialAction":[{"@type":"ReadAction","target":["https:\/\/www.skyline.de\/fr\/product\/leo\/"]}]},{"@type":"ImageObject","inLanguage":"fr-FR","@id":"https:\/\/www.skyline.de\/fr\/product\/leo\/#primaryimage","url":"https:\/\/i0.wp.com\/www.skyline.de\/wp-content\/uploads\/2019\/12\/Skyline-Katzenbaum-leo-01.jpg?fit=400%2C500&ssl=1","contentUrl":"https:\/\/i0.wp.com\/www.skyline.de\/wp-content\/uploads\/2019\/12\/Skyline-Katzenbaum-leo-01.jpg?fit=400%2C500&ssl=1","width":400,"height":500,"caption":"Skyline Katzenbaum"},{"@type":"BreadcrumbList","@id":"https:\/\/www.skyline.de\/fr\/product\/leo\/#breadcrumb","itemListElement":[{"@type":"ListItem","position":1,"name":"Startseite","item":"https:\/\/www.skyline.de\/fr\/"},{"@type":"ListItem","position":2,"name":"Boutique","item":"https:\/\/www.skyline.de\/fr\/boutique\/"},{"@type":"ListItem","position":3,"name":"LEO"}]},{"@type":"WebSite","@id":"https:\/\/www.skyline.de\/#website","url":"https:\/\/www.skyline.de\/","name":"Skyline - Lifestyle f\u00fcr Tiere","description":"Katzen, Hunde, Wild- und Gartenv\u00f6gel, Insekten, H\u00fchner, Zierv\u00f6gel, Zwergkaninchen, Meerschweinchen, Hamster, Ratten, M\u00e4use","potentialAction":[{"@type":"SearchAction","target":{"@type":"EntryPoint","urlTemplate":"https:\/\/www.skyline.de\/?s={search_term_string}"},"query-input":{"@type":"PropertyValueSpecification","valueRequired":true,"valueName":"search_term_string"}}],"inLanguage":"fr-FR"}]}},"_links":{"self":[{"href":"https:\/\/www.skyline.de\/fr\/wp-json\/wp\/v2\/product\/5079","targetHints":{"allow":["GET"]}}],"collection":[{"href":"https:\/\/www.skyline.de\/fr\/wp-json\/wp\/v2\/product"}],"about":[{"href":"https:\/\/www.skyline.de\/fr\/wp-json\/wp\/v2\/types\/product"}],"wp:featuredmedia":[{"embeddable":true,"href":"https:\/\/www.skyline.de\/fr\/wp-json\/wp\/v2\/media\/5297"}],"wp:attachment":[{"href":"https:\/\/www.skyline.de\/fr\/wp-json\/wp\/v2\/media?parent=5079"}],"wp:term":[{"taxonomy":"product_brand","embeddable":true,"href":"https:\/\/www.skyline.de\/fr\/wp-json\/wp\/v2\/product_brand?post=5079"},{"taxonomy":"product_cat","embeddable":true,"href":"https:\/\/www.skyline.de\/fr\/wp-json\/wp\/v2\/product_cat?post=5079"},{"taxonomy":"product_tag","embeddable":true,"href":"https:\/\/www.skyline.de\/fr\/wp-json\/wp\/v2\/product_tag?post=5079"}],"curies":[{"name":"wp","href":"https:\/\/api.w.org\/{rel}","templated":true}]}}