{"id":5074,"date":"2019-10-16T13:58:38","date_gmt":"2020-05-26T23:42:53","guid":{"rendered":"http:\/\/www.skyline.de\/?post_type=product&#038;p=5074"},"modified":"2020-05-27T13:49:14","modified_gmt":"2020-05-27T11:49:14","slug":"alice","status":"publish","type":"product","link":"https:\/\/www.skyline.de\/fr\/product\/alice\/","title":{"rendered":"Alice"},"content":{"rendered":"<ul>\n<li>Murs et planchers multiplex<\/li>\n<li>Toit en aluminium isol\u00e9 (DIBONDO)<\/li>\n<li>H\u00eatre Framewood<\/li>\n<li>P\u00f4le en bois<\/li>\n<li>Nestbase en fibres de noix de coco<\/li>\n<li>2 roues pour un mouvement facile<\/li>\n<li>2 Poign\u00e9es stables pour le d\u00e9placement<\/li>\n<li>Couverture en roue libre<\/li>\n<li>Volet de chauffage s\u00fbr dans la porte d\u2019entr\u00e9e<\/li>\n<\/ul>\n<p><strong>Informations sur les<br \/>\n concessionnaires<\/strong> Dimensions Stall: 118 x 110 x 78 cm<br \/>\nPi\u00e8ce de palette: 10 pcs.<\/p>\n","protected":false},"excerpt":{"rendered":"<p>Skyline Poulailler \u00ab\u00a0Alice\u00a0\u00bb<br \/>\nLa villa de poulet impressionne par sa qualit\u00e9, son design et sa fonctionnalit\u00e9.<br \/>\nConvient pour 2 \u00e0 trois poulets.<\/p>\n<p>&nbsp;<\/p>\n","protected":false},"featured_media":4482,"template":"","meta":[],"product_brand":[],"product_cat":[55,49],"product_tag":[],"class_list":{"0":"post-5074","1":"product","2":"type-product","3":"status-publish","4":"has-post-thumbnail","6":"product_cat-domaene-fr","7":"product_cat-poulailler","9":"first","10":"instock","11":"shipping-taxable","12":"product-type-simple"},"yoast_head":"<!-- This site is optimized with the Yoast SEO plugin v27.5 - https:\/\/yoast.com\/product\/yoast-seo-wordpress\/ -->\n<title>Alice - Skyline - Lifestyle f\u00fcr Tiere<\/title>\n<meta name=\"robots\" content=\"index, follow, max-snippet:-1, max-image-preview:large, max-video-preview:-1\" \/>\n<link rel=\"canonical\" href=\"https:\/\/www.skyline.de\/fr\/product\/alice\/\" \/>\n<meta property=\"og:locale\" content=\"fr_FR\" \/>\n<meta property=\"og:type\" content=\"article\" \/>\n<meta property=\"og:title\" content=\"Alice - Skyline - Lifestyle f\u00fcr Tiere\" \/>\n<meta property=\"og:description\" content=\"Skyline Poulailler &quot;Alice&quot; La villa de poulet impressionne par sa qualit\u00e9, son design et sa fonctionnalit\u00e9. Convient pour 2 \u00e0 trois poulets. &nbsp;\" \/>\n<meta property=\"og:url\" content=\"https:\/\/www.skyline.de\/fr\/product\/alice\/\" \/>\n<meta property=\"og:site_name\" content=\"Skyline - Lifestyle f\u00fcr Tiere\" \/>\n<meta property=\"article:modified_time\" content=\"2020-05-27T11:49:14+00:00\" \/>\n<meta property=\"og:image\" content=\"https:\/\/i2.wp.com\/www.skyline.de\/wp-content\/uploads\/2013\/06\/Skyline-stall-nomade.jpg?fit=400%2C500&ssl=1\" \/>\n\t<meta property=\"og:image:width\" content=\"400\" \/>\n\t<meta property=\"og:image:height\" content=\"500\" \/>\n\t<meta property=\"og:image:type\" content=\"image\/jpeg\" \/>\n<meta name=\"twitter:card\" content=\"summary_large_image\" \/>\n<script type=\"application\/ld+json\" class=\"yoast-schema-graph\">{\"@context\":\"https:\\\/\\\/schema.org\",\"@graph\":[{\"@type\":\"WebPage\",\"@id\":\"https:\\\/\\\/www.skyline.de\\\/fr\\\/product\\\/alice\\\/\",\"url\":\"https:\\\/\\\/www.skyline.de\\\/fr\\\/product\\\/alice\\\/\",\"name\":\"Alice - Skyline - Lifestyle f\u00fcr Tiere\",\"isPartOf\":{\"@id\":\"https:\\\/\\\/www.skyline.de\\\/#website\"},\"primaryImageOfPage\":{\"@id\":\"https:\\\/\\\/www.skyline.de\\\/fr\\\/product\\\/alice\\\/#primaryimage\"},\"image\":{\"@id\":\"https:\\\/\\\/www.skyline.de\\\/fr\\\/product\\\/alice\\\/#primaryimage\"},\"thumbnailUrl\":\"https:\\\/\\\/i0.wp.com\\\/www.skyline.de\\\/wp-content\\\/uploads\\\/2013\\\/06\\\/Skyline-stall-nomade.jpg?fit=400%2C500&ssl=1\",\"datePublished\":\"2020-05-26T23:42:53+00:00\",\"dateModified\":\"2020-05-27T11:49:14+00:00\",\"breadcrumb\":{\"@id\":\"https:\\\/\\\/www.skyline.de\\\/fr\\\/product\\\/alice\\\/#breadcrumb\"},\"inLanguage\":\"fr-FR\",\"potentialAction\":[{\"@type\":\"ReadAction\",\"target\":[\"https:\\\/\\\/www.skyline.de\\\/fr\\\/product\\\/alice\\\/\"]}]},{\"@type\":\"ImageObject\",\"inLanguage\":\"fr-FR\",\"@id\":\"https:\\\/\\\/www.skyline.de\\\/fr\\\/product\\\/alice\\\/#primaryimage\",\"url\":\"https:\\\/\\\/i0.wp.com\\\/www.skyline.de\\\/wp-content\\\/uploads\\\/2013\\\/06\\\/Skyline-stall-nomade.jpg?fit=400%2C500&ssl=1\",\"contentUrl\":\"https:\\\/\\\/i0.wp.com\\\/www.skyline.de\\\/wp-content\\\/uploads\\\/2013\\\/06\\\/Skyline-stall-nomade.jpg?fit=400%2C500&ssl=1\",\"width\":400,\"height\":500,\"caption\":\"cages oiseaux Skyline\"},{\"@type\":\"BreadcrumbList\",\"@id\":\"https:\\\/\\\/www.skyline.de\\\/fr\\\/product\\\/alice\\\/#breadcrumb\",\"itemListElement\":[{\"@type\":\"ListItem\",\"position\":1,\"name\":\"Startseite\",\"item\":\"https:\\\/\\\/www.skyline.de\\\/fr\\\/\"},{\"@type\":\"ListItem\",\"position\":2,\"name\":\"Boutique\",\"item\":\"https:\\\/\\\/www.skyline.de\\\/fr\\\/boutique\\\/\"},{\"@type\":\"ListItem\",\"position\":3,\"name\":\"Alice\"}]},{\"@type\":\"WebSite\",\"@id\":\"https:\\\/\\\/www.skyline.de\\\/#website\",\"url\":\"https:\\\/\\\/www.skyline.de\\\/\",\"name\":\"Skyline - Lifestyle f\u00fcr Tiere\",\"description\":\"Katzen, Hunde, Wild- und Gartenv\u00f6gel, Insekten, H\u00fchner, Zierv\u00f6gel, Zwergkaninchen, Meerschweinchen, Hamster, Ratten, M\u00e4use\",\"potentialAction\":[{\"@type\":\"SearchAction\",\"target\":{\"@type\":\"EntryPoint\",\"urlTemplate\":\"https:\\\/\\\/www.skyline.de\\\/?s={search_term_string}\"},\"query-input\":{\"@type\":\"PropertyValueSpecification\",\"valueRequired\":true,\"valueName\":\"search_term_string\"}}],\"inLanguage\":\"fr-FR\"}]}<\/script>\n<!-- \/ Yoast SEO plugin. -->","yoast_head_json":{"title":"Alice - Skyline - Lifestyle f\u00fcr Tiere","robots":{"index":"index","follow":"follow","max-snippet":"max-snippet:-1","max-image-preview":"max-image-preview:large","max-video-preview":"max-video-preview:-1"},"canonical":"https:\/\/www.skyline.de\/fr\/product\/alice\/","og_locale":"fr_FR","og_type":"article","og_title":"Alice - Skyline - Lifestyle f\u00fcr Tiere","og_description":"Skyline Poulailler \"Alice\" La villa de poulet impressionne par sa qualit\u00e9, son design et sa fonctionnalit\u00e9. Convient pour 2 \u00e0 trois poulets. &nbsp;","og_url":"https:\/\/www.skyline.de\/fr\/product\/alice\/","og_site_name":"Skyline - Lifestyle f\u00fcr Tiere","article_modified_time":"2020-05-27T11:49:14+00:00","og_image":[{"width":400,"height":500,"url":"https:\/\/i2.wp.com\/www.skyline.de\/wp-content\/uploads\/2013\/06\/Skyline-stall-nomade.jpg?fit=400%2C500&ssl=1","type":"image\/jpeg"}],"twitter_card":"summary_large_image","schema":{"@context":"https:\/\/schema.org","@graph":[{"@type":"WebPage","@id":"https:\/\/www.skyline.de\/fr\/product\/alice\/","url":"https:\/\/www.skyline.de\/fr\/product\/alice\/","name":"Alice - Skyline - Lifestyle f\u00fcr Tiere","isPartOf":{"@id":"https:\/\/www.skyline.de\/#website"},"primaryImageOfPage":{"@id":"https:\/\/www.skyline.de\/fr\/product\/alice\/#primaryimage"},"image":{"@id":"https:\/\/www.skyline.de\/fr\/product\/alice\/#primaryimage"},"thumbnailUrl":"https:\/\/i0.wp.com\/www.skyline.de\/wp-content\/uploads\/2013\/06\/Skyline-stall-nomade.jpg?fit=400%2C500&ssl=1","datePublished":"2020-05-26T23:42:53+00:00","dateModified":"2020-05-27T11:49:14+00:00","breadcrumb":{"@id":"https:\/\/www.skyline.de\/fr\/product\/alice\/#breadcrumb"},"inLanguage":"fr-FR","potentialAction":[{"@type":"ReadAction","target":["https:\/\/www.skyline.de\/fr\/product\/alice\/"]}]},{"@type":"ImageObject","inLanguage":"fr-FR","@id":"https:\/\/www.skyline.de\/fr\/product\/alice\/#primaryimage","url":"https:\/\/i0.wp.com\/www.skyline.de\/wp-content\/uploads\/2013\/06\/Skyline-stall-nomade.jpg?fit=400%2C500&ssl=1","contentUrl":"https:\/\/i0.wp.com\/www.skyline.de\/wp-content\/uploads\/2013\/06\/Skyline-stall-nomade.jpg?fit=400%2C500&ssl=1","width":400,"height":500,"caption":"cages oiseaux Skyline"},{"@type":"BreadcrumbList","@id":"https:\/\/www.skyline.de\/fr\/product\/alice\/#breadcrumb","itemListElement":[{"@type":"ListItem","position":1,"name":"Startseite","item":"https:\/\/www.skyline.de\/fr\/"},{"@type":"ListItem","position":2,"name":"Boutique","item":"https:\/\/www.skyline.de\/fr\/boutique\/"},{"@type":"ListItem","position":3,"name":"Alice"}]},{"@type":"WebSite","@id":"https:\/\/www.skyline.de\/#website","url":"https:\/\/www.skyline.de\/","name":"Skyline - Lifestyle f\u00fcr Tiere","description":"Katzen, Hunde, Wild- und Gartenv\u00f6gel, Insekten, H\u00fchner, Zierv\u00f6gel, Zwergkaninchen, Meerschweinchen, Hamster, Ratten, M\u00e4use","potentialAction":[{"@type":"SearchAction","target":{"@type":"EntryPoint","urlTemplate":"https:\/\/www.skyline.de\/?s={search_term_string}"},"query-input":{"@type":"PropertyValueSpecification","valueRequired":true,"valueName":"search_term_string"}}],"inLanguage":"fr-FR"}]}},"_links":{"self":[{"href":"https:\/\/www.skyline.de\/fr\/wp-json\/wp\/v2\/product\/5074","targetHints":{"allow":["GET"]}}],"collection":[{"href":"https:\/\/www.skyline.de\/fr\/wp-json\/wp\/v2\/product"}],"about":[{"href":"https:\/\/www.skyline.de\/fr\/wp-json\/wp\/v2\/types\/product"}],"wp:featuredmedia":[{"embeddable":true,"href":"https:\/\/www.skyline.de\/fr\/wp-json\/wp\/v2\/media\/4482"}],"wp:attachment":[{"href":"https:\/\/www.skyline.de\/fr\/wp-json\/wp\/v2\/media?parent=5074"}],"wp:term":[{"taxonomy":"product_brand","embeddable":true,"href":"https:\/\/www.skyline.de\/fr\/wp-json\/wp\/v2\/product_brand?post=5074"},{"taxonomy":"product_cat","embeddable":true,"href":"https:\/\/www.skyline.de\/fr\/wp-json\/wp\/v2\/product_cat?post=5074"},{"taxonomy":"product_tag","embeddable":true,"href":"https:\/\/www.skyline.de\/fr\/wp-json\/wp\/v2\/product_tag?post=5074"}],"curies":[{"name":"wp","href":"https:\/\/api.w.org\/{rel}","templated":true}]}}