{"id":5069,"date":"2019-10-14T20:27:35","date_gmt":"2020-05-26T23:43:09","guid":{"rendered":"http:\/\/www.skyline.de\/?post_type=product&#038;p=5069"},"modified":"2020-05-27T13:49:46","modified_gmt":"2020-05-27T11:49:46","slug":"cages-oiseaux-loretto-xxl","status":"publish","type":"product","link":"https:\/\/www.skyline.de\/fr\/product\/cages-oiseaux-loretto-xxl\/","title":{"rendered":"CAGES OISEAUX LORETTO XXL"},"content":{"rendered":"<ul>\n<li>Voli\u00e8re spacieuse pour les plus grandes perruches, exotiques et canaris<\/li>\n<li>\u00c9l\u00e9ments de haute qualit\u00e9 en bois de bouleau<\/li>\n<li>Grille avec rev\u00eatement en poudre sans zinc : non toxique et inoffensif<\/li>\n<li>Barre d\u2019alimentation pivotante et verrouillable avec 3 tasses en m\u00e9tal<\/li>\n<li>Tiroir pratique avec plateau de plancher en m\u00e9tal de retrait<\/li>\n<li>4 grandes portes lat\u00e9rales : acc\u00e8s facile<\/li>\n<li>2 gros volets \u00e0 l\u2019avant: peut \u00eatre utilis\u00e9 avec une barre de si\u00e8ge appropri\u00e9e comme un rabat fly-in<\/li>\n<li>Nettoyage facile<\/li>\n<li>Couleur:\n<ul>\n<li>\u00c9l\u00e9ments en bois : blanc<\/li>\n<li>Grille: noir<\/li>\n<\/ul>\n<\/li>\n<li>Dimensions:\n<ul>\n<li>\u00c0 l\u2019ext\u00e9rieur (avec roues) : L 118 x W 75 x H 175 cm<\/li>\n<li>\u00c0 l\u2019int\u00e9rieur: L 110 x W 73 x H 170 cm<\/li>\n<li>Baignoire en bas: L 109 x W 69 x H 3 cm<\/li>\n<li>\u00c9paisseur du fil : 1,6 mm (horizontale), 3,4 mm (verticale)<\/li>\n<li>Grille : plomb, et cadmium-libre, rev\u00eatement de poudre<\/li>\n<li>Compteur alimentaire pivotant: L 62 x H 7 cm<\/li>\n<li>2 volets d\u2019approche \u00e0 l\u2019avant: L 40 x H 25 cm<\/li>\n<li>4 grandes portes (deux droites, deux \u00e0 gauche): L 20 x H 19 cm<\/li>\n<\/ul>\n<\/li>\n<li>Accessoires:\n<ul>\n<li>3 plateaux d\u2019alimentation chrom\u00e9s : 140 ml chacun<\/li>\n<li>4 rouleaux en plastique avec fixation m\u00e9tallique de 4 cm<\/li>\n<li>5 poteaux de si\u00e8ge en bois : L 73 cm, diam\u00e8tre 15 mm<\/li>\n<li>2 tiges de si\u00e8ge en bois pour les volets d\u2019approche : L 38 cm, diam\u00e8tre 15 mm<\/li>\n<\/ul>\n<\/li>\n<\/ul>\n<p>&nbsp;<\/p>\n<p><span class=\"s1\"><b>Informations sur les<br \/>\n concessionnaires<\/b><\/span> <span class=\"s1\">Dimensions: 118x75x175<br \/>\n cm<\/span> <span class=\"s1\">Pi\u00e8ce de<br \/>\n palette: 7<\/span> <span class=\"s1\">Poids brut:<br \/>\n 37 kg<\/span> <span class=\"s1\">Espacement de fil : 1.7 cm<\/span><\/p>\n<p>&nbsp;<\/p>\n","protected":false},"excerpt":{"rendered":"<p>SKYLINE voli\u00e8re Loretto XXL offre une maison spacieuse et fonctionnelle pour les perruches, les canaris et les exotiques plus grands.<\/p>\n","protected":false},"featured_media":4691,"template":"","meta":[],"product_brand":[],"product_cat":[51],"product_tag":[],"class_list":{"0":"post-5069","1":"product","2":"type-product","3":"status-publish","4":"has-post-thumbnail","6":"product_cat-avant-garde-fr-2","8":"first","9":"instock","10":"shipping-taxable","11":"product-type-simple"},"yoast_head":"<!-- This site is optimized with the Yoast SEO plugin v27.5 - https:\/\/yoast.com\/product\/yoast-seo-wordpress\/ -->\n<title>CAGES OISEAUX LORETTO XXL - Skyline - Lifestyle f\u00fcr Tiere<\/title>\n<meta name=\"robots\" content=\"index, follow, max-snippet:-1, max-image-preview:large, max-video-preview:-1\" \/>\n<link rel=\"canonical\" href=\"https:\/\/www.skyline.de\/fr\/product\/cages-oiseaux-loretto-xxl\/\" \/>\n<meta property=\"og:locale\" content=\"fr_FR\" \/>\n<meta property=\"og:type\" content=\"article\" \/>\n<meta property=\"og:title\" content=\"CAGES OISEAUX LORETTO XXL - Skyline - Lifestyle f\u00fcr Tiere\" \/>\n<meta property=\"og:description\" content=\"SKYLINE voli\u00e8re Loretto XXL offre une maison spacieuse et fonctionnelle pour les perruches, les canaris et les exotiques plus grands.\" \/>\n<meta property=\"og:url\" content=\"https:\/\/www.skyline.de\/fr\/product\/cages-oiseaux-loretto-xxl\/\" \/>\n<meta property=\"og:site_name\" content=\"Skyline - Lifestyle f\u00fcr Tiere\" \/>\n<meta property=\"article:modified_time\" content=\"2020-05-27T11:49:46+00:00\" \/>\n<meta property=\"og:image\" content=\"https:\/\/i2.wp.com\/www.skyline.de\/wp-content\/uploads\/2019\/10\/Skyline-Vogelkaefig-loretto-xxl.jpg?fit=800%2C800&ssl=1\" \/>\n\t<meta property=\"og:image:width\" content=\"800\" \/>\n\t<meta property=\"og:image:height\" content=\"800\" \/>\n\t<meta property=\"og:image:type\" content=\"image\/jpeg\" \/>\n<meta name=\"twitter:card\" content=\"summary_large_image\" \/>\n<meta name=\"twitter:label1\" content=\"Dur\u00e9e de lecture estim\u00e9e\" \/>\n\t<meta name=\"twitter:data1\" content=\"1 minute\" \/>\n<script type=\"application\/ld+json\" class=\"yoast-schema-graph\">{\"@context\":\"https:\\\/\\\/schema.org\",\"@graph\":[{\"@type\":\"WebPage\",\"@id\":\"https:\\\/\\\/www.skyline.de\\\/fr\\\/product\\\/cages-oiseaux-loretto-xxl\\\/\",\"url\":\"https:\\\/\\\/www.skyline.de\\\/fr\\\/product\\\/cages-oiseaux-loretto-xxl\\\/\",\"name\":\"CAGES OISEAUX LORETTO XXL - Skyline - Lifestyle f\u00fcr Tiere\",\"isPartOf\":{\"@id\":\"https:\\\/\\\/www.skyline.de\\\/#website\"},\"primaryImageOfPage\":{\"@id\":\"https:\\\/\\\/www.skyline.de\\\/fr\\\/product\\\/cages-oiseaux-loretto-xxl\\\/#primaryimage\"},\"image\":{\"@id\":\"https:\\\/\\\/www.skyline.de\\\/fr\\\/product\\\/cages-oiseaux-loretto-xxl\\\/#primaryimage\"},\"thumbnailUrl\":\"https:\\\/\\\/i0.wp.com\\\/www.skyline.de\\\/wp-content\\\/uploads\\\/2019\\\/10\\\/Skyline-Vogelkaefig-loretto-xxl.jpg?fit=800%2C800&ssl=1\",\"datePublished\":\"2020-05-26T23:43:09+00:00\",\"dateModified\":\"2020-05-27T11:49:46+00:00\",\"breadcrumb\":{\"@id\":\"https:\\\/\\\/www.skyline.de\\\/fr\\\/product\\\/cages-oiseaux-loretto-xxl\\\/#breadcrumb\"},\"inLanguage\":\"fr-FR\",\"potentialAction\":[{\"@type\":\"ReadAction\",\"target\":[\"https:\\\/\\\/www.skyline.de\\\/fr\\\/product\\\/cages-oiseaux-loretto-xxl\\\/\"]}]},{\"@type\":\"ImageObject\",\"inLanguage\":\"fr-FR\",\"@id\":\"https:\\\/\\\/www.skyline.de\\\/fr\\\/product\\\/cages-oiseaux-loretto-xxl\\\/#primaryimage\",\"url\":\"https:\\\/\\\/i0.wp.com\\\/www.skyline.de\\\/wp-content\\\/uploads\\\/2019\\\/10\\\/Skyline-Vogelkaefig-loretto-xxl.jpg?fit=800%2C800&ssl=1\",\"contentUrl\":\"https:\\\/\\\/i0.wp.com\\\/www.skyline.de\\\/wp-content\\\/uploads\\\/2019\\\/10\\\/Skyline-Vogelkaefig-loretto-xxl.jpg?fit=800%2C800&ssl=1\",\"width\":800,\"height\":800},{\"@type\":\"BreadcrumbList\",\"@id\":\"https:\\\/\\\/www.skyline.de\\\/fr\\\/product\\\/cages-oiseaux-loretto-xxl\\\/#breadcrumb\",\"itemListElement\":[{\"@type\":\"ListItem\",\"position\":1,\"name\":\"Startseite\",\"item\":\"https:\\\/\\\/www.skyline.de\\\/fr\\\/\"},{\"@type\":\"ListItem\",\"position\":2,\"name\":\"Boutique\",\"item\":\"https:\\\/\\\/www.skyline.de\\\/fr\\\/boutique\\\/\"},{\"@type\":\"ListItem\",\"position\":3,\"name\":\"CAGES OISEAUX LORETTO XXL\"}]},{\"@type\":\"WebSite\",\"@id\":\"https:\\\/\\\/www.skyline.de\\\/#website\",\"url\":\"https:\\\/\\\/www.skyline.de\\\/\",\"name\":\"Skyline - Lifestyle f\u00fcr Tiere\",\"description\":\"Katzen, Hunde, Wild- und Gartenv\u00f6gel, Insekten, H\u00fchner, Zierv\u00f6gel, Zwergkaninchen, Meerschweinchen, Hamster, Ratten, M\u00e4use\",\"potentialAction\":[{\"@type\":\"SearchAction\",\"target\":{\"@type\":\"EntryPoint\",\"urlTemplate\":\"https:\\\/\\\/www.skyline.de\\\/?s={search_term_string}\"},\"query-input\":{\"@type\":\"PropertyValueSpecification\",\"valueRequired\":true,\"valueName\":\"search_term_string\"}}],\"inLanguage\":\"fr-FR\"}]}<\/script>\n<!-- \/ Yoast SEO plugin. -->","yoast_head_json":{"title":"CAGES OISEAUX LORETTO XXL - Skyline - Lifestyle f\u00fcr Tiere","robots":{"index":"index","follow":"follow","max-snippet":"max-snippet:-1","max-image-preview":"max-image-preview:large","max-video-preview":"max-video-preview:-1"},"canonical":"https:\/\/www.skyline.de\/fr\/product\/cages-oiseaux-loretto-xxl\/","og_locale":"fr_FR","og_type":"article","og_title":"CAGES OISEAUX LORETTO XXL - Skyline - Lifestyle f\u00fcr Tiere","og_description":"SKYLINE voli\u00e8re Loretto XXL offre une maison spacieuse et fonctionnelle pour les perruches, les canaris et les exotiques plus grands.","og_url":"https:\/\/www.skyline.de\/fr\/product\/cages-oiseaux-loretto-xxl\/","og_site_name":"Skyline - Lifestyle f\u00fcr Tiere","article_modified_time":"2020-05-27T11:49:46+00:00","og_image":[{"width":800,"height":800,"url":"https:\/\/i2.wp.com\/www.skyline.de\/wp-content\/uploads\/2019\/10\/Skyline-Vogelkaefig-loretto-xxl.jpg?fit=800%2C800&ssl=1","type":"image\/jpeg"}],"twitter_card":"summary_large_image","twitter_misc":{"Dur\u00e9e de lecture estim\u00e9e":"1 minute"},"schema":{"@context":"https:\/\/schema.org","@graph":[{"@type":"WebPage","@id":"https:\/\/www.skyline.de\/fr\/product\/cages-oiseaux-loretto-xxl\/","url":"https:\/\/www.skyline.de\/fr\/product\/cages-oiseaux-loretto-xxl\/","name":"CAGES OISEAUX LORETTO XXL - Skyline - Lifestyle f\u00fcr Tiere","isPartOf":{"@id":"https:\/\/www.skyline.de\/#website"},"primaryImageOfPage":{"@id":"https:\/\/www.skyline.de\/fr\/product\/cages-oiseaux-loretto-xxl\/#primaryimage"},"image":{"@id":"https:\/\/www.skyline.de\/fr\/product\/cages-oiseaux-loretto-xxl\/#primaryimage"},"thumbnailUrl":"https:\/\/i0.wp.com\/www.skyline.de\/wp-content\/uploads\/2019\/10\/Skyline-Vogelkaefig-loretto-xxl.jpg?fit=800%2C800&ssl=1","datePublished":"2020-05-26T23:43:09+00:00","dateModified":"2020-05-27T11:49:46+00:00","breadcrumb":{"@id":"https:\/\/www.skyline.de\/fr\/product\/cages-oiseaux-loretto-xxl\/#breadcrumb"},"inLanguage":"fr-FR","potentialAction":[{"@type":"ReadAction","target":["https:\/\/www.skyline.de\/fr\/product\/cages-oiseaux-loretto-xxl\/"]}]},{"@type":"ImageObject","inLanguage":"fr-FR","@id":"https:\/\/www.skyline.de\/fr\/product\/cages-oiseaux-loretto-xxl\/#primaryimage","url":"https:\/\/i0.wp.com\/www.skyline.de\/wp-content\/uploads\/2019\/10\/Skyline-Vogelkaefig-loretto-xxl.jpg?fit=800%2C800&ssl=1","contentUrl":"https:\/\/i0.wp.com\/www.skyline.de\/wp-content\/uploads\/2019\/10\/Skyline-Vogelkaefig-loretto-xxl.jpg?fit=800%2C800&ssl=1","width":800,"height":800},{"@type":"BreadcrumbList","@id":"https:\/\/www.skyline.de\/fr\/product\/cages-oiseaux-loretto-xxl\/#breadcrumb","itemListElement":[{"@type":"ListItem","position":1,"name":"Startseite","item":"https:\/\/www.skyline.de\/fr\/"},{"@type":"ListItem","position":2,"name":"Boutique","item":"https:\/\/www.skyline.de\/fr\/boutique\/"},{"@type":"ListItem","position":3,"name":"CAGES OISEAUX LORETTO XXL"}]},{"@type":"WebSite","@id":"https:\/\/www.skyline.de\/#website","url":"https:\/\/www.skyline.de\/","name":"Skyline - Lifestyle f\u00fcr Tiere","description":"Katzen, Hunde, Wild- und Gartenv\u00f6gel, Insekten, H\u00fchner, Zierv\u00f6gel, Zwergkaninchen, Meerschweinchen, Hamster, Ratten, M\u00e4use","potentialAction":[{"@type":"SearchAction","target":{"@type":"EntryPoint","urlTemplate":"https:\/\/www.skyline.de\/?s={search_term_string}"},"query-input":{"@type":"PropertyValueSpecification","valueRequired":true,"valueName":"search_term_string"}}],"inLanguage":"fr-FR"}]}},"_links":{"self":[{"href":"https:\/\/www.skyline.de\/fr\/wp-json\/wp\/v2\/product\/5069","targetHints":{"allow":["GET"]}}],"collection":[{"href":"https:\/\/www.skyline.de\/fr\/wp-json\/wp\/v2\/product"}],"about":[{"href":"https:\/\/www.skyline.de\/fr\/wp-json\/wp\/v2\/types\/product"}],"wp:featuredmedia":[{"embeddable":true,"href":"https:\/\/www.skyline.de\/fr\/wp-json\/wp\/v2\/media\/4691"}],"wp:attachment":[{"href":"https:\/\/www.skyline.de\/fr\/wp-json\/wp\/v2\/media?parent=5069"}],"wp:term":[{"taxonomy":"product_brand","embeddable":true,"href":"https:\/\/www.skyline.de\/fr\/wp-json\/wp\/v2\/product_brand?post=5069"},{"taxonomy":"product_cat","embeddable":true,"href":"https:\/\/www.skyline.de\/fr\/wp-json\/wp\/v2\/product_cat?post=5069"},{"taxonomy":"product_tag","embeddable":true,"href":"https:\/\/www.skyline.de\/fr\/wp-json\/wp\/v2\/product_tag?post=5069"}],"curies":[{"name":"wp","href":"https:\/\/api.w.org\/{rel}","templated":true}]}}