{"id":5068,"date":"2019-10-14T16:39:18","date_gmt":"2020-05-26T23:43:08","guid":{"rendered":"http:\/\/www.skyline.de\/?post_type=product&#038;p=5068"},"modified":"2020-05-27T13:49:45","modified_gmt":"2020-05-27T11:49:45","slug":"cages-oiseaux-loretto-xl","status":"publish","type":"product","link":"https:\/\/www.skyline.de\/fr\/product\/cages-oiseaux-loretto-xl\/","title":{"rendered":"CAGES OISEAUX LORETTO XL"},"content":{"rendered":"<ul>\n<li>\u00c9l\u00e9ments de bois de bouleau de haute qualit\u00e9 dans deux variantes de couleur (blanc et brun fonc\u00e9)<\/li>\n<li>La grille est faite de rev\u00eatement de poudre sans plomb et sans cadmium<\/li>\n<li>Swivel alimentable avec 3 tasses en m\u00e9tal, verrouillable<\/li>\n<li>Tiroir pratique avec plateau de plancher en m\u00e9tal de retrait (plateau de plancher en aluminium amovible)<\/li>\n<li>2 gros volets \u00e0 l\u2019avant et 8 portes lat\u00e9rales : offrent un acc\u00e8s facile de 3 c\u00f4t\u00e9s<\/li>\n<li>Nettoyage facile<\/li>\n<li>Couleur:\n<ul>\n<li>\u00c9l\u00e9ments en bois: Blanc, Grille: Noir<\/li>\n<li>\u00c9l\u00e9ments en bois : brun fonc\u00e9, grille : m\u00e9tallis\u00e9 argent\u00e9<\/li>\n<\/ul>\n<\/li>\n<li>Dimensions:\n<ul>\n<li>\u00c0 l\u2019ext\u00e9rieur (avec roues) : L 78 x W 75 x H 175 cm<\/li>\n<li>\u00c0 l\u2019int\u00e9rieur: L 70 x W 73 x H 170 cm<\/li>\n<li>Baignoire en bas: L 69 x W 69 x H 3 cm<\/li>\n<li>Espacement de grille : 1.1 cm<\/li>\n<li>\u00c9paisseur du r\u00e9seau : 1,6 mm (horizontale), 3,4 mm (verticale)<\/li>\n<li>Grille : rev\u00eatement de poudre sans plomb et sans cadmium<\/li>\n<li>Alimentable avec 3 bols d\u2019alimentation: 220 ml chacun, dia. 11 x H 4 cm<\/li>\n<li>2 volets avant: W 39 x H 26,5 cm<\/li>\n<li>8 portes lat\u00e9rales : chaque W 12 x H 11 cm<\/li>\n<\/ul>\n<\/li>\n<li>Accessoires:\n<ul>\n<li>4 poteaux de si\u00e8ge en bois : L 73 cm, diam\u00e8tre 15 mm<\/li>\n<li>4 rouleaux en plastique avec fixation m\u00e9tallique, 360 degr\u00e9s rotables : 3,1 x H 4,5 cm<\/li>\n<\/ul>\n<\/li>\n<\/ul>\n<p><span class=\"s1\"><b>Informations sur les<br \/>\n concessionnaires<\/b><\/span> <span class=\"s1\">Dimensions: 78x75x175<br \/>\n cm<\/span> <span class=\"s1\">Morceaux de palette:<br \/>\n 12<\/span> <span class=\"s1\">Poids brut:<br \/>\n 26 kg<\/span> <span class=\"s1\">Espacement de fil : 1.7 cm<\/span><\/p>\n","protected":false},"excerpt":{"rendered":"<p>Skyline voli\u00e8re Loretto XL est une voli\u00e8re d\u2019oiseaux spacieuse et fonctionnelle pour les perruches, les canaris et les exotiques.<br \/>\n<strong>Pour magasiner s&rsquo;il vous pla\u00eet cliquez sur le logo de notre partenaire zooplus<\/strong><br \/>\n<a href=\"https:\/\/www.zooplus.de\/shop\/vogel\/kaefig\/vogel_voliere\/kleinvoegel\/334247\" target=\"_blank\" rel=\"noopener noreferrer\"><img loading=\"lazy\" decoding=\"async\" class=\"alignleft wp-image-3352\" src=\"https:\/\/www.skyline.de\/wp-content\/uploads\/2019\/12\/logo@2x-300x83.png\" alt=\"Shopping avec notre partenaire\" width=\"109\" height=\"30\" srcset=\"https:\/\/i0.wp.com\/www.skyline.de\/wp-content\/uploads\/2019\/12\/logo%402x.png?resize=300%2C83&amp;ssl=1 300w, https:\/\/i0.wp.com\/www.skyline.de\/wp-content\/uploads\/2019\/12\/logo%402x.png?resize=260%2C72&amp;ssl=1 260w, https:\/\/i0.wp.com\/www.skyline.de\/wp-content\/uploads\/2019\/12\/logo%402x.png?resize=50%2C14&amp;ssl=1 50w, https:\/\/i0.wp.com\/www.skyline.de\/wp-content\/uploads\/2019\/12\/logo%402x.png?resize=150%2C42&amp;ssl=1 150w, https:\/\/i0.wp.com\/www.skyline.de\/wp-content\/uploads\/2019\/12\/logo%402x.png?w=392&amp;ssl=1 392w\" sizes=\"auto, (max-width: 109px) 100vw, 109px\" \/><\/a><\/p>\n","protected":false},"featured_media":4435,"template":"","meta":[],"product_brand":[],"product_cat":[51],"product_tag":[],"class_list":{"0":"post-5068","1":"product","2":"type-product","3":"status-publish","4":"has-post-thumbnail","6":"product_cat-avant-garde-fr-2","8":"first","9":"instock","10":"shipping-taxable","11":"product-type-simple"},"yoast_head":"<!-- This site is optimized with the Yoast SEO plugin v27.5 - https:\/\/yoast.com\/product\/yoast-seo-wordpress\/ -->\n<title>CAGES OISEAUX LORETTO XL - Skyline - Lifestyle f\u00fcr Tiere<\/title>\n<meta name=\"robots\" content=\"index, follow, max-snippet:-1, max-image-preview:large, max-video-preview:-1\" \/>\n<link rel=\"canonical\" href=\"https:\/\/www.skyline.de\/fr\/product\/cages-oiseaux-loretto-xl\/\" \/>\n<meta property=\"og:locale\" content=\"fr_FR\" \/>\n<meta property=\"og:type\" content=\"article\" \/>\n<meta property=\"og:title\" content=\"CAGES OISEAUX LORETTO XL - Skyline - Lifestyle f\u00fcr Tiere\" \/>\n<meta property=\"og:description\" content=\"Skyline voli\u00e8re Loretto XL est une voli\u00e8re d\u2019oiseaux spacieuse et fonctionnelle pour les perruches, les canaris et les exotiques. Pour magasiner s&#039;il vous pla\u00eet cliquez sur le logo de notre partenaire zooplus\" \/>\n<meta property=\"og:url\" content=\"https:\/\/www.skyline.de\/fr\/product\/cages-oiseaux-loretto-xl\/\" \/>\n<meta property=\"og:site_name\" content=\"Skyline - Lifestyle f\u00fcr Tiere\" \/>\n<meta property=\"article:modified_time\" content=\"2020-05-27T11:49:45+00:00\" \/>\n<meta property=\"og:image\" content=\"https:\/\/i2.wp.com\/www.skyline.de\/wp-content\/uploads\/2013\/06\/Skyline-Vogelkaefig-loretto-H.jpg?fit=400%2C500&ssl=1\" \/>\n\t<meta property=\"og:image:width\" content=\"400\" \/>\n\t<meta property=\"og:image:height\" content=\"500\" \/>\n\t<meta property=\"og:image:type\" content=\"image\/jpeg\" \/>\n<meta name=\"twitter:card\" content=\"summary_large_image\" \/>\n<meta name=\"twitter:label1\" content=\"Dur\u00e9e de lecture estim\u00e9e\" \/>\n\t<meta name=\"twitter:data1\" content=\"1 minute\" \/>\n<script type=\"application\/ld+json\" class=\"yoast-schema-graph\">{\"@context\":\"https:\\\/\\\/schema.org\",\"@graph\":[{\"@type\":\"WebPage\",\"@id\":\"https:\\\/\\\/www.skyline.de\\\/fr\\\/product\\\/cages-oiseaux-loretto-xl\\\/\",\"url\":\"https:\\\/\\\/www.skyline.de\\\/fr\\\/product\\\/cages-oiseaux-loretto-xl\\\/\",\"name\":\"CAGES OISEAUX LORETTO XL - Skyline - Lifestyle f\u00fcr Tiere\",\"isPartOf\":{\"@id\":\"https:\\\/\\\/www.skyline.de\\\/#website\"},\"primaryImageOfPage\":{\"@id\":\"https:\\\/\\\/www.skyline.de\\\/fr\\\/product\\\/cages-oiseaux-loretto-xl\\\/#primaryimage\"},\"image\":{\"@id\":\"https:\\\/\\\/www.skyline.de\\\/fr\\\/product\\\/cages-oiseaux-loretto-xl\\\/#primaryimage\"},\"thumbnailUrl\":\"https:\\\/\\\/i0.wp.com\\\/www.skyline.de\\\/wp-content\\\/uploads\\\/2013\\\/06\\\/Skyline-Vogelkaefig-loretto-H.jpg?fit=400%2C500&ssl=1\",\"datePublished\":\"2020-05-26T23:43:08+00:00\",\"dateModified\":\"2020-05-27T11:49:45+00:00\",\"breadcrumb\":{\"@id\":\"https:\\\/\\\/www.skyline.de\\\/fr\\\/product\\\/cages-oiseaux-loretto-xl\\\/#breadcrumb\"},\"inLanguage\":\"fr-FR\",\"potentialAction\":[{\"@type\":\"ReadAction\",\"target\":[\"https:\\\/\\\/www.skyline.de\\\/fr\\\/product\\\/cages-oiseaux-loretto-xl\\\/\"]}]},{\"@type\":\"ImageObject\",\"inLanguage\":\"fr-FR\",\"@id\":\"https:\\\/\\\/www.skyline.de\\\/fr\\\/product\\\/cages-oiseaux-loretto-xl\\\/#primaryimage\",\"url\":\"https:\\\/\\\/i0.wp.com\\\/www.skyline.de\\\/wp-content\\\/uploads\\\/2013\\\/06\\\/Skyline-Vogelkaefig-loretto-H.jpg?fit=400%2C500&ssl=1\",\"contentUrl\":\"https:\\\/\\\/i0.wp.com\\\/www.skyline.de\\\/wp-content\\\/uploads\\\/2013\\\/06\\\/Skyline-Vogelkaefig-loretto-H.jpg?fit=400%2C500&ssl=1\",\"width\":400,\"height\":500,\"caption\":\"cages oiseaux Skyline\"},{\"@type\":\"BreadcrumbList\",\"@id\":\"https:\\\/\\\/www.skyline.de\\\/fr\\\/product\\\/cages-oiseaux-loretto-xl\\\/#breadcrumb\",\"itemListElement\":[{\"@type\":\"ListItem\",\"position\":1,\"name\":\"Startseite\",\"item\":\"https:\\\/\\\/www.skyline.de\\\/fr\\\/\"},{\"@type\":\"ListItem\",\"position\":2,\"name\":\"Boutique\",\"item\":\"https:\\\/\\\/www.skyline.de\\\/fr\\\/boutique\\\/\"},{\"@type\":\"ListItem\",\"position\":3,\"name\":\"CAGES OISEAUX LORETTO XL\"}]},{\"@type\":\"WebSite\",\"@id\":\"https:\\\/\\\/www.skyline.de\\\/#website\",\"url\":\"https:\\\/\\\/www.skyline.de\\\/\",\"name\":\"Skyline - Lifestyle f\u00fcr Tiere\",\"description\":\"Katzen, Hunde, Wild- und Gartenv\u00f6gel, Insekten, H\u00fchner, Zierv\u00f6gel, Zwergkaninchen, Meerschweinchen, Hamster, Ratten, M\u00e4use\",\"potentialAction\":[{\"@type\":\"SearchAction\",\"target\":{\"@type\":\"EntryPoint\",\"urlTemplate\":\"https:\\\/\\\/www.skyline.de\\\/?s={search_term_string}\"},\"query-input\":{\"@type\":\"PropertyValueSpecification\",\"valueRequired\":true,\"valueName\":\"search_term_string\"}}],\"inLanguage\":\"fr-FR\"}]}<\/script>\n<!-- \/ Yoast SEO plugin. -->","yoast_head_json":{"title":"CAGES OISEAUX LORETTO XL - Skyline - Lifestyle f\u00fcr Tiere","robots":{"index":"index","follow":"follow","max-snippet":"max-snippet:-1","max-image-preview":"max-image-preview:large","max-video-preview":"max-video-preview:-1"},"canonical":"https:\/\/www.skyline.de\/fr\/product\/cages-oiseaux-loretto-xl\/","og_locale":"fr_FR","og_type":"article","og_title":"CAGES OISEAUX LORETTO XL - Skyline - Lifestyle f\u00fcr Tiere","og_description":"Skyline voli\u00e8re Loretto XL est une voli\u00e8re d\u2019oiseaux spacieuse et fonctionnelle pour les perruches, les canaris et les exotiques. Pour magasiner s'il vous pla\u00eet cliquez sur le logo de notre partenaire zooplus","og_url":"https:\/\/www.skyline.de\/fr\/product\/cages-oiseaux-loretto-xl\/","og_site_name":"Skyline - Lifestyle f\u00fcr Tiere","article_modified_time":"2020-05-27T11:49:45+00:00","og_image":[{"width":400,"height":500,"url":"https:\/\/i2.wp.com\/www.skyline.de\/wp-content\/uploads\/2013\/06\/Skyline-Vogelkaefig-loretto-H.jpg?fit=400%2C500&ssl=1","type":"image\/jpeg"}],"twitter_card":"summary_large_image","twitter_misc":{"Dur\u00e9e de lecture estim\u00e9e":"1 minute"},"schema":{"@context":"https:\/\/schema.org","@graph":[{"@type":"WebPage","@id":"https:\/\/www.skyline.de\/fr\/product\/cages-oiseaux-loretto-xl\/","url":"https:\/\/www.skyline.de\/fr\/product\/cages-oiseaux-loretto-xl\/","name":"CAGES OISEAUX LORETTO XL - Skyline - Lifestyle f\u00fcr Tiere","isPartOf":{"@id":"https:\/\/www.skyline.de\/#website"},"primaryImageOfPage":{"@id":"https:\/\/www.skyline.de\/fr\/product\/cages-oiseaux-loretto-xl\/#primaryimage"},"image":{"@id":"https:\/\/www.skyline.de\/fr\/product\/cages-oiseaux-loretto-xl\/#primaryimage"},"thumbnailUrl":"https:\/\/i0.wp.com\/www.skyline.de\/wp-content\/uploads\/2013\/06\/Skyline-Vogelkaefig-loretto-H.jpg?fit=400%2C500&ssl=1","datePublished":"2020-05-26T23:43:08+00:00","dateModified":"2020-05-27T11:49:45+00:00","breadcrumb":{"@id":"https:\/\/www.skyline.de\/fr\/product\/cages-oiseaux-loretto-xl\/#breadcrumb"},"inLanguage":"fr-FR","potentialAction":[{"@type":"ReadAction","target":["https:\/\/www.skyline.de\/fr\/product\/cages-oiseaux-loretto-xl\/"]}]},{"@type":"ImageObject","inLanguage":"fr-FR","@id":"https:\/\/www.skyline.de\/fr\/product\/cages-oiseaux-loretto-xl\/#primaryimage","url":"https:\/\/i0.wp.com\/www.skyline.de\/wp-content\/uploads\/2013\/06\/Skyline-Vogelkaefig-loretto-H.jpg?fit=400%2C500&ssl=1","contentUrl":"https:\/\/i0.wp.com\/www.skyline.de\/wp-content\/uploads\/2013\/06\/Skyline-Vogelkaefig-loretto-H.jpg?fit=400%2C500&ssl=1","width":400,"height":500,"caption":"cages oiseaux Skyline"},{"@type":"BreadcrumbList","@id":"https:\/\/www.skyline.de\/fr\/product\/cages-oiseaux-loretto-xl\/#breadcrumb","itemListElement":[{"@type":"ListItem","position":1,"name":"Startseite","item":"https:\/\/www.skyline.de\/fr\/"},{"@type":"ListItem","position":2,"name":"Boutique","item":"https:\/\/www.skyline.de\/fr\/boutique\/"},{"@type":"ListItem","position":3,"name":"CAGES OISEAUX LORETTO XL"}]},{"@type":"WebSite","@id":"https:\/\/www.skyline.de\/#website","url":"https:\/\/www.skyline.de\/","name":"Skyline - Lifestyle f\u00fcr Tiere","description":"Katzen, Hunde, Wild- und Gartenv\u00f6gel, Insekten, H\u00fchner, Zierv\u00f6gel, Zwergkaninchen, Meerschweinchen, Hamster, Ratten, M\u00e4use","potentialAction":[{"@type":"SearchAction","target":{"@type":"EntryPoint","urlTemplate":"https:\/\/www.skyline.de\/?s={search_term_string}"},"query-input":{"@type":"PropertyValueSpecification","valueRequired":true,"valueName":"search_term_string"}}],"inLanguage":"fr-FR"}]}},"_links":{"self":[{"href":"https:\/\/www.skyline.de\/fr\/wp-json\/wp\/v2\/product\/5068","targetHints":{"allow":["GET"]}}],"collection":[{"href":"https:\/\/www.skyline.de\/fr\/wp-json\/wp\/v2\/product"}],"about":[{"href":"https:\/\/www.skyline.de\/fr\/wp-json\/wp\/v2\/types\/product"}],"wp:featuredmedia":[{"embeddable":true,"href":"https:\/\/www.skyline.de\/fr\/wp-json\/wp\/v2\/media\/4435"}],"wp:attachment":[{"href":"https:\/\/www.skyline.de\/fr\/wp-json\/wp\/v2\/media?parent=5068"}],"wp:term":[{"taxonomy":"product_brand","embeddable":true,"href":"https:\/\/www.skyline.de\/fr\/wp-json\/wp\/v2\/product_brand?post=5068"},{"taxonomy":"product_cat","embeddable":true,"href":"https:\/\/www.skyline.de\/fr\/wp-json\/wp\/v2\/product_cat?post=5068"},{"taxonomy":"product_tag","embeddable":true,"href":"https:\/\/www.skyline.de\/fr\/wp-json\/wp\/v2\/product_tag?post=5068"}],"curies":[{"name":"wp","href":"https:\/\/api.w.org\/{rel}","templated":true}]}}