{"id":5067,"date":"2013-06-07T11:05:37","date_gmt":"2020-05-26T21:00:35","guid":{"rendered":"http:\/\/www.skyline.de\/?post_type=product&#038;p=5067"},"modified":"2020-05-27T13:49:43","modified_gmt":"2020-05-27T11:49:43","slug":"cage-oiseaux-diana-marron","status":"publish","type":"product","link":"https:\/\/www.skyline.de\/fr\/product\/cage-oiseaux-diana-marron\/","title":{"rendered":"CAGES OISEAUX DIANA MARRON"},"content":{"rendered":"<p>Le toit enti\u00e8rement ouvrable facilite l\u2019acc\u00e8s \u00a0\u00e0 l\u2019int\u00e9rieur de la cage. Le tiroir amovible rend le nettoyage plus ais\u00e9 et \u00a0son bac recouvert\u00a0 de plexiglas prot\u00e8ge le bois contre les salissures.<\/p>\n<ul>\n<li>Calandre de cage avec plomb, et finition de surface sans cadmium<\/li>\n<li>Nettoyage facile par tiroir amovible (LxWxH: environ 99x50x2.8cm) avec plexiprotection<\/li>\n<li>4 portes avant, 1 porte lat\u00e9rale (LxH: environ 12x12cm)<\/li>\n<li>y compris. Accessoires: 4 poteaux de si\u00e8ge en bois (51x1cm), pad de jeu en bois (28cm), \u00e9chelle en bois (33cm), 4 tasses en plastique (LxWxH: environ 9x9x6cm)<\/li>\n<li>Alimentation facile par des bols alimentaires remplissables \u00e0 l\u2019ext\u00e9rieur<\/li>\n<li>Corps : anthracite de couleur, ou m\u00e9tallis\u00e9 argent\u00e9<\/li>\n<li>Fait de bois de pin<\/li>\n<\/ul>\n<p><strong>Informations sur les concessionnaires<\/strong><br \/>\nDimensions: 100x17x83cm<br \/>\nPi\u00e8ces de palette: 16<br \/>\nPoids brut: 14 kg<br \/>\nEspacement de fil : 1.1cm<\/p>\n<p>&nbsp;<\/p>\n","protected":false},"excerpt":{"rendered":"<p>SKYLINE Cage de oiseaux pour perruches ou canaris.<br \/>\nNotre Skyline cage oiseaux Diana est une cage en bois de haute qualit\u00e9 en bois de pin avec c\u00e2blage vertical et horizontal pour diff\u00e9rentes esp\u00e8ces d\u2019oiseaux.<\/p>\n","protected":false},"featured_media":4430,"template":"","meta":[],"product_brand":[],"product_cat":[51],"product_tag":[],"class_list":{"0":"post-5067","1":"product","2":"type-product","3":"status-publish","4":"has-post-thumbnail","6":"product_cat-avant-garde-fr-2","8":"first","9":"instock","10":"shipping-taxable","11":"product-type-simple"},"yoast_head":"<!-- This site is optimized with the Yoast SEO plugin v27.1.1 - https:\/\/yoast.com\/product\/yoast-seo-wordpress\/ -->\n<title>CAGES OISEAUX DIANA MARRON - Skyline - Lifestyle f\u00fcr Tiere<\/title>\n<meta name=\"robots\" content=\"index, follow, max-snippet:-1, max-image-preview:large, max-video-preview:-1\" \/>\n<link rel=\"canonical\" href=\"https:\/\/www.skyline.de\/fr\/product\/cage-oiseaux-diana-marron\/\" \/>\n<meta property=\"og:locale\" content=\"fr_FR\" \/>\n<meta property=\"og:type\" content=\"article\" \/>\n<meta property=\"og:title\" content=\"CAGES OISEAUX DIANA MARRON - Skyline - Lifestyle f\u00fcr Tiere\" \/>\n<meta property=\"og:description\" content=\"SKYLINE Cage de oiseaux pour perruches ou canaris. Notre Skyline cage oiseaux Diana est une cage en bois de haute qualit\u00e9 en bois de pin avec c\u00e2blage vertical et horizontal pour diff\u00e9rentes esp\u00e8ces d\u2019oiseaux.\" \/>\n<meta property=\"og:url\" content=\"https:\/\/www.skyline.de\/fr\/product\/cage-oiseaux-diana-marron\/\" \/>\n<meta property=\"og:site_name\" content=\"Skyline - Lifestyle f\u00fcr Tiere\" \/>\n<meta property=\"article:modified_time\" content=\"2020-05-27T11:49:43+00:00\" \/>\n<meta property=\"og:image\" content=\"https:\/\/i0.wp.com\/www.skyline.de\/wp-content\/uploads\/2013\/06\/Skyline-Vogelka\u0308fig-Diana-B-1.jpg?fit=400%2C500&ssl=1\" \/>\n\t<meta property=\"og:image:width\" content=\"400\" \/>\n\t<meta property=\"og:image:height\" content=\"500\" \/>\n\t<meta property=\"og:image:type\" content=\"image\/jpeg\" \/>\n<meta name=\"twitter:card\" content=\"summary_large_image\" \/>\n<meta name=\"twitter:label1\" content=\"Dur\u00e9e de lecture estim\u00e9e\" \/>\n\t<meta name=\"twitter:data1\" content=\"1 minute\" \/>\n<script type=\"application\/ld+json\" class=\"yoast-schema-graph\">{\"@context\":\"https:\/\/schema.org\",\"@graph\":[{\"@type\":\"WebPage\",\"@id\":\"https:\/\/www.skyline.de\/fr\/product\/cage-oiseaux-diana-marron\/\",\"url\":\"https:\/\/www.skyline.de\/fr\/product\/cage-oiseaux-diana-marron\/\",\"name\":\"CAGES OISEAUX DIANA MARRON - Skyline - Lifestyle f\u00fcr Tiere\",\"isPartOf\":{\"@id\":\"https:\/\/www.skyline.de\/#website\"},\"primaryImageOfPage\":{\"@id\":\"https:\/\/www.skyline.de\/fr\/product\/cage-oiseaux-diana-marron\/#primaryimage\"},\"image\":{\"@id\":\"https:\/\/www.skyline.de\/fr\/product\/cage-oiseaux-diana-marron\/#primaryimage\"},\"thumbnailUrl\":\"https:\/\/i0.wp.com\/www.skyline.de\/wp-content\/uploads\/2013\/06\/Skyline-Vogelka%CC%88fig-Diana-B-1.jpg?fit=400%2C500&ssl=1\",\"datePublished\":\"2020-05-26T21:00:35+00:00\",\"dateModified\":\"2020-05-27T11:49:43+00:00\",\"breadcrumb\":{\"@id\":\"https:\/\/www.skyline.de\/fr\/product\/cage-oiseaux-diana-marron\/#breadcrumb\"},\"inLanguage\":\"fr-FR\",\"potentialAction\":[{\"@type\":\"ReadAction\",\"target\":[\"https:\/\/www.skyline.de\/fr\/product\/cage-oiseaux-diana-marron\/\"]}]},{\"@type\":\"ImageObject\",\"inLanguage\":\"fr-FR\",\"@id\":\"https:\/\/www.skyline.de\/fr\/product\/cage-oiseaux-diana-marron\/#primaryimage\",\"url\":\"https:\/\/i0.wp.com\/www.skyline.de\/wp-content\/uploads\/2013\/06\/Skyline-Vogelka%CC%88fig-Diana-B-1.jpg?fit=400%2C500&ssl=1\",\"contentUrl\":\"https:\/\/i0.wp.com\/www.skyline.de\/wp-content\/uploads\/2013\/06\/Skyline-Vogelka%CC%88fig-Diana-B-1.jpg?fit=400%2C500&ssl=1\",\"width\":400,\"height\":500,\"caption\":\"bird cages Skyline\"},{\"@type\":\"BreadcrumbList\",\"@id\":\"https:\/\/www.skyline.de\/fr\/product\/cage-oiseaux-diana-marron\/#breadcrumb\",\"itemListElement\":[{\"@type\":\"ListItem\",\"position\":1,\"name\":\"Startseite\",\"item\":\"https:\/\/www.skyline.de\/fr\/\"},{\"@type\":\"ListItem\",\"position\":2,\"name\":\"Boutique\",\"item\":\"https:\/\/www.skyline.de\/fr\/boutique\/\"},{\"@type\":\"ListItem\",\"position\":3,\"name\":\"CAGES OISEAUX DIANA MARRON\"}]},{\"@type\":\"WebSite\",\"@id\":\"https:\/\/www.skyline.de\/#website\",\"url\":\"https:\/\/www.skyline.de\/\",\"name\":\"Skyline - Lifestyle f\u00fcr Tiere\",\"description\":\"Katzen, Hunde, Wild- und Gartenv\u00f6gel, Insekten, H\u00fchner, Zierv\u00f6gel, Zwergkaninchen, Meerschweinchen, Hamster, Ratten, M\u00e4use\",\"potentialAction\":[{\"@type\":\"SearchAction\",\"target\":{\"@type\":\"EntryPoint\",\"urlTemplate\":\"https:\/\/www.skyline.de\/?s={search_term_string}\"},\"query-input\":{\"@type\":\"PropertyValueSpecification\",\"valueRequired\":true,\"valueName\":\"search_term_string\"}}],\"inLanguage\":\"fr-FR\"}]}<\/script>\n<!-- \/ Yoast SEO plugin. -->","yoast_head_json":{"title":"CAGES OISEAUX DIANA MARRON - Skyline - Lifestyle f\u00fcr Tiere","robots":{"index":"index","follow":"follow","max-snippet":"max-snippet:-1","max-image-preview":"max-image-preview:large","max-video-preview":"max-video-preview:-1"},"canonical":"https:\/\/www.skyline.de\/fr\/product\/cage-oiseaux-diana-marron\/","og_locale":"fr_FR","og_type":"article","og_title":"CAGES OISEAUX DIANA MARRON - Skyline - Lifestyle f\u00fcr Tiere","og_description":"SKYLINE Cage de oiseaux pour perruches ou canaris. Notre Skyline cage oiseaux Diana est une cage en bois de haute qualit\u00e9 en bois de pin avec c\u00e2blage vertical et horizontal pour diff\u00e9rentes esp\u00e8ces d\u2019oiseaux.","og_url":"https:\/\/www.skyline.de\/fr\/product\/cage-oiseaux-diana-marron\/","og_site_name":"Skyline - Lifestyle f\u00fcr Tiere","article_modified_time":"2020-05-27T11:49:43+00:00","og_image":[{"width":400,"height":500,"url":"https:\/\/i0.wp.com\/www.skyline.de\/wp-content\/uploads\/2013\/06\/Skyline-Vogelka\u0308fig-Diana-B-1.jpg?fit=400%2C500&ssl=1","type":"image\/jpeg"}],"twitter_card":"summary_large_image","twitter_misc":{"Dur\u00e9e de lecture estim\u00e9e":"1 minute"},"schema":{"@context":"https:\/\/schema.org","@graph":[{"@type":"WebPage","@id":"https:\/\/www.skyline.de\/fr\/product\/cage-oiseaux-diana-marron\/","url":"https:\/\/www.skyline.de\/fr\/product\/cage-oiseaux-diana-marron\/","name":"CAGES OISEAUX DIANA MARRON - Skyline - Lifestyle f\u00fcr Tiere","isPartOf":{"@id":"https:\/\/www.skyline.de\/#website"},"primaryImageOfPage":{"@id":"https:\/\/www.skyline.de\/fr\/product\/cage-oiseaux-diana-marron\/#primaryimage"},"image":{"@id":"https:\/\/www.skyline.de\/fr\/product\/cage-oiseaux-diana-marron\/#primaryimage"},"thumbnailUrl":"https:\/\/i0.wp.com\/www.skyline.de\/wp-content\/uploads\/2013\/06\/Skyline-Vogelka%CC%88fig-Diana-B-1.jpg?fit=400%2C500&ssl=1","datePublished":"2020-05-26T21:00:35+00:00","dateModified":"2020-05-27T11:49:43+00:00","breadcrumb":{"@id":"https:\/\/www.skyline.de\/fr\/product\/cage-oiseaux-diana-marron\/#breadcrumb"},"inLanguage":"fr-FR","potentialAction":[{"@type":"ReadAction","target":["https:\/\/www.skyline.de\/fr\/product\/cage-oiseaux-diana-marron\/"]}]},{"@type":"ImageObject","inLanguage":"fr-FR","@id":"https:\/\/www.skyline.de\/fr\/product\/cage-oiseaux-diana-marron\/#primaryimage","url":"https:\/\/i0.wp.com\/www.skyline.de\/wp-content\/uploads\/2013\/06\/Skyline-Vogelka%CC%88fig-Diana-B-1.jpg?fit=400%2C500&ssl=1","contentUrl":"https:\/\/i0.wp.com\/www.skyline.de\/wp-content\/uploads\/2013\/06\/Skyline-Vogelka%CC%88fig-Diana-B-1.jpg?fit=400%2C500&ssl=1","width":400,"height":500,"caption":"bird cages Skyline"},{"@type":"BreadcrumbList","@id":"https:\/\/www.skyline.de\/fr\/product\/cage-oiseaux-diana-marron\/#breadcrumb","itemListElement":[{"@type":"ListItem","position":1,"name":"Startseite","item":"https:\/\/www.skyline.de\/fr\/"},{"@type":"ListItem","position":2,"name":"Boutique","item":"https:\/\/www.skyline.de\/fr\/boutique\/"},{"@type":"ListItem","position":3,"name":"CAGES OISEAUX DIANA MARRON"}]},{"@type":"WebSite","@id":"https:\/\/www.skyline.de\/#website","url":"https:\/\/www.skyline.de\/","name":"Skyline - Lifestyle f\u00fcr Tiere","description":"Katzen, Hunde, Wild- und Gartenv\u00f6gel, Insekten, H\u00fchner, Zierv\u00f6gel, Zwergkaninchen, Meerschweinchen, Hamster, Ratten, M\u00e4use","potentialAction":[{"@type":"SearchAction","target":{"@type":"EntryPoint","urlTemplate":"https:\/\/www.skyline.de\/?s={search_term_string}"},"query-input":{"@type":"PropertyValueSpecification","valueRequired":true,"valueName":"search_term_string"}}],"inLanguage":"fr-FR"}]}},"_links":{"self":[{"href":"https:\/\/www.skyline.de\/fr\/wp-json\/wp\/v2\/product\/5067","targetHints":{"allow":["GET"]}}],"collection":[{"href":"https:\/\/www.skyline.de\/fr\/wp-json\/wp\/v2\/product"}],"about":[{"href":"https:\/\/www.skyline.de\/fr\/wp-json\/wp\/v2\/types\/product"}],"wp:featuredmedia":[{"embeddable":true,"href":"https:\/\/www.skyline.de\/fr\/wp-json\/wp\/v2\/media\/4430"}],"wp:attachment":[{"href":"https:\/\/www.skyline.de\/fr\/wp-json\/wp\/v2\/media?parent=5067"}],"wp:term":[{"taxonomy":"product_brand","embeddable":true,"href":"https:\/\/www.skyline.de\/fr\/wp-json\/wp\/v2\/product_brand?post=5067"},{"taxonomy":"product_cat","embeddable":true,"href":"https:\/\/www.skyline.de\/fr\/wp-json\/wp\/v2\/product_cat?post=5067"},{"taxonomy":"product_tag","embeddable":true,"href":"https:\/\/www.skyline.de\/fr\/wp-json\/wp\/v2\/product_tag?post=5067"}],"curies":[{"name":"wp","href":"https:\/\/api.w.org\/{rel}","templated":true}]}}