{"id":5064,"date":"2019-10-14T16:33:19","date_gmt":"2020-05-26T20:42:39","guid":{"rendered":"http:\/\/www.skyline.de\/?post_type=product&#038;p=5064"},"modified":"2020-05-27T13:49:42","modified_gmt":"2020-05-27T11:49:42","slug":"cage-oiseaux-antonia","status":"publish","type":"product","link":"https:\/\/www.skyline.de\/fr\/product\/cage-oiseaux-antonia\/","title":{"rendered":"CAGES OISEAUX ANTONIA"},"content":{"rendered":"<ul class=\"product-features-list\">\n<li>Cage \u00e0 oiseaux en bois robuste<\/li>\n<li><i class=\"icon icon-checkmark\"><\/i>\u00c9chelle et 3 tiges de si\u00e8ge en bois<\/li>\n<li><i class=\"icon icon-checkmark\"><\/i>y compris. 2 bols de nourriture pour les oiseaux<\/li>\n<li><i class=\"icon icon-checkmark\"><\/i>Avec des jouets en bois color\u00e9s<\/li>\n<li><i class=\"icon icon-checkmark\"><\/i>Tiroir de sable d\u2019oiseau amovible pour le nettoyage facile<\/li>\n<\/ul>\n<p>Antonia en bois naturel lasur\u00e9 est dot\u00e9e d&rsquo;un tiroir amovible pour un nettoyage facile et de vitres de protection en plexiglas anti-salet\u00e9s.<\/p>\n<p><strong>Informations sur les concessionnaires<\/strong><br \/>\nDimensions: 70x40x67cm<br \/>\n\u00c9quipement\u00a0 3 perchoirs\/2 mangeoires\/1 jouet\/1 \u00e9chelle\u00a0 \/ 1 jouet<br \/>\nNombre d&rsquo;UVC\/colis\u00a0 1<br \/>\nNombre de colis\/palette \u00a0 34<br \/>\nNombre d\u2019UVC\/palette\u00a0 34<br \/>\nPoids brut: 7,2 kg<br \/>\nEspacement de fil : 1.1cm<\/p>\n","protected":false},"excerpt":{"rendered":"<p>Belle cage \u00e0 oiseaux avec cadre en bois dans la nature ou blanc pour la perruche, canari et diverses esp\u00e8ces de pinsons.<\/p>\n","protected":false},"featured_media":5346,"template":"","meta":[],"product_brand":[],"product_cat":[51],"product_tag":[],"class_list":{"0":"post-5064","1":"product","2":"type-product","3":"status-publish","4":"has-post-thumbnail","6":"product_cat-avant-garde-fr-2","8":"first","9":"instock","10":"shipping-taxable","11":"product-type-simple"},"yoast_head":"<!-- This site is optimized with the Yoast SEO plugin v27.1.1 - https:\/\/yoast.com\/product\/yoast-seo-wordpress\/ -->\n<title>CAGES OISEAUX ANTONIA - Skyline - Lifestyle f\u00fcr Tiere<\/title>\n<meta name=\"robots\" content=\"index, follow, max-snippet:-1, max-image-preview:large, max-video-preview:-1\" \/>\n<link rel=\"canonical\" href=\"https:\/\/www.skyline.de\/fr\/product\/cage-oiseaux-antonia\/\" \/>\n<meta property=\"og:locale\" content=\"fr_FR\" \/>\n<meta property=\"og:type\" content=\"article\" \/>\n<meta property=\"og:title\" content=\"CAGES OISEAUX ANTONIA - Skyline - Lifestyle f\u00fcr Tiere\" \/>\n<meta property=\"og:description\" content=\"Belle cage \u00e0 oiseaux avec cadre en bois dans la nature ou blanc pour la perruche, canari et diverses esp\u00e8ces de pinsons.\" \/>\n<meta property=\"og:url\" content=\"https:\/\/www.skyline.de\/fr\/product\/cage-oiseaux-antonia\/\" \/>\n<meta property=\"og:site_name\" content=\"Skyline - Lifestyle f\u00fcr Tiere\" \/>\n<meta property=\"article:modified_time\" content=\"2020-05-27T11:49:42+00:00\" \/>\n<meta property=\"og:image\" content=\"https:\/\/i2.wp.com\/www.skyline.de\/wp-content\/uploads\/2019\/10\/Skyline-Vogelkaefig-antonia-w.jpg?fit=600%2C700&ssl=1\" \/>\n\t<meta property=\"og:image:width\" content=\"600\" \/>\n\t<meta property=\"og:image:height\" content=\"700\" \/>\n\t<meta property=\"og:image:type\" content=\"image\/jpeg\" \/>\n<meta name=\"twitter:card\" content=\"summary_large_image\" \/>\n<script type=\"application\/ld+json\" class=\"yoast-schema-graph\">{\"@context\":\"https:\/\/schema.org\",\"@graph\":[{\"@type\":\"WebPage\",\"@id\":\"https:\/\/www.skyline.de\/fr\/product\/cage-oiseaux-antonia\/\",\"url\":\"https:\/\/www.skyline.de\/fr\/product\/cage-oiseaux-antonia\/\",\"name\":\"CAGES OISEAUX ANTONIA - Skyline - Lifestyle f\u00fcr Tiere\",\"isPartOf\":{\"@id\":\"https:\/\/www.skyline.de\/#website\"},\"primaryImageOfPage\":{\"@id\":\"https:\/\/www.skyline.de\/fr\/product\/cage-oiseaux-antonia\/#primaryimage\"},\"image\":{\"@id\":\"https:\/\/www.skyline.de\/fr\/product\/cage-oiseaux-antonia\/#primaryimage\"},\"thumbnailUrl\":\"https:\/\/i0.wp.com\/www.skyline.de\/wp-content\/uploads\/2019\/10\/Skyline-Vogelkaefig-antonia-w.jpg?fit=600%2C700&ssl=1\",\"datePublished\":\"2020-05-26T20:42:39+00:00\",\"dateModified\":\"2020-05-27T11:49:42+00:00\",\"breadcrumb\":{\"@id\":\"https:\/\/www.skyline.de\/fr\/product\/cage-oiseaux-antonia\/#breadcrumb\"},\"inLanguage\":\"fr-FR\",\"potentialAction\":[{\"@type\":\"ReadAction\",\"target\":[\"https:\/\/www.skyline.de\/fr\/product\/cage-oiseaux-antonia\/\"]}]},{\"@type\":\"ImageObject\",\"inLanguage\":\"fr-FR\",\"@id\":\"https:\/\/www.skyline.de\/fr\/product\/cage-oiseaux-antonia\/#primaryimage\",\"url\":\"https:\/\/i0.wp.com\/www.skyline.de\/wp-content\/uploads\/2019\/10\/Skyline-Vogelkaefig-antonia-w.jpg?fit=600%2C700&ssl=1\",\"contentUrl\":\"https:\/\/i0.wp.com\/www.skyline.de\/wp-content\/uploads\/2019\/10\/Skyline-Vogelkaefig-antonia-w.jpg?fit=600%2C700&ssl=1\",\"width\":600,\"height\":700},{\"@type\":\"BreadcrumbList\",\"@id\":\"https:\/\/www.skyline.de\/fr\/product\/cage-oiseaux-antonia\/#breadcrumb\",\"itemListElement\":[{\"@type\":\"ListItem\",\"position\":1,\"name\":\"Startseite\",\"item\":\"https:\/\/www.skyline.de\/fr\/\"},{\"@type\":\"ListItem\",\"position\":2,\"name\":\"Boutique\",\"item\":\"https:\/\/www.skyline.de\/fr\/boutique\/\"},{\"@type\":\"ListItem\",\"position\":3,\"name\":\"CAGES OISEAUX ANTONIA\"}]},{\"@type\":\"WebSite\",\"@id\":\"https:\/\/www.skyline.de\/#website\",\"url\":\"https:\/\/www.skyline.de\/\",\"name\":\"Skyline - Lifestyle f\u00fcr Tiere\",\"description\":\"Katzen, Hunde, Wild- und Gartenv\u00f6gel, Insekten, H\u00fchner, Zierv\u00f6gel, Zwergkaninchen, Meerschweinchen, Hamster, Ratten, M\u00e4use\",\"potentialAction\":[{\"@type\":\"SearchAction\",\"target\":{\"@type\":\"EntryPoint\",\"urlTemplate\":\"https:\/\/www.skyline.de\/?s={search_term_string}\"},\"query-input\":{\"@type\":\"PropertyValueSpecification\",\"valueRequired\":true,\"valueName\":\"search_term_string\"}}],\"inLanguage\":\"fr-FR\"}]}<\/script>\n<!-- \/ Yoast SEO plugin. -->","yoast_head_json":{"title":"CAGES OISEAUX ANTONIA - Skyline - Lifestyle f\u00fcr Tiere","robots":{"index":"index","follow":"follow","max-snippet":"max-snippet:-1","max-image-preview":"max-image-preview:large","max-video-preview":"max-video-preview:-1"},"canonical":"https:\/\/www.skyline.de\/fr\/product\/cage-oiseaux-antonia\/","og_locale":"fr_FR","og_type":"article","og_title":"CAGES OISEAUX ANTONIA - Skyline - Lifestyle f\u00fcr Tiere","og_description":"Belle cage \u00e0 oiseaux avec cadre en bois dans la nature ou blanc pour la perruche, canari et diverses esp\u00e8ces de pinsons.","og_url":"https:\/\/www.skyline.de\/fr\/product\/cage-oiseaux-antonia\/","og_site_name":"Skyline - Lifestyle f\u00fcr Tiere","article_modified_time":"2020-05-27T11:49:42+00:00","og_image":[{"width":600,"height":700,"url":"https:\/\/i2.wp.com\/www.skyline.de\/wp-content\/uploads\/2019\/10\/Skyline-Vogelkaefig-antonia-w.jpg?fit=600%2C700&ssl=1","type":"image\/jpeg"}],"twitter_card":"summary_large_image","schema":{"@context":"https:\/\/schema.org","@graph":[{"@type":"WebPage","@id":"https:\/\/www.skyline.de\/fr\/product\/cage-oiseaux-antonia\/","url":"https:\/\/www.skyline.de\/fr\/product\/cage-oiseaux-antonia\/","name":"CAGES OISEAUX ANTONIA - Skyline - Lifestyle f\u00fcr Tiere","isPartOf":{"@id":"https:\/\/www.skyline.de\/#website"},"primaryImageOfPage":{"@id":"https:\/\/www.skyline.de\/fr\/product\/cage-oiseaux-antonia\/#primaryimage"},"image":{"@id":"https:\/\/www.skyline.de\/fr\/product\/cage-oiseaux-antonia\/#primaryimage"},"thumbnailUrl":"https:\/\/i0.wp.com\/www.skyline.de\/wp-content\/uploads\/2019\/10\/Skyline-Vogelkaefig-antonia-w.jpg?fit=600%2C700&ssl=1","datePublished":"2020-05-26T20:42:39+00:00","dateModified":"2020-05-27T11:49:42+00:00","breadcrumb":{"@id":"https:\/\/www.skyline.de\/fr\/product\/cage-oiseaux-antonia\/#breadcrumb"},"inLanguage":"fr-FR","potentialAction":[{"@type":"ReadAction","target":["https:\/\/www.skyline.de\/fr\/product\/cage-oiseaux-antonia\/"]}]},{"@type":"ImageObject","inLanguage":"fr-FR","@id":"https:\/\/www.skyline.de\/fr\/product\/cage-oiseaux-antonia\/#primaryimage","url":"https:\/\/i0.wp.com\/www.skyline.de\/wp-content\/uploads\/2019\/10\/Skyline-Vogelkaefig-antonia-w.jpg?fit=600%2C700&ssl=1","contentUrl":"https:\/\/i0.wp.com\/www.skyline.de\/wp-content\/uploads\/2019\/10\/Skyline-Vogelkaefig-antonia-w.jpg?fit=600%2C700&ssl=1","width":600,"height":700},{"@type":"BreadcrumbList","@id":"https:\/\/www.skyline.de\/fr\/product\/cage-oiseaux-antonia\/#breadcrumb","itemListElement":[{"@type":"ListItem","position":1,"name":"Startseite","item":"https:\/\/www.skyline.de\/fr\/"},{"@type":"ListItem","position":2,"name":"Boutique","item":"https:\/\/www.skyline.de\/fr\/boutique\/"},{"@type":"ListItem","position":3,"name":"CAGES OISEAUX ANTONIA"}]},{"@type":"WebSite","@id":"https:\/\/www.skyline.de\/#website","url":"https:\/\/www.skyline.de\/","name":"Skyline - Lifestyle f\u00fcr Tiere","description":"Katzen, Hunde, Wild- und Gartenv\u00f6gel, Insekten, H\u00fchner, Zierv\u00f6gel, Zwergkaninchen, Meerschweinchen, Hamster, Ratten, M\u00e4use","potentialAction":[{"@type":"SearchAction","target":{"@type":"EntryPoint","urlTemplate":"https:\/\/www.skyline.de\/?s={search_term_string}"},"query-input":{"@type":"PropertyValueSpecification","valueRequired":true,"valueName":"search_term_string"}}],"inLanguage":"fr-FR"}]}},"_links":{"self":[{"href":"https:\/\/www.skyline.de\/fr\/wp-json\/wp\/v2\/product\/5064","targetHints":{"allow":["GET"]}}],"collection":[{"href":"https:\/\/www.skyline.de\/fr\/wp-json\/wp\/v2\/product"}],"about":[{"href":"https:\/\/www.skyline.de\/fr\/wp-json\/wp\/v2\/types\/product"}],"wp:featuredmedia":[{"embeddable":true,"href":"https:\/\/www.skyline.de\/fr\/wp-json\/wp\/v2\/media\/5346"}],"wp:attachment":[{"href":"https:\/\/www.skyline.de\/fr\/wp-json\/wp\/v2\/media?parent=5064"}],"wp:term":[{"taxonomy":"product_brand","embeddable":true,"href":"https:\/\/www.skyline.de\/fr\/wp-json\/wp\/v2\/product_brand?post=5064"},{"taxonomy":"product_cat","embeddable":true,"href":"https:\/\/www.skyline.de\/fr\/wp-json\/wp\/v2\/product_cat?post=5064"},{"taxonomy":"product_tag","embeddable":true,"href":"https:\/\/www.skyline.de\/fr\/wp-json\/wp\/v2\/product_tag?post=5064"}],"curies":[{"name":"wp","href":"https:\/\/api.w.org\/{rel}","templated":true}]}}