{"id":5035,"date":"2019-12-28T17:01:39","date_gmt":"2020-05-26T19:27:10","guid":{"rendered":"http:\/\/www.skyline.de\/?post_type=product&#038;p=5035"},"modified":"2020-05-27T13:49:33","modified_gmt":"2020-05-27T11:49:33","slug":"hideaway-sand","status":"publish","type":"product","link":"https:\/\/www.skyline.de\/fr\/product\/hideaway-sand\/","title":{"rendered":"HIDEAWAY SAND"},"content":{"rendered":"<p><strong>Finitions<br \/>\n et tailles<\/strong> Taille de l\u2019article: 40x40cm<\/p>\n","protected":false},"excerpt":{"rendered":"<p>HIDEAWAY \u00ab\u00a0SAND\u00a0\u00bb est un bois c\u00e2lin pour vos favoris avec coussin int\u00e9rieur amovible.<br \/>\nL\u2019oreiller est amovible et lavable.<br \/>\nUne grande durabilit\u00e9 et un r\u00e9pulsif \u00e0 l\u2019eau.<br \/>\nDisponible en une seule taille et plusieurs couleurs.<\/p>\n","protected":false},"featured_media":5313,"template":"","meta":[],"product_brand":[],"product_cat":[56,63],"product_tag":[],"class_list":{"0":"post-5035","1":"product","2":"type-product","3":"status-publish","4":"has-post-thumbnail","6":"product_cat-felidaes-palace-fr","7":"product_cat-lits-oreillers","9":"first","10":"instock","11":"shipping-taxable","12":"product-type-simple"},"yoast_head":"<!-- This site is optimized with the Yoast SEO plugin v27.1.1 - https:\/\/yoast.com\/product\/yoast-seo-wordpress\/ -->\n<title>HIDEAWAY SAND - Skyline - Lifestyle f\u00fcr Tiere<\/title>\n<meta name=\"robots\" content=\"index, follow, max-snippet:-1, max-image-preview:large, max-video-preview:-1\" \/>\n<link rel=\"canonical\" href=\"https:\/\/www.skyline.de\/fr\/product\/hideaway-sand\/\" \/>\n<meta property=\"og:locale\" content=\"fr_FR\" \/>\n<meta property=\"og:type\" content=\"article\" \/>\n<meta property=\"og:title\" content=\"HIDEAWAY SAND - Skyline - Lifestyle f\u00fcr Tiere\" \/>\n<meta property=\"og:description\" content=\"HIDEAWAY &quot;SAND&quot; est un bois c\u00e2lin pour vos favoris avec coussin int\u00e9rieur amovible. L\u2019oreiller est amovible et lavable. Une grande durabilit\u00e9 et un r\u00e9pulsif \u00e0 l\u2019eau. Disponible en une seule taille et plusieurs couleurs.\" \/>\n<meta property=\"og:url\" content=\"https:\/\/www.skyline.de\/fr\/product\/hideaway-sand\/\" \/>\n<meta property=\"og:site_name\" content=\"Skyline - Lifestyle f\u00fcr Tiere\" \/>\n<meta property=\"article:modified_time\" content=\"2020-05-27T11:49:33+00:00\" \/>\n<meta property=\"og:image\" content=\"https:\/\/i1.wp.com\/www.skyline.de\/wp-content\/uploads\/2019\/12\/skyline-katzenbetten-HIDEAWAY-Sand-1.jpg?fit=400%2C500&ssl=1\" \/>\n\t<meta property=\"og:image:width\" content=\"400\" \/>\n\t<meta property=\"og:image:height\" content=\"500\" \/>\n\t<meta property=\"og:image:type\" content=\"image\/jpeg\" \/>\n<meta name=\"twitter:card\" content=\"summary_large_image\" \/>\n<script type=\"application\/ld+json\" class=\"yoast-schema-graph\">{\"@context\":\"https:\/\/schema.org\",\"@graph\":[{\"@type\":\"WebPage\",\"@id\":\"https:\/\/www.skyline.de\/fr\/product\/hideaway-sand\/\",\"url\":\"https:\/\/www.skyline.de\/fr\/product\/hideaway-sand\/\",\"name\":\"HIDEAWAY SAND - Skyline - Lifestyle f\u00fcr Tiere\",\"isPartOf\":{\"@id\":\"https:\/\/www.skyline.de\/#website\"},\"primaryImageOfPage\":{\"@id\":\"https:\/\/www.skyline.de\/fr\/product\/hideaway-sand\/#primaryimage\"},\"image\":{\"@id\":\"https:\/\/www.skyline.de\/fr\/product\/hideaway-sand\/#primaryimage\"},\"thumbnailUrl\":\"https:\/\/i0.wp.com\/www.skyline.de\/wp-content\/uploads\/2019\/12\/skyline-katzenbetten-HIDEAWAY-Sand-1.jpg?fit=400%2C500&ssl=1\",\"datePublished\":\"2020-05-26T19:27:10+00:00\",\"dateModified\":\"2020-05-27T11:49:33+00:00\",\"breadcrumb\":{\"@id\":\"https:\/\/www.skyline.de\/fr\/product\/hideaway-sand\/#breadcrumb\"},\"inLanguage\":\"fr-FR\",\"potentialAction\":[{\"@type\":\"ReadAction\",\"target\":[\"https:\/\/www.skyline.de\/fr\/product\/hideaway-sand\/\"]}]},{\"@type\":\"ImageObject\",\"inLanguage\":\"fr-FR\",\"@id\":\"https:\/\/www.skyline.de\/fr\/product\/hideaway-sand\/#primaryimage\",\"url\":\"https:\/\/i0.wp.com\/www.skyline.de\/wp-content\/uploads\/2019\/12\/skyline-katzenbetten-HIDEAWAY-Sand-1.jpg?fit=400%2C500&ssl=1\",\"contentUrl\":\"https:\/\/i0.wp.com\/www.skyline.de\/wp-content\/uploads\/2019\/12\/skyline-katzenbetten-HIDEAWAY-Sand-1.jpg?fit=400%2C500&ssl=1\",\"width\":400,\"height\":500,\"caption\":\"skyline-katzenbetten\"},{\"@type\":\"BreadcrumbList\",\"@id\":\"https:\/\/www.skyline.de\/fr\/product\/hideaway-sand\/#breadcrumb\",\"itemListElement\":[{\"@type\":\"ListItem\",\"position\":1,\"name\":\"Startseite\",\"item\":\"https:\/\/www.skyline.de\/fr\/\"},{\"@type\":\"ListItem\",\"position\":2,\"name\":\"Boutique\",\"item\":\"https:\/\/www.skyline.de\/fr\/boutique\/\"},{\"@type\":\"ListItem\",\"position\":3,\"name\":\"HIDEAWAY SAND\"}]},{\"@type\":\"WebSite\",\"@id\":\"https:\/\/www.skyline.de\/#website\",\"url\":\"https:\/\/www.skyline.de\/\",\"name\":\"Skyline - Lifestyle f\u00fcr Tiere\",\"description\":\"Katzen, Hunde, Wild- und Gartenv\u00f6gel, Insekten, H\u00fchner, Zierv\u00f6gel, Zwergkaninchen, Meerschweinchen, Hamster, Ratten, M\u00e4use\",\"potentialAction\":[{\"@type\":\"SearchAction\",\"target\":{\"@type\":\"EntryPoint\",\"urlTemplate\":\"https:\/\/www.skyline.de\/?s={search_term_string}\"},\"query-input\":{\"@type\":\"PropertyValueSpecification\",\"valueRequired\":true,\"valueName\":\"search_term_string\"}}],\"inLanguage\":\"fr-FR\"}]}<\/script>\n<!-- \/ Yoast SEO plugin. -->","yoast_head_json":{"title":"HIDEAWAY SAND - Skyline - Lifestyle f\u00fcr Tiere","robots":{"index":"index","follow":"follow","max-snippet":"max-snippet:-1","max-image-preview":"max-image-preview:large","max-video-preview":"max-video-preview:-1"},"canonical":"https:\/\/www.skyline.de\/fr\/product\/hideaway-sand\/","og_locale":"fr_FR","og_type":"article","og_title":"HIDEAWAY SAND - Skyline - Lifestyle f\u00fcr Tiere","og_description":"HIDEAWAY \"SAND\" est un bois c\u00e2lin pour vos favoris avec coussin int\u00e9rieur amovible. L\u2019oreiller est amovible et lavable. Une grande durabilit\u00e9 et un r\u00e9pulsif \u00e0 l\u2019eau. Disponible en une seule taille et plusieurs couleurs.","og_url":"https:\/\/www.skyline.de\/fr\/product\/hideaway-sand\/","og_site_name":"Skyline - Lifestyle f\u00fcr Tiere","article_modified_time":"2020-05-27T11:49:33+00:00","og_image":[{"width":400,"height":500,"url":"https:\/\/i1.wp.com\/www.skyline.de\/wp-content\/uploads\/2019\/12\/skyline-katzenbetten-HIDEAWAY-Sand-1.jpg?fit=400%2C500&ssl=1","type":"image\/jpeg"}],"twitter_card":"summary_large_image","schema":{"@context":"https:\/\/schema.org","@graph":[{"@type":"WebPage","@id":"https:\/\/www.skyline.de\/fr\/product\/hideaway-sand\/","url":"https:\/\/www.skyline.de\/fr\/product\/hideaway-sand\/","name":"HIDEAWAY SAND - Skyline - Lifestyle f\u00fcr Tiere","isPartOf":{"@id":"https:\/\/www.skyline.de\/#website"},"primaryImageOfPage":{"@id":"https:\/\/www.skyline.de\/fr\/product\/hideaway-sand\/#primaryimage"},"image":{"@id":"https:\/\/www.skyline.de\/fr\/product\/hideaway-sand\/#primaryimage"},"thumbnailUrl":"https:\/\/i0.wp.com\/www.skyline.de\/wp-content\/uploads\/2019\/12\/skyline-katzenbetten-HIDEAWAY-Sand-1.jpg?fit=400%2C500&ssl=1","datePublished":"2020-05-26T19:27:10+00:00","dateModified":"2020-05-27T11:49:33+00:00","breadcrumb":{"@id":"https:\/\/www.skyline.de\/fr\/product\/hideaway-sand\/#breadcrumb"},"inLanguage":"fr-FR","potentialAction":[{"@type":"ReadAction","target":["https:\/\/www.skyline.de\/fr\/product\/hideaway-sand\/"]}]},{"@type":"ImageObject","inLanguage":"fr-FR","@id":"https:\/\/www.skyline.de\/fr\/product\/hideaway-sand\/#primaryimage","url":"https:\/\/i0.wp.com\/www.skyline.de\/wp-content\/uploads\/2019\/12\/skyline-katzenbetten-HIDEAWAY-Sand-1.jpg?fit=400%2C500&ssl=1","contentUrl":"https:\/\/i0.wp.com\/www.skyline.de\/wp-content\/uploads\/2019\/12\/skyline-katzenbetten-HIDEAWAY-Sand-1.jpg?fit=400%2C500&ssl=1","width":400,"height":500,"caption":"skyline-katzenbetten"},{"@type":"BreadcrumbList","@id":"https:\/\/www.skyline.de\/fr\/product\/hideaway-sand\/#breadcrumb","itemListElement":[{"@type":"ListItem","position":1,"name":"Startseite","item":"https:\/\/www.skyline.de\/fr\/"},{"@type":"ListItem","position":2,"name":"Boutique","item":"https:\/\/www.skyline.de\/fr\/boutique\/"},{"@type":"ListItem","position":3,"name":"HIDEAWAY SAND"}]},{"@type":"WebSite","@id":"https:\/\/www.skyline.de\/#website","url":"https:\/\/www.skyline.de\/","name":"Skyline - Lifestyle f\u00fcr Tiere","description":"Katzen, Hunde, Wild- und Gartenv\u00f6gel, Insekten, H\u00fchner, Zierv\u00f6gel, Zwergkaninchen, Meerschweinchen, Hamster, Ratten, M\u00e4use","potentialAction":[{"@type":"SearchAction","target":{"@type":"EntryPoint","urlTemplate":"https:\/\/www.skyline.de\/?s={search_term_string}"},"query-input":{"@type":"PropertyValueSpecification","valueRequired":true,"valueName":"search_term_string"}}],"inLanguage":"fr-FR"}]}},"_links":{"self":[{"href":"https:\/\/www.skyline.de\/fr\/wp-json\/wp\/v2\/product\/5035","targetHints":{"allow":["GET"]}}],"collection":[{"href":"https:\/\/www.skyline.de\/fr\/wp-json\/wp\/v2\/product"}],"about":[{"href":"https:\/\/www.skyline.de\/fr\/wp-json\/wp\/v2\/types\/product"}],"wp:featuredmedia":[{"embeddable":true,"href":"https:\/\/www.skyline.de\/fr\/wp-json\/wp\/v2\/media\/5313"}],"wp:attachment":[{"href":"https:\/\/www.skyline.de\/fr\/wp-json\/wp\/v2\/media?parent=5035"}],"wp:term":[{"taxonomy":"product_brand","embeddable":true,"href":"https:\/\/www.skyline.de\/fr\/wp-json\/wp\/v2\/product_brand?post=5035"},{"taxonomy":"product_cat","embeddable":true,"href":"https:\/\/www.skyline.de\/fr\/wp-json\/wp\/v2\/product_cat?post=5035"},{"taxonomy":"product_tag","embeddable":true,"href":"https:\/\/www.skyline.de\/fr\/wp-json\/wp\/v2\/product_tag?post=5035"}],"curies":[{"name":"wp","href":"https:\/\/api.w.org\/{rel}","templated":true}]}}