{"id":5001,"date":"2020-02-03T09:10:35","date_gmt":"2020-05-26T19:26:45","guid":{"rendered":"http:\/\/www.skyline.de\/?post_type=product&#038;p=5001"},"modified":"2020-05-27T13:48:42","modified_gmt":"2020-05-27T11:48:42","slug":"bio-litiere-poules","status":"publish","type":"product","link":"https:\/\/www.skyline.de\/fr\/product\/bio-litiere-poules\/","title":{"rendered":"BIO LITI\u00c8RE NATURELLE POR POULES 40 &amp; 100L"},"content":{"rendered":"<ul>\n<li><strong>100% ECO<\/strong><br \/>\nObtenue exclusivement \u00e0 partir des coques des noix de coco non trait\u00e9es.<\/li>\n<li><strong>100% RENOUVELABLES<\/strong><br \/>\nProduction naturelle ann\u00e9e apr\u00e8s ann\u00e9e.<\/li>\n<li><strong>100% CONFORT DOUILLET<\/strong><br \/>\n\u00abliti\u00e8re de noix de coco\u00bb en tant que sous-couche chaude et douce augmente partout le facteur de bien-\u00eatre et est id\u00e9ale pour les animaux<\/li>\n<li><strong>100% NATUREL<\/strong><br \/>\nCompostable et biod\u00e9gradable<\/li>\n<li><strong>100% PROPRE<\/strong><br \/>\nabsorbe quatre fois son propre poids et absorbe les liquides et les odeurs d\u00e9sagr\u00e9ables comme une \u00e9ponge.<\/li>\n<\/ul>\n<p>&nbsp;<\/p>\n<p><b>Informations sur les<br \/>\n concessionnaires<\/b> Tailles:<br \/>\n40L \u00e0 170 pcs. \/ Palete<br \/>\n100L \u00e0 48 pcs. \/ Palete<\/p>\n<p>&nbsp;<\/p>\n","protected":false},"excerpt":{"rendered":"<p><strong>Dis oui \u00e1 \u00ab\u00a0das PLus der Kokosnuss\u00a0\u00bb<\/strong><br \/>\nLa liti\u00e8re augmente \u00e0 quatre fois son volume!<\/p>\n","protected":false},"featured_media":4879,"template":"","meta":[],"product_brand":[],"product_cat":[52],"product_tag":[],"class_list":{"0":"post-5001","1":"product","2":"type-product","3":"status-publish","4":"has-post-thumbnail","6":"product_cat-kokosnuss-fr","8":"first","9":"instock","10":"shipping-taxable","11":"product-type-simple"},"yoast_head":"<!-- This site is optimized with the Yoast SEO plugin v27.1.1 - https:\/\/yoast.com\/product\/yoast-seo-wordpress\/ -->\n<title>BIO LITI\u00c8RE NATURELLE POR POULES 40 &amp; 100L - Skyline - Lifestyle f\u00fcr Tiere<\/title>\n<meta name=\"robots\" content=\"index, follow, max-snippet:-1, max-image-preview:large, max-video-preview:-1\" \/>\n<link rel=\"canonical\" href=\"https:\/\/www.skyline.de\/fr\/product\/bio-litiere-poules\/\" \/>\n<meta property=\"og:locale\" content=\"fr_FR\" \/>\n<meta property=\"og:type\" content=\"article\" \/>\n<meta property=\"og:title\" content=\"BIO LITI\u00c8RE NATURELLE POR POULES 40 &amp; 100L - Skyline - Lifestyle f\u00fcr Tiere\" \/>\n<meta property=\"og:description\" content=\"Dis oui \u00e1 &quot;das PLus der Kokosnuss&quot; La liti\u00e8re augmente \u00e0 quatre fois son volume!\" \/>\n<meta property=\"og:url\" content=\"https:\/\/www.skyline.de\/fr\/product\/bio-litiere-poules\/\" \/>\n<meta property=\"og:site_name\" content=\"Skyline - Lifestyle f\u00fcr Tiere\" \/>\n<meta property=\"article:modified_time\" content=\"2020-05-27T11:48:42+00:00\" \/>\n<meta property=\"og:image\" content=\"https:\/\/i2.wp.com\/www.skyline.de\/wp-content\/uploads\/2020\/01\/einstreu-kokos-huener.jpg?fit=400%2C500&ssl=1\" \/>\n\t<meta property=\"og:image:width\" content=\"400\" \/>\n\t<meta property=\"og:image:height\" content=\"500\" \/>\n\t<meta property=\"og:image:type\" content=\"image\/jpeg\" \/>\n<meta name=\"twitter:card\" content=\"summary_large_image\" \/>\n<script type=\"application\/ld+json\" class=\"yoast-schema-graph\">{\"@context\":\"https:\/\/schema.org\",\"@graph\":[{\"@type\":\"WebPage\",\"@id\":\"https:\/\/www.skyline.de\/fr\/product\/bio-litiere-poules\/\",\"url\":\"https:\/\/www.skyline.de\/fr\/product\/bio-litiere-poules\/\",\"name\":\"BIO LITI\u00c8RE NATURELLE POR POULES 40 &amp; 100L - Skyline - Lifestyle f\u00fcr Tiere\",\"isPartOf\":{\"@id\":\"https:\/\/www.skyline.de\/#website\"},\"primaryImageOfPage\":{\"@id\":\"https:\/\/www.skyline.de\/fr\/product\/bio-litiere-poules\/#primaryimage\"},\"image\":{\"@id\":\"https:\/\/www.skyline.de\/fr\/product\/bio-litiere-poules\/#primaryimage\"},\"thumbnailUrl\":\"https:\/\/i0.wp.com\/www.skyline.de\/wp-content\/uploads\/2020\/01\/einstreu-kokos-huener.jpg?fit=400%2C500&ssl=1\",\"datePublished\":\"2020-05-26T19:26:45+00:00\",\"dateModified\":\"2020-05-27T11:48:42+00:00\",\"breadcrumb\":{\"@id\":\"https:\/\/www.skyline.de\/fr\/product\/bio-litiere-poules\/#breadcrumb\"},\"inLanguage\":\"fr-FR\",\"potentialAction\":[{\"@type\":\"ReadAction\",\"target\":[\"https:\/\/www.skyline.de\/fr\/product\/bio-litiere-poules\/\"]}]},{\"@type\":\"ImageObject\",\"inLanguage\":\"fr-FR\",\"@id\":\"https:\/\/www.skyline.de\/fr\/product\/bio-litiere-poules\/#primaryimage\",\"url\":\"https:\/\/i0.wp.com\/www.skyline.de\/wp-content\/uploads\/2020\/01\/einstreu-kokos-huener.jpg?fit=400%2C500&ssl=1\",\"contentUrl\":\"https:\/\/i0.wp.com\/www.skyline.de\/wp-content\/uploads\/2020\/01\/einstreu-kokos-huener.jpg?fit=400%2C500&ssl=1\",\"width\":400,\"height\":500},{\"@type\":\"BreadcrumbList\",\"@id\":\"https:\/\/www.skyline.de\/fr\/product\/bio-litiere-poules\/#breadcrumb\",\"itemListElement\":[{\"@type\":\"ListItem\",\"position\":1,\"name\":\"Startseite\",\"item\":\"https:\/\/www.skyline.de\/fr\/\"},{\"@type\":\"ListItem\",\"position\":2,\"name\":\"Boutique\",\"item\":\"https:\/\/www.skyline.de\/fr\/boutique\/\"},{\"@type\":\"ListItem\",\"position\":3,\"name\":\"BIO LITI\u00c8RE NATURELLE POR POULES 40 &amp; 100L\"}]},{\"@type\":\"WebSite\",\"@id\":\"https:\/\/www.skyline.de\/#website\",\"url\":\"https:\/\/www.skyline.de\/\",\"name\":\"Skyline - Lifestyle f\u00fcr Tiere\",\"description\":\"Katzen, Hunde, Wild- und Gartenv\u00f6gel, Insekten, H\u00fchner, Zierv\u00f6gel, Zwergkaninchen, Meerschweinchen, Hamster, Ratten, M\u00e4use\",\"potentialAction\":[{\"@type\":\"SearchAction\",\"target\":{\"@type\":\"EntryPoint\",\"urlTemplate\":\"https:\/\/www.skyline.de\/?s={search_term_string}\"},\"query-input\":{\"@type\":\"PropertyValueSpecification\",\"valueRequired\":true,\"valueName\":\"search_term_string\"}}],\"inLanguage\":\"fr-FR\"}]}<\/script>\n<!-- \/ Yoast SEO plugin. -->","yoast_head_json":{"title":"BIO LITI\u00c8RE NATURELLE POR POULES 40 &amp; 100L - Skyline - Lifestyle f\u00fcr Tiere","robots":{"index":"index","follow":"follow","max-snippet":"max-snippet:-1","max-image-preview":"max-image-preview:large","max-video-preview":"max-video-preview:-1"},"canonical":"https:\/\/www.skyline.de\/fr\/product\/bio-litiere-poules\/","og_locale":"fr_FR","og_type":"article","og_title":"BIO LITI\u00c8RE NATURELLE POR POULES 40 &amp; 100L - Skyline - Lifestyle f\u00fcr Tiere","og_description":"Dis oui \u00e1 \"das PLus der Kokosnuss\" La liti\u00e8re augmente \u00e0 quatre fois son volume!","og_url":"https:\/\/www.skyline.de\/fr\/product\/bio-litiere-poules\/","og_site_name":"Skyline - Lifestyle f\u00fcr Tiere","article_modified_time":"2020-05-27T11:48:42+00:00","og_image":[{"width":400,"height":500,"url":"https:\/\/i2.wp.com\/www.skyline.de\/wp-content\/uploads\/2020\/01\/einstreu-kokos-huener.jpg?fit=400%2C500&ssl=1","type":"image\/jpeg"}],"twitter_card":"summary_large_image","schema":{"@context":"https:\/\/schema.org","@graph":[{"@type":"WebPage","@id":"https:\/\/www.skyline.de\/fr\/product\/bio-litiere-poules\/","url":"https:\/\/www.skyline.de\/fr\/product\/bio-litiere-poules\/","name":"BIO LITI\u00c8RE NATURELLE POR POULES 40 &amp; 100L - Skyline - Lifestyle f\u00fcr Tiere","isPartOf":{"@id":"https:\/\/www.skyline.de\/#website"},"primaryImageOfPage":{"@id":"https:\/\/www.skyline.de\/fr\/product\/bio-litiere-poules\/#primaryimage"},"image":{"@id":"https:\/\/www.skyline.de\/fr\/product\/bio-litiere-poules\/#primaryimage"},"thumbnailUrl":"https:\/\/i0.wp.com\/www.skyline.de\/wp-content\/uploads\/2020\/01\/einstreu-kokos-huener.jpg?fit=400%2C500&ssl=1","datePublished":"2020-05-26T19:26:45+00:00","dateModified":"2020-05-27T11:48:42+00:00","breadcrumb":{"@id":"https:\/\/www.skyline.de\/fr\/product\/bio-litiere-poules\/#breadcrumb"},"inLanguage":"fr-FR","potentialAction":[{"@type":"ReadAction","target":["https:\/\/www.skyline.de\/fr\/product\/bio-litiere-poules\/"]}]},{"@type":"ImageObject","inLanguage":"fr-FR","@id":"https:\/\/www.skyline.de\/fr\/product\/bio-litiere-poules\/#primaryimage","url":"https:\/\/i0.wp.com\/www.skyline.de\/wp-content\/uploads\/2020\/01\/einstreu-kokos-huener.jpg?fit=400%2C500&ssl=1","contentUrl":"https:\/\/i0.wp.com\/www.skyline.de\/wp-content\/uploads\/2020\/01\/einstreu-kokos-huener.jpg?fit=400%2C500&ssl=1","width":400,"height":500},{"@type":"BreadcrumbList","@id":"https:\/\/www.skyline.de\/fr\/product\/bio-litiere-poules\/#breadcrumb","itemListElement":[{"@type":"ListItem","position":1,"name":"Startseite","item":"https:\/\/www.skyline.de\/fr\/"},{"@type":"ListItem","position":2,"name":"Boutique","item":"https:\/\/www.skyline.de\/fr\/boutique\/"},{"@type":"ListItem","position":3,"name":"BIO LITI\u00c8RE NATURELLE POR POULES 40 &amp; 100L"}]},{"@type":"WebSite","@id":"https:\/\/www.skyline.de\/#website","url":"https:\/\/www.skyline.de\/","name":"Skyline - Lifestyle f\u00fcr Tiere","description":"Katzen, Hunde, Wild- und Gartenv\u00f6gel, Insekten, H\u00fchner, Zierv\u00f6gel, Zwergkaninchen, Meerschweinchen, Hamster, Ratten, M\u00e4use","potentialAction":[{"@type":"SearchAction","target":{"@type":"EntryPoint","urlTemplate":"https:\/\/www.skyline.de\/?s={search_term_string}"},"query-input":{"@type":"PropertyValueSpecification","valueRequired":true,"valueName":"search_term_string"}}],"inLanguage":"fr-FR"}]}},"_links":{"self":[{"href":"https:\/\/www.skyline.de\/fr\/wp-json\/wp\/v2\/product\/5001","targetHints":{"allow":["GET"]}}],"collection":[{"href":"https:\/\/www.skyline.de\/fr\/wp-json\/wp\/v2\/product"}],"about":[{"href":"https:\/\/www.skyline.de\/fr\/wp-json\/wp\/v2\/types\/product"}],"wp:featuredmedia":[{"embeddable":true,"href":"https:\/\/www.skyline.de\/fr\/wp-json\/wp\/v2\/media\/4879"}],"wp:attachment":[{"href":"https:\/\/www.skyline.de\/fr\/wp-json\/wp\/v2\/media?parent=5001"}],"wp:term":[{"taxonomy":"product_brand","embeddable":true,"href":"https:\/\/www.skyline.de\/fr\/wp-json\/wp\/v2\/product_brand?post=5001"},{"taxonomy":"product_cat","embeddable":true,"href":"https:\/\/www.skyline.de\/fr\/wp-json\/wp\/v2\/product_cat?post=5001"},{"taxonomy":"product_tag","embeddable":true,"href":"https:\/\/www.skyline.de\/fr\/wp-json\/wp\/v2\/product_tag?post=5001"}],"curies":[{"name":"wp","href":"https:\/\/api.w.org\/{rel}","templated":true}]}}