{"id":5000,"date":"2020-02-03T09:15:00","date_gmt":"2020-05-26T19:26:42","guid":{"rendered":"http:\/\/www.skyline.de\/?post_type=product&#038;p=5000"},"modified":"2020-05-27T13:48:42","modified_gmt":"2020-05-27T11:48:42","slug":"bio-littier-terrarien-2","status":"publish","type":"product","link":"https:\/\/www.skyline.de\/fr\/product\/bio-littier-terrarien-2\/","title":{"rendered":"TERRARIUMS DE LITI\u00c8RE BIOLOGIQUE"},"content":{"rendered":"<ul>\n<li><strong>100% Eco<\/strong><br \/>\nSeulement \u00e0 partir des coquilles des noix de cocotiers non trait\u00e9s<\/li>\n<li><strong>100% RENOUVELABLES<\/strong><br \/>\nProg\u00e9niture naturelle ann\u00e9e apr\u00e8s ann\u00e9e<\/li>\n<li><strong>100% FIN &amp; HUMIDE<\/strong><br \/>\n1A liti\u00e8re de qualit\u00e9 humus-fin<\/li>\n<li><strong>100% NATUREL<\/strong><br \/>\nCompostable et biod\u00e9gradable<\/li>\n<\/ul>\n<p><strong>Important!<\/strong><br \/>\nPour prot\u00e9ger les organes respiratoires, gardez toujours le fond du terrarium humide!<\/p>\n<p>&nbsp;<\/p>\n<p><strong>Informations sur les concessionnaires<\/strong><br \/>\nDimensions: 20L<br \/>\nMorceaux de palette: 340 pcs.<\/p>\n","protected":false},"excerpt":{"rendered":"<p><strong>Mettez sur le plus de la noix de coco!<\/strong><br \/>\nLa liti\u00e8re augmente \u00e0 quatre fois son volume!<\/p>\n","protected":false},"featured_media":4885,"template":"","meta":[],"product_brand":[],"product_cat":[52],"product_tag":[],"class_list":{"0":"post-5000","1":"product","2":"type-product","3":"status-publish","4":"has-post-thumbnail","6":"product_cat-kokosnuss-fr","8":"first","9":"instock","10":"shipping-taxable","11":"product-type-simple"},"yoast_head":"<!-- This site is optimized with the Yoast SEO plugin v27.1.1 - https:\/\/yoast.com\/product\/yoast-seo-wordpress\/ -->\n<title>TERRARIUMS DE LITI\u00c8RE BIOLOGIQUE - Skyline - Lifestyle f\u00fcr Tiere<\/title>\n<meta name=\"robots\" content=\"index, follow, max-snippet:-1, max-image-preview:large, max-video-preview:-1\" \/>\n<link rel=\"canonical\" href=\"https:\/\/www.skyline.de\/fr\/product\/bio-littier-terrarien-2\/\" \/>\n<meta property=\"og:locale\" content=\"fr_FR\" \/>\n<meta property=\"og:type\" content=\"article\" \/>\n<meta property=\"og:title\" content=\"TERRARIUMS DE LITI\u00c8RE BIOLOGIQUE - Skyline - Lifestyle f\u00fcr Tiere\" \/>\n<meta property=\"og:description\" content=\"Mettez sur le plus de la noix de coco! La liti\u00e8re augmente \u00e0 quatre fois son volume!\" \/>\n<meta property=\"og:url\" content=\"https:\/\/www.skyline.de\/fr\/product\/bio-littier-terrarien-2\/\" \/>\n<meta property=\"og:site_name\" content=\"Skyline - Lifestyle f\u00fcr Tiere\" \/>\n<meta property=\"article:modified_time\" content=\"2020-05-27T11:48:42+00:00\" \/>\n<meta property=\"og:image\" content=\"https:\/\/i0.wp.com\/www.skyline.de\/wp-content\/uploads\/2020\/01\/einstreu-kokos-schlangen.jpg?fit=400%2C500&ssl=1\" \/>\n\t<meta property=\"og:image:width\" content=\"400\" \/>\n\t<meta property=\"og:image:height\" content=\"500\" \/>\n\t<meta property=\"og:image:type\" content=\"image\/jpeg\" \/>\n<meta name=\"twitter:card\" content=\"summary_large_image\" \/>\n<script type=\"application\/ld+json\" class=\"yoast-schema-graph\">{\"@context\":\"https:\/\/schema.org\",\"@graph\":[{\"@type\":\"WebPage\",\"@id\":\"https:\/\/www.skyline.de\/fr\/product\/bio-littier-terrarien-2\/\",\"url\":\"https:\/\/www.skyline.de\/fr\/product\/bio-littier-terrarien-2\/\",\"name\":\"TERRARIUMS DE LITI\u00c8RE BIOLOGIQUE - Skyline - Lifestyle f\u00fcr Tiere\",\"isPartOf\":{\"@id\":\"https:\/\/www.skyline.de\/#website\"},\"primaryImageOfPage\":{\"@id\":\"https:\/\/www.skyline.de\/fr\/product\/bio-littier-terrarien-2\/#primaryimage\"},\"image\":{\"@id\":\"https:\/\/www.skyline.de\/fr\/product\/bio-littier-terrarien-2\/#primaryimage\"},\"thumbnailUrl\":\"https:\/\/i0.wp.com\/www.skyline.de\/wp-content\/uploads\/2020\/01\/einstreu-kokos-schlangen.jpg?fit=400%2C500&ssl=1\",\"datePublished\":\"2020-05-26T19:26:42+00:00\",\"dateModified\":\"2020-05-27T11:48:42+00:00\",\"breadcrumb\":{\"@id\":\"https:\/\/www.skyline.de\/fr\/product\/bio-littier-terrarien-2\/#breadcrumb\"},\"inLanguage\":\"fr-FR\",\"potentialAction\":[{\"@type\":\"ReadAction\",\"target\":[\"https:\/\/www.skyline.de\/fr\/product\/bio-littier-terrarien-2\/\"]}]},{\"@type\":\"ImageObject\",\"inLanguage\":\"fr-FR\",\"@id\":\"https:\/\/www.skyline.de\/fr\/product\/bio-littier-terrarien-2\/#primaryimage\",\"url\":\"https:\/\/i0.wp.com\/www.skyline.de\/wp-content\/uploads\/2020\/01\/einstreu-kokos-schlangen.jpg?fit=400%2C500&ssl=1\",\"contentUrl\":\"https:\/\/i0.wp.com\/www.skyline.de\/wp-content\/uploads\/2020\/01\/einstreu-kokos-schlangen.jpg?fit=400%2C500&ssl=1\",\"width\":400,\"height\":500},{\"@type\":\"BreadcrumbList\",\"@id\":\"https:\/\/www.skyline.de\/fr\/product\/bio-littier-terrarien-2\/#breadcrumb\",\"itemListElement\":[{\"@type\":\"ListItem\",\"position\":1,\"name\":\"Startseite\",\"item\":\"https:\/\/www.skyline.de\/fr\/\"},{\"@type\":\"ListItem\",\"position\":2,\"name\":\"Boutique\",\"item\":\"https:\/\/www.skyline.de\/fr\/boutique\/\"},{\"@type\":\"ListItem\",\"position\":3,\"name\":\"TERRARIUMS DE LITI\u00c8RE BIOLOGIQUE\"}]},{\"@type\":\"WebSite\",\"@id\":\"https:\/\/www.skyline.de\/#website\",\"url\":\"https:\/\/www.skyline.de\/\",\"name\":\"Skyline - Lifestyle f\u00fcr Tiere\",\"description\":\"Katzen, Hunde, Wild- und Gartenv\u00f6gel, Insekten, H\u00fchner, Zierv\u00f6gel, Zwergkaninchen, Meerschweinchen, Hamster, Ratten, M\u00e4use\",\"potentialAction\":[{\"@type\":\"SearchAction\",\"target\":{\"@type\":\"EntryPoint\",\"urlTemplate\":\"https:\/\/www.skyline.de\/?s={search_term_string}\"},\"query-input\":{\"@type\":\"PropertyValueSpecification\",\"valueRequired\":true,\"valueName\":\"search_term_string\"}}],\"inLanguage\":\"fr-FR\"}]}<\/script>\n<!-- \/ Yoast SEO plugin. -->","yoast_head_json":{"title":"TERRARIUMS DE LITI\u00c8RE BIOLOGIQUE - Skyline - Lifestyle f\u00fcr Tiere","robots":{"index":"index","follow":"follow","max-snippet":"max-snippet:-1","max-image-preview":"max-image-preview:large","max-video-preview":"max-video-preview:-1"},"canonical":"https:\/\/www.skyline.de\/fr\/product\/bio-littier-terrarien-2\/","og_locale":"fr_FR","og_type":"article","og_title":"TERRARIUMS DE LITI\u00c8RE BIOLOGIQUE - Skyline - Lifestyle f\u00fcr Tiere","og_description":"Mettez sur le plus de la noix de coco! La liti\u00e8re augmente \u00e0 quatre fois son volume!","og_url":"https:\/\/www.skyline.de\/fr\/product\/bio-littier-terrarien-2\/","og_site_name":"Skyline - Lifestyle f\u00fcr Tiere","article_modified_time":"2020-05-27T11:48:42+00:00","og_image":[{"width":400,"height":500,"url":"https:\/\/i0.wp.com\/www.skyline.de\/wp-content\/uploads\/2020\/01\/einstreu-kokos-schlangen.jpg?fit=400%2C500&ssl=1","type":"image\/jpeg"}],"twitter_card":"summary_large_image","schema":{"@context":"https:\/\/schema.org","@graph":[{"@type":"WebPage","@id":"https:\/\/www.skyline.de\/fr\/product\/bio-littier-terrarien-2\/","url":"https:\/\/www.skyline.de\/fr\/product\/bio-littier-terrarien-2\/","name":"TERRARIUMS DE LITI\u00c8RE BIOLOGIQUE - Skyline - Lifestyle f\u00fcr Tiere","isPartOf":{"@id":"https:\/\/www.skyline.de\/#website"},"primaryImageOfPage":{"@id":"https:\/\/www.skyline.de\/fr\/product\/bio-littier-terrarien-2\/#primaryimage"},"image":{"@id":"https:\/\/www.skyline.de\/fr\/product\/bio-littier-terrarien-2\/#primaryimage"},"thumbnailUrl":"https:\/\/i0.wp.com\/www.skyline.de\/wp-content\/uploads\/2020\/01\/einstreu-kokos-schlangen.jpg?fit=400%2C500&ssl=1","datePublished":"2020-05-26T19:26:42+00:00","dateModified":"2020-05-27T11:48:42+00:00","breadcrumb":{"@id":"https:\/\/www.skyline.de\/fr\/product\/bio-littier-terrarien-2\/#breadcrumb"},"inLanguage":"fr-FR","potentialAction":[{"@type":"ReadAction","target":["https:\/\/www.skyline.de\/fr\/product\/bio-littier-terrarien-2\/"]}]},{"@type":"ImageObject","inLanguage":"fr-FR","@id":"https:\/\/www.skyline.de\/fr\/product\/bio-littier-terrarien-2\/#primaryimage","url":"https:\/\/i0.wp.com\/www.skyline.de\/wp-content\/uploads\/2020\/01\/einstreu-kokos-schlangen.jpg?fit=400%2C500&ssl=1","contentUrl":"https:\/\/i0.wp.com\/www.skyline.de\/wp-content\/uploads\/2020\/01\/einstreu-kokos-schlangen.jpg?fit=400%2C500&ssl=1","width":400,"height":500},{"@type":"BreadcrumbList","@id":"https:\/\/www.skyline.de\/fr\/product\/bio-littier-terrarien-2\/#breadcrumb","itemListElement":[{"@type":"ListItem","position":1,"name":"Startseite","item":"https:\/\/www.skyline.de\/fr\/"},{"@type":"ListItem","position":2,"name":"Boutique","item":"https:\/\/www.skyline.de\/fr\/boutique\/"},{"@type":"ListItem","position":3,"name":"TERRARIUMS DE LITI\u00c8RE BIOLOGIQUE"}]},{"@type":"WebSite","@id":"https:\/\/www.skyline.de\/#website","url":"https:\/\/www.skyline.de\/","name":"Skyline - Lifestyle f\u00fcr Tiere","description":"Katzen, Hunde, Wild- und Gartenv\u00f6gel, Insekten, H\u00fchner, Zierv\u00f6gel, Zwergkaninchen, Meerschweinchen, Hamster, Ratten, M\u00e4use","potentialAction":[{"@type":"SearchAction","target":{"@type":"EntryPoint","urlTemplate":"https:\/\/www.skyline.de\/?s={search_term_string}"},"query-input":{"@type":"PropertyValueSpecification","valueRequired":true,"valueName":"search_term_string"}}],"inLanguage":"fr-FR"}]}},"_links":{"self":[{"href":"https:\/\/www.skyline.de\/fr\/wp-json\/wp\/v2\/product\/5000","targetHints":{"allow":["GET"]}}],"collection":[{"href":"https:\/\/www.skyline.de\/fr\/wp-json\/wp\/v2\/product"}],"about":[{"href":"https:\/\/www.skyline.de\/fr\/wp-json\/wp\/v2\/types\/product"}],"wp:featuredmedia":[{"embeddable":true,"href":"https:\/\/www.skyline.de\/fr\/wp-json\/wp\/v2\/media\/4885"}],"wp:attachment":[{"href":"https:\/\/www.skyline.de\/fr\/wp-json\/wp\/v2\/media?parent=5000"}],"wp:term":[{"taxonomy":"product_brand","embeddable":true,"href":"https:\/\/www.skyline.de\/fr\/wp-json\/wp\/v2\/product_brand?post=5000"},{"taxonomy":"product_cat","embeddable":true,"href":"https:\/\/www.skyline.de\/fr\/wp-json\/wp\/v2\/product_cat?post=5000"},{"taxonomy":"product_tag","embeddable":true,"href":"https:\/\/www.skyline.de\/fr\/wp-json\/wp\/v2\/product_tag?post=5000"}],"curies":[{"name":"wp","href":"https:\/\/api.w.org\/{rel}","templated":true}]}}