{"id":1559,"date":"2019-12-27T14:08:02","date_gmt":"2019-12-27T13:08:02","guid":{"rendered":"http:\/\/test.skyline.de\/?post_type=product&#038;p=1559"},"modified":"2026-03-11T11:55:08","modified_gmt":"2026-03-11T10:55:08","slug":"futternapf-acena","status":"publish","type":"product","link":"https:\/\/www.skyline.de\/fr\/product\/futternapf-acena\/","title":{"rendered":"FUTTERNAPF ACENA"},"content":{"rendered":"<p>ACENA 1<br \/>\n380 x 190 x 194 mm<br \/>\n0,25 Liter \u2022 \u00d8 = 140 mm, H = 39\/57 mm<\/p>\n<p class=\"p1\">ACENA 2<br \/>\n460 x 230 x 239 mm<br \/>\n0,5 Liter \u2022 \u00d8 = 175 mm, H = 49\/72 mm<\/p>\n<p class=\"p1\">ACENA 3<br \/>\n550 x 275 x 291 mm<br \/>\n1 Liter \u2022 \u00d8 = 222 mm, H = 62\/91 mm<\/p>\n","protected":false},"excerpt":{"rendered":"<p class=\"p2\">Lassen Sie sich inspirieren von den unterschiedlichen Formen unserer Futtersysteme.<br \/>\nHochwertige Keramikschalen.<br \/>\nErgonomisches Design von Sieghart.<br \/>\nIn drei verschiedenen Gr\u00f6\u00dfen.<\/p>\n<p>&nbsp;<\/p>\n","protected":false},"featured_media":5849,"template":"","meta":[],"product_brand":[],"product_cat":[31,24],"product_tag":[],"class_list":{"0":"post-1559","1":"product","2":"type-product","3":"status-publish","4":"has-post-thumbnail","6":"product_cat-bowls","7":"product_cat-felidaes-palace","9":"first","10":"instock","11":"shipping-taxable","12":"product-type-simple"},"yoast_head":"<!-- This site is optimized with the Yoast SEO plugin v27.1.1 - https:\/\/yoast.com\/product\/yoast-seo-wordpress\/ -->\n<title>FUTTERNAPF ACENA - Skyline - Lifestyle f\u00fcr Tiere<\/title>\n<meta name=\"robots\" content=\"index, follow, max-snippet:-1, max-image-preview:large, max-video-preview:-1\" \/>\n<link rel=\"canonical\" href=\"https:\/\/www.skyline.de\/product\/futternapf-acena\/\" \/>\n<meta property=\"og:locale\" content=\"fr_FR\" \/>\n<meta property=\"og:type\" content=\"article\" \/>\n<meta property=\"og:title\" content=\"FUTTERNAPF ACENA - Skyline - Lifestyle f\u00fcr Tiere\" \/>\n<meta property=\"og:description\" content=\"Lassen Sie sich inspirieren von den unterschiedlichen Formen unserer Futtersysteme. Hochwertige Keramikschalen. Ergonomisches Design von Sieghart. In drei verschiedenen Gr\u00f6\u00dfen. &nbsp;\" \/>\n<meta property=\"og:url\" content=\"https:\/\/www.skyline.de\/product\/futternapf-acena\/\" \/>\n<meta property=\"og:site_name\" content=\"Skyline - Lifestyle f\u00fcr Tiere\" \/>\n<meta property=\"article:modified_time\" content=\"2026-03-11T10:55:08+00:00\" \/>\n<meta property=\"og:image\" content=\"https:\/\/i2.wp.com\/www.skyline.de\/wp-content\/uploads\/2019\/12\/Skyline-Bowl-Acena.jpg?fit=384%2C481&ssl=1\" \/>\n\t<meta property=\"og:image:width\" content=\"384\" \/>\n\t<meta property=\"og:image:height\" content=\"481\" \/>\n\t<meta property=\"og:image:type\" content=\"image\/jpeg\" \/>\n<meta name=\"twitter:card\" content=\"summary_large_image\" \/>\n<script type=\"application\/ld+json\" class=\"yoast-schema-graph\">{\"@context\":\"https:\/\/schema.org\",\"@graph\":[{\"@type\":\"WebPage\",\"@id\":\"https:\/\/www.skyline.de\/product\/futternapf-acena\/\",\"url\":\"https:\/\/www.skyline.de\/product\/futternapf-acena\/\",\"name\":\"FUTTERNAPF ACENA - Skyline - Lifestyle f\u00fcr Tiere\",\"isPartOf\":{\"@id\":\"https:\/\/www.skyline.de\/#website\"},\"primaryImageOfPage\":{\"@id\":\"https:\/\/www.skyline.de\/product\/futternapf-acena\/#primaryimage\"},\"image\":{\"@id\":\"https:\/\/www.skyline.de\/product\/futternapf-acena\/#primaryimage\"},\"thumbnailUrl\":\"https:\/\/i0.wp.com\/www.skyline.de\/wp-content\/uploads\/2019\/12\/Skyline-Bowl-Acena.jpg?fit=384%2C481&ssl=1\",\"datePublished\":\"2019-12-27T13:08:02+00:00\",\"dateModified\":\"2026-03-11T10:55:08+00:00\",\"breadcrumb\":{\"@id\":\"https:\/\/www.skyline.de\/product\/futternapf-acena\/#breadcrumb\"},\"inLanguage\":\"fr-FR\",\"potentialAction\":[{\"@type\":\"ReadAction\",\"target\":[\"https:\/\/www.skyline.de\/product\/futternapf-acena\/\"]}]},{\"@type\":\"ImageObject\",\"inLanguage\":\"fr-FR\",\"@id\":\"https:\/\/www.skyline.de\/product\/futternapf-acena\/#primaryimage\",\"url\":\"https:\/\/i0.wp.com\/www.skyline.de\/wp-content\/uploads\/2019\/12\/Skyline-Bowl-Acena.jpg?fit=384%2C481&ssl=1\",\"contentUrl\":\"https:\/\/i0.wp.com\/www.skyline.de\/wp-content\/uploads\/2019\/12\/Skyline-Bowl-Acena.jpg?fit=384%2C481&ssl=1\",\"width\":384,\"height\":481,\"caption\":\"skyline N\u00e4pfe f\u00fcr Hund und Katze\"},{\"@type\":\"BreadcrumbList\",\"@id\":\"https:\/\/www.skyline.de\/product\/futternapf-acena\/#breadcrumb\",\"itemListElement\":[{\"@type\":\"ListItem\",\"position\":1,\"name\":\"Startseite\",\"item\":\"https:\/\/www.skyline.de\/fr\/\"},{\"@type\":\"ListItem\",\"position\":2,\"name\":\"Boutique\",\"item\":\"https:\/\/www.skyline.de\/fr\/boutique\/\"},{\"@type\":\"ListItem\",\"position\":3,\"name\":\"FUTTERNAPF ACENA\"}]},{\"@type\":\"WebSite\",\"@id\":\"https:\/\/www.skyline.de\/#website\",\"url\":\"https:\/\/www.skyline.de\/\",\"name\":\"Skyline - Lifestyle f\u00fcr Tiere\",\"description\":\"Katzen, Hunde, Wild- und Gartenv\u00f6gel, Insekten, H\u00fchner, Zierv\u00f6gel, Zwergkaninchen, Meerschweinchen, Hamster, Ratten, M\u00e4use\",\"potentialAction\":[{\"@type\":\"SearchAction\",\"target\":{\"@type\":\"EntryPoint\",\"urlTemplate\":\"https:\/\/www.skyline.de\/?s={search_term_string}\"},\"query-input\":{\"@type\":\"PropertyValueSpecification\",\"valueRequired\":true,\"valueName\":\"search_term_string\"}}],\"inLanguage\":\"fr-FR\"}]}<\/script>\n<!-- \/ Yoast SEO plugin. -->","yoast_head_json":{"title":"FUTTERNAPF ACENA - Skyline - Lifestyle f\u00fcr Tiere","robots":{"index":"index","follow":"follow","max-snippet":"max-snippet:-1","max-image-preview":"max-image-preview:large","max-video-preview":"max-video-preview:-1"},"canonical":"https:\/\/www.skyline.de\/product\/futternapf-acena\/","og_locale":"fr_FR","og_type":"article","og_title":"FUTTERNAPF ACENA - Skyline - Lifestyle f\u00fcr Tiere","og_description":"Lassen Sie sich inspirieren von den unterschiedlichen Formen unserer Futtersysteme. Hochwertige Keramikschalen. Ergonomisches Design von Sieghart. In drei verschiedenen Gr\u00f6\u00dfen. &nbsp;","og_url":"https:\/\/www.skyline.de\/product\/futternapf-acena\/","og_site_name":"Skyline - Lifestyle f\u00fcr Tiere","article_modified_time":"2026-03-11T10:55:08+00:00","og_image":[{"width":384,"height":481,"url":"https:\/\/i2.wp.com\/www.skyline.de\/wp-content\/uploads\/2019\/12\/Skyline-Bowl-Acena.jpg?fit=384%2C481&ssl=1","type":"image\/jpeg"}],"twitter_card":"summary_large_image","schema":{"@context":"https:\/\/schema.org","@graph":[{"@type":"WebPage","@id":"https:\/\/www.skyline.de\/product\/futternapf-acena\/","url":"https:\/\/www.skyline.de\/product\/futternapf-acena\/","name":"FUTTERNAPF ACENA - Skyline - Lifestyle f\u00fcr Tiere","isPartOf":{"@id":"https:\/\/www.skyline.de\/#website"},"primaryImageOfPage":{"@id":"https:\/\/www.skyline.de\/product\/futternapf-acena\/#primaryimage"},"image":{"@id":"https:\/\/www.skyline.de\/product\/futternapf-acena\/#primaryimage"},"thumbnailUrl":"https:\/\/i0.wp.com\/www.skyline.de\/wp-content\/uploads\/2019\/12\/Skyline-Bowl-Acena.jpg?fit=384%2C481&ssl=1","datePublished":"2019-12-27T13:08:02+00:00","dateModified":"2026-03-11T10:55:08+00:00","breadcrumb":{"@id":"https:\/\/www.skyline.de\/product\/futternapf-acena\/#breadcrumb"},"inLanguage":"fr-FR","potentialAction":[{"@type":"ReadAction","target":["https:\/\/www.skyline.de\/product\/futternapf-acena\/"]}]},{"@type":"ImageObject","inLanguage":"fr-FR","@id":"https:\/\/www.skyline.de\/product\/futternapf-acena\/#primaryimage","url":"https:\/\/i0.wp.com\/www.skyline.de\/wp-content\/uploads\/2019\/12\/Skyline-Bowl-Acena.jpg?fit=384%2C481&ssl=1","contentUrl":"https:\/\/i0.wp.com\/www.skyline.de\/wp-content\/uploads\/2019\/12\/Skyline-Bowl-Acena.jpg?fit=384%2C481&ssl=1","width":384,"height":481,"caption":"skyline N\u00e4pfe f\u00fcr Hund und Katze"},{"@type":"BreadcrumbList","@id":"https:\/\/www.skyline.de\/product\/futternapf-acena\/#breadcrumb","itemListElement":[{"@type":"ListItem","position":1,"name":"Startseite","item":"https:\/\/www.skyline.de\/fr\/"},{"@type":"ListItem","position":2,"name":"Boutique","item":"https:\/\/www.skyline.de\/fr\/boutique\/"},{"@type":"ListItem","position":3,"name":"FUTTERNAPF ACENA"}]},{"@type":"WebSite","@id":"https:\/\/www.skyline.de\/#website","url":"https:\/\/www.skyline.de\/","name":"Skyline - Lifestyle f\u00fcr Tiere","description":"Katzen, Hunde, Wild- und Gartenv\u00f6gel, Insekten, H\u00fchner, Zierv\u00f6gel, Zwergkaninchen, Meerschweinchen, Hamster, Ratten, M\u00e4use","potentialAction":[{"@type":"SearchAction","target":{"@type":"EntryPoint","urlTemplate":"https:\/\/www.skyline.de\/?s={search_term_string}"},"query-input":{"@type":"PropertyValueSpecification","valueRequired":true,"valueName":"search_term_string"}}],"inLanguage":"fr-FR"}]}},"_links":{"self":[{"href":"https:\/\/www.skyline.de\/fr\/wp-json\/wp\/v2\/product\/1559","targetHints":{"allow":["GET"]}}],"collection":[{"href":"https:\/\/www.skyline.de\/fr\/wp-json\/wp\/v2\/product"}],"about":[{"href":"https:\/\/www.skyline.de\/fr\/wp-json\/wp\/v2\/types\/product"}],"wp:featuredmedia":[{"embeddable":true,"href":"https:\/\/www.skyline.de\/fr\/wp-json\/wp\/v2\/media\/5849"}],"wp:attachment":[{"href":"https:\/\/www.skyline.de\/fr\/wp-json\/wp\/v2\/media?parent=1559"}],"wp:term":[{"taxonomy":"product_brand","embeddable":true,"href":"https:\/\/www.skyline.de\/fr\/wp-json\/wp\/v2\/product_brand?post=1559"},{"taxonomy":"product_cat","embeddable":true,"href":"https:\/\/www.skyline.de\/fr\/wp-json\/wp\/v2\/product_cat?post=1559"},{"taxonomy":"product_tag","embeddable":true,"href":"https:\/\/www.skyline.de\/fr\/wp-json\/wp\/v2\/product_tag?post=1559"}],"curies":[{"name":"wp","href":"https:\/\/api.w.org\/{rel}","templated":true}]}}