{"id":4949,"date":"2020-04-16T06:11:35","date_gmt":"2020-04-16T04:11:35","guid":{"rendered":"http:\/\/www.skyline.de\/?page_id=4949"},"modified":"2020-05-15T12:26:19","modified_gmt":"2020-05-15T10:26:19","slug":"a-propos-de-nous-2","status":"publish","type":"page","link":"https:\/\/www.skyline.de\/fr\/a-propos-de-nous-2\/","title":{"rendered":"\u00c0 PROPOS DE NOUS"},"content":{"rendered":"","protected":false},"excerpt":{"rendered":"","protected":false},"author":1,"featured_media":0,"parent":0,"menu_order":0,"comment_status":"open","ping_status":"open","template":"","meta":{"footnotes":""},"class_list":["post-4949","page","type-page","status-publish","hentry"],"yoast_head":"<!-- This site is optimized with the Yoast SEO plugin v27.1.1 - https:\/\/yoast.com\/product\/yoast-seo-wordpress\/ -->\n<title>\u00c0 PROPOS DE NOUS - Skyline - Lifestyle f\u00fcr Tiere<\/title>\n<meta name=\"robots\" content=\"index, follow, max-snippet:-1, max-image-preview:large, max-video-preview:-1\" \/>\n<link rel=\"canonical\" href=\"https:\/\/www.skyline.de\/fr\/a-propos-de-nous-2\/\" \/>\n<meta property=\"og:locale\" content=\"fr_FR\" \/>\n<meta property=\"og:type\" content=\"article\" \/>\n<meta property=\"og:title\" content=\"\u00c0 PROPOS DE NOUS - Skyline - Lifestyle f\u00fcr Tiere\" \/>\n<meta property=\"og:url\" content=\"https:\/\/www.skyline.de\/fr\/a-propos-de-nous-2\/\" \/>\n<meta property=\"og:site_name\" content=\"Skyline - Lifestyle f\u00fcr Tiere\" \/>\n<meta property=\"article:modified_time\" content=\"2020-05-15T10:26:19+00:00\" \/>\n<meta name=\"twitter:card\" content=\"summary_large_image\" \/>\n<script type=\"application\/ld+json\" class=\"yoast-schema-graph\">{\"@context\":\"https:\/\/schema.org\",\"@graph\":[{\"@type\":\"WebPage\",\"@id\":\"https:\/\/www.skyline.de\/fr\/a-propos-de-nous-2\/\",\"url\":\"https:\/\/www.skyline.de\/fr\/a-propos-de-nous-2\/\",\"name\":\"\u00c0 PROPOS DE NOUS - Skyline - Lifestyle f\u00fcr Tiere\",\"isPartOf\":{\"@id\":\"https:\/\/www.skyline.de\/#website\"},\"datePublished\":\"2020-04-16T04:11:35+00:00\",\"dateModified\":\"2020-05-15T10:26:19+00:00\",\"breadcrumb\":{\"@id\":\"https:\/\/www.skyline.de\/fr\/a-propos-de-nous-2\/#breadcrumb\"},\"inLanguage\":\"fr-FR\",\"potentialAction\":[{\"@type\":\"ReadAction\",\"target\":[\"https:\/\/www.skyline.de\/fr\/a-propos-de-nous-2\/\"]}]},{\"@type\":\"BreadcrumbList\",\"@id\":\"https:\/\/www.skyline.de\/fr\/a-propos-de-nous-2\/#breadcrumb\",\"itemListElement\":[{\"@type\":\"ListItem\",\"position\":1,\"name\":\"Startseite\",\"item\":\"https:\/\/www.skyline.de\/fr\/\"},{\"@type\":\"ListItem\",\"position\":2,\"name\":\"\u00c0 PROPOS DE NOUS\"}]},{\"@type\":\"WebSite\",\"@id\":\"https:\/\/www.skyline.de\/#website\",\"url\":\"https:\/\/www.skyline.de\/\",\"name\":\"Skyline - Lifestyle f\u00fcr Tiere\",\"description\":\"Katzen, Hunde, Wild- und Gartenv\u00f6gel, Insekten, H\u00fchner, Zierv\u00f6gel, Zwergkaninchen, Meerschweinchen, Hamster, Ratten, M\u00e4use\",\"potentialAction\":[{\"@type\":\"SearchAction\",\"target\":{\"@type\":\"EntryPoint\",\"urlTemplate\":\"https:\/\/www.skyline.de\/?s={search_term_string}\"},\"query-input\":{\"@type\":\"PropertyValueSpecification\",\"valueRequired\":true,\"valueName\":\"search_term_string\"}}],\"inLanguage\":\"fr-FR\"}]}<\/script>\n<!-- \/ Yoast SEO plugin. -->","yoast_head_json":{"title":"\u00c0 PROPOS DE NOUS - Skyline - Lifestyle f\u00fcr Tiere","robots":{"index":"index","follow":"follow","max-snippet":"max-snippet:-1","max-image-preview":"max-image-preview:large","max-video-preview":"max-video-preview:-1"},"canonical":"https:\/\/www.skyline.de\/fr\/a-propos-de-nous-2\/","og_locale":"fr_FR","og_type":"article","og_title":"\u00c0 PROPOS DE NOUS - Skyline - Lifestyle f\u00fcr Tiere","og_url":"https:\/\/www.skyline.de\/fr\/a-propos-de-nous-2\/","og_site_name":"Skyline - Lifestyle f\u00fcr Tiere","article_modified_time":"2020-05-15T10:26:19+00:00","twitter_card":"summary_large_image","schema":{"@context":"https:\/\/schema.org","@graph":[{"@type":"WebPage","@id":"https:\/\/www.skyline.de\/fr\/a-propos-de-nous-2\/","url":"https:\/\/www.skyline.de\/fr\/a-propos-de-nous-2\/","name":"\u00c0 PROPOS DE NOUS - Skyline - Lifestyle f\u00fcr Tiere","isPartOf":{"@id":"https:\/\/www.skyline.de\/#website"},"datePublished":"2020-04-16T04:11:35+00:00","dateModified":"2020-05-15T10:26:19+00:00","breadcrumb":{"@id":"https:\/\/www.skyline.de\/fr\/a-propos-de-nous-2\/#breadcrumb"},"inLanguage":"fr-FR","potentialAction":[{"@type":"ReadAction","target":["https:\/\/www.skyline.de\/fr\/a-propos-de-nous-2\/"]}]},{"@type":"BreadcrumbList","@id":"https:\/\/www.skyline.de\/fr\/a-propos-de-nous-2\/#breadcrumb","itemListElement":[{"@type":"ListItem","position":1,"name":"Startseite","item":"https:\/\/www.skyline.de\/fr\/"},{"@type":"ListItem","position":2,"name":"\u00c0 PROPOS DE NOUS"}]},{"@type":"WebSite","@id":"https:\/\/www.skyline.de\/#website","url":"https:\/\/www.skyline.de\/","name":"Skyline - Lifestyle f\u00fcr Tiere","description":"Katzen, Hunde, Wild- und Gartenv\u00f6gel, Insekten, H\u00fchner, Zierv\u00f6gel, Zwergkaninchen, Meerschweinchen, Hamster, Ratten, M\u00e4use","potentialAction":[{"@type":"SearchAction","target":{"@type":"EntryPoint","urlTemplate":"https:\/\/www.skyline.de\/?s={search_term_string}"},"query-input":{"@type":"PropertyValueSpecification","valueRequired":true,"valueName":"search_term_string"}}],"inLanguage":"fr-FR"}]}},"_links":{"self":[{"href":"https:\/\/www.skyline.de\/fr\/wp-json\/wp\/v2\/pages\/4949","targetHints":{"allow":["GET"]}}],"collection":[{"href":"https:\/\/www.skyline.de\/fr\/wp-json\/wp\/v2\/pages"}],"about":[{"href":"https:\/\/www.skyline.de\/fr\/wp-json\/wp\/v2\/types\/page"}],"author":[{"embeddable":true,"href":"https:\/\/www.skyline.de\/fr\/wp-json\/wp\/v2\/users\/1"}],"replies":[{"embeddable":true,"href":"https:\/\/www.skyline.de\/fr\/wp-json\/wp\/v2\/comments?post=4949"}],"version-history":[{"count":1,"href":"https:\/\/www.skyline.de\/fr\/wp-json\/wp\/v2\/pages\/4949\/revisions"}],"predecessor-version":[{"id":4950,"href":"https:\/\/www.skyline.de\/fr\/wp-json\/wp\/v2\/pages\/4949\/revisions\/4950"}],"wp:attachment":[{"href":"https:\/\/www.skyline.de\/fr\/wp-json\/wp\/v2\/media?parent=4949"}],"curies":[{"name":"wp","href":"https:\/\/api.w.org\/{rel}","templated":true}]}}