{"id":5729,"date":"2019-10-17T16:10:17","date_gmt":"2021-02-01T09:36:42","guid":{"rendered":"https:\/\/www.skyline.de\/?post_type=product&#038;p=5729"},"modified":"2021-08-30T13:28:59","modified_gmt":"2021-08-30T11:28:59","slug":"gustino","status":"publish","type":"product","link":"https:\/\/www.skyline.de\/en\/product\/gustino\/","title":{"rendered":"SALTIMBOCCA &#8220;GUSTINO&#8221;"},"content":{"rendered":"<p>&nbsp;<\/p>\n<p class=\"p1\">GUSTINO 1<br \/>\n347 x 190 x 224 mm<br \/>\n0,25 Liter \u2022 0 = 134 mm, H = 42\/71 mm<\/p>\n<p class=\"p1\">GUSTINO 2<br \/>\n440 x 220 x 267 mm<br \/>\n0,5 Liter \u2022 0 = 169 mm, H = 53\/90 mm<\/p>\n<p class=\"p1\">GUSTINO 3<br \/>\n550 x 275 x 305 mm<br \/>\n1 Liter\u2022 0 = 213 mm, H = 63\/105 mm<\/p>\n","protected":false},"excerpt":{"rendered":"<p>&nbsp;<\/p>\n<p class=\"p2\">For a well-groomed dinner, our designers have created elegant combinations of classy white porcelain bowls in an elegant frame made of natural wood. Let yourself be inspired by the different shapes of our feed systems. They are each available in three different sizes.<\/p>\n<p class=\"p1\">Design: <strong>JK<\/strong><\/p>\n","protected":false},"featured_media":4566,"template":"","meta":[],"product_brand":[],"product_cat":[64,57],"product_tag":[],"class_list":{"0":"post-5729","1":"product","2":"type-product","3":"status-publish","4":"has-post-thumbnail","6":"product_cat-bowls-en","7":"product_cat-felidaes-palace-en","9":"first","10":"instock","11":"shipping-taxable","12":"product-type-simple"},"yoast_head":"<!-- This site is optimized with the Yoast SEO plugin v27.1.1 - https:\/\/yoast.com\/product\/yoast-seo-wordpress\/ -->\n<title>SALTIMBOCCA &quot;GUSTINO&quot; - Skyline - Lifestyle f\u00fcr Tiere<\/title>\n<meta name=\"robots\" content=\"index, follow, max-snippet:-1, max-image-preview:large, max-video-preview:-1\" \/>\n<link rel=\"canonical\" href=\"https:\/\/www.skyline.de\/en\/product\/gustino\/\" \/>\n<meta property=\"og:locale\" content=\"en_US\" \/>\n<meta property=\"og:type\" content=\"article\" \/>\n<meta property=\"og:title\" content=\"SALTIMBOCCA &quot;GUSTINO&quot; - Skyline - Lifestyle f\u00fcr Tiere\" \/>\n<meta property=\"og:description\" content=\"&nbsp; For a well-groomed dinner, our designers have created elegant combinations of classy white porcelain bowls in an elegant frame made of natural wood. Let yourself be inspired by the different shapes of our feed systems. They are each available in three different sizes. Design: JK\" \/>\n<meta property=\"og:url\" content=\"https:\/\/www.skyline.de\/en\/product\/gustino\/\" \/>\n<meta property=\"og:site_name\" content=\"Skyline - Lifestyle f\u00fcr Tiere\" \/>\n<meta property=\"article:modified_time\" content=\"2021-08-30T11:28:59+00:00\" \/>\n<meta property=\"og:image\" content=\"https:\/\/i0.wp.com\/www.skyline.de\/wp-content\/uploads\/2019\/10\/Skyline-napf-gustino-3.jpg?fit=400%2C500&ssl=1\" \/>\n\t<meta property=\"og:image:width\" content=\"400\" \/>\n\t<meta property=\"og:image:height\" content=\"500\" \/>\n\t<meta property=\"og:image:type\" content=\"image\/jpeg\" \/>\n<meta name=\"twitter:card\" content=\"summary_large_image\" \/>\n<script type=\"application\/ld+json\" class=\"yoast-schema-graph\">{\"@context\":\"https:\/\/schema.org\",\"@graph\":[{\"@type\":\"WebPage\",\"@id\":\"https:\/\/www.skyline.de\/en\/product\/gustino\/\",\"url\":\"https:\/\/www.skyline.de\/en\/product\/gustino\/\",\"name\":\"SALTIMBOCCA \\\"GUSTINO\\\" - Skyline - Lifestyle f\u00fcr Tiere\",\"isPartOf\":{\"@id\":\"https:\/\/www.skyline.de\/#website\"},\"primaryImageOfPage\":{\"@id\":\"https:\/\/www.skyline.de\/en\/product\/gustino\/#primaryimage\"},\"image\":{\"@id\":\"https:\/\/www.skyline.de\/en\/product\/gustino\/#primaryimage\"},\"thumbnailUrl\":\"https:\/\/i0.wp.com\/www.skyline.de\/wp-content\/uploads\/2019\/10\/Skyline-napf-gustino-3.jpg?fit=400%2C500&ssl=1\",\"datePublished\":\"2021-02-01T09:36:42+00:00\",\"dateModified\":\"2021-08-30T11:28:59+00:00\",\"breadcrumb\":{\"@id\":\"https:\/\/www.skyline.de\/en\/product\/gustino\/#breadcrumb\"},\"inLanguage\":\"en-US\",\"potentialAction\":[{\"@type\":\"ReadAction\",\"target\":[\"https:\/\/www.skyline.de\/en\/product\/gustino\/\"]}]},{\"@type\":\"ImageObject\",\"inLanguage\":\"en-US\",\"@id\":\"https:\/\/www.skyline.de\/en\/product\/gustino\/#primaryimage\",\"url\":\"https:\/\/i0.wp.com\/www.skyline.de\/wp-content\/uploads\/2019\/10\/Skyline-napf-gustino-3.jpg?fit=400%2C500&ssl=1\",\"contentUrl\":\"https:\/\/i0.wp.com\/www.skyline.de\/wp-content\/uploads\/2019\/10\/Skyline-napf-gustino-3.jpg?fit=400%2C500&ssl=1\",\"width\":400,\"height\":500,\"caption\":\"cages oiseaux Skyline\"},{\"@type\":\"BreadcrumbList\",\"@id\":\"https:\/\/www.skyline.de\/en\/product\/gustino\/#breadcrumb\",\"itemListElement\":[{\"@type\":\"ListItem\",\"position\":1,\"name\":\"Startseite\",\"item\":\"https:\/\/www.skyline.de\/en\/\"},{\"@type\":\"ListItem\",\"position\":2,\"name\":\"Shop\",\"item\":\"https:\/\/www.skyline.de\/en\/catalogue\/\"},{\"@type\":\"ListItem\",\"position\":3,\"name\":\"SALTIMBOCCA &#8220;GUSTINO&#8221;\"}]},{\"@type\":\"WebSite\",\"@id\":\"https:\/\/www.skyline.de\/#website\",\"url\":\"https:\/\/www.skyline.de\/\",\"name\":\"Skyline - Lifestyle f\u00fcr Tiere\",\"description\":\"Katzen, Hunde, Wild- und Gartenv\u00f6gel, Insekten, H\u00fchner, Zierv\u00f6gel, Zwergkaninchen, Meerschweinchen, Hamster, Ratten, M\u00e4use\",\"potentialAction\":[{\"@type\":\"SearchAction\",\"target\":{\"@type\":\"EntryPoint\",\"urlTemplate\":\"https:\/\/www.skyline.de\/?s={search_term_string}\"},\"query-input\":{\"@type\":\"PropertyValueSpecification\",\"valueRequired\":true,\"valueName\":\"search_term_string\"}}],\"inLanguage\":\"en-US\"}]}<\/script>\n<!-- \/ Yoast SEO plugin. -->","yoast_head_json":{"title":"SALTIMBOCCA \"GUSTINO\" - Skyline - Lifestyle f\u00fcr Tiere","robots":{"index":"index","follow":"follow","max-snippet":"max-snippet:-1","max-image-preview":"max-image-preview:large","max-video-preview":"max-video-preview:-1"},"canonical":"https:\/\/www.skyline.de\/en\/product\/gustino\/","og_locale":"en_US","og_type":"article","og_title":"SALTIMBOCCA \"GUSTINO\" - Skyline - Lifestyle f\u00fcr Tiere","og_description":"&nbsp; For a well-groomed dinner, our designers have created elegant combinations of classy white porcelain bowls in an elegant frame made of natural wood. Let yourself be inspired by the different shapes of our feed systems. They are each available in three different sizes. Design: JK","og_url":"https:\/\/www.skyline.de\/en\/product\/gustino\/","og_site_name":"Skyline - Lifestyle f\u00fcr Tiere","article_modified_time":"2021-08-30T11:28:59+00:00","og_image":[{"width":400,"height":500,"url":"https:\/\/i0.wp.com\/www.skyline.de\/wp-content\/uploads\/2019\/10\/Skyline-napf-gustino-3.jpg?fit=400%2C500&ssl=1","type":"image\/jpeg"}],"twitter_card":"summary_large_image","schema":{"@context":"https:\/\/schema.org","@graph":[{"@type":"WebPage","@id":"https:\/\/www.skyline.de\/en\/product\/gustino\/","url":"https:\/\/www.skyline.de\/en\/product\/gustino\/","name":"SALTIMBOCCA \"GUSTINO\" - Skyline - Lifestyle f\u00fcr Tiere","isPartOf":{"@id":"https:\/\/www.skyline.de\/#website"},"primaryImageOfPage":{"@id":"https:\/\/www.skyline.de\/en\/product\/gustino\/#primaryimage"},"image":{"@id":"https:\/\/www.skyline.de\/en\/product\/gustino\/#primaryimage"},"thumbnailUrl":"https:\/\/i0.wp.com\/www.skyline.de\/wp-content\/uploads\/2019\/10\/Skyline-napf-gustino-3.jpg?fit=400%2C500&ssl=1","datePublished":"2021-02-01T09:36:42+00:00","dateModified":"2021-08-30T11:28:59+00:00","breadcrumb":{"@id":"https:\/\/www.skyline.de\/en\/product\/gustino\/#breadcrumb"},"inLanguage":"en-US","potentialAction":[{"@type":"ReadAction","target":["https:\/\/www.skyline.de\/en\/product\/gustino\/"]}]},{"@type":"ImageObject","inLanguage":"en-US","@id":"https:\/\/www.skyline.de\/en\/product\/gustino\/#primaryimage","url":"https:\/\/i0.wp.com\/www.skyline.de\/wp-content\/uploads\/2019\/10\/Skyline-napf-gustino-3.jpg?fit=400%2C500&ssl=1","contentUrl":"https:\/\/i0.wp.com\/www.skyline.de\/wp-content\/uploads\/2019\/10\/Skyline-napf-gustino-3.jpg?fit=400%2C500&ssl=1","width":400,"height":500,"caption":"cages oiseaux Skyline"},{"@type":"BreadcrumbList","@id":"https:\/\/www.skyline.de\/en\/product\/gustino\/#breadcrumb","itemListElement":[{"@type":"ListItem","position":1,"name":"Startseite","item":"https:\/\/www.skyline.de\/en\/"},{"@type":"ListItem","position":2,"name":"Shop","item":"https:\/\/www.skyline.de\/en\/catalogue\/"},{"@type":"ListItem","position":3,"name":"SALTIMBOCCA &#8220;GUSTINO&#8221;"}]},{"@type":"WebSite","@id":"https:\/\/www.skyline.de\/#website","url":"https:\/\/www.skyline.de\/","name":"Skyline - Lifestyle f\u00fcr Tiere","description":"Katzen, Hunde, Wild- und Gartenv\u00f6gel, Insekten, H\u00fchner, Zierv\u00f6gel, Zwergkaninchen, Meerschweinchen, Hamster, Ratten, M\u00e4use","potentialAction":[{"@type":"SearchAction","target":{"@type":"EntryPoint","urlTemplate":"https:\/\/www.skyline.de\/?s={search_term_string}"},"query-input":{"@type":"PropertyValueSpecification","valueRequired":true,"valueName":"search_term_string"}}],"inLanguage":"en-US"}]}},"_links":{"self":[{"href":"https:\/\/www.skyline.de\/en\/wp-json\/wp\/v2\/product\/5729","targetHints":{"allow":["GET"]}}],"collection":[{"href":"https:\/\/www.skyline.de\/en\/wp-json\/wp\/v2\/product"}],"about":[{"href":"https:\/\/www.skyline.de\/en\/wp-json\/wp\/v2\/types\/product"}],"wp:featuredmedia":[{"embeddable":true,"href":"https:\/\/www.skyline.de\/en\/wp-json\/wp\/v2\/media\/4566"}],"wp:attachment":[{"href":"https:\/\/www.skyline.de\/en\/wp-json\/wp\/v2\/media?parent=5729"}],"wp:term":[{"taxonomy":"product_brand","embeddable":true,"href":"https:\/\/www.skyline.de\/en\/wp-json\/wp\/v2\/product_brand?post=5729"},{"taxonomy":"product_cat","embeddable":true,"href":"https:\/\/www.skyline.de\/en\/wp-json\/wp\/v2\/product_cat?post=5729"},{"taxonomy":"product_tag","embeddable":true,"href":"https:\/\/www.skyline.de\/en\/wp-json\/wp\/v2\/product_tag?post=5729"}],"curies":[{"name":"wp","href":"https:\/\/api.w.org\/{rel}","templated":true}]}}