{"id":5720,"date":"2019-12-27T13:56:52","date_gmt":"2021-02-01T09:35:35","guid":{"rendered":"https:\/\/www.skyline.de\/?post_type=product&#038;p=5720"},"modified":"2021-02-01T10:35:38","modified_gmt":"2021-02-01T09:35:38","slug":"food-bowl-cibono","status":"publish","type":"product","link":"https:\/\/www.skyline.de\/en\/product\/food-bowl-cibono\/","title":{"rendered":"FOOD BOWL CIBONO"},"content":{"rendered":"<p>&nbsp;<\/p>\n<p class=\"p1\">CIBONO 1<br \/>\n450x190x87 mm<br \/>\n0,25 Liter\u2022 \u00d8 <span class=\"s1\">= <\/span>125 mm, H <span class=\"s1\">= <\/span>45 mm<\/p>\n<p class=\"p1\">CIBONO 2<br \/>\n545 x 230 x 120 mm<br \/>\n0,5 Liter \u2022 \u00d8 = 175 mm, H = 70 mm<\/p>\n<p class=\"p1\">CIBONO 3<br \/>\n650 x 275 x 145 mm<br \/>\n1 Liter \u2022 \u00d8 <span class=\"s1\">= <\/span>220 mm, H <span class=\"s1\">= <\/span>85 mm<\/p>\n","protected":false},"excerpt":{"rendered":"<p>&nbsp;<\/p>\n<p class=\"p2\">Let yourself be inspired by the different shapes of our feed systems.<br \/>\nHigh quality ceramic bowls.<br \/>\nErgonomic design by Sieghart.<br \/>\nIn three different sizes.<\/p>\n","protected":false},"featured_media":4558,"template":"","meta":[],"product_brand":[],"product_cat":[64,57],"product_tag":[],"class_list":{"0":"post-5720","1":"product","2":"type-product","3":"status-publish","4":"has-post-thumbnail","6":"product_cat-bowls-en","7":"product_cat-felidaes-palace-en","9":"first","10":"instock","11":"shipping-taxable","12":"product-type-simple"},"yoast_head":"<!-- This site is optimized with the Yoast SEO plugin v27.1.1 - https:\/\/yoast.com\/product\/yoast-seo-wordpress\/ -->\n<title>FOOD BOWL CIBONO - Skyline - Lifestyle f\u00fcr Tiere<\/title>\n<meta name=\"robots\" content=\"index, follow, max-snippet:-1, max-image-preview:large, max-video-preview:-1\" \/>\n<link rel=\"canonical\" href=\"https:\/\/www.skyline.de\/en\/product\/food-bowl-cibono\/\" \/>\n<meta property=\"og:locale\" content=\"en_US\" \/>\n<meta property=\"og:type\" content=\"article\" \/>\n<meta property=\"og:title\" content=\"FOOD BOWL CIBONO - Skyline - Lifestyle f\u00fcr Tiere\" \/>\n<meta property=\"og:description\" content=\"&nbsp; Let yourself be inspired by the different shapes of our feed systems. High quality ceramic bowls. Ergonomic design by Sieghart. In three different sizes.\" \/>\n<meta property=\"og:url\" content=\"https:\/\/www.skyline.de\/en\/product\/food-bowl-cibono\/\" \/>\n<meta property=\"og:site_name\" content=\"Skyline - Lifestyle f\u00fcr Tiere\" \/>\n<meta property=\"article:modified_time\" content=\"2021-02-01T09:35:38+00:00\" \/>\n<meta property=\"og:image\" content=\"https:\/\/i2.wp.com\/www.skyline.de\/wp-content\/uploads\/2019\/10\/Skyline-napf-cibono-02.jpg?fit=400%2C500&ssl=1\" \/>\n\t<meta property=\"og:image:width\" content=\"400\" \/>\n\t<meta property=\"og:image:height\" content=\"500\" \/>\n\t<meta property=\"og:image:type\" content=\"image\/jpeg\" \/>\n<meta name=\"twitter:card\" content=\"summary_large_image\" \/>\n<script type=\"application\/ld+json\" class=\"yoast-schema-graph\">{\"@context\":\"https:\/\/schema.org\",\"@graph\":[{\"@type\":\"WebPage\",\"@id\":\"https:\/\/www.skyline.de\/en\/product\/food-bowl-cibono\/\",\"url\":\"https:\/\/www.skyline.de\/en\/product\/food-bowl-cibono\/\",\"name\":\"FOOD BOWL CIBONO - Skyline - Lifestyle f\u00fcr Tiere\",\"isPartOf\":{\"@id\":\"https:\/\/www.skyline.de\/#website\"},\"primaryImageOfPage\":{\"@id\":\"https:\/\/www.skyline.de\/en\/product\/food-bowl-cibono\/#primaryimage\"},\"image\":{\"@id\":\"https:\/\/www.skyline.de\/en\/product\/food-bowl-cibono\/#primaryimage\"},\"thumbnailUrl\":\"https:\/\/i0.wp.com\/www.skyline.de\/wp-content\/uploads\/2019\/10\/Skyline-napf-cibono-02.jpg?fit=400%2C500&ssl=1\",\"datePublished\":\"2021-02-01T09:35:35+00:00\",\"dateModified\":\"2021-02-01T09:35:38+00:00\",\"breadcrumb\":{\"@id\":\"https:\/\/www.skyline.de\/en\/product\/food-bowl-cibono\/#breadcrumb\"},\"inLanguage\":\"en-US\",\"potentialAction\":[{\"@type\":\"ReadAction\",\"target\":[\"https:\/\/www.skyline.de\/en\/product\/food-bowl-cibono\/\"]}]},{\"@type\":\"ImageObject\",\"inLanguage\":\"en-US\",\"@id\":\"https:\/\/www.skyline.de\/en\/product\/food-bowl-cibono\/#primaryimage\",\"url\":\"https:\/\/i0.wp.com\/www.skyline.de\/wp-content\/uploads\/2019\/10\/Skyline-napf-cibono-02.jpg?fit=400%2C500&ssl=1\",\"contentUrl\":\"https:\/\/i0.wp.com\/www.skyline.de\/wp-content\/uploads\/2019\/10\/Skyline-napf-cibono-02.jpg?fit=400%2C500&ssl=1\",\"width\":400,\"height\":500,\"caption\":\"cages oiseaux Skyline\"},{\"@type\":\"BreadcrumbList\",\"@id\":\"https:\/\/www.skyline.de\/en\/product\/food-bowl-cibono\/#breadcrumb\",\"itemListElement\":[{\"@type\":\"ListItem\",\"position\":1,\"name\":\"Startseite\",\"item\":\"https:\/\/www.skyline.de\/en\/\"},{\"@type\":\"ListItem\",\"position\":2,\"name\":\"Shop\",\"item\":\"https:\/\/www.skyline.de\/en\/catalogue\/\"},{\"@type\":\"ListItem\",\"position\":3,\"name\":\"FOOD BOWL CIBONO\"}]},{\"@type\":\"WebSite\",\"@id\":\"https:\/\/www.skyline.de\/#website\",\"url\":\"https:\/\/www.skyline.de\/\",\"name\":\"Skyline - Lifestyle f\u00fcr Tiere\",\"description\":\"Katzen, Hunde, Wild- und Gartenv\u00f6gel, Insekten, H\u00fchner, Zierv\u00f6gel, Zwergkaninchen, Meerschweinchen, Hamster, Ratten, M\u00e4use\",\"potentialAction\":[{\"@type\":\"SearchAction\",\"target\":{\"@type\":\"EntryPoint\",\"urlTemplate\":\"https:\/\/www.skyline.de\/?s={search_term_string}\"},\"query-input\":{\"@type\":\"PropertyValueSpecification\",\"valueRequired\":true,\"valueName\":\"search_term_string\"}}],\"inLanguage\":\"en-US\"}]}<\/script>\n<!-- \/ Yoast SEO plugin. -->","yoast_head_json":{"title":"FOOD BOWL CIBONO - Skyline - Lifestyle f\u00fcr Tiere","robots":{"index":"index","follow":"follow","max-snippet":"max-snippet:-1","max-image-preview":"max-image-preview:large","max-video-preview":"max-video-preview:-1"},"canonical":"https:\/\/www.skyline.de\/en\/product\/food-bowl-cibono\/","og_locale":"en_US","og_type":"article","og_title":"FOOD BOWL CIBONO - Skyline - Lifestyle f\u00fcr Tiere","og_description":"&nbsp; Let yourself be inspired by the different shapes of our feed systems. High quality ceramic bowls. Ergonomic design by Sieghart. In three different sizes.","og_url":"https:\/\/www.skyline.de\/en\/product\/food-bowl-cibono\/","og_site_name":"Skyline - Lifestyle f\u00fcr Tiere","article_modified_time":"2021-02-01T09:35:38+00:00","og_image":[{"width":400,"height":500,"url":"https:\/\/i2.wp.com\/www.skyline.de\/wp-content\/uploads\/2019\/10\/Skyline-napf-cibono-02.jpg?fit=400%2C500&ssl=1","type":"image\/jpeg"}],"twitter_card":"summary_large_image","schema":{"@context":"https:\/\/schema.org","@graph":[{"@type":"WebPage","@id":"https:\/\/www.skyline.de\/en\/product\/food-bowl-cibono\/","url":"https:\/\/www.skyline.de\/en\/product\/food-bowl-cibono\/","name":"FOOD BOWL CIBONO - Skyline - Lifestyle f\u00fcr Tiere","isPartOf":{"@id":"https:\/\/www.skyline.de\/#website"},"primaryImageOfPage":{"@id":"https:\/\/www.skyline.de\/en\/product\/food-bowl-cibono\/#primaryimage"},"image":{"@id":"https:\/\/www.skyline.de\/en\/product\/food-bowl-cibono\/#primaryimage"},"thumbnailUrl":"https:\/\/i0.wp.com\/www.skyline.de\/wp-content\/uploads\/2019\/10\/Skyline-napf-cibono-02.jpg?fit=400%2C500&ssl=1","datePublished":"2021-02-01T09:35:35+00:00","dateModified":"2021-02-01T09:35:38+00:00","breadcrumb":{"@id":"https:\/\/www.skyline.de\/en\/product\/food-bowl-cibono\/#breadcrumb"},"inLanguage":"en-US","potentialAction":[{"@type":"ReadAction","target":["https:\/\/www.skyline.de\/en\/product\/food-bowl-cibono\/"]}]},{"@type":"ImageObject","inLanguage":"en-US","@id":"https:\/\/www.skyline.de\/en\/product\/food-bowl-cibono\/#primaryimage","url":"https:\/\/i0.wp.com\/www.skyline.de\/wp-content\/uploads\/2019\/10\/Skyline-napf-cibono-02.jpg?fit=400%2C500&ssl=1","contentUrl":"https:\/\/i0.wp.com\/www.skyline.de\/wp-content\/uploads\/2019\/10\/Skyline-napf-cibono-02.jpg?fit=400%2C500&ssl=1","width":400,"height":500,"caption":"cages oiseaux Skyline"},{"@type":"BreadcrumbList","@id":"https:\/\/www.skyline.de\/en\/product\/food-bowl-cibono\/#breadcrumb","itemListElement":[{"@type":"ListItem","position":1,"name":"Startseite","item":"https:\/\/www.skyline.de\/en\/"},{"@type":"ListItem","position":2,"name":"Shop","item":"https:\/\/www.skyline.de\/en\/catalogue\/"},{"@type":"ListItem","position":3,"name":"FOOD BOWL CIBONO"}]},{"@type":"WebSite","@id":"https:\/\/www.skyline.de\/#website","url":"https:\/\/www.skyline.de\/","name":"Skyline - Lifestyle f\u00fcr Tiere","description":"Katzen, Hunde, Wild- und Gartenv\u00f6gel, Insekten, H\u00fchner, Zierv\u00f6gel, Zwergkaninchen, Meerschweinchen, Hamster, Ratten, M\u00e4use","potentialAction":[{"@type":"SearchAction","target":{"@type":"EntryPoint","urlTemplate":"https:\/\/www.skyline.de\/?s={search_term_string}"},"query-input":{"@type":"PropertyValueSpecification","valueRequired":true,"valueName":"search_term_string"}}],"inLanguage":"en-US"}]}},"_links":{"self":[{"href":"https:\/\/www.skyline.de\/en\/wp-json\/wp\/v2\/product\/5720","targetHints":{"allow":["GET"]}}],"collection":[{"href":"https:\/\/www.skyline.de\/en\/wp-json\/wp\/v2\/product"}],"about":[{"href":"https:\/\/www.skyline.de\/en\/wp-json\/wp\/v2\/types\/product"}],"wp:featuredmedia":[{"embeddable":true,"href":"https:\/\/www.skyline.de\/en\/wp-json\/wp\/v2\/media\/4558"}],"wp:attachment":[{"href":"https:\/\/www.skyline.de\/en\/wp-json\/wp\/v2\/media?parent=5720"}],"wp:term":[{"taxonomy":"product_brand","embeddable":true,"href":"https:\/\/www.skyline.de\/en\/wp-json\/wp\/v2\/product_brand?post=5720"},{"taxonomy":"product_cat","embeddable":true,"href":"https:\/\/www.skyline.de\/en\/wp-json\/wp\/v2\/product_cat?post=5720"},{"taxonomy":"product_tag","embeddable":true,"href":"https:\/\/www.skyline.de\/en\/wp-json\/wp\/v2\/product_tag?post=5720"}],"curies":[{"name":"wp","href":"https:\/\/api.w.org\/{rel}","templated":true}]}}