{"id":5703,"date":"2019-10-14T20:27:35","date_gmt":"2021-02-01T07:07:01","guid":{"rendered":"https:\/\/www.skyline.de\/?post_type=product&#038;p=5703"},"modified":"2021-02-01T08:07:04","modified_gmt":"2021-02-01T07:07:04","slug":"bird-cage-loretto-xxl","status":"publish","type":"product","link":"https:\/\/www.skyline.de\/en\/product\/bird-cage-loretto-xxl\/","title":{"rendered":"Bird cage Loretto XXL"},"content":{"rendered":"<ul>\n<li>Skyline Aviary Loretto XL is a spacious and functional aviary for budgies, canaries and exotic birds.<\/li>\n<li>High quality elements made of birch wood<\/li>\n<li>Zinc-free powder-coated grilles: non-toxic and harmless<\/li>\n<li>Swiveling &amp; lockable feed bar with 3 metal bowls<\/li>\n<li>Practical drawer with pull-out metal base tray<\/li>\n<li>4 large side doors: easy access<\/li>\n<li>2 large flaps at the front: can be used as an approach flap with a matching perch<\/li>\n<li>Easy cleaning<\/li>\n<li>Colors:\n<ul>\n<li>Wood elements: white<\/li>\n<li>Grid: black<\/li>\n<\/ul>\n<\/li>\n<li>Dimensions:\n<ul>\n<li>Outside (with castors): L 118 x W 75 x H 175 cm<\/li>\n<li>Inside: L 110 x B 73 x H 170 cm<\/li>\n<li>Floor pan: L 109 x B 69 x H 3 cm<\/li>\n<li>Wire thickness: 1.6 mm (horizontal), 3.4 mm (vertical)<\/li>\n<li>Grids: lead, &#8211; and cadmium free, powder coating<\/li>\n<li>Swiveling feeding counter: L 62 x H 7 cm<\/li>\n<li>2 approach flaps at the front: L 40 x H 25 cm<\/li>\n<li>4 large doors (two on the right, two on the left): L 20 x H 19 cm<\/li>\n<\/ul>\n<\/li>\n<li>accessories:\n<ul>\n<li>3 chrome-plated bowls: 140 ml each<\/li>\n<li>4 plastic castors with metal fasteners \u00d8 4 cm<\/li>\n<li>5 Holz-Sitzstangen: L 73 cm, \u00d8 15 mm<\/li>\n<li>2 Holz-Sitzstangen f\u00fcr die Anflugklappen: L 38 cm, \u00d8 15 mm<\/li>\n<\/ul>\n<\/li>\n<\/ul>\n<p>&nbsp;<\/p>\n<p><span class=\"s1\"><b>Dealer information<br \/>\n<\/b><\/span><span class=\"s1\">Dimensions: 118x75x175 cm<br \/>\n<\/span><span class=\"s1\">Piece of pallet: 7<br \/>\n<\/span><span class=\"s1\">Gross weight: 37 kg<br \/>\n<\/span><span class=\"s1\">Wire spacing: 1,7 cm<\/span><\/p>\n<p>&nbsp;<\/p>\n","protected":false},"excerpt":{"rendered":"<p>The Skyline Aviary Loretto XXL offers a spacious and functional home for larger parakeets, canaries and exotic birds.<\/p>\n","protected":false},"featured_media":4668,"template":"","meta":[],"product_brand":[],"product_cat":[50],"product_tag":[],"class_list":{"0":"post-5703","1":"product","2":"type-product","3":"status-publish","4":"has-post-thumbnail","6":"product_cat-avant-garde-en-2","8":"first","9":"instock","10":"shipping-taxable","11":"product-type-simple"},"yoast_head":"<!-- This site is optimized with the Yoast SEO plugin v27.5 - https:\/\/yoast.com\/product\/yoast-seo-wordpress\/ -->\n<title>Bird cage Loretto XXL - Skyline - Lifestyle f\u00fcr Tiere<\/title>\n<meta name=\"robots\" content=\"index, follow, max-snippet:-1, max-image-preview:large, max-video-preview:-1\" \/>\n<link rel=\"canonical\" href=\"https:\/\/www.skyline.de\/en\/product\/bird-cage-loretto-xxl\/\" \/>\n<meta property=\"og:locale\" content=\"en_US\" \/>\n<meta property=\"og:type\" content=\"article\" \/>\n<meta property=\"og:title\" content=\"Bird cage Loretto XXL - Skyline - Lifestyle f\u00fcr Tiere\" \/>\n<meta property=\"og:description\" content=\"The Skyline Aviary Loretto XXL offers a spacious and functional home for larger parakeets, canaries and exotic birds.\" \/>\n<meta property=\"og:url\" content=\"https:\/\/www.skyline.de\/en\/product\/bird-cage-loretto-xxl\/\" \/>\n<meta property=\"og:site_name\" content=\"Skyline - Lifestyle f\u00fcr Tiere\" \/>\n<meta property=\"article:modified_time\" content=\"2021-02-01T07:07:04+00:00\" \/>\n<meta property=\"og:image\" content=\"https:\/\/i2.wp.com\/www.skyline.de\/wp-content\/uploads\/2019\/10\/Skyline-Vogelkaefig-loretto-xxl.jpg?fit=800%2C800&ssl=1\" \/>\n\t<meta property=\"og:image:width\" content=\"800\" \/>\n\t<meta property=\"og:image:height\" content=\"800\" \/>\n\t<meta property=\"og:image:type\" content=\"image\/jpeg\" \/>\n<meta name=\"twitter:card\" content=\"summary_large_image\" \/>\n<meta name=\"twitter:label1\" content=\"Est. reading time\" \/>\n\t<meta name=\"twitter:data1\" content=\"1 minute\" \/>\n<script type=\"application\/ld+json\" class=\"yoast-schema-graph\">{\"@context\":\"https:\\\/\\\/schema.org\",\"@graph\":[{\"@type\":\"WebPage\",\"@id\":\"https:\\\/\\\/www.skyline.de\\\/en\\\/product\\\/bird-cage-loretto-xxl\\\/\",\"url\":\"https:\\\/\\\/www.skyline.de\\\/en\\\/product\\\/bird-cage-loretto-xxl\\\/\",\"name\":\"Bird cage Loretto XXL - Skyline - Lifestyle f\u00fcr Tiere\",\"isPartOf\":{\"@id\":\"https:\\\/\\\/www.skyline.de\\\/#website\"},\"primaryImageOfPage\":{\"@id\":\"https:\\\/\\\/www.skyline.de\\\/en\\\/product\\\/bird-cage-loretto-xxl\\\/#primaryimage\"},\"image\":{\"@id\":\"https:\\\/\\\/www.skyline.de\\\/en\\\/product\\\/bird-cage-loretto-xxl\\\/#primaryimage\"},\"thumbnailUrl\":\"https:\\\/\\\/i0.wp.com\\\/www.skyline.de\\\/wp-content\\\/uploads\\\/2019\\\/10\\\/Skyline-Vogelkaefig-loretto-xxl.jpg?fit=800%2C800&ssl=1\",\"datePublished\":\"2021-02-01T07:07:01+00:00\",\"dateModified\":\"2021-02-01T07:07:04+00:00\",\"breadcrumb\":{\"@id\":\"https:\\\/\\\/www.skyline.de\\\/en\\\/product\\\/bird-cage-loretto-xxl\\\/#breadcrumb\"},\"inLanguage\":\"en-US\",\"potentialAction\":[{\"@type\":\"ReadAction\",\"target\":[\"https:\\\/\\\/www.skyline.de\\\/en\\\/product\\\/bird-cage-loretto-xxl\\\/\"]}]},{\"@type\":\"ImageObject\",\"inLanguage\":\"en-US\",\"@id\":\"https:\\\/\\\/www.skyline.de\\\/en\\\/product\\\/bird-cage-loretto-xxl\\\/#primaryimage\",\"url\":\"https:\\\/\\\/i0.wp.com\\\/www.skyline.de\\\/wp-content\\\/uploads\\\/2019\\\/10\\\/Skyline-Vogelkaefig-loretto-xxl.jpg?fit=800%2C800&ssl=1\",\"contentUrl\":\"https:\\\/\\\/i0.wp.com\\\/www.skyline.de\\\/wp-content\\\/uploads\\\/2019\\\/10\\\/Skyline-Vogelkaefig-loretto-xxl.jpg?fit=800%2C800&ssl=1\",\"width\":800,\"height\":800},{\"@type\":\"BreadcrumbList\",\"@id\":\"https:\\\/\\\/www.skyline.de\\\/en\\\/product\\\/bird-cage-loretto-xxl\\\/#breadcrumb\",\"itemListElement\":[{\"@type\":\"ListItem\",\"position\":1,\"name\":\"Startseite\",\"item\":\"https:\\\/\\\/www.skyline.de\\\/en\\\/\"},{\"@type\":\"ListItem\",\"position\":2,\"name\":\"Shop\",\"item\":\"https:\\\/\\\/www.skyline.de\\\/en\\\/catalogue\\\/\"},{\"@type\":\"ListItem\",\"position\":3,\"name\":\"Bird cage Loretto XXL\"}]},{\"@type\":\"WebSite\",\"@id\":\"https:\\\/\\\/www.skyline.de\\\/#website\",\"url\":\"https:\\\/\\\/www.skyline.de\\\/\",\"name\":\"Skyline - Lifestyle f\u00fcr Tiere\",\"description\":\"Katzen, Hunde, Wild- und Gartenv\u00f6gel, Insekten, H\u00fchner, Zierv\u00f6gel, Zwergkaninchen, Meerschweinchen, Hamster, Ratten, M\u00e4use\",\"potentialAction\":[{\"@type\":\"SearchAction\",\"target\":{\"@type\":\"EntryPoint\",\"urlTemplate\":\"https:\\\/\\\/www.skyline.de\\\/?s={search_term_string}\"},\"query-input\":{\"@type\":\"PropertyValueSpecification\",\"valueRequired\":true,\"valueName\":\"search_term_string\"}}],\"inLanguage\":\"en-US\"}]}<\/script>\n<!-- \/ Yoast SEO plugin. -->","yoast_head_json":{"title":"Bird cage Loretto XXL - Skyline - Lifestyle f\u00fcr Tiere","robots":{"index":"index","follow":"follow","max-snippet":"max-snippet:-1","max-image-preview":"max-image-preview:large","max-video-preview":"max-video-preview:-1"},"canonical":"https:\/\/www.skyline.de\/en\/product\/bird-cage-loretto-xxl\/","og_locale":"en_US","og_type":"article","og_title":"Bird cage Loretto XXL - Skyline - Lifestyle f\u00fcr Tiere","og_description":"The Skyline Aviary Loretto XXL offers a spacious and functional home for larger parakeets, canaries and exotic birds.","og_url":"https:\/\/www.skyline.de\/en\/product\/bird-cage-loretto-xxl\/","og_site_name":"Skyline - Lifestyle f\u00fcr Tiere","article_modified_time":"2021-02-01T07:07:04+00:00","og_image":[{"width":800,"height":800,"url":"https:\/\/i2.wp.com\/www.skyline.de\/wp-content\/uploads\/2019\/10\/Skyline-Vogelkaefig-loretto-xxl.jpg?fit=800%2C800&ssl=1","type":"image\/jpeg"}],"twitter_card":"summary_large_image","twitter_misc":{"Est. reading time":"1 minute"},"schema":{"@context":"https:\/\/schema.org","@graph":[{"@type":"WebPage","@id":"https:\/\/www.skyline.de\/en\/product\/bird-cage-loretto-xxl\/","url":"https:\/\/www.skyline.de\/en\/product\/bird-cage-loretto-xxl\/","name":"Bird cage Loretto XXL - Skyline - Lifestyle f\u00fcr Tiere","isPartOf":{"@id":"https:\/\/www.skyline.de\/#website"},"primaryImageOfPage":{"@id":"https:\/\/www.skyline.de\/en\/product\/bird-cage-loretto-xxl\/#primaryimage"},"image":{"@id":"https:\/\/www.skyline.de\/en\/product\/bird-cage-loretto-xxl\/#primaryimage"},"thumbnailUrl":"https:\/\/i0.wp.com\/www.skyline.de\/wp-content\/uploads\/2019\/10\/Skyline-Vogelkaefig-loretto-xxl.jpg?fit=800%2C800&ssl=1","datePublished":"2021-02-01T07:07:01+00:00","dateModified":"2021-02-01T07:07:04+00:00","breadcrumb":{"@id":"https:\/\/www.skyline.de\/en\/product\/bird-cage-loretto-xxl\/#breadcrumb"},"inLanguage":"en-US","potentialAction":[{"@type":"ReadAction","target":["https:\/\/www.skyline.de\/en\/product\/bird-cage-loretto-xxl\/"]}]},{"@type":"ImageObject","inLanguage":"en-US","@id":"https:\/\/www.skyline.de\/en\/product\/bird-cage-loretto-xxl\/#primaryimage","url":"https:\/\/i0.wp.com\/www.skyline.de\/wp-content\/uploads\/2019\/10\/Skyline-Vogelkaefig-loretto-xxl.jpg?fit=800%2C800&ssl=1","contentUrl":"https:\/\/i0.wp.com\/www.skyline.de\/wp-content\/uploads\/2019\/10\/Skyline-Vogelkaefig-loretto-xxl.jpg?fit=800%2C800&ssl=1","width":800,"height":800},{"@type":"BreadcrumbList","@id":"https:\/\/www.skyline.de\/en\/product\/bird-cage-loretto-xxl\/#breadcrumb","itemListElement":[{"@type":"ListItem","position":1,"name":"Startseite","item":"https:\/\/www.skyline.de\/en\/"},{"@type":"ListItem","position":2,"name":"Shop","item":"https:\/\/www.skyline.de\/en\/catalogue\/"},{"@type":"ListItem","position":3,"name":"Bird cage Loretto XXL"}]},{"@type":"WebSite","@id":"https:\/\/www.skyline.de\/#website","url":"https:\/\/www.skyline.de\/","name":"Skyline - Lifestyle f\u00fcr Tiere","description":"Katzen, Hunde, Wild- und Gartenv\u00f6gel, Insekten, H\u00fchner, Zierv\u00f6gel, Zwergkaninchen, Meerschweinchen, Hamster, Ratten, M\u00e4use","potentialAction":[{"@type":"SearchAction","target":{"@type":"EntryPoint","urlTemplate":"https:\/\/www.skyline.de\/?s={search_term_string}"},"query-input":{"@type":"PropertyValueSpecification","valueRequired":true,"valueName":"search_term_string"}}],"inLanguage":"en-US"}]}},"_links":{"self":[{"href":"https:\/\/www.skyline.de\/en\/wp-json\/wp\/v2\/product\/5703","targetHints":{"allow":["GET"]}}],"collection":[{"href":"https:\/\/www.skyline.de\/en\/wp-json\/wp\/v2\/product"}],"about":[{"href":"https:\/\/www.skyline.de\/en\/wp-json\/wp\/v2\/types\/product"}],"wp:featuredmedia":[{"embeddable":true,"href":"https:\/\/www.skyline.de\/en\/wp-json\/wp\/v2\/media\/4668"}],"wp:attachment":[{"href":"https:\/\/www.skyline.de\/en\/wp-json\/wp\/v2\/media?parent=5703"}],"wp:term":[{"taxonomy":"product_brand","embeddable":true,"href":"https:\/\/www.skyline.de\/en\/wp-json\/wp\/v2\/product_brand?post=5703"},{"taxonomy":"product_cat","embeddable":true,"href":"https:\/\/www.skyline.de\/en\/wp-json\/wp\/v2\/product_cat?post=5703"},{"taxonomy":"product_tag","embeddable":true,"href":"https:\/\/www.skyline.de\/en\/wp-json\/wp\/v2\/product_tag?post=5703"}],"curies":[{"name":"wp","href":"https:\/\/api.w.org\/{rel}","templated":true}]}}