{"id":5699,"date":"2019-10-14T16:39:18","date_gmt":"2021-02-01T07:06:17","guid":{"rendered":"https:\/\/www.skyline.de\/?post_type=product&#038;p=5699"},"modified":"2021-02-01T08:06:18","modified_gmt":"2021-02-01T07:06:18","slug":"bird-cage-loretto-xl","status":"publish","type":"product","link":"https:\/\/www.skyline.de\/en\/product\/bird-cage-loretto-xl\/","title":{"rendered":"Bird cage Loretto XL"},"content":{"rendered":"<ul>\n<li>High-quality birch wood elements in two color variants (white and dark brown)<\/li>\n<li>Grille is made of lead and cadmium free powder coating<\/li>\n<li>Swiveling feed bar with 3 metal cups, lockable<\/li>\n<li>Practical drawer with pull-out metal base tray (including removable aluminum base tray)<\/li>\n<li>2 large flaps on the front and 8 side doors: allow easy access from 3 sides<\/li>\n<li>Easy cleaning<\/li>\n<li>Colors:\n<ul>\n<li>Wood elements: white, grid: black<\/li>\n<li>Wood elements: dark brown, grid: silver metallic<\/li>\n<\/ul>\n<\/li>\n<li>Dimensions:\n<ul>\n<li>Outside (with rollers): L 78 x B 75 x H 175 cm<\/li>\n<li>Inside: L 70 x B 73 x H 170 cm<\/li>\n<li>Floor pan: L 69 x B 69 x H 3 cm<\/li>\n<li>Grid spacing: 1,1 cm<\/li>\n<li>Grid thickness: 1.6 mm (horizontal), 3.4 mm (vertical)<\/li>\n<li>Grille: lead, &#8211; and cadmium-free powder coating<\/li>\n<li>Feedable with 3 feeding bowls: each 220 ml, \u00d8 11 x H 4 cm<\/li>\n<li>2 front flaps: W 39 x H 26.5 cm<\/li>\n<li>8 side doors: each W 12 x H 11 cm<\/li>\n<\/ul>\n<\/li>\n<li>accessories:\n<ul>\n<li>4 wooden perches: L 73 cm, \u00d8 15 mm<\/li>\n<li>4 plastic castors with metal attachment, 360 \u00b0 rotatable: \u00d8 3.1 x H 4.5 cm<\/li>\n<\/ul>\n<\/li>\n<\/ul>\n<p><span class=\"s1\"><b>Dealer information<br \/>\n<\/b><\/span><span class=\"s1\">Dimensions: 78x75x175 cm<br \/>\n<\/span><span class=\"s1\">Piece of pallet: 12<br \/>\n<\/span><span class=\"s1\">Gross weight: 26 kg<br \/>\n<\/span><span class=\"s1\">Wire spacing: 1,7 cm<\/span><\/p>\n","protected":false},"excerpt":{"rendered":"<p>Skyline Aviary Loretto XL is a spacious and functional aviary for budgies, canaries and exotic birds.<br \/>\n<strong>To shop, please click on the logo of our partner zooplus<\/strong><br \/>\n<a href=\"https:\/\/www.zooplus.de\/shop\/vogel\/kaefig\/vogel_voliere\/kleinvoegel\/334247\" target=\"_blank\" rel=\"noopener noreferrer\"><img loading=\"lazy\" decoding=\"async\" class=\"alignleft wp-image-3352\" src=\"https:\/\/www.skyline.de\/wp-content\/uploads\/2019\/12\/logo@2x-300x83.png\" alt=\"Shopping with our partner\" width=\"109\" height=\"30\" srcset=\"https:\/\/i0.wp.com\/www.skyline.de\/wp-content\/uploads\/2019\/12\/logo%402x.png?resize=300%2C83&amp;ssl=1 300w, https:\/\/i0.wp.com\/www.skyline.de\/wp-content\/uploads\/2019\/12\/logo%402x.png?resize=260%2C72&amp;ssl=1 260w, https:\/\/i0.wp.com\/www.skyline.de\/wp-content\/uploads\/2019\/12\/logo%402x.png?resize=50%2C14&amp;ssl=1 50w, https:\/\/i0.wp.com\/www.skyline.de\/wp-content\/uploads\/2019\/12\/logo%402x.png?resize=150%2C42&amp;ssl=1 150w, https:\/\/i0.wp.com\/www.skyline.de\/wp-content\/uploads\/2019\/12\/logo%402x.png?w=392&amp;ssl=1 392w\" sizes=\"auto, (max-width: 109px) 100vw, 109px\" \/><\/a><\/p>\n","protected":false},"featured_media":4422,"template":"","meta":[],"product_brand":[],"product_cat":[50],"product_tag":[],"class_list":{"0":"post-5699","1":"product","2":"type-product","3":"status-publish","4":"has-post-thumbnail","6":"product_cat-avant-garde-en-2","8":"first","9":"instock","10":"shipping-taxable","11":"product-type-simple"},"yoast_head":"<!-- This site is optimized with the Yoast SEO plugin v27.5 - https:\/\/yoast.com\/product\/yoast-seo-wordpress\/ -->\n<title>Bird cage Loretto XL - Skyline - Lifestyle f\u00fcr Tiere<\/title>\n<meta name=\"robots\" content=\"index, follow, max-snippet:-1, max-image-preview:large, max-video-preview:-1\" \/>\n<link rel=\"canonical\" href=\"https:\/\/www.skyline.de\/en\/product\/bird-cage-loretto-xl\/\" \/>\n<meta property=\"og:locale\" content=\"en_US\" \/>\n<meta property=\"og:type\" content=\"article\" \/>\n<meta property=\"og:title\" content=\"Bird cage Loretto XL - Skyline - Lifestyle f\u00fcr Tiere\" \/>\n<meta property=\"og:description\" content=\"Skyline Aviary Loretto XL is a spacious and functional aviary for budgies, canaries and exotic birds. To shop, please click on the logo of our partner zooplus\" \/>\n<meta property=\"og:url\" content=\"https:\/\/www.skyline.de\/en\/product\/bird-cage-loretto-xl\/\" \/>\n<meta property=\"og:site_name\" content=\"Skyline - Lifestyle f\u00fcr Tiere\" \/>\n<meta property=\"article:modified_time\" content=\"2021-02-01T07:06:18+00:00\" \/>\n<meta property=\"og:image\" content=\"https:\/\/i2.wp.com\/www.skyline.de\/wp-content\/uploads\/2013\/06\/Skyline-Vogelkaefig-loretto-H.jpg?fit=400%2C500&ssl=1\" \/>\n\t<meta property=\"og:image:width\" content=\"400\" \/>\n\t<meta property=\"og:image:height\" content=\"500\" \/>\n\t<meta property=\"og:image:type\" content=\"image\/jpeg\" \/>\n<meta name=\"twitter:card\" content=\"summary_large_image\" \/>\n<meta name=\"twitter:label1\" content=\"Est. reading time\" \/>\n\t<meta name=\"twitter:data1\" content=\"1 minute\" \/>\n<script type=\"application\/ld+json\" class=\"yoast-schema-graph\">{\"@context\":\"https:\\\/\\\/schema.org\",\"@graph\":[{\"@type\":\"WebPage\",\"@id\":\"https:\\\/\\\/www.skyline.de\\\/en\\\/product\\\/bird-cage-loretto-xl\\\/\",\"url\":\"https:\\\/\\\/www.skyline.de\\\/en\\\/product\\\/bird-cage-loretto-xl\\\/\",\"name\":\"Bird cage Loretto XL - Skyline - Lifestyle f\u00fcr Tiere\",\"isPartOf\":{\"@id\":\"https:\\\/\\\/www.skyline.de\\\/#website\"},\"primaryImageOfPage\":{\"@id\":\"https:\\\/\\\/www.skyline.de\\\/en\\\/product\\\/bird-cage-loretto-xl\\\/#primaryimage\"},\"image\":{\"@id\":\"https:\\\/\\\/www.skyline.de\\\/en\\\/product\\\/bird-cage-loretto-xl\\\/#primaryimage\"},\"thumbnailUrl\":\"https:\\\/\\\/i0.wp.com\\\/www.skyline.de\\\/wp-content\\\/uploads\\\/2013\\\/06\\\/Skyline-Vogelkaefig-loretto-H.jpg?fit=400%2C500&ssl=1\",\"datePublished\":\"2021-02-01T07:06:17+00:00\",\"dateModified\":\"2021-02-01T07:06:18+00:00\",\"breadcrumb\":{\"@id\":\"https:\\\/\\\/www.skyline.de\\\/en\\\/product\\\/bird-cage-loretto-xl\\\/#breadcrumb\"},\"inLanguage\":\"en-US\",\"potentialAction\":[{\"@type\":\"ReadAction\",\"target\":[\"https:\\\/\\\/www.skyline.de\\\/en\\\/product\\\/bird-cage-loretto-xl\\\/\"]}]},{\"@type\":\"ImageObject\",\"inLanguage\":\"en-US\",\"@id\":\"https:\\\/\\\/www.skyline.de\\\/en\\\/product\\\/bird-cage-loretto-xl\\\/#primaryimage\",\"url\":\"https:\\\/\\\/i0.wp.com\\\/www.skyline.de\\\/wp-content\\\/uploads\\\/2013\\\/06\\\/Skyline-Vogelkaefig-loretto-H.jpg?fit=400%2C500&ssl=1\",\"contentUrl\":\"https:\\\/\\\/i0.wp.com\\\/www.skyline.de\\\/wp-content\\\/uploads\\\/2013\\\/06\\\/Skyline-Vogelkaefig-loretto-H.jpg?fit=400%2C500&ssl=1\",\"width\":400,\"height\":500},{\"@type\":\"BreadcrumbList\",\"@id\":\"https:\\\/\\\/www.skyline.de\\\/en\\\/product\\\/bird-cage-loretto-xl\\\/#breadcrumb\",\"itemListElement\":[{\"@type\":\"ListItem\",\"position\":1,\"name\":\"Startseite\",\"item\":\"https:\\\/\\\/www.skyline.de\\\/en\\\/\"},{\"@type\":\"ListItem\",\"position\":2,\"name\":\"Shop\",\"item\":\"https:\\\/\\\/www.skyline.de\\\/en\\\/catalogue\\\/\"},{\"@type\":\"ListItem\",\"position\":3,\"name\":\"Bird cage Loretto XL\"}]},{\"@type\":\"WebSite\",\"@id\":\"https:\\\/\\\/www.skyline.de\\\/#website\",\"url\":\"https:\\\/\\\/www.skyline.de\\\/\",\"name\":\"Skyline - Lifestyle f\u00fcr Tiere\",\"description\":\"Katzen, Hunde, Wild- und Gartenv\u00f6gel, Insekten, H\u00fchner, Zierv\u00f6gel, Zwergkaninchen, Meerschweinchen, Hamster, Ratten, M\u00e4use\",\"potentialAction\":[{\"@type\":\"SearchAction\",\"target\":{\"@type\":\"EntryPoint\",\"urlTemplate\":\"https:\\\/\\\/www.skyline.de\\\/?s={search_term_string}\"},\"query-input\":{\"@type\":\"PropertyValueSpecification\",\"valueRequired\":true,\"valueName\":\"search_term_string\"}}],\"inLanguage\":\"en-US\"}]}<\/script>\n<!-- \/ Yoast SEO plugin. -->","yoast_head_json":{"title":"Bird cage Loretto XL - Skyline - Lifestyle f\u00fcr Tiere","robots":{"index":"index","follow":"follow","max-snippet":"max-snippet:-1","max-image-preview":"max-image-preview:large","max-video-preview":"max-video-preview:-1"},"canonical":"https:\/\/www.skyline.de\/en\/product\/bird-cage-loretto-xl\/","og_locale":"en_US","og_type":"article","og_title":"Bird cage Loretto XL - Skyline - Lifestyle f\u00fcr Tiere","og_description":"Skyline Aviary Loretto XL is a spacious and functional aviary for budgies, canaries and exotic birds. To shop, please click on the logo of our partner zooplus","og_url":"https:\/\/www.skyline.de\/en\/product\/bird-cage-loretto-xl\/","og_site_name":"Skyline - Lifestyle f\u00fcr Tiere","article_modified_time":"2021-02-01T07:06:18+00:00","og_image":[{"width":400,"height":500,"url":"https:\/\/i2.wp.com\/www.skyline.de\/wp-content\/uploads\/2013\/06\/Skyline-Vogelkaefig-loretto-H.jpg?fit=400%2C500&ssl=1","type":"image\/jpeg"}],"twitter_card":"summary_large_image","twitter_misc":{"Est. reading time":"1 minute"},"schema":{"@context":"https:\/\/schema.org","@graph":[{"@type":"WebPage","@id":"https:\/\/www.skyline.de\/en\/product\/bird-cage-loretto-xl\/","url":"https:\/\/www.skyline.de\/en\/product\/bird-cage-loretto-xl\/","name":"Bird cage Loretto XL - Skyline - Lifestyle f\u00fcr Tiere","isPartOf":{"@id":"https:\/\/www.skyline.de\/#website"},"primaryImageOfPage":{"@id":"https:\/\/www.skyline.de\/en\/product\/bird-cage-loretto-xl\/#primaryimage"},"image":{"@id":"https:\/\/www.skyline.de\/en\/product\/bird-cage-loretto-xl\/#primaryimage"},"thumbnailUrl":"https:\/\/i0.wp.com\/www.skyline.de\/wp-content\/uploads\/2013\/06\/Skyline-Vogelkaefig-loretto-H.jpg?fit=400%2C500&ssl=1","datePublished":"2021-02-01T07:06:17+00:00","dateModified":"2021-02-01T07:06:18+00:00","breadcrumb":{"@id":"https:\/\/www.skyline.de\/en\/product\/bird-cage-loretto-xl\/#breadcrumb"},"inLanguage":"en-US","potentialAction":[{"@type":"ReadAction","target":["https:\/\/www.skyline.de\/en\/product\/bird-cage-loretto-xl\/"]}]},{"@type":"ImageObject","inLanguage":"en-US","@id":"https:\/\/www.skyline.de\/en\/product\/bird-cage-loretto-xl\/#primaryimage","url":"https:\/\/i0.wp.com\/www.skyline.de\/wp-content\/uploads\/2013\/06\/Skyline-Vogelkaefig-loretto-H.jpg?fit=400%2C500&ssl=1","contentUrl":"https:\/\/i0.wp.com\/www.skyline.de\/wp-content\/uploads\/2013\/06\/Skyline-Vogelkaefig-loretto-H.jpg?fit=400%2C500&ssl=1","width":400,"height":500},{"@type":"BreadcrumbList","@id":"https:\/\/www.skyline.de\/en\/product\/bird-cage-loretto-xl\/#breadcrumb","itemListElement":[{"@type":"ListItem","position":1,"name":"Startseite","item":"https:\/\/www.skyline.de\/en\/"},{"@type":"ListItem","position":2,"name":"Shop","item":"https:\/\/www.skyline.de\/en\/catalogue\/"},{"@type":"ListItem","position":3,"name":"Bird cage Loretto XL"}]},{"@type":"WebSite","@id":"https:\/\/www.skyline.de\/#website","url":"https:\/\/www.skyline.de\/","name":"Skyline - Lifestyle f\u00fcr Tiere","description":"Katzen, Hunde, Wild- und Gartenv\u00f6gel, Insekten, H\u00fchner, Zierv\u00f6gel, Zwergkaninchen, Meerschweinchen, Hamster, Ratten, M\u00e4use","potentialAction":[{"@type":"SearchAction","target":{"@type":"EntryPoint","urlTemplate":"https:\/\/www.skyline.de\/?s={search_term_string}"},"query-input":{"@type":"PropertyValueSpecification","valueRequired":true,"valueName":"search_term_string"}}],"inLanguage":"en-US"}]}},"_links":{"self":[{"href":"https:\/\/www.skyline.de\/en\/wp-json\/wp\/v2\/product\/5699","targetHints":{"allow":["GET"]}}],"collection":[{"href":"https:\/\/www.skyline.de\/en\/wp-json\/wp\/v2\/product"}],"about":[{"href":"https:\/\/www.skyline.de\/en\/wp-json\/wp\/v2\/types\/product"}],"wp:featuredmedia":[{"embeddable":true,"href":"https:\/\/www.skyline.de\/en\/wp-json\/wp\/v2\/media\/4422"}],"wp:attachment":[{"href":"https:\/\/www.skyline.de\/en\/wp-json\/wp\/v2\/media?parent=5699"}],"wp:term":[{"taxonomy":"product_brand","embeddable":true,"href":"https:\/\/www.skyline.de\/en\/wp-json\/wp\/v2\/product_brand?post=5699"},{"taxonomy":"product_cat","embeddable":true,"href":"https:\/\/www.skyline.de\/en\/wp-json\/wp\/v2\/product_cat?post=5699"},{"taxonomy":"product_tag","embeddable":true,"href":"https:\/\/www.skyline.de\/en\/wp-json\/wp\/v2\/product_tag?post=5699"}],"curies":[{"name":"wp","href":"https:\/\/api.w.org\/{rel}","templated":true}]}}