{"id":5685,"date":"2013-06-07T11:05:37","date_gmt":"2021-02-01T06:57:02","guid":{"rendered":"https:\/\/www.skyline.de\/?post_type=product&#038;p=5685"},"modified":"2021-02-01T11:50:56","modified_gmt":"2021-02-01T10:50:56","slug":"bird-cage-diana-braun","status":"publish","type":"product","link":"https:\/\/www.skyline.de\/en\/product\/bird-cage-diana-braun\/","title":{"rendered":"Bird Cage Diana Braun"},"content":{"rendered":"<ul>\n<li>Cage grid with lead and cadmium-free surface finishing<\/li>\n<li>Easy cleaning thanks to the removable drawer (LxWxH: approx. 99x50x2.8cm) with plexi protection<\/li>\n<li>4 front doors, 1 side door (LxH: approx. 12x12cm)<\/li>\n<li>Including. Accessories: 4 wooden perches (51x1cm), wooden play block (28cm), wooden ladder (33cm), 4 plastic bowls (LxWxH: about 9x9x6cm)<\/li>\n<li>Easy feeding thanks to feeding bowls that can be filled from the outside<\/li>\n<li>Body: color anthracite or silver metallic<\/li>\n<li>Made from pine wood<\/li>\n<\/ul>\n<p><strong>Dealer information<\/strong><br \/>\nDimensions: 100x17x83cm<br \/>\nPiece of pallet: 16<br \/>\nGross weight: 14 kg<br \/>\nWire spacing: 1.1cm<\/p>\n<p>&nbsp;<\/p>\n","protected":false},"excerpt":{"rendered":"<p>Skyline Bird Cage for budgies or canaries.<br \/>\nOur Skyline Bird Cage Diana is a high quality wooden cage made of pine wood with vertical and horizontal wiring for different bird species.<\/p>\n","protected":false},"featured_media":4427,"template":"","meta":[],"product_brand":[],"product_cat":[50],"product_tag":[],"class_list":{"0":"post-5685","1":"product","2":"type-product","3":"status-publish","4":"has-post-thumbnail","6":"product_cat-avant-garde-en-2","8":"first","9":"instock","10":"shipping-taxable","11":"product-type-simple"},"yoast_head":"<!-- This site is optimized with the Yoast SEO plugin v27.5 - https:\/\/yoast.com\/product\/yoast-seo-wordpress\/ -->\n<title>Bird Cage Diana Braun - Skyline - Lifestyle f\u00fcr Tiere<\/title>\n<meta name=\"robots\" content=\"index, follow, max-snippet:-1, max-image-preview:large, max-video-preview:-1\" \/>\n<link rel=\"canonical\" href=\"https:\/\/www.skyline.de\/en\/product\/bird-cage-diana-braun\/\" \/>\n<meta property=\"og:locale\" content=\"en_US\" \/>\n<meta property=\"og:type\" content=\"article\" \/>\n<meta property=\"og:title\" content=\"Bird Cage Diana Braun - Skyline - Lifestyle f\u00fcr Tiere\" \/>\n<meta property=\"og:description\" content=\"Skyline Bird Cage for budgies or canaries. Our Skyline Bird Cage Diana is a high quality wooden cage made of pine wood with vertical and horizontal wiring for different bird species.\" \/>\n<meta property=\"og:url\" content=\"https:\/\/www.skyline.de\/en\/product\/bird-cage-diana-braun\/\" \/>\n<meta property=\"og:site_name\" content=\"Skyline - Lifestyle f\u00fcr Tiere\" \/>\n<meta property=\"article:modified_time\" content=\"2021-02-01T10:50:56+00:00\" \/>\n<meta property=\"og:image\" content=\"https:\/\/i0.wp.com\/www.skyline.de\/wp-content\/uploads\/2013\/06\/Skyline-Vogelka\u0308fig-Diana-B-1.jpg?fit=400%2C500&ssl=1\" \/>\n\t<meta property=\"og:image:width\" content=\"400\" \/>\n\t<meta property=\"og:image:height\" content=\"500\" \/>\n\t<meta property=\"og:image:type\" content=\"image\/jpeg\" \/>\n<meta name=\"twitter:card\" content=\"summary_large_image\" \/>\n<script type=\"application\/ld+json\" class=\"yoast-schema-graph\">{\"@context\":\"https:\\\/\\\/schema.org\",\"@graph\":[{\"@type\":\"WebPage\",\"@id\":\"https:\\\/\\\/www.skyline.de\\\/en\\\/product\\\/bird-cage-diana-braun\\\/\",\"url\":\"https:\\\/\\\/www.skyline.de\\\/en\\\/product\\\/bird-cage-diana-braun\\\/\",\"name\":\"Bird Cage Diana Braun - Skyline - Lifestyle f\u00fcr Tiere\",\"isPartOf\":{\"@id\":\"https:\\\/\\\/www.skyline.de\\\/#website\"},\"primaryImageOfPage\":{\"@id\":\"https:\\\/\\\/www.skyline.de\\\/en\\\/product\\\/bird-cage-diana-braun\\\/#primaryimage\"},\"image\":{\"@id\":\"https:\\\/\\\/www.skyline.de\\\/en\\\/product\\\/bird-cage-diana-braun\\\/#primaryimage\"},\"thumbnailUrl\":\"https:\\\/\\\/i0.wp.com\\\/www.skyline.de\\\/wp-content\\\/uploads\\\/2013\\\/06\\\/Skyline-Vogelka%CC%88fig-Diana-B-1.jpg?fit=400%2C500&ssl=1\",\"datePublished\":\"2021-02-01T06:57:02+00:00\",\"dateModified\":\"2021-02-01T10:50:56+00:00\",\"breadcrumb\":{\"@id\":\"https:\\\/\\\/www.skyline.de\\\/en\\\/product\\\/bird-cage-diana-braun\\\/#breadcrumb\"},\"inLanguage\":\"en-US\",\"potentialAction\":[{\"@type\":\"ReadAction\",\"target\":[\"https:\\\/\\\/www.skyline.de\\\/en\\\/product\\\/bird-cage-diana-braun\\\/\"]}]},{\"@type\":\"ImageObject\",\"inLanguage\":\"en-US\",\"@id\":\"https:\\\/\\\/www.skyline.de\\\/en\\\/product\\\/bird-cage-diana-braun\\\/#primaryimage\",\"url\":\"https:\\\/\\\/i0.wp.com\\\/www.skyline.de\\\/wp-content\\\/uploads\\\/2013\\\/06\\\/Skyline-Vogelka%CC%88fig-Diana-B-1.jpg?fit=400%2C500&ssl=1\",\"contentUrl\":\"https:\\\/\\\/i0.wp.com\\\/www.skyline.de\\\/wp-content\\\/uploads\\\/2013\\\/06\\\/Skyline-Vogelka%CC%88fig-Diana-B-1.jpg?fit=400%2C500&ssl=1\",\"width\":400,\"height\":500,\"caption\":\"bird cages Skyline\"},{\"@type\":\"BreadcrumbList\",\"@id\":\"https:\\\/\\\/www.skyline.de\\\/en\\\/product\\\/bird-cage-diana-braun\\\/#breadcrumb\",\"itemListElement\":[{\"@type\":\"ListItem\",\"position\":1,\"name\":\"Startseite\",\"item\":\"https:\\\/\\\/www.skyline.de\\\/en\\\/\"},{\"@type\":\"ListItem\",\"position\":2,\"name\":\"Shop\",\"item\":\"https:\\\/\\\/www.skyline.de\\\/en\\\/catalogue\\\/\"},{\"@type\":\"ListItem\",\"position\":3,\"name\":\"Bird Cage Diana Braun\"}]},{\"@type\":\"WebSite\",\"@id\":\"https:\\\/\\\/www.skyline.de\\\/#website\",\"url\":\"https:\\\/\\\/www.skyline.de\\\/\",\"name\":\"Skyline - Lifestyle f\u00fcr Tiere\",\"description\":\"Katzen, Hunde, Wild- und Gartenv\u00f6gel, Insekten, H\u00fchner, Zierv\u00f6gel, Zwergkaninchen, Meerschweinchen, Hamster, Ratten, M\u00e4use\",\"potentialAction\":[{\"@type\":\"SearchAction\",\"target\":{\"@type\":\"EntryPoint\",\"urlTemplate\":\"https:\\\/\\\/www.skyline.de\\\/?s={search_term_string}\"},\"query-input\":{\"@type\":\"PropertyValueSpecification\",\"valueRequired\":true,\"valueName\":\"search_term_string\"}}],\"inLanguage\":\"en-US\"}]}<\/script>\n<!-- \/ Yoast SEO plugin. -->","yoast_head_json":{"title":"Bird Cage Diana Braun - Skyline - Lifestyle f\u00fcr Tiere","robots":{"index":"index","follow":"follow","max-snippet":"max-snippet:-1","max-image-preview":"max-image-preview:large","max-video-preview":"max-video-preview:-1"},"canonical":"https:\/\/www.skyline.de\/en\/product\/bird-cage-diana-braun\/","og_locale":"en_US","og_type":"article","og_title":"Bird Cage Diana Braun - Skyline - Lifestyle f\u00fcr Tiere","og_description":"Skyline Bird Cage for budgies or canaries. Our Skyline Bird Cage Diana is a high quality wooden cage made of pine wood with vertical and horizontal wiring for different bird species.","og_url":"https:\/\/www.skyline.de\/en\/product\/bird-cage-diana-braun\/","og_site_name":"Skyline - Lifestyle f\u00fcr Tiere","article_modified_time":"2021-02-01T10:50:56+00:00","og_image":[{"width":400,"height":500,"url":"https:\/\/i0.wp.com\/www.skyline.de\/wp-content\/uploads\/2013\/06\/Skyline-Vogelka\u0308fig-Diana-B-1.jpg?fit=400%2C500&ssl=1","type":"image\/jpeg"}],"twitter_card":"summary_large_image","schema":{"@context":"https:\/\/schema.org","@graph":[{"@type":"WebPage","@id":"https:\/\/www.skyline.de\/en\/product\/bird-cage-diana-braun\/","url":"https:\/\/www.skyline.de\/en\/product\/bird-cage-diana-braun\/","name":"Bird Cage Diana Braun - Skyline - Lifestyle f\u00fcr Tiere","isPartOf":{"@id":"https:\/\/www.skyline.de\/#website"},"primaryImageOfPage":{"@id":"https:\/\/www.skyline.de\/en\/product\/bird-cage-diana-braun\/#primaryimage"},"image":{"@id":"https:\/\/www.skyline.de\/en\/product\/bird-cage-diana-braun\/#primaryimage"},"thumbnailUrl":"https:\/\/i0.wp.com\/www.skyline.de\/wp-content\/uploads\/2013\/06\/Skyline-Vogelka%CC%88fig-Diana-B-1.jpg?fit=400%2C500&ssl=1","datePublished":"2021-02-01T06:57:02+00:00","dateModified":"2021-02-01T10:50:56+00:00","breadcrumb":{"@id":"https:\/\/www.skyline.de\/en\/product\/bird-cage-diana-braun\/#breadcrumb"},"inLanguage":"en-US","potentialAction":[{"@type":"ReadAction","target":["https:\/\/www.skyline.de\/en\/product\/bird-cage-diana-braun\/"]}]},{"@type":"ImageObject","inLanguage":"en-US","@id":"https:\/\/www.skyline.de\/en\/product\/bird-cage-diana-braun\/#primaryimage","url":"https:\/\/i0.wp.com\/www.skyline.de\/wp-content\/uploads\/2013\/06\/Skyline-Vogelka%CC%88fig-Diana-B-1.jpg?fit=400%2C500&ssl=1","contentUrl":"https:\/\/i0.wp.com\/www.skyline.de\/wp-content\/uploads\/2013\/06\/Skyline-Vogelka%CC%88fig-Diana-B-1.jpg?fit=400%2C500&ssl=1","width":400,"height":500,"caption":"bird cages Skyline"},{"@type":"BreadcrumbList","@id":"https:\/\/www.skyline.de\/en\/product\/bird-cage-diana-braun\/#breadcrumb","itemListElement":[{"@type":"ListItem","position":1,"name":"Startseite","item":"https:\/\/www.skyline.de\/en\/"},{"@type":"ListItem","position":2,"name":"Shop","item":"https:\/\/www.skyline.de\/en\/catalogue\/"},{"@type":"ListItem","position":3,"name":"Bird Cage Diana Braun"}]},{"@type":"WebSite","@id":"https:\/\/www.skyline.de\/#website","url":"https:\/\/www.skyline.de\/","name":"Skyline - Lifestyle f\u00fcr Tiere","description":"Katzen, Hunde, Wild- und Gartenv\u00f6gel, Insekten, H\u00fchner, Zierv\u00f6gel, Zwergkaninchen, Meerschweinchen, Hamster, Ratten, M\u00e4use","potentialAction":[{"@type":"SearchAction","target":{"@type":"EntryPoint","urlTemplate":"https:\/\/www.skyline.de\/?s={search_term_string}"},"query-input":{"@type":"PropertyValueSpecification","valueRequired":true,"valueName":"search_term_string"}}],"inLanguage":"en-US"}]}},"_links":{"self":[{"href":"https:\/\/www.skyline.de\/en\/wp-json\/wp\/v2\/product\/5685","targetHints":{"allow":["GET"]}}],"collection":[{"href":"https:\/\/www.skyline.de\/en\/wp-json\/wp\/v2\/product"}],"about":[{"href":"https:\/\/www.skyline.de\/en\/wp-json\/wp\/v2\/types\/product"}],"wp:featuredmedia":[{"embeddable":true,"href":"https:\/\/www.skyline.de\/en\/wp-json\/wp\/v2\/media\/4427"}],"wp:attachment":[{"href":"https:\/\/www.skyline.de\/en\/wp-json\/wp\/v2\/media?parent=5685"}],"wp:term":[{"taxonomy":"product_brand","embeddable":true,"href":"https:\/\/www.skyline.de\/en\/wp-json\/wp\/v2\/product_brand?post=5685"},{"taxonomy":"product_cat","embeddable":true,"href":"https:\/\/www.skyline.de\/en\/wp-json\/wp\/v2\/product_cat?post=5685"},{"taxonomy":"product_tag","embeddable":true,"href":"https:\/\/www.skyline.de\/en\/wp-json\/wp\/v2\/product_tag?post=5685"}],"curies":[{"name":"wp","href":"https:\/\/api.w.org\/{rel}","templated":true}]}}