{"id":5535,"date":"2020-01-04T12:56:48","date_gmt":"2021-02-01T10:11:50","guid":{"rendered":"https:\/\/www.skyline.de\/?post_type=product&#038;p=5535"},"modified":"2021-02-01T11:11:53","modified_gmt":"2021-02-01T10:11:53","slug":"heuraufe-whiskey-bar","status":"publish","type":"product","link":"https:\/\/www.skyline.de\/en\/product\/heuraufe-whiskey-bar\/","title":{"rendered":"HEURAUFE WHISKEY BAR"},"content":{"rendered":"<p><span class=\"s1\"><b>Dealer information<\/b><\/span><br \/>\nDimension: 20x18x20 cm<\/p>\n","protected":false},"excerpt":{"rendered":"<p>Small animal and rodent house from the &#8220;WESTERN HOUSES&#8221; series.<\/p>\n<ul>\n<li>Natural<\/li>\n<\/ul>\n","protected":false},"featured_media":4828,"template":"","meta":[],"product_brand":[],"product_cat":[72,68],"product_tag":[],"class_list":{"0":"post-5535","1":"product","2":"type-product","3":"status-publish","4":"has-post-thumbnail","6":"product_cat-accessories","7":"product_cat-home-garden-en","9":"first","10":"instock","11":"shipping-taxable","12":"product-type-simple"},"yoast_head":"<!-- This site is optimized with the Yoast SEO plugin v27.5 - https:\/\/yoast.com\/product\/yoast-seo-wordpress\/ -->\n<title>HEURAUFE WHISKEY BAR - Skyline - Lifestyle f\u00fcr Tiere<\/title>\n<meta name=\"robots\" content=\"index, follow, max-snippet:-1, max-image-preview:large, max-video-preview:-1\" \/>\n<link rel=\"canonical\" href=\"https:\/\/www.skyline.de\/en\/product\/heuraufe-whiskey-bar\/\" \/>\n<meta property=\"og:locale\" content=\"en_US\" \/>\n<meta property=\"og:type\" content=\"article\" \/>\n<meta property=\"og:title\" content=\"HEURAUFE WHISKEY BAR - Skyline - Lifestyle f\u00fcr Tiere\" \/>\n<meta property=\"og:description\" content=\"Small animal and rodent house from the &quot;WESTERN HOUSES&quot; series.   Natural\" \/>\n<meta property=\"og:url\" content=\"https:\/\/www.skyline.de\/en\/product\/heuraufe-whiskey-bar\/\" \/>\n<meta property=\"og:site_name\" content=\"Skyline - Lifestyle f\u00fcr Tiere\" \/>\n<meta property=\"article:modified_time\" content=\"2021-02-01T10:11:53+00:00\" \/>\n<meta property=\"og:image\" content=\"https:\/\/i2.wp.com\/www.skyline.de\/wp-content\/uploads\/2020\/01\/Skyline-whiskey-bar.jpg?fit=400%2C500&ssl=1\" \/>\n\t<meta property=\"og:image:width\" content=\"400\" \/>\n\t<meta property=\"og:image:height\" content=\"500\" \/>\n\t<meta property=\"og:image:type\" content=\"image\/jpeg\" \/>\n<meta name=\"twitter:card\" content=\"summary_large_image\" \/>\n<script type=\"application\/ld+json\" class=\"yoast-schema-graph\">{\"@context\":\"https:\\\/\\\/schema.org\",\"@graph\":[{\"@type\":\"WebPage\",\"@id\":\"https:\\\/\\\/www.skyline.de\\\/en\\\/product\\\/heuraufe-whiskey-bar\\\/\",\"url\":\"https:\\\/\\\/www.skyline.de\\\/en\\\/product\\\/heuraufe-whiskey-bar\\\/\",\"name\":\"HEURAUFE WHISKEY BAR - Skyline - Lifestyle f\u00fcr Tiere\",\"isPartOf\":{\"@id\":\"https:\\\/\\\/www.skyline.de\\\/#website\"},\"primaryImageOfPage\":{\"@id\":\"https:\\\/\\\/www.skyline.de\\\/en\\\/product\\\/heuraufe-whiskey-bar\\\/#primaryimage\"},\"image\":{\"@id\":\"https:\\\/\\\/www.skyline.de\\\/en\\\/product\\\/heuraufe-whiskey-bar\\\/#primaryimage\"},\"thumbnailUrl\":\"https:\\\/\\\/i0.wp.com\\\/www.skyline.de\\\/wp-content\\\/uploads\\\/2020\\\/01\\\/Skyline-whiskey-bar.jpg?fit=400%2C500&ssl=1\",\"datePublished\":\"2021-02-01T10:11:50+00:00\",\"dateModified\":\"2021-02-01T10:11:53+00:00\",\"breadcrumb\":{\"@id\":\"https:\\\/\\\/www.skyline.de\\\/en\\\/product\\\/heuraufe-whiskey-bar\\\/#breadcrumb\"},\"inLanguage\":\"en-US\",\"potentialAction\":[{\"@type\":\"ReadAction\",\"target\":[\"https:\\\/\\\/www.skyline.de\\\/en\\\/product\\\/heuraufe-whiskey-bar\\\/\"]}]},{\"@type\":\"ImageObject\",\"inLanguage\":\"en-US\",\"@id\":\"https:\\\/\\\/www.skyline.de\\\/en\\\/product\\\/heuraufe-whiskey-bar\\\/#primaryimage\",\"url\":\"https:\\\/\\\/i0.wp.com\\\/www.skyline.de\\\/wp-content\\\/uploads\\\/2020\\\/01\\\/Skyline-whiskey-bar.jpg?fit=400%2C500&ssl=1\",\"contentUrl\":\"https:\\\/\\\/i0.wp.com\\\/www.skyline.de\\\/wp-content\\\/uploads\\\/2020\\\/01\\\/Skyline-whiskey-bar.jpg?fit=400%2C500&ssl=1\",\"width\":400,\"height\":500},{\"@type\":\"BreadcrumbList\",\"@id\":\"https:\\\/\\\/www.skyline.de\\\/en\\\/product\\\/heuraufe-whiskey-bar\\\/#breadcrumb\",\"itemListElement\":[{\"@type\":\"ListItem\",\"position\":1,\"name\":\"Startseite\",\"item\":\"https:\\\/\\\/www.skyline.de\\\/en\\\/\"},{\"@type\":\"ListItem\",\"position\":2,\"name\":\"Shop\",\"item\":\"https:\\\/\\\/www.skyline.de\\\/en\\\/catalogue\\\/\"},{\"@type\":\"ListItem\",\"position\":3,\"name\":\"HEURAUFE WHISKEY BAR\"}]},{\"@type\":\"WebSite\",\"@id\":\"https:\\\/\\\/www.skyline.de\\\/#website\",\"url\":\"https:\\\/\\\/www.skyline.de\\\/\",\"name\":\"Skyline - Lifestyle f\u00fcr Tiere\",\"description\":\"Katzen, Hunde, Wild- und Gartenv\u00f6gel, Insekten, H\u00fchner, Zierv\u00f6gel, Zwergkaninchen, Meerschweinchen, Hamster, Ratten, M\u00e4use\",\"potentialAction\":[{\"@type\":\"SearchAction\",\"target\":{\"@type\":\"EntryPoint\",\"urlTemplate\":\"https:\\\/\\\/www.skyline.de\\\/?s={search_term_string}\"},\"query-input\":{\"@type\":\"PropertyValueSpecification\",\"valueRequired\":true,\"valueName\":\"search_term_string\"}}],\"inLanguage\":\"en-US\"}]}<\/script>\n<!-- \/ Yoast SEO plugin. -->","yoast_head_json":{"title":"HEURAUFE WHISKEY BAR - Skyline - Lifestyle f\u00fcr Tiere","robots":{"index":"index","follow":"follow","max-snippet":"max-snippet:-1","max-image-preview":"max-image-preview:large","max-video-preview":"max-video-preview:-1"},"canonical":"https:\/\/www.skyline.de\/en\/product\/heuraufe-whiskey-bar\/","og_locale":"en_US","og_type":"article","og_title":"HEURAUFE WHISKEY BAR - Skyline - Lifestyle f\u00fcr Tiere","og_description":"Small animal and rodent house from the \"WESTERN HOUSES\" series.   Natural","og_url":"https:\/\/www.skyline.de\/en\/product\/heuraufe-whiskey-bar\/","og_site_name":"Skyline - Lifestyle f\u00fcr Tiere","article_modified_time":"2021-02-01T10:11:53+00:00","og_image":[{"width":400,"height":500,"url":"https:\/\/i2.wp.com\/www.skyline.de\/wp-content\/uploads\/2020\/01\/Skyline-whiskey-bar.jpg?fit=400%2C500&ssl=1","type":"image\/jpeg"}],"twitter_card":"summary_large_image","schema":{"@context":"https:\/\/schema.org","@graph":[{"@type":"WebPage","@id":"https:\/\/www.skyline.de\/en\/product\/heuraufe-whiskey-bar\/","url":"https:\/\/www.skyline.de\/en\/product\/heuraufe-whiskey-bar\/","name":"HEURAUFE WHISKEY BAR - Skyline - Lifestyle f\u00fcr Tiere","isPartOf":{"@id":"https:\/\/www.skyline.de\/#website"},"primaryImageOfPage":{"@id":"https:\/\/www.skyline.de\/en\/product\/heuraufe-whiskey-bar\/#primaryimage"},"image":{"@id":"https:\/\/www.skyline.de\/en\/product\/heuraufe-whiskey-bar\/#primaryimage"},"thumbnailUrl":"https:\/\/i0.wp.com\/www.skyline.de\/wp-content\/uploads\/2020\/01\/Skyline-whiskey-bar.jpg?fit=400%2C500&ssl=1","datePublished":"2021-02-01T10:11:50+00:00","dateModified":"2021-02-01T10:11:53+00:00","breadcrumb":{"@id":"https:\/\/www.skyline.de\/en\/product\/heuraufe-whiskey-bar\/#breadcrumb"},"inLanguage":"en-US","potentialAction":[{"@type":"ReadAction","target":["https:\/\/www.skyline.de\/en\/product\/heuraufe-whiskey-bar\/"]}]},{"@type":"ImageObject","inLanguage":"en-US","@id":"https:\/\/www.skyline.de\/en\/product\/heuraufe-whiskey-bar\/#primaryimage","url":"https:\/\/i0.wp.com\/www.skyline.de\/wp-content\/uploads\/2020\/01\/Skyline-whiskey-bar.jpg?fit=400%2C500&ssl=1","contentUrl":"https:\/\/i0.wp.com\/www.skyline.de\/wp-content\/uploads\/2020\/01\/Skyline-whiskey-bar.jpg?fit=400%2C500&ssl=1","width":400,"height":500},{"@type":"BreadcrumbList","@id":"https:\/\/www.skyline.de\/en\/product\/heuraufe-whiskey-bar\/#breadcrumb","itemListElement":[{"@type":"ListItem","position":1,"name":"Startseite","item":"https:\/\/www.skyline.de\/en\/"},{"@type":"ListItem","position":2,"name":"Shop","item":"https:\/\/www.skyline.de\/en\/catalogue\/"},{"@type":"ListItem","position":3,"name":"HEURAUFE WHISKEY BAR"}]},{"@type":"WebSite","@id":"https:\/\/www.skyline.de\/#website","url":"https:\/\/www.skyline.de\/","name":"Skyline - Lifestyle f\u00fcr Tiere","description":"Katzen, Hunde, Wild- und Gartenv\u00f6gel, Insekten, H\u00fchner, Zierv\u00f6gel, Zwergkaninchen, Meerschweinchen, Hamster, Ratten, M\u00e4use","potentialAction":[{"@type":"SearchAction","target":{"@type":"EntryPoint","urlTemplate":"https:\/\/www.skyline.de\/?s={search_term_string}"},"query-input":{"@type":"PropertyValueSpecification","valueRequired":true,"valueName":"search_term_string"}}],"inLanguage":"en-US"}]}},"_links":{"self":[{"href":"https:\/\/www.skyline.de\/en\/wp-json\/wp\/v2\/product\/5535","targetHints":{"allow":["GET"]}}],"collection":[{"href":"https:\/\/www.skyline.de\/en\/wp-json\/wp\/v2\/product"}],"about":[{"href":"https:\/\/www.skyline.de\/en\/wp-json\/wp\/v2\/types\/product"}],"wp:featuredmedia":[{"embeddable":true,"href":"https:\/\/www.skyline.de\/en\/wp-json\/wp\/v2\/media\/4828"}],"wp:attachment":[{"href":"https:\/\/www.skyline.de\/en\/wp-json\/wp\/v2\/media?parent=5535"}],"wp:term":[{"taxonomy":"product_brand","embeddable":true,"href":"https:\/\/www.skyline.de\/en\/wp-json\/wp\/v2\/product_brand?post=5535"},{"taxonomy":"product_cat","embeddable":true,"href":"https:\/\/www.skyline.de\/en\/wp-json\/wp\/v2\/product_cat?post=5535"},{"taxonomy":"product_tag","embeddable":true,"href":"https:\/\/www.skyline.de\/en\/wp-json\/wp\/v2\/product_tag?post=5535"}],"curies":[{"name":"wp","href":"https:\/\/api.w.org\/{rel}","templated":true}]}}