{"id":5480,"date":"2019-11-18T15:04:26","date_gmt":"2021-02-01T09:47:19","guid":{"rendered":"https:\/\/www.skyline.de\/?post_type=product&#038;p=5480"},"modified":"2021-02-01T10:47:22","modified_gmt":"2021-02-01T09:47:22","slug":"cage-rodent-stefano","status":"publish","type":"product","link":"https:\/\/www.skyline.de\/en\/product\/cage-rodent-stefano\/","title":{"rendered":"Home for Rodent Stefano"},"content":{"rendered":"<ul>\n<li>Latest generation for Rodent home\n<ul>\n<li>High suplade made of multiplex, ensures optimum bedding height<\/li>\n<li>Feel-good oasis for rodents on two floors<\/li>\n<\/ul>\n<\/li>\n<li>Wire cage and high-quality multiplex ensures the highest standards of hygiene<\/li>\n<li>High floor tubs ensure optimum level of intake<\/li>\n<li>Front pages with doors<\/li>\n<li>two drawers to remove<\/li>\n<li>Easy cleaning<\/li>\n<li>Easy installation<\/li>\n<li>Accessories freely selectable<\/li>\n<\/ul>\n<p>&nbsp;<\/p>\n<p><strong><span class=\"s1\"><b>Dealer information<\/b><\/span><br \/>\n<\/strong> Dimensions: 1050x570x1000mm<br \/>\nPiece of pallet:<br \/>\nGross weight:<br \/>\nWire spacing: 28mm<\/p>\n","protected":false},"excerpt":{"rendered":"<p>Sales Start In short!<\/p>\n<p>THE LATEST GENERATION COMMITTED TO NURSING HOMES OF SUSTAINABILITY AND ANIMAL WELFARE!<br \/>\nfor rabbits, guinea pigs and ferrets.<br \/>\n<strong>Tested and recommended by the Federation for Nature and Species Conservation (BNA)! <\/strong><\/p>\n","protected":false},"featured_media":4632,"template":"","meta":[],"product_brand":[],"product_cat":[68,74],"product_tag":[],"class_list":{"0":"post-5480","1":"product","2":"type-product","3":"status-publish","4":"has-post-thumbnail","6":"product_cat-home-garden-en","7":"product_cat-rodent-homes","9":"first","10":"instock","11":"shipping-taxable","12":"product-type-simple"},"yoast_head":"<!-- This site is optimized with the Yoast SEO plugin v27.1.1 - https:\/\/yoast.com\/product\/yoast-seo-wordpress\/ -->\n<title>Home for Rodent Stefano - Skyline - Lifestyle f\u00fcr Tiere<\/title>\n<meta name=\"robots\" content=\"index, follow, max-snippet:-1, max-image-preview:large, max-video-preview:-1\" \/>\n<link rel=\"canonical\" href=\"https:\/\/www.skyline.de\/en\/product\/cage-rodent-stefano\/\" \/>\n<meta property=\"og:locale\" content=\"en_US\" \/>\n<meta property=\"og:type\" content=\"article\" \/>\n<meta property=\"og:title\" content=\"Home for Rodent Stefano - Skyline - Lifestyle f\u00fcr Tiere\" \/>\n<meta property=\"og:description\" content=\"Sales Start In short!  THE LATEST GENERATION COMMITTED TO NURSING HOMES OF SUSTAINABILITY AND ANIMAL WELFARE! for rabbits, guinea pigs and ferrets. Tested and recommended by the Federation for Nature and Species Conservation (BNA)!\" \/>\n<meta property=\"og:url\" content=\"https:\/\/www.skyline.de\/en\/product\/cage-rodent-stefano\/\" \/>\n<meta property=\"og:site_name\" content=\"Skyline - Lifestyle f\u00fcr Tiere\" \/>\n<meta property=\"article:modified_time\" content=\"2021-02-01T09:47:22+00:00\" \/>\n<meta property=\"og:image\" content=\"https:\/\/i0.wp.com\/www.skyline.de\/wp-content\/uploads\/2019\/11\/Skyline-nagerheime-stefano120.jpg?fit=400%2C500&ssl=1\" \/>\n\t<meta property=\"og:image:width\" content=\"400\" \/>\n\t<meta property=\"og:image:height\" content=\"500\" \/>\n\t<meta property=\"og:image:type\" content=\"image\/jpeg\" \/>\n<meta name=\"twitter:card\" content=\"summary_large_image\" \/>\n<script type=\"application\/ld+json\" class=\"yoast-schema-graph\">{\"@context\":\"https:\/\/schema.org\",\"@graph\":[{\"@type\":\"WebPage\",\"@id\":\"https:\/\/www.skyline.de\/en\/product\/cage-rodent-stefano\/\",\"url\":\"https:\/\/www.skyline.de\/en\/product\/cage-rodent-stefano\/\",\"name\":\"Home for Rodent Stefano - Skyline - Lifestyle f\u00fcr Tiere\",\"isPartOf\":{\"@id\":\"https:\/\/www.skyline.de\/#website\"},\"primaryImageOfPage\":{\"@id\":\"https:\/\/www.skyline.de\/en\/product\/cage-rodent-stefano\/#primaryimage\"},\"image\":{\"@id\":\"https:\/\/www.skyline.de\/en\/product\/cage-rodent-stefano\/#primaryimage\"},\"thumbnailUrl\":\"https:\/\/i0.wp.com\/www.skyline.de\/wp-content\/uploads\/2019\/11\/Skyline-nagerheime-stefano120.jpg?fit=400%2C500&ssl=1\",\"datePublished\":\"2021-02-01T09:47:19+00:00\",\"dateModified\":\"2021-02-01T09:47:22+00:00\",\"breadcrumb\":{\"@id\":\"https:\/\/www.skyline.de\/en\/product\/cage-rodent-stefano\/#breadcrumb\"},\"inLanguage\":\"en-US\",\"potentialAction\":[{\"@type\":\"ReadAction\",\"target\":[\"https:\/\/www.skyline.de\/en\/product\/cage-rodent-stefano\/\"]}]},{\"@type\":\"ImageObject\",\"inLanguage\":\"en-US\",\"@id\":\"https:\/\/www.skyline.de\/en\/product\/cage-rodent-stefano\/#primaryimage\",\"url\":\"https:\/\/i0.wp.com\/www.skyline.de\/wp-content\/uploads\/2019\/11\/Skyline-nagerheime-stefano120.jpg?fit=400%2C500&ssl=1\",\"contentUrl\":\"https:\/\/i0.wp.com\/www.skyline.de\/wp-content\/uploads\/2019\/11\/Skyline-nagerheime-stefano120.jpg?fit=400%2C500&ssl=1\",\"width\":400,\"height\":500},{\"@type\":\"BreadcrumbList\",\"@id\":\"https:\/\/www.skyline.de\/en\/product\/cage-rodent-stefano\/#breadcrumb\",\"itemListElement\":[{\"@type\":\"ListItem\",\"position\":1,\"name\":\"Startseite\",\"item\":\"https:\/\/www.skyline.de\/en\/\"},{\"@type\":\"ListItem\",\"position\":2,\"name\":\"Shop\",\"item\":\"https:\/\/www.skyline.de\/en\/catalogue\/\"},{\"@type\":\"ListItem\",\"position\":3,\"name\":\"Home for Rodent Stefano\"}]},{\"@type\":\"WebSite\",\"@id\":\"https:\/\/www.skyline.de\/#website\",\"url\":\"https:\/\/www.skyline.de\/\",\"name\":\"Skyline - Lifestyle f\u00fcr Tiere\",\"description\":\"Katzen, Hunde, Wild- und Gartenv\u00f6gel, Insekten, H\u00fchner, Zierv\u00f6gel, Zwergkaninchen, Meerschweinchen, Hamster, Ratten, M\u00e4use\",\"potentialAction\":[{\"@type\":\"SearchAction\",\"target\":{\"@type\":\"EntryPoint\",\"urlTemplate\":\"https:\/\/www.skyline.de\/?s={search_term_string}\"},\"query-input\":{\"@type\":\"PropertyValueSpecification\",\"valueRequired\":true,\"valueName\":\"search_term_string\"}}],\"inLanguage\":\"en-US\"}]}<\/script>\n<!-- \/ Yoast SEO plugin. -->","yoast_head_json":{"title":"Home for Rodent Stefano - Skyline - Lifestyle f\u00fcr Tiere","robots":{"index":"index","follow":"follow","max-snippet":"max-snippet:-1","max-image-preview":"max-image-preview:large","max-video-preview":"max-video-preview:-1"},"canonical":"https:\/\/www.skyline.de\/en\/product\/cage-rodent-stefano\/","og_locale":"en_US","og_type":"article","og_title":"Home for Rodent Stefano - Skyline - Lifestyle f\u00fcr Tiere","og_description":"Sales Start In short!  THE LATEST GENERATION COMMITTED TO NURSING HOMES OF SUSTAINABILITY AND ANIMAL WELFARE! for rabbits, guinea pigs and ferrets. Tested and recommended by the Federation for Nature and Species Conservation (BNA)!","og_url":"https:\/\/www.skyline.de\/en\/product\/cage-rodent-stefano\/","og_site_name":"Skyline - Lifestyle f\u00fcr Tiere","article_modified_time":"2021-02-01T09:47:22+00:00","og_image":[{"width":400,"height":500,"url":"https:\/\/i0.wp.com\/www.skyline.de\/wp-content\/uploads\/2019\/11\/Skyline-nagerheime-stefano120.jpg?fit=400%2C500&ssl=1","type":"image\/jpeg"}],"twitter_card":"summary_large_image","schema":{"@context":"https:\/\/schema.org","@graph":[{"@type":"WebPage","@id":"https:\/\/www.skyline.de\/en\/product\/cage-rodent-stefano\/","url":"https:\/\/www.skyline.de\/en\/product\/cage-rodent-stefano\/","name":"Home for Rodent Stefano - Skyline - Lifestyle f\u00fcr Tiere","isPartOf":{"@id":"https:\/\/www.skyline.de\/#website"},"primaryImageOfPage":{"@id":"https:\/\/www.skyline.de\/en\/product\/cage-rodent-stefano\/#primaryimage"},"image":{"@id":"https:\/\/www.skyline.de\/en\/product\/cage-rodent-stefano\/#primaryimage"},"thumbnailUrl":"https:\/\/i0.wp.com\/www.skyline.de\/wp-content\/uploads\/2019\/11\/Skyline-nagerheime-stefano120.jpg?fit=400%2C500&ssl=1","datePublished":"2021-02-01T09:47:19+00:00","dateModified":"2021-02-01T09:47:22+00:00","breadcrumb":{"@id":"https:\/\/www.skyline.de\/en\/product\/cage-rodent-stefano\/#breadcrumb"},"inLanguage":"en-US","potentialAction":[{"@type":"ReadAction","target":["https:\/\/www.skyline.de\/en\/product\/cage-rodent-stefano\/"]}]},{"@type":"ImageObject","inLanguage":"en-US","@id":"https:\/\/www.skyline.de\/en\/product\/cage-rodent-stefano\/#primaryimage","url":"https:\/\/i0.wp.com\/www.skyline.de\/wp-content\/uploads\/2019\/11\/Skyline-nagerheime-stefano120.jpg?fit=400%2C500&ssl=1","contentUrl":"https:\/\/i0.wp.com\/www.skyline.de\/wp-content\/uploads\/2019\/11\/Skyline-nagerheime-stefano120.jpg?fit=400%2C500&ssl=1","width":400,"height":500},{"@type":"BreadcrumbList","@id":"https:\/\/www.skyline.de\/en\/product\/cage-rodent-stefano\/#breadcrumb","itemListElement":[{"@type":"ListItem","position":1,"name":"Startseite","item":"https:\/\/www.skyline.de\/en\/"},{"@type":"ListItem","position":2,"name":"Shop","item":"https:\/\/www.skyline.de\/en\/catalogue\/"},{"@type":"ListItem","position":3,"name":"Home for Rodent Stefano"}]},{"@type":"WebSite","@id":"https:\/\/www.skyline.de\/#website","url":"https:\/\/www.skyline.de\/","name":"Skyline - Lifestyle f\u00fcr Tiere","description":"Katzen, Hunde, Wild- und Gartenv\u00f6gel, Insekten, H\u00fchner, Zierv\u00f6gel, Zwergkaninchen, Meerschweinchen, Hamster, Ratten, M\u00e4use","potentialAction":[{"@type":"SearchAction","target":{"@type":"EntryPoint","urlTemplate":"https:\/\/www.skyline.de\/?s={search_term_string}"},"query-input":{"@type":"PropertyValueSpecification","valueRequired":true,"valueName":"search_term_string"}}],"inLanguage":"en-US"}]}},"_links":{"self":[{"href":"https:\/\/www.skyline.de\/en\/wp-json\/wp\/v2\/product\/5480","targetHints":{"allow":["GET"]}}],"collection":[{"href":"https:\/\/www.skyline.de\/en\/wp-json\/wp\/v2\/product"}],"about":[{"href":"https:\/\/www.skyline.de\/en\/wp-json\/wp\/v2\/types\/product"}],"wp:featuredmedia":[{"embeddable":true,"href":"https:\/\/www.skyline.de\/en\/wp-json\/wp\/v2\/media\/4632"}],"wp:attachment":[{"href":"https:\/\/www.skyline.de\/en\/wp-json\/wp\/v2\/media?parent=5480"}],"wp:term":[{"taxonomy":"product_brand","embeddable":true,"href":"https:\/\/www.skyline.de\/en\/wp-json\/wp\/v2\/product_brand?post=5480"},{"taxonomy":"product_cat","embeddable":true,"href":"https:\/\/www.skyline.de\/en\/wp-json\/wp\/v2\/product_cat?post=5480"},{"taxonomy":"product_tag","embeddable":true,"href":"https:\/\/www.skyline.de\/en\/wp-json\/wp\/v2\/product_tag?post=5480"}],"curies":[{"name":"wp","href":"https:\/\/api.w.org\/{rel}","templated":true}]}}