{"id":5457,"date":"2019-11-18T14:58:05","date_gmt":"2021-02-01T09:46:22","guid":{"rendered":"https:\/\/www.skyline.de\/?post_type=product&#038;p=5457"},"modified":"2021-02-01T10:46:25","modified_gmt":"2021-02-01T09:46:25","slug":"agadir","status":"publish","type":"product","link":"https:\/\/www.skyline.de\/en\/product\/agadir\/","title":{"rendered":"Home for Rodent and Reptilie Agadir"},"content":{"rendered":"<ul>\n<li>High-quality elements made of glass, real wood and a black lattice cover<\/li>\n<li>Panoramic glass panes and large opening flap at the top<\/li>\n<li>Panoramic view of the animals<\/li>\n<li>Side panels of the Nagerheim are made of lacquered wood<\/li>\n<li>Floor, front and back made of glass<\/li>\n<li>Aluminum vent at the back ensures optimal air circulation<\/li>\n<li>Front window for cleaning easily pulled out upwards<\/li>\n<li>Any high One-day height selectable, for enough space to dig, dig and dig<\/li>\n<li>Easy cleaning<\/li>\n<li>Colors:\n<ul>\n<li>Wooden elements: available in white, natural or dark brown<\/li>\n<\/ul>\n<\/li>\n<li>Accessories freely selectable<\/li>\n<\/ul>\n<p><span class=\"s1\"><b>Dealer information<\/b><\/span><\/p>\n<p><strong>Agadir 80<\/strong><br \/>\nDimensions: 77x47x40 cm<br \/>\nPieces of pallet: 40<br \/>\nGross Weight: 16.8<br \/>\nWire spacing: 7mm<\/p>\n<p><strong>Agadir 100<\/strong><br \/>\nDimensions: 96x47x40 cm<br \/>\nPieces of pallet: 20<br \/>\nGross weight: 18.3<br \/>\nWire spacing: 7mm<\/p>\n","protected":false},"excerpt":{"rendered":"<p>&nbsp;<\/p>\n<p class=\"p1\">GREAT DESIGN &amp; OPTIMAL HABITAT FOR YOUR FAVORITE!<br \/>\nThe Skyline Home for Rodent and reptiles Agadir is a chic and pleasant habitat for small mammals such as hamsters, rats, mice and reptiles &#8230;<\/p>\n<p><strong>Tested and recommended by the Federation for Nature and Species Conservation (BNA)! <\/strong><\/p>\n","protected":false},"featured_media":4710,"template":"","meta":[],"product_brand":[],"product_cat":[68,74],"product_tag":[],"class_list":{"0":"post-5457","1":"product","2":"type-product","3":"status-publish","4":"has-post-thumbnail","6":"product_cat-home-garden-en","7":"product_cat-rodent-homes","9":"first","10":"instock","11":"shipping-taxable","12":"product-type-simple"},"yoast_head":"<!-- This site is optimized with the Yoast SEO plugin v27.1.1 - https:\/\/yoast.com\/product\/yoast-seo-wordpress\/ -->\n<title>Home for Rodent and Reptilie Agadir - Skyline - Lifestyle f\u00fcr Tiere<\/title>\n<meta name=\"robots\" content=\"index, follow, max-snippet:-1, max-image-preview:large, max-video-preview:-1\" \/>\n<link rel=\"canonical\" href=\"https:\/\/www.skyline.de\/en\/product\/agadir\/\" \/>\n<meta property=\"og:locale\" content=\"en_US\" \/>\n<meta property=\"og:type\" content=\"article\" \/>\n<meta property=\"og:title\" content=\"Home for Rodent and Reptilie Agadir - Skyline - Lifestyle f\u00fcr Tiere\" \/>\n<meta property=\"og:description\" content=\"&nbsp; GREAT DESIGN &amp; OPTIMAL HABITAT FOR YOUR FAVORITE! The Skyline Home for Rodent and reptiles Agadir is a chic and pleasant habitat for small mammals such as hamsters, rats, mice and reptiles ... Tested and recommended by the Federation for Nature and Species Conservation (BNA)!\" \/>\n<meta property=\"og:url\" content=\"https:\/\/www.skyline.de\/en\/product\/agadir\/\" \/>\n<meta property=\"og:site_name\" content=\"Skyline - Lifestyle f\u00fcr Tiere\" \/>\n<meta property=\"article:modified_time\" content=\"2021-02-01T09:46:25+00:00\" \/>\n<meta property=\"og:image\" content=\"https:\/\/i2.wp.com\/www.skyline.de\/wp-content\/uploads\/2019\/11\/Skyline-nagerheime-agadir-2.jpg?fit=400%2C500&ssl=1\" \/>\n\t<meta property=\"og:image:width\" content=\"400\" \/>\n\t<meta property=\"og:image:height\" content=\"500\" \/>\n\t<meta property=\"og:image:type\" content=\"image\/jpeg\" \/>\n<meta name=\"twitter:card\" content=\"summary_large_image\" \/>\n<meta name=\"twitter:label1\" content=\"Est. reading time\" \/>\n\t<meta name=\"twitter:data1\" content=\"1 minute\" \/>\n<script type=\"application\/ld+json\" class=\"yoast-schema-graph\">{\"@context\":\"https:\/\/schema.org\",\"@graph\":[{\"@type\":\"WebPage\",\"@id\":\"https:\/\/www.skyline.de\/en\/product\/agadir\/\",\"url\":\"https:\/\/www.skyline.de\/en\/product\/agadir\/\",\"name\":\"Home for Rodent and Reptilie Agadir - Skyline - Lifestyle f\u00fcr Tiere\",\"isPartOf\":{\"@id\":\"https:\/\/www.skyline.de\/#website\"},\"primaryImageOfPage\":{\"@id\":\"https:\/\/www.skyline.de\/en\/product\/agadir\/#primaryimage\"},\"image\":{\"@id\":\"https:\/\/www.skyline.de\/en\/product\/agadir\/#primaryimage\"},\"thumbnailUrl\":\"https:\/\/i0.wp.com\/www.skyline.de\/wp-content\/uploads\/2019\/11\/Skyline-nagerheime-agadir-2.jpg?fit=400%2C500&ssl=1\",\"datePublished\":\"2021-02-01T09:46:22+00:00\",\"dateModified\":\"2021-02-01T09:46:25+00:00\",\"breadcrumb\":{\"@id\":\"https:\/\/www.skyline.de\/en\/product\/agadir\/#breadcrumb\"},\"inLanguage\":\"en-US\",\"potentialAction\":[{\"@type\":\"ReadAction\",\"target\":[\"https:\/\/www.skyline.de\/en\/product\/agadir\/\"]}]},{\"@type\":\"ImageObject\",\"inLanguage\":\"en-US\",\"@id\":\"https:\/\/www.skyline.de\/en\/product\/agadir\/#primaryimage\",\"url\":\"https:\/\/i0.wp.com\/www.skyline.de\/wp-content\/uploads\/2019\/11\/Skyline-nagerheime-agadir-2.jpg?fit=400%2C500&ssl=1\",\"contentUrl\":\"https:\/\/i0.wp.com\/www.skyline.de\/wp-content\/uploads\/2019\/11\/Skyline-nagerheime-agadir-2.jpg?fit=400%2C500&ssl=1\",\"width\":400,\"height\":500},{\"@type\":\"BreadcrumbList\",\"@id\":\"https:\/\/www.skyline.de\/en\/product\/agadir\/#breadcrumb\",\"itemListElement\":[{\"@type\":\"ListItem\",\"position\":1,\"name\":\"Startseite\",\"item\":\"https:\/\/www.skyline.de\/en\/\"},{\"@type\":\"ListItem\",\"position\":2,\"name\":\"Shop\",\"item\":\"https:\/\/www.skyline.de\/en\/catalogue\/\"},{\"@type\":\"ListItem\",\"position\":3,\"name\":\"Home for Rodent and Reptilie Agadir\"}]},{\"@type\":\"WebSite\",\"@id\":\"https:\/\/www.skyline.de\/#website\",\"url\":\"https:\/\/www.skyline.de\/\",\"name\":\"Skyline - Lifestyle f\u00fcr Tiere\",\"description\":\"Katzen, Hunde, Wild- und Gartenv\u00f6gel, Insekten, H\u00fchner, Zierv\u00f6gel, Zwergkaninchen, Meerschweinchen, Hamster, Ratten, M\u00e4use\",\"potentialAction\":[{\"@type\":\"SearchAction\",\"target\":{\"@type\":\"EntryPoint\",\"urlTemplate\":\"https:\/\/www.skyline.de\/?s={search_term_string}\"},\"query-input\":{\"@type\":\"PropertyValueSpecification\",\"valueRequired\":true,\"valueName\":\"search_term_string\"}}],\"inLanguage\":\"en-US\"}]}<\/script>\n<!-- \/ Yoast SEO plugin. -->","yoast_head_json":{"title":"Home for Rodent and Reptilie Agadir - Skyline - Lifestyle f\u00fcr Tiere","robots":{"index":"index","follow":"follow","max-snippet":"max-snippet:-1","max-image-preview":"max-image-preview:large","max-video-preview":"max-video-preview:-1"},"canonical":"https:\/\/www.skyline.de\/en\/product\/agadir\/","og_locale":"en_US","og_type":"article","og_title":"Home for Rodent and Reptilie Agadir - Skyline - Lifestyle f\u00fcr Tiere","og_description":"&nbsp; GREAT DESIGN &amp; OPTIMAL HABITAT FOR YOUR FAVORITE! The Skyline Home for Rodent and reptiles Agadir is a chic and pleasant habitat for small mammals such as hamsters, rats, mice and reptiles ... Tested and recommended by the Federation for Nature and Species Conservation (BNA)!","og_url":"https:\/\/www.skyline.de\/en\/product\/agadir\/","og_site_name":"Skyline - Lifestyle f\u00fcr Tiere","article_modified_time":"2021-02-01T09:46:25+00:00","og_image":[{"width":400,"height":500,"url":"https:\/\/i2.wp.com\/www.skyline.de\/wp-content\/uploads\/2019\/11\/Skyline-nagerheime-agadir-2.jpg?fit=400%2C500&ssl=1","type":"image\/jpeg"}],"twitter_card":"summary_large_image","twitter_misc":{"Est. reading time":"1 minute"},"schema":{"@context":"https:\/\/schema.org","@graph":[{"@type":"WebPage","@id":"https:\/\/www.skyline.de\/en\/product\/agadir\/","url":"https:\/\/www.skyline.de\/en\/product\/agadir\/","name":"Home for Rodent and Reptilie Agadir - Skyline - Lifestyle f\u00fcr Tiere","isPartOf":{"@id":"https:\/\/www.skyline.de\/#website"},"primaryImageOfPage":{"@id":"https:\/\/www.skyline.de\/en\/product\/agadir\/#primaryimage"},"image":{"@id":"https:\/\/www.skyline.de\/en\/product\/agadir\/#primaryimage"},"thumbnailUrl":"https:\/\/i0.wp.com\/www.skyline.de\/wp-content\/uploads\/2019\/11\/Skyline-nagerheime-agadir-2.jpg?fit=400%2C500&ssl=1","datePublished":"2021-02-01T09:46:22+00:00","dateModified":"2021-02-01T09:46:25+00:00","breadcrumb":{"@id":"https:\/\/www.skyline.de\/en\/product\/agadir\/#breadcrumb"},"inLanguage":"en-US","potentialAction":[{"@type":"ReadAction","target":["https:\/\/www.skyline.de\/en\/product\/agadir\/"]}]},{"@type":"ImageObject","inLanguage":"en-US","@id":"https:\/\/www.skyline.de\/en\/product\/agadir\/#primaryimage","url":"https:\/\/i0.wp.com\/www.skyline.de\/wp-content\/uploads\/2019\/11\/Skyline-nagerheime-agadir-2.jpg?fit=400%2C500&ssl=1","contentUrl":"https:\/\/i0.wp.com\/www.skyline.de\/wp-content\/uploads\/2019\/11\/Skyline-nagerheime-agadir-2.jpg?fit=400%2C500&ssl=1","width":400,"height":500},{"@type":"BreadcrumbList","@id":"https:\/\/www.skyline.de\/en\/product\/agadir\/#breadcrumb","itemListElement":[{"@type":"ListItem","position":1,"name":"Startseite","item":"https:\/\/www.skyline.de\/en\/"},{"@type":"ListItem","position":2,"name":"Shop","item":"https:\/\/www.skyline.de\/en\/catalogue\/"},{"@type":"ListItem","position":3,"name":"Home for Rodent and Reptilie Agadir"}]},{"@type":"WebSite","@id":"https:\/\/www.skyline.de\/#website","url":"https:\/\/www.skyline.de\/","name":"Skyline - Lifestyle f\u00fcr Tiere","description":"Katzen, Hunde, Wild- und Gartenv\u00f6gel, Insekten, H\u00fchner, Zierv\u00f6gel, Zwergkaninchen, Meerschweinchen, Hamster, Ratten, M\u00e4use","potentialAction":[{"@type":"SearchAction","target":{"@type":"EntryPoint","urlTemplate":"https:\/\/www.skyline.de\/?s={search_term_string}"},"query-input":{"@type":"PropertyValueSpecification","valueRequired":true,"valueName":"search_term_string"}}],"inLanguage":"en-US"}]}},"_links":{"self":[{"href":"https:\/\/www.skyline.de\/en\/wp-json\/wp\/v2\/product\/5457","targetHints":{"allow":["GET"]}}],"collection":[{"href":"https:\/\/www.skyline.de\/en\/wp-json\/wp\/v2\/product"}],"about":[{"href":"https:\/\/www.skyline.de\/en\/wp-json\/wp\/v2\/types\/product"}],"wp:featuredmedia":[{"embeddable":true,"href":"https:\/\/www.skyline.de\/en\/wp-json\/wp\/v2\/media\/4710"}],"wp:attachment":[{"href":"https:\/\/www.skyline.de\/en\/wp-json\/wp\/v2\/media?parent=5457"}],"wp:term":[{"taxonomy":"product_brand","embeddable":true,"href":"https:\/\/www.skyline.de\/en\/wp-json\/wp\/v2\/product_brand?post=5457"},{"taxonomy":"product_cat","embeddable":true,"href":"https:\/\/www.skyline.de\/en\/wp-json\/wp\/v2\/product_cat?post=5457"},{"taxonomy":"product_tag","embeddable":true,"href":"https:\/\/www.skyline.de\/en\/wp-json\/wp\/v2\/product_tag?post=5457"}],"curies":[{"name":"wp","href":"https:\/\/api.w.org\/{rel}","templated":true}]}}