{"id":5449,"date":"2019-11-18T15:43:35","date_gmt":"2021-02-01T09:45:58","guid":{"rendered":"https:\/\/www.skyline.de\/?post_type=product&#038;p=5449"},"modified":"2021-02-01T10:46:00","modified_gmt":"2021-02-01T09:46:00","slug":"luca-1","status":"publish","type":"product","link":"https:\/\/www.skyline.de\/en\/product\/luca-1\/","title":{"rendered":"LUCA I"},"content":{"rendered":"<p><strong>Finishes<br \/>\nand sizes<\/strong> Dimensions:800x400x1600 mm<br \/>\nPiece of pallet:<br \/>\nGross weight:<\/p>\n","protected":false},"excerpt":{"rendered":"<p>With thoughtful functionality and simple design, this model fits perfectly into any living environment.<br \/>\nEasy to lean against the wall.<br \/>\nHigh-quality real wood with folding doors for enough storage space.<br \/>\nIntegrated feed bar with two stainless steel lining cups and scratch ingesan surface made of sisal.<br \/>\nSufficient lying area.<\/p>\n","protected":false},"featured_media":4644,"template":"","meta":[],"product_brand":[],"product_cat":[57,66],"product_tag":[],"class_list":{"0":"post-5449","1":"product","2":"type-product","3":"status-publish","4":"has-post-thumbnail","6":"product_cat-felidaes-palace-en","7":"product_cat-scratching-posts","9":"first","10":"instock","11":"shipping-taxable","12":"product-type-simple"},"yoast_head":"<!-- This site is optimized with the Yoast SEO plugin v27.1.1 - https:\/\/yoast.com\/product\/yoast-seo-wordpress\/ -->\n<title>LUCA I - Skyline - Lifestyle f\u00fcr Tiere<\/title>\n<meta name=\"robots\" content=\"index, follow, max-snippet:-1, max-image-preview:large, max-video-preview:-1\" \/>\n<link rel=\"canonical\" href=\"https:\/\/www.skyline.de\/en\/product\/luca-1\/\" \/>\n<meta property=\"og:locale\" content=\"en_US\" \/>\n<meta property=\"og:type\" content=\"article\" \/>\n<meta property=\"og:title\" content=\"LUCA I - Skyline - Lifestyle f\u00fcr Tiere\" \/>\n<meta property=\"og:description\" content=\"With thoughtful functionality and simple design, this model fits perfectly into any living environment. Easy to lean against the wall. High-quality real wood with folding doors for enough storage space. Integrated feed bar with two stainless steel lining cups and scratch ingesan surface made of sisal. Sufficient lying area.\" \/>\n<meta property=\"og:url\" content=\"https:\/\/www.skyline.de\/en\/product\/luca-1\/\" \/>\n<meta property=\"og:site_name\" content=\"Skyline - Lifestyle f\u00fcr Tiere\" \/>\n<meta property=\"article:modified_time\" content=\"2021-02-01T09:46:00+00:00\" \/>\n<meta property=\"og:image\" content=\"https:\/\/i2.wp.com\/www.skyline.de\/wp-content\/uploads\/2019\/11\/Skyline-Katzenbaum-LUCA-1.jpg?fit=400%2C500&ssl=1\" \/>\n\t<meta property=\"og:image:width\" content=\"400\" \/>\n\t<meta property=\"og:image:height\" content=\"500\" \/>\n\t<meta property=\"og:image:type\" content=\"image\/jpeg\" \/>\n<meta name=\"twitter:card\" content=\"summary_large_image\" \/>\n<script type=\"application\/ld+json\" class=\"yoast-schema-graph\">{\"@context\":\"https:\/\/schema.org\",\"@graph\":[{\"@type\":\"WebPage\",\"@id\":\"https:\/\/www.skyline.de\/en\/product\/luca-1\/\",\"url\":\"https:\/\/www.skyline.de\/en\/product\/luca-1\/\",\"name\":\"LUCA I - Skyline - Lifestyle f\u00fcr Tiere\",\"isPartOf\":{\"@id\":\"https:\/\/www.skyline.de\/#website\"},\"primaryImageOfPage\":{\"@id\":\"https:\/\/www.skyline.de\/en\/product\/luca-1\/#primaryimage\"},\"image\":{\"@id\":\"https:\/\/www.skyline.de\/en\/product\/luca-1\/#primaryimage\"},\"thumbnailUrl\":\"https:\/\/i0.wp.com\/www.skyline.de\/wp-content\/uploads\/2019\/11\/Skyline-Katzenbaum-LUCA-1.jpg?fit=400%2C500&ssl=1\",\"datePublished\":\"2021-02-01T09:45:58+00:00\",\"dateModified\":\"2021-02-01T09:46:00+00:00\",\"breadcrumb\":{\"@id\":\"https:\/\/www.skyline.de\/en\/product\/luca-1\/#breadcrumb\"},\"inLanguage\":\"en-US\",\"potentialAction\":[{\"@type\":\"ReadAction\",\"target\":[\"https:\/\/www.skyline.de\/en\/product\/luca-1\/\"]}]},{\"@type\":\"ImageObject\",\"inLanguage\":\"en-US\",\"@id\":\"https:\/\/www.skyline.de\/en\/product\/luca-1\/#primaryimage\",\"url\":\"https:\/\/i0.wp.com\/www.skyline.de\/wp-content\/uploads\/2019\/11\/Skyline-Katzenbaum-LUCA-1.jpg?fit=400%2C500&ssl=1\",\"contentUrl\":\"https:\/\/i0.wp.com\/www.skyline.de\/wp-content\/uploads\/2019\/11\/Skyline-Katzenbaum-LUCA-1.jpg?fit=400%2C500&ssl=1\",\"width\":400,\"height\":500},{\"@type\":\"BreadcrumbList\",\"@id\":\"https:\/\/www.skyline.de\/en\/product\/luca-1\/#breadcrumb\",\"itemListElement\":[{\"@type\":\"ListItem\",\"position\":1,\"name\":\"Startseite\",\"item\":\"https:\/\/www.skyline.de\/en\/\"},{\"@type\":\"ListItem\",\"position\":2,\"name\":\"Shop\",\"item\":\"https:\/\/www.skyline.de\/en\/catalogue\/\"},{\"@type\":\"ListItem\",\"position\":3,\"name\":\"LUCA I\"}]},{\"@type\":\"WebSite\",\"@id\":\"https:\/\/www.skyline.de\/#website\",\"url\":\"https:\/\/www.skyline.de\/\",\"name\":\"Skyline - Lifestyle f\u00fcr Tiere\",\"description\":\"Katzen, Hunde, Wild- und Gartenv\u00f6gel, Insekten, H\u00fchner, Zierv\u00f6gel, Zwergkaninchen, Meerschweinchen, Hamster, Ratten, M\u00e4use\",\"potentialAction\":[{\"@type\":\"SearchAction\",\"target\":{\"@type\":\"EntryPoint\",\"urlTemplate\":\"https:\/\/www.skyline.de\/?s={search_term_string}\"},\"query-input\":{\"@type\":\"PropertyValueSpecification\",\"valueRequired\":true,\"valueName\":\"search_term_string\"}}],\"inLanguage\":\"en-US\"}]}<\/script>\n<!-- \/ Yoast SEO plugin. -->","yoast_head_json":{"title":"LUCA I - Skyline - Lifestyle f\u00fcr Tiere","robots":{"index":"index","follow":"follow","max-snippet":"max-snippet:-1","max-image-preview":"max-image-preview:large","max-video-preview":"max-video-preview:-1"},"canonical":"https:\/\/www.skyline.de\/en\/product\/luca-1\/","og_locale":"en_US","og_type":"article","og_title":"LUCA I - Skyline - Lifestyle f\u00fcr Tiere","og_description":"With thoughtful functionality and simple design, this model fits perfectly into any living environment. Easy to lean against the wall. High-quality real wood with folding doors for enough storage space. Integrated feed bar with two stainless steel lining cups and scratch ingesan surface made of sisal. Sufficient lying area.","og_url":"https:\/\/www.skyline.de\/en\/product\/luca-1\/","og_site_name":"Skyline - Lifestyle f\u00fcr Tiere","article_modified_time":"2021-02-01T09:46:00+00:00","og_image":[{"width":400,"height":500,"url":"https:\/\/i2.wp.com\/www.skyline.de\/wp-content\/uploads\/2019\/11\/Skyline-Katzenbaum-LUCA-1.jpg?fit=400%2C500&ssl=1","type":"image\/jpeg"}],"twitter_card":"summary_large_image","schema":{"@context":"https:\/\/schema.org","@graph":[{"@type":"WebPage","@id":"https:\/\/www.skyline.de\/en\/product\/luca-1\/","url":"https:\/\/www.skyline.de\/en\/product\/luca-1\/","name":"LUCA I - Skyline - Lifestyle f\u00fcr Tiere","isPartOf":{"@id":"https:\/\/www.skyline.de\/#website"},"primaryImageOfPage":{"@id":"https:\/\/www.skyline.de\/en\/product\/luca-1\/#primaryimage"},"image":{"@id":"https:\/\/www.skyline.de\/en\/product\/luca-1\/#primaryimage"},"thumbnailUrl":"https:\/\/i0.wp.com\/www.skyline.de\/wp-content\/uploads\/2019\/11\/Skyline-Katzenbaum-LUCA-1.jpg?fit=400%2C500&ssl=1","datePublished":"2021-02-01T09:45:58+00:00","dateModified":"2021-02-01T09:46:00+00:00","breadcrumb":{"@id":"https:\/\/www.skyline.de\/en\/product\/luca-1\/#breadcrumb"},"inLanguage":"en-US","potentialAction":[{"@type":"ReadAction","target":["https:\/\/www.skyline.de\/en\/product\/luca-1\/"]}]},{"@type":"ImageObject","inLanguage":"en-US","@id":"https:\/\/www.skyline.de\/en\/product\/luca-1\/#primaryimage","url":"https:\/\/i0.wp.com\/www.skyline.de\/wp-content\/uploads\/2019\/11\/Skyline-Katzenbaum-LUCA-1.jpg?fit=400%2C500&ssl=1","contentUrl":"https:\/\/i0.wp.com\/www.skyline.de\/wp-content\/uploads\/2019\/11\/Skyline-Katzenbaum-LUCA-1.jpg?fit=400%2C500&ssl=1","width":400,"height":500},{"@type":"BreadcrumbList","@id":"https:\/\/www.skyline.de\/en\/product\/luca-1\/#breadcrumb","itemListElement":[{"@type":"ListItem","position":1,"name":"Startseite","item":"https:\/\/www.skyline.de\/en\/"},{"@type":"ListItem","position":2,"name":"Shop","item":"https:\/\/www.skyline.de\/en\/catalogue\/"},{"@type":"ListItem","position":3,"name":"LUCA I"}]},{"@type":"WebSite","@id":"https:\/\/www.skyline.de\/#website","url":"https:\/\/www.skyline.de\/","name":"Skyline - Lifestyle f\u00fcr Tiere","description":"Katzen, Hunde, Wild- und Gartenv\u00f6gel, Insekten, H\u00fchner, Zierv\u00f6gel, Zwergkaninchen, Meerschweinchen, Hamster, Ratten, M\u00e4use","potentialAction":[{"@type":"SearchAction","target":{"@type":"EntryPoint","urlTemplate":"https:\/\/www.skyline.de\/?s={search_term_string}"},"query-input":{"@type":"PropertyValueSpecification","valueRequired":true,"valueName":"search_term_string"}}],"inLanguage":"en-US"}]}},"_links":{"self":[{"href":"https:\/\/www.skyline.de\/en\/wp-json\/wp\/v2\/product\/5449","targetHints":{"allow":["GET"]}}],"collection":[{"href":"https:\/\/www.skyline.de\/en\/wp-json\/wp\/v2\/product"}],"about":[{"href":"https:\/\/www.skyline.de\/en\/wp-json\/wp\/v2\/types\/product"}],"wp:featuredmedia":[{"embeddable":true,"href":"https:\/\/www.skyline.de\/en\/wp-json\/wp\/v2\/media\/4644"}],"wp:attachment":[{"href":"https:\/\/www.skyline.de\/en\/wp-json\/wp\/v2\/media?parent=5449"}],"wp:term":[{"taxonomy":"product_brand","embeddable":true,"href":"https:\/\/www.skyline.de\/en\/wp-json\/wp\/v2\/product_brand?post=5449"},{"taxonomy":"product_cat","embeddable":true,"href":"https:\/\/www.skyline.de\/en\/wp-json\/wp\/v2\/product_cat?post=5449"},{"taxonomy":"product_tag","embeddable":true,"href":"https:\/\/www.skyline.de\/en\/wp-json\/wp\/v2\/product_tag?post=5449"}],"curies":[{"name":"wp","href":"https:\/\/api.w.org\/{rel}","templated":true}]}}