{"id":5438,"date":"2019-10-17T15:19:18","date_gmt":"2021-02-01T09:43:32","guid":{"rendered":"https:\/\/www.skyline.de\/?post_type=product&#038;p=5438"},"modified":"2021-02-01T10:43:33","modified_gmt":"2021-02-01T09:43:33","slug":"pedro","status":"publish","type":"product","link":"https:\/\/www.skyline.de\/en\/product\/pedro\/","title":{"rendered":"PEDRO"},"content":{"rendered":"<p><strong>Finishes<br \/>\nand sizes<\/strong> Dimensions: 40 x 40 x 120 cm<\/p>\n","protected":false},"excerpt":{"rendered":"<p>With thoughtful functionality and simple design, this model fits perfectly into any living environment.<br \/>\nClassic scratch and climbing tree made of shape-stable plywood.<br \/>\nScratch surfaces made of sisal mats.<br \/>\nSeveral floors to climb and sleep.<br \/>\nHigh sitting position.<\/p>\n<p>&#8230;<br \/>\nSisal&#8230;<br \/>\nCuddly pillow (extra)<\/p>\n","protected":false},"featured_media":4531,"template":"","meta":[],"product_brand":[],"product_cat":[57,66],"product_tag":[],"class_list":{"0":"post-5438","1":"product","2":"type-product","3":"status-publish","4":"has-post-thumbnail","6":"product_cat-felidaes-palace-en","7":"product_cat-scratching-posts","9":"first","10":"instock","11":"shipping-taxable","12":"product-type-simple"},"yoast_head":"<!-- This site is optimized with the Yoast SEO plugin v27.1.1 - https:\/\/yoast.com\/product\/yoast-seo-wordpress\/ -->\n<title>PEDRO - Skyline - Lifestyle f\u00fcr Tiere<\/title>\n<meta name=\"robots\" content=\"index, follow, max-snippet:-1, max-image-preview:large, max-video-preview:-1\" \/>\n<link rel=\"canonical\" href=\"https:\/\/www.skyline.de\/en\/product\/pedro\/\" \/>\n<meta property=\"og:locale\" content=\"en_US\" \/>\n<meta property=\"og:type\" content=\"article\" \/>\n<meta property=\"og:title\" content=\"PEDRO - Skyline - Lifestyle f\u00fcr Tiere\" \/>\n<meta property=\"og:description\" content=\"With thoughtful functionality and simple design, this model fits perfectly into any living environment. Classic scratch and climbing tree made of shape-stable plywood. Scratch surfaces made of sisal mats. Several floors to climb and sleep. High sitting position.  ... Sisal... Cuddly pillow (extra)\" \/>\n<meta property=\"og:url\" content=\"https:\/\/www.skyline.de\/en\/product\/pedro\/\" \/>\n<meta property=\"og:site_name\" content=\"Skyline - Lifestyle f\u00fcr Tiere\" \/>\n<meta property=\"article:modified_time\" content=\"2021-02-01T09:43:33+00:00\" \/>\n<meta property=\"og:image\" content=\"https:\/\/i2.wp.com\/www.skyline.de\/wp-content\/uploads\/2019\/10\/Skyline-Katzenbaum-pedro.jpg?fit=400%2C500&ssl=1\" \/>\n\t<meta property=\"og:image:width\" content=\"400\" \/>\n\t<meta property=\"og:image:height\" content=\"500\" \/>\n\t<meta property=\"og:image:type\" content=\"image\/jpeg\" \/>\n<meta name=\"twitter:card\" content=\"summary_large_image\" \/>\n<script type=\"application\/ld+json\" class=\"yoast-schema-graph\">{\"@context\":\"https:\/\/schema.org\",\"@graph\":[{\"@type\":\"WebPage\",\"@id\":\"https:\/\/www.skyline.de\/en\/product\/pedro\/\",\"url\":\"https:\/\/www.skyline.de\/en\/product\/pedro\/\",\"name\":\"PEDRO - Skyline - Lifestyle f\u00fcr Tiere\",\"isPartOf\":{\"@id\":\"https:\/\/www.skyline.de\/#website\"},\"primaryImageOfPage\":{\"@id\":\"https:\/\/www.skyline.de\/en\/product\/pedro\/#primaryimage\"},\"image\":{\"@id\":\"https:\/\/www.skyline.de\/en\/product\/pedro\/#primaryimage\"},\"thumbnailUrl\":\"https:\/\/i0.wp.com\/www.skyline.de\/wp-content\/uploads\/2019\/10\/Skyline-Katzenbaum-pedro.jpg?fit=400%2C500&ssl=1\",\"datePublished\":\"2021-02-01T09:43:32+00:00\",\"dateModified\":\"2021-02-01T09:43:33+00:00\",\"breadcrumb\":{\"@id\":\"https:\/\/www.skyline.de\/en\/product\/pedro\/#breadcrumb\"},\"inLanguage\":\"en-US\",\"potentialAction\":[{\"@type\":\"ReadAction\",\"target\":[\"https:\/\/www.skyline.de\/en\/product\/pedro\/\"]}]},{\"@type\":\"ImageObject\",\"inLanguage\":\"en-US\",\"@id\":\"https:\/\/www.skyline.de\/en\/product\/pedro\/#primaryimage\",\"url\":\"https:\/\/i0.wp.com\/www.skyline.de\/wp-content\/uploads\/2019\/10\/Skyline-Katzenbaum-pedro.jpg?fit=400%2C500&ssl=1\",\"contentUrl\":\"https:\/\/i0.wp.com\/www.skyline.de\/wp-content\/uploads\/2019\/10\/Skyline-Katzenbaum-pedro.jpg?fit=400%2C500&ssl=1\",\"width\":400,\"height\":500,\"caption\":\"cages oiseaux Skyline\"},{\"@type\":\"BreadcrumbList\",\"@id\":\"https:\/\/www.skyline.de\/en\/product\/pedro\/#breadcrumb\",\"itemListElement\":[{\"@type\":\"ListItem\",\"position\":1,\"name\":\"Startseite\",\"item\":\"https:\/\/www.skyline.de\/en\/\"},{\"@type\":\"ListItem\",\"position\":2,\"name\":\"Shop\",\"item\":\"https:\/\/www.skyline.de\/en\/catalogue\/\"},{\"@type\":\"ListItem\",\"position\":3,\"name\":\"PEDRO\"}]},{\"@type\":\"WebSite\",\"@id\":\"https:\/\/www.skyline.de\/#website\",\"url\":\"https:\/\/www.skyline.de\/\",\"name\":\"Skyline - Lifestyle f\u00fcr Tiere\",\"description\":\"Katzen, Hunde, Wild- und Gartenv\u00f6gel, Insekten, H\u00fchner, Zierv\u00f6gel, Zwergkaninchen, Meerschweinchen, Hamster, Ratten, M\u00e4use\",\"potentialAction\":[{\"@type\":\"SearchAction\",\"target\":{\"@type\":\"EntryPoint\",\"urlTemplate\":\"https:\/\/www.skyline.de\/?s={search_term_string}\"},\"query-input\":{\"@type\":\"PropertyValueSpecification\",\"valueRequired\":true,\"valueName\":\"search_term_string\"}}],\"inLanguage\":\"en-US\"}]}<\/script>\n<!-- \/ Yoast SEO plugin. -->","yoast_head_json":{"title":"PEDRO - Skyline - Lifestyle f\u00fcr Tiere","robots":{"index":"index","follow":"follow","max-snippet":"max-snippet:-1","max-image-preview":"max-image-preview:large","max-video-preview":"max-video-preview:-1"},"canonical":"https:\/\/www.skyline.de\/en\/product\/pedro\/","og_locale":"en_US","og_type":"article","og_title":"PEDRO - Skyline - Lifestyle f\u00fcr Tiere","og_description":"With thoughtful functionality and simple design, this model fits perfectly into any living environment. Classic scratch and climbing tree made of shape-stable plywood. Scratch surfaces made of sisal mats. Several floors to climb and sleep. High sitting position.  ... Sisal... Cuddly pillow (extra)","og_url":"https:\/\/www.skyline.de\/en\/product\/pedro\/","og_site_name":"Skyline - Lifestyle f\u00fcr Tiere","article_modified_time":"2021-02-01T09:43:33+00:00","og_image":[{"width":400,"height":500,"url":"https:\/\/i2.wp.com\/www.skyline.de\/wp-content\/uploads\/2019\/10\/Skyline-Katzenbaum-pedro.jpg?fit=400%2C500&ssl=1","type":"image\/jpeg"}],"twitter_card":"summary_large_image","schema":{"@context":"https:\/\/schema.org","@graph":[{"@type":"WebPage","@id":"https:\/\/www.skyline.de\/en\/product\/pedro\/","url":"https:\/\/www.skyline.de\/en\/product\/pedro\/","name":"PEDRO - Skyline - Lifestyle f\u00fcr Tiere","isPartOf":{"@id":"https:\/\/www.skyline.de\/#website"},"primaryImageOfPage":{"@id":"https:\/\/www.skyline.de\/en\/product\/pedro\/#primaryimage"},"image":{"@id":"https:\/\/www.skyline.de\/en\/product\/pedro\/#primaryimage"},"thumbnailUrl":"https:\/\/i0.wp.com\/www.skyline.de\/wp-content\/uploads\/2019\/10\/Skyline-Katzenbaum-pedro.jpg?fit=400%2C500&ssl=1","datePublished":"2021-02-01T09:43:32+00:00","dateModified":"2021-02-01T09:43:33+00:00","breadcrumb":{"@id":"https:\/\/www.skyline.de\/en\/product\/pedro\/#breadcrumb"},"inLanguage":"en-US","potentialAction":[{"@type":"ReadAction","target":["https:\/\/www.skyline.de\/en\/product\/pedro\/"]}]},{"@type":"ImageObject","inLanguage":"en-US","@id":"https:\/\/www.skyline.de\/en\/product\/pedro\/#primaryimage","url":"https:\/\/i0.wp.com\/www.skyline.de\/wp-content\/uploads\/2019\/10\/Skyline-Katzenbaum-pedro.jpg?fit=400%2C500&ssl=1","contentUrl":"https:\/\/i0.wp.com\/www.skyline.de\/wp-content\/uploads\/2019\/10\/Skyline-Katzenbaum-pedro.jpg?fit=400%2C500&ssl=1","width":400,"height":500,"caption":"cages oiseaux Skyline"},{"@type":"BreadcrumbList","@id":"https:\/\/www.skyline.de\/en\/product\/pedro\/#breadcrumb","itemListElement":[{"@type":"ListItem","position":1,"name":"Startseite","item":"https:\/\/www.skyline.de\/en\/"},{"@type":"ListItem","position":2,"name":"Shop","item":"https:\/\/www.skyline.de\/en\/catalogue\/"},{"@type":"ListItem","position":3,"name":"PEDRO"}]},{"@type":"WebSite","@id":"https:\/\/www.skyline.de\/#website","url":"https:\/\/www.skyline.de\/","name":"Skyline - Lifestyle f\u00fcr Tiere","description":"Katzen, Hunde, Wild- und Gartenv\u00f6gel, Insekten, H\u00fchner, Zierv\u00f6gel, Zwergkaninchen, Meerschweinchen, Hamster, Ratten, M\u00e4use","potentialAction":[{"@type":"SearchAction","target":{"@type":"EntryPoint","urlTemplate":"https:\/\/www.skyline.de\/?s={search_term_string}"},"query-input":{"@type":"PropertyValueSpecification","valueRequired":true,"valueName":"search_term_string"}}],"inLanguage":"en-US"}]}},"_links":{"self":[{"href":"https:\/\/www.skyline.de\/en\/wp-json\/wp\/v2\/product\/5438","targetHints":{"allow":["GET"]}}],"collection":[{"href":"https:\/\/www.skyline.de\/en\/wp-json\/wp\/v2\/product"}],"about":[{"href":"https:\/\/www.skyline.de\/en\/wp-json\/wp\/v2\/types\/product"}],"wp:featuredmedia":[{"embeddable":true,"href":"https:\/\/www.skyline.de\/en\/wp-json\/wp\/v2\/media\/4531"}],"wp:attachment":[{"href":"https:\/\/www.skyline.de\/en\/wp-json\/wp\/v2\/media?parent=5438"}],"wp:term":[{"taxonomy":"product_brand","embeddable":true,"href":"https:\/\/www.skyline.de\/en\/wp-json\/wp\/v2\/product_brand?post=5438"},{"taxonomy":"product_cat","embeddable":true,"href":"https:\/\/www.skyline.de\/en\/wp-json\/wp\/v2\/product_cat?post=5438"},{"taxonomy":"product_tag","embeddable":true,"href":"https:\/\/www.skyline.de\/en\/wp-json\/wp\/v2\/product_tag?post=5438"}],"curies":[{"name":"wp","href":"https:\/\/api.w.org\/{rel}","templated":true}]}}