{"id":5434,"date":"2019-12-27T15:34:46","date_gmt":"2021-02-01T09:43:09","guid":{"rendered":"https:\/\/www.skyline.de\/?post_type=product&#038;p=5434"},"modified":"2021-02-01T10:43:11","modified_gmt":"2021-02-01T09:43:11","slug":"leo","status":"publish","type":"product","link":"https:\/\/www.skyline.de\/en\/product\/leo\/","title":{"rendered":"LEO"},"content":{"rendered":"<p><strong>Finishes<br \/>\nand sizes<\/strong> Dimensions: 120x4x150cm<br \/>\nPiece of pallet:<br \/>\nGross weight:<\/p>\n","protected":false},"excerpt":{"rendered":"<p>GLOBETROTTERS Cat Scratch Tree LEO<br \/>\nWall scratch trees a la SKYLINE conjure up the big wide world into the private living environment: these treetops from all over the world look like a decorative wall decal. Eucalyptus, monkey bread tree, palm and cacti invite you to a fantasy journey around our globe. Shape-stable plywood &#8230; Sisal&#8230; Wall<br \/>\n<strong>To shop, please click on the logo of our partner zooplus<\/strong><br \/>\n<a href=\"https:\/\/www.zooplus.de\/shop\/katzen\/kratzbaum_katzenbaum\/kratzbaum_mittel\/kratzbaum_mittel_160cm\/581221\" target=\"_blank\" rel=\"noopener noreferrer\"><img loading=\"lazy\" decoding=\"async\" class=\"alignleft wp-image-3352\" src=\"https:\/\/www.skyline.de\/wp-content\/uploads\/2019\/12\/logo@2x-300x83.png\" alt=\"Shopping with our partner\" width=\"109\" height=\"30\" srcset=\"https:\/\/i0.wp.com\/www.skyline.de\/wp-content\/uploads\/2019\/12\/logo%402x.png?resize=300%2C83&amp;ssl=1 300w, https:\/\/i0.wp.com\/www.skyline.de\/wp-content\/uploads\/2019\/12\/logo%402x.png?resize=260%2C72&amp;ssl=1 260w, https:\/\/i0.wp.com\/www.skyline.de\/wp-content\/uploads\/2019\/12\/logo%402x.png?resize=50%2C14&amp;ssl=1 50w, https:\/\/i0.wp.com\/www.skyline.de\/wp-content\/uploads\/2019\/12\/logo%402x.png?resize=150%2C42&amp;ssl=1 150w, https:\/\/i0.wp.com\/www.skyline.de\/wp-content\/uploads\/2019\/12\/logo%402x.png?w=392&amp;ssl=1 392w\" sizes=\"auto, (max-width: 109px) 100vw, 109px\" \/><\/a><\/p>\n","protected":false},"featured_media":5296,"template":"","meta":[],"product_brand":[],"product_cat":[57,66],"product_tag":[],"class_list":{"0":"post-5434","1":"product","2":"type-product","3":"status-publish","4":"has-post-thumbnail","6":"product_cat-felidaes-palace-en","7":"product_cat-scratching-posts","9":"first","10":"instock","11":"shipping-taxable","12":"product-type-simple"},"yoast_head":"<!-- This site is optimized with the Yoast SEO plugin v27.1.1 - https:\/\/yoast.com\/product\/yoast-seo-wordpress\/ -->\n<title>LEO - Skyline - Lifestyle f\u00fcr Tiere<\/title>\n<meta name=\"robots\" content=\"index, follow, max-snippet:-1, max-image-preview:large, max-video-preview:-1\" \/>\n<link rel=\"canonical\" href=\"https:\/\/www.skyline.de\/en\/product\/leo\/\" \/>\n<meta property=\"og:locale\" content=\"en_US\" \/>\n<meta property=\"og:type\" content=\"article\" \/>\n<meta property=\"og:title\" content=\"LEO - Skyline - Lifestyle f\u00fcr Tiere\" \/>\n<meta property=\"og:description\" content=\"GLOBETROTTERS Cat Scratch Tree LEO Wall scratch trees a la SKYLINE conjure up the big wide world into the private living environment: these treetops from all over the world look like a decorative wall decal. Eucalyptus, monkey bread tree, palm and cacti invite you to a fantasy journey around our globe. Shape-stable plywood ... Sisal... Wall To shop, please click on the logo of our partner zooplus\" \/>\n<meta property=\"og:url\" content=\"https:\/\/www.skyline.de\/en\/product\/leo\/\" \/>\n<meta property=\"og:site_name\" content=\"Skyline - Lifestyle f\u00fcr Tiere\" \/>\n<meta property=\"article:modified_time\" content=\"2021-02-01T09:43:11+00:00\" \/>\n<meta property=\"og:image\" content=\"https:\/\/i1.wp.com\/www.skyline.de\/wp-content\/uploads\/2019\/12\/Skyline-Katzenbaum-leo-01.jpg?fit=400%2C500&ssl=1\" \/>\n\t<meta property=\"og:image:width\" content=\"400\" \/>\n\t<meta property=\"og:image:height\" content=\"500\" \/>\n\t<meta property=\"og:image:type\" content=\"image\/jpeg\" \/>\n<meta name=\"twitter:card\" content=\"summary_large_image\" \/>\n<script type=\"application\/ld+json\" class=\"yoast-schema-graph\">{\"@context\":\"https:\/\/schema.org\",\"@graph\":[{\"@type\":\"WebPage\",\"@id\":\"https:\/\/www.skyline.de\/en\/product\/leo\/\",\"url\":\"https:\/\/www.skyline.de\/en\/product\/leo\/\",\"name\":\"LEO - Skyline - Lifestyle f\u00fcr Tiere\",\"isPartOf\":{\"@id\":\"https:\/\/www.skyline.de\/#website\"},\"primaryImageOfPage\":{\"@id\":\"https:\/\/www.skyline.de\/en\/product\/leo\/#primaryimage\"},\"image\":{\"@id\":\"https:\/\/www.skyline.de\/en\/product\/leo\/#primaryimage\"},\"thumbnailUrl\":\"https:\/\/i0.wp.com\/www.skyline.de\/wp-content\/uploads\/2019\/12\/Skyline-Katzenbaum-leo-01.jpg?fit=400%2C500&ssl=1\",\"datePublished\":\"2021-02-01T09:43:09+00:00\",\"dateModified\":\"2021-02-01T09:43:11+00:00\",\"breadcrumb\":{\"@id\":\"https:\/\/www.skyline.de\/en\/product\/leo\/#breadcrumb\"},\"inLanguage\":\"en-US\",\"potentialAction\":[{\"@type\":\"ReadAction\",\"target\":[\"https:\/\/www.skyline.de\/en\/product\/leo\/\"]}]},{\"@type\":\"ImageObject\",\"inLanguage\":\"en-US\",\"@id\":\"https:\/\/www.skyline.de\/en\/product\/leo\/#primaryimage\",\"url\":\"https:\/\/i0.wp.com\/www.skyline.de\/wp-content\/uploads\/2019\/12\/Skyline-Katzenbaum-leo-01.jpg?fit=400%2C500&ssl=1\",\"contentUrl\":\"https:\/\/i0.wp.com\/www.skyline.de\/wp-content\/uploads\/2019\/12\/Skyline-Katzenbaum-leo-01.jpg?fit=400%2C500&ssl=1\",\"width\":400,\"height\":500,\"caption\":\"Skyline Cat Tree\"},{\"@type\":\"BreadcrumbList\",\"@id\":\"https:\/\/www.skyline.de\/en\/product\/leo\/#breadcrumb\",\"itemListElement\":[{\"@type\":\"ListItem\",\"position\":1,\"name\":\"Startseite\",\"item\":\"https:\/\/www.skyline.de\/en\/\"},{\"@type\":\"ListItem\",\"position\":2,\"name\":\"Shop\",\"item\":\"https:\/\/www.skyline.de\/en\/catalogue\/\"},{\"@type\":\"ListItem\",\"position\":3,\"name\":\"LEO\"}]},{\"@type\":\"WebSite\",\"@id\":\"https:\/\/www.skyline.de\/#website\",\"url\":\"https:\/\/www.skyline.de\/\",\"name\":\"Skyline - Lifestyle f\u00fcr Tiere\",\"description\":\"Katzen, Hunde, Wild- und Gartenv\u00f6gel, Insekten, H\u00fchner, Zierv\u00f6gel, Zwergkaninchen, Meerschweinchen, Hamster, Ratten, M\u00e4use\",\"potentialAction\":[{\"@type\":\"SearchAction\",\"target\":{\"@type\":\"EntryPoint\",\"urlTemplate\":\"https:\/\/www.skyline.de\/?s={search_term_string}\"},\"query-input\":{\"@type\":\"PropertyValueSpecification\",\"valueRequired\":true,\"valueName\":\"search_term_string\"}}],\"inLanguage\":\"en-US\"}]}<\/script>\n<!-- \/ Yoast SEO plugin. -->","yoast_head_json":{"title":"LEO - Skyline - Lifestyle f\u00fcr Tiere","robots":{"index":"index","follow":"follow","max-snippet":"max-snippet:-1","max-image-preview":"max-image-preview:large","max-video-preview":"max-video-preview:-1"},"canonical":"https:\/\/www.skyline.de\/en\/product\/leo\/","og_locale":"en_US","og_type":"article","og_title":"LEO - Skyline - Lifestyle f\u00fcr Tiere","og_description":"GLOBETROTTERS Cat Scratch Tree LEO Wall scratch trees a la SKYLINE conjure up the big wide world into the private living environment: these treetops from all over the world look like a decorative wall decal. Eucalyptus, monkey bread tree, palm and cacti invite you to a fantasy journey around our globe. Shape-stable plywood ... Sisal... Wall To shop, please click on the logo of our partner zooplus","og_url":"https:\/\/www.skyline.de\/en\/product\/leo\/","og_site_name":"Skyline - Lifestyle f\u00fcr Tiere","article_modified_time":"2021-02-01T09:43:11+00:00","og_image":[{"width":400,"height":500,"url":"https:\/\/i1.wp.com\/www.skyline.de\/wp-content\/uploads\/2019\/12\/Skyline-Katzenbaum-leo-01.jpg?fit=400%2C500&ssl=1","type":"image\/jpeg"}],"twitter_card":"summary_large_image","schema":{"@context":"https:\/\/schema.org","@graph":[{"@type":"WebPage","@id":"https:\/\/www.skyline.de\/en\/product\/leo\/","url":"https:\/\/www.skyline.de\/en\/product\/leo\/","name":"LEO - Skyline - Lifestyle f\u00fcr Tiere","isPartOf":{"@id":"https:\/\/www.skyline.de\/#website"},"primaryImageOfPage":{"@id":"https:\/\/www.skyline.de\/en\/product\/leo\/#primaryimage"},"image":{"@id":"https:\/\/www.skyline.de\/en\/product\/leo\/#primaryimage"},"thumbnailUrl":"https:\/\/i0.wp.com\/www.skyline.de\/wp-content\/uploads\/2019\/12\/Skyline-Katzenbaum-leo-01.jpg?fit=400%2C500&ssl=1","datePublished":"2021-02-01T09:43:09+00:00","dateModified":"2021-02-01T09:43:11+00:00","breadcrumb":{"@id":"https:\/\/www.skyline.de\/en\/product\/leo\/#breadcrumb"},"inLanguage":"en-US","potentialAction":[{"@type":"ReadAction","target":["https:\/\/www.skyline.de\/en\/product\/leo\/"]}]},{"@type":"ImageObject","inLanguage":"en-US","@id":"https:\/\/www.skyline.de\/en\/product\/leo\/#primaryimage","url":"https:\/\/i0.wp.com\/www.skyline.de\/wp-content\/uploads\/2019\/12\/Skyline-Katzenbaum-leo-01.jpg?fit=400%2C500&ssl=1","contentUrl":"https:\/\/i0.wp.com\/www.skyline.de\/wp-content\/uploads\/2019\/12\/Skyline-Katzenbaum-leo-01.jpg?fit=400%2C500&ssl=1","width":400,"height":500,"caption":"Skyline Cat Tree"},{"@type":"BreadcrumbList","@id":"https:\/\/www.skyline.de\/en\/product\/leo\/#breadcrumb","itemListElement":[{"@type":"ListItem","position":1,"name":"Startseite","item":"https:\/\/www.skyline.de\/en\/"},{"@type":"ListItem","position":2,"name":"Shop","item":"https:\/\/www.skyline.de\/en\/catalogue\/"},{"@type":"ListItem","position":3,"name":"LEO"}]},{"@type":"WebSite","@id":"https:\/\/www.skyline.de\/#website","url":"https:\/\/www.skyline.de\/","name":"Skyline - Lifestyle f\u00fcr Tiere","description":"Katzen, Hunde, Wild- und Gartenv\u00f6gel, Insekten, H\u00fchner, Zierv\u00f6gel, Zwergkaninchen, Meerschweinchen, Hamster, Ratten, M\u00e4use","potentialAction":[{"@type":"SearchAction","target":{"@type":"EntryPoint","urlTemplate":"https:\/\/www.skyline.de\/?s={search_term_string}"},"query-input":{"@type":"PropertyValueSpecification","valueRequired":true,"valueName":"search_term_string"}}],"inLanguage":"en-US"}]}},"_links":{"self":[{"href":"https:\/\/www.skyline.de\/en\/wp-json\/wp\/v2\/product\/5434","targetHints":{"allow":["GET"]}}],"collection":[{"href":"https:\/\/www.skyline.de\/en\/wp-json\/wp\/v2\/product"}],"about":[{"href":"https:\/\/www.skyline.de\/en\/wp-json\/wp\/v2\/types\/product"}],"wp:featuredmedia":[{"embeddable":true,"href":"https:\/\/www.skyline.de\/en\/wp-json\/wp\/v2\/media\/5296"}],"wp:attachment":[{"href":"https:\/\/www.skyline.de\/en\/wp-json\/wp\/v2\/media?parent=5434"}],"wp:term":[{"taxonomy":"product_brand","embeddable":true,"href":"https:\/\/www.skyline.de\/en\/wp-json\/wp\/v2\/product_brand?post=5434"},{"taxonomy":"product_cat","embeddable":true,"href":"https:\/\/www.skyline.de\/en\/wp-json\/wp\/v2\/product_cat?post=5434"},{"taxonomy":"product_tag","embeddable":true,"href":"https:\/\/www.skyline.de\/en\/wp-json\/wp\/v2\/product_tag?post=5434"}],"curies":[{"name":"wp","href":"https:\/\/api.w.org\/{rel}","templated":true}]}}