{"id":5399,"date":"2019-11-18T14:58:48","date_gmt":"2020-12-09T13:55:19","guid":{"rendered":"https:\/\/www.skyline.de\/?post_type=product&#038;p=5399"},"modified":"2020-12-09T14:55:21","modified_gmt":"2020-12-09T13:55:21","slug":"rodent-homes-maximus","status":"publish","type":"product","link":"https:\/\/www.skyline.de\/en\/product\/rodent-homes-maximus\/","title":{"rendered":"Rodent home Maximus"},"content":{"rendered":"<ul>\n<li>Latest generation at Rodent home\n<ul>\n<li>High bottom tub made of multiplex, ensures optimal bedding height<\/li>\n<li>Feel-good oasis for rodents<\/li>\n<\/ul>\n<\/li>\n<li>Wire cage and high-quality multiplex ensures the highest standards of hygiene<\/li>\n<li>Litter height 20 cm<\/li>\n<li>Front sands with smaller doors<\/li>\n<li>Top large flap<\/li>\n<li>Easy cleaning<\/li>\n<li>Easy installation<\/li>\n<li>Colors: bowl white and cage body black<\/li>\n<li>Accessories freely selectable<\/li>\n<\/ul>\n<p><strong>Maximus 120<\/strong><br \/>\nDimensions: 1200x600x550mm<br \/>\nPieces of pallet: 22<br \/>\nGross Weight: 25<br \/>\nWire spacing: 28mm for guinea pigs &amp; haase<br \/>\nWire spacing: 17mm for small mammals (hamster, mouse, etc.)<\/p>\n","protected":false},"excerpt":{"rendered":"<p class=\"p1\">THE LATEST GENERATION COMMITTED TO NURSING HOMES OF SUSTAINABILITY AND ANIMAL WELFARE!<br \/>\nfor small mammals such as dwarf rabbits and guinea pigs<\/p>\n","protected":false},"featured_media":4626,"template":"","meta":[],"product_brand":[],"product_cat":[68,74],"product_tag":[],"class_list":{"0":"post-5399","1":"product","2":"type-product","3":"status-publish","4":"has-post-thumbnail","6":"product_cat-home-garden-en","7":"product_cat-rodent-homes","9":"first","10":"instock","11":"shipping-taxable","12":"product-type-simple"},"yoast_head":"<!-- This site is optimized with the Yoast SEO plugin v27.5 - https:\/\/yoast.com\/product\/yoast-seo-wordpress\/ -->\n<title>Rodent home Maximus - Skyline - Lifestyle f\u00fcr Tiere<\/title>\n<meta name=\"description\" content=\"THE LATEST GENERATION COMMITTED TO NURSING HOMES OF SUSTAINABILITY AND ANIMAL WELFARE! For small mammals such as dwarf rabbits etc.\" \/>\n<meta name=\"robots\" content=\"index, follow, max-snippet:-1, max-image-preview:large, max-video-preview:-1\" \/>\n<link rel=\"canonical\" href=\"https:\/\/www.skyline.de\/en\/product\/rodent-homes-maximus\/\" \/>\n<meta property=\"og:locale\" content=\"en_US\" \/>\n<meta property=\"og:type\" content=\"article\" \/>\n<meta property=\"og:title\" content=\"Rodent home Maximus - Skyline - Lifestyle f\u00fcr Tiere\" \/>\n<meta property=\"og:description\" content=\"THE LATEST GENERATION COMMITTED TO NURSING HOMES OF SUSTAINABILITY AND ANIMAL WELFARE! For small mammals such as dwarf rabbits etc.\" \/>\n<meta property=\"og:url\" content=\"https:\/\/www.skyline.de\/en\/product\/rodent-homes-maximus\/\" \/>\n<meta property=\"og:site_name\" content=\"Skyline - Lifestyle f\u00fcr Tiere\" \/>\n<meta property=\"article:modified_time\" content=\"2020-12-09T13:55:21+00:00\" \/>\n<meta property=\"og:image\" content=\"https:\/\/i1.wp.com\/www.skyline.de\/wp-content\/uploads\/2019\/11\/Skyline-nagerheime-maximus.jpg?fit=400%2C500&ssl=1\" \/>\n\t<meta property=\"og:image:width\" content=\"400\" \/>\n\t<meta property=\"og:image:height\" content=\"500\" \/>\n\t<meta property=\"og:image:type\" content=\"image\/jpeg\" \/>\n<meta name=\"twitter:card\" content=\"summary_large_image\" \/>\n<script type=\"application\/ld+json\" class=\"yoast-schema-graph\">{\"@context\":\"https:\\\/\\\/schema.org\",\"@graph\":[{\"@type\":\"WebPage\",\"@id\":\"https:\\\/\\\/www.skyline.de\\\/en\\\/product\\\/rodent-homes-maximus\\\/\",\"url\":\"https:\\\/\\\/www.skyline.de\\\/en\\\/product\\\/rodent-homes-maximus\\\/\",\"name\":\"Rodent home Maximus - Skyline - Lifestyle f\u00fcr Tiere\",\"isPartOf\":{\"@id\":\"https:\\\/\\\/www.skyline.de\\\/#website\"},\"primaryImageOfPage\":{\"@id\":\"https:\\\/\\\/www.skyline.de\\\/en\\\/product\\\/rodent-homes-maximus\\\/#primaryimage\"},\"image\":{\"@id\":\"https:\\\/\\\/www.skyline.de\\\/en\\\/product\\\/rodent-homes-maximus\\\/#primaryimage\"},\"thumbnailUrl\":\"https:\\\/\\\/i0.wp.com\\\/www.skyline.de\\\/wp-content\\\/uploads\\\/2019\\\/11\\\/Skyline-nagerheime-maximus.jpg?fit=400%2C500&ssl=1\",\"datePublished\":\"2020-12-09T13:55:19+00:00\",\"dateModified\":\"2020-12-09T13:55:21+00:00\",\"description\":\"THE LATEST GENERATION COMMITTED TO NURSING HOMES OF SUSTAINABILITY AND ANIMAL WELFARE! For small mammals such as dwarf rabbits etc.\",\"breadcrumb\":{\"@id\":\"https:\\\/\\\/www.skyline.de\\\/en\\\/product\\\/rodent-homes-maximus\\\/#breadcrumb\"},\"inLanguage\":\"en-US\",\"potentialAction\":[{\"@type\":\"ReadAction\",\"target\":[\"https:\\\/\\\/www.skyline.de\\\/en\\\/product\\\/rodent-homes-maximus\\\/\"]}]},{\"@type\":\"ImageObject\",\"inLanguage\":\"en-US\",\"@id\":\"https:\\\/\\\/www.skyline.de\\\/en\\\/product\\\/rodent-homes-maximus\\\/#primaryimage\",\"url\":\"https:\\\/\\\/i0.wp.com\\\/www.skyline.de\\\/wp-content\\\/uploads\\\/2019\\\/11\\\/Skyline-nagerheime-maximus.jpg?fit=400%2C500&ssl=1\",\"contentUrl\":\"https:\\\/\\\/i0.wp.com\\\/www.skyline.de\\\/wp-content\\\/uploads\\\/2019\\\/11\\\/Skyline-nagerheime-maximus.jpg?fit=400%2C500&ssl=1\",\"width\":400,\"height\":500},{\"@type\":\"BreadcrumbList\",\"@id\":\"https:\\\/\\\/www.skyline.de\\\/en\\\/product\\\/rodent-homes-maximus\\\/#breadcrumb\",\"itemListElement\":[{\"@type\":\"ListItem\",\"position\":1,\"name\":\"Startseite\",\"item\":\"https:\\\/\\\/www.skyline.de\\\/en\\\/\"},{\"@type\":\"ListItem\",\"position\":2,\"name\":\"Shop\",\"item\":\"https:\\\/\\\/www.skyline.de\\\/en\\\/catalogue\\\/\"},{\"@type\":\"ListItem\",\"position\":3,\"name\":\"Rodent home Maximus\"}]},{\"@type\":\"WebSite\",\"@id\":\"https:\\\/\\\/www.skyline.de\\\/#website\",\"url\":\"https:\\\/\\\/www.skyline.de\\\/\",\"name\":\"Skyline - Lifestyle f\u00fcr Tiere\",\"description\":\"Katzen, Hunde, Wild- und Gartenv\u00f6gel, Insekten, H\u00fchner, Zierv\u00f6gel, Zwergkaninchen, Meerschweinchen, Hamster, Ratten, M\u00e4use\",\"potentialAction\":[{\"@type\":\"SearchAction\",\"target\":{\"@type\":\"EntryPoint\",\"urlTemplate\":\"https:\\\/\\\/www.skyline.de\\\/?s={search_term_string}\"},\"query-input\":{\"@type\":\"PropertyValueSpecification\",\"valueRequired\":true,\"valueName\":\"search_term_string\"}}],\"inLanguage\":\"en-US\"}]}<\/script>\n<!-- \/ Yoast SEO plugin. -->","yoast_head_json":{"title":"Rodent home Maximus - Skyline - Lifestyle f\u00fcr Tiere","description":"THE LATEST GENERATION COMMITTED TO NURSING HOMES OF SUSTAINABILITY AND ANIMAL WELFARE! For small mammals such as dwarf rabbits etc.","robots":{"index":"index","follow":"follow","max-snippet":"max-snippet:-1","max-image-preview":"max-image-preview:large","max-video-preview":"max-video-preview:-1"},"canonical":"https:\/\/www.skyline.de\/en\/product\/rodent-homes-maximus\/","og_locale":"en_US","og_type":"article","og_title":"Rodent home Maximus - Skyline - Lifestyle f\u00fcr Tiere","og_description":"THE LATEST GENERATION COMMITTED TO NURSING HOMES OF SUSTAINABILITY AND ANIMAL WELFARE! For small mammals such as dwarf rabbits etc.","og_url":"https:\/\/www.skyline.de\/en\/product\/rodent-homes-maximus\/","og_site_name":"Skyline - Lifestyle f\u00fcr Tiere","article_modified_time":"2020-12-09T13:55:21+00:00","og_image":[{"width":400,"height":500,"url":"https:\/\/i1.wp.com\/www.skyline.de\/wp-content\/uploads\/2019\/11\/Skyline-nagerheime-maximus.jpg?fit=400%2C500&ssl=1","type":"image\/jpeg"}],"twitter_card":"summary_large_image","schema":{"@context":"https:\/\/schema.org","@graph":[{"@type":"WebPage","@id":"https:\/\/www.skyline.de\/en\/product\/rodent-homes-maximus\/","url":"https:\/\/www.skyline.de\/en\/product\/rodent-homes-maximus\/","name":"Rodent home Maximus - Skyline - Lifestyle f\u00fcr Tiere","isPartOf":{"@id":"https:\/\/www.skyline.de\/#website"},"primaryImageOfPage":{"@id":"https:\/\/www.skyline.de\/en\/product\/rodent-homes-maximus\/#primaryimage"},"image":{"@id":"https:\/\/www.skyline.de\/en\/product\/rodent-homes-maximus\/#primaryimage"},"thumbnailUrl":"https:\/\/i0.wp.com\/www.skyline.de\/wp-content\/uploads\/2019\/11\/Skyline-nagerheime-maximus.jpg?fit=400%2C500&ssl=1","datePublished":"2020-12-09T13:55:19+00:00","dateModified":"2020-12-09T13:55:21+00:00","description":"THE LATEST GENERATION COMMITTED TO NURSING HOMES OF SUSTAINABILITY AND ANIMAL WELFARE! For small mammals such as dwarf rabbits etc.","breadcrumb":{"@id":"https:\/\/www.skyline.de\/en\/product\/rodent-homes-maximus\/#breadcrumb"},"inLanguage":"en-US","potentialAction":[{"@type":"ReadAction","target":["https:\/\/www.skyline.de\/en\/product\/rodent-homes-maximus\/"]}]},{"@type":"ImageObject","inLanguage":"en-US","@id":"https:\/\/www.skyline.de\/en\/product\/rodent-homes-maximus\/#primaryimage","url":"https:\/\/i0.wp.com\/www.skyline.de\/wp-content\/uploads\/2019\/11\/Skyline-nagerheime-maximus.jpg?fit=400%2C500&ssl=1","contentUrl":"https:\/\/i0.wp.com\/www.skyline.de\/wp-content\/uploads\/2019\/11\/Skyline-nagerheime-maximus.jpg?fit=400%2C500&ssl=1","width":400,"height":500},{"@type":"BreadcrumbList","@id":"https:\/\/www.skyline.de\/en\/product\/rodent-homes-maximus\/#breadcrumb","itemListElement":[{"@type":"ListItem","position":1,"name":"Startseite","item":"https:\/\/www.skyline.de\/en\/"},{"@type":"ListItem","position":2,"name":"Shop","item":"https:\/\/www.skyline.de\/en\/catalogue\/"},{"@type":"ListItem","position":3,"name":"Rodent home Maximus"}]},{"@type":"WebSite","@id":"https:\/\/www.skyline.de\/#website","url":"https:\/\/www.skyline.de\/","name":"Skyline - Lifestyle f\u00fcr Tiere","description":"Katzen, Hunde, Wild- und Gartenv\u00f6gel, Insekten, H\u00fchner, Zierv\u00f6gel, Zwergkaninchen, Meerschweinchen, Hamster, Ratten, M\u00e4use","potentialAction":[{"@type":"SearchAction","target":{"@type":"EntryPoint","urlTemplate":"https:\/\/www.skyline.de\/?s={search_term_string}"},"query-input":{"@type":"PropertyValueSpecification","valueRequired":true,"valueName":"search_term_string"}}],"inLanguage":"en-US"}]}},"_links":{"self":[{"href":"https:\/\/www.skyline.de\/en\/wp-json\/wp\/v2\/product\/5399","targetHints":{"allow":["GET"]}}],"collection":[{"href":"https:\/\/www.skyline.de\/en\/wp-json\/wp\/v2\/product"}],"about":[{"href":"https:\/\/www.skyline.de\/en\/wp-json\/wp\/v2\/types\/product"}],"wp:featuredmedia":[{"embeddable":true,"href":"https:\/\/www.skyline.de\/en\/wp-json\/wp\/v2\/media\/4626"}],"wp:attachment":[{"href":"https:\/\/www.skyline.de\/en\/wp-json\/wp\/v2\/media?parent=5399"}],"wp:term":[{"taxonomy":"product_brand","embeddable":true,"href":"https:\/\/www.skyline.de\/en\/wp-json\/wp\/v2\/product_brand?post=5399"},{"taxonomy":"product_cat","embeddable":true,"href":"https:\/\/www.skyline.de\/en\/wp-json\/wp\/v2\/product_cat?post=5399"},{"taxonomy":"product_tag","embeddable":true,"href":"https:\/\/www.skyline.de\/en\/wp-json\/wp\/v2\/product_tag?post=5399"}],"curies":[{"name":"wp","href":"https:\/\/api.w.org\/{rel}","templated":true}]}}