{"id":5354,"date":"2019-10-14T16:31:45","date_gmt":"2021-02-01T06:55:36","guid":{"rendered":"https:\/\/www.skyline.de\/?post_type=product&#038;p=5354"},"modified":"2021-02-01T11:50:51","modified_gmt":"2021-02-01T10:50:51","slug":"birdcage-belinda","status":"publish","type":"product","link":"https:\/\/www.skyline.de\/en\/product\/birdcage-belinda\/","title":{"rendered":"Bird home Belinda"},"content":{"rendered":"<ul>\n<li>Total dimensions (with dome roof): L 58 x W 39 x H 61 cm<\/li>\n<li>Dimensions (without dome roof): L 58 x W 39 x H 53 cm<\/li>\n<li>Grid spacing: approx. 1.1 cm<\/li>\n<li>Grid thickness: 1.6 \/ 3 mm (horizontal\/vertical)<\/li>\n<li>Body of metal grille, anthracite powder-coated (lead,- and cadmium-free)<\/li>\n<li>2 doors (front and side doors): l 15 x H 15 cm each<\/li>\n<li>Easy cleaning by means of removable drawer (L 58 x W 38.5 x H 5 cm)<\/li>\n<li>Including. 3 wooden seat poles (L 38 cm, diameter 1 cm), 1 wooden rope (L 28 cm), 1 wooden ladder (L 22 cm), 2 plastic bowls (L 9 x W 9 x H 6 cm)<\/li>\n<li>Made of birch wood<\/li>\n<li>Suitable for parakeets, zebra finches and canaries<\/li>\n<\/ul>\n<p><strong>Dealer information<\/strong><br \/>\nDimensions: 58x39x60cm<br \/>\nPieces of pallet: 34<br \/>\nGross weight: 6 kg<br \/>\nWire spacing: 1.1cm<\/p>\n","protected":false},"excerpt":{"rendered":"<p>Beautiful, robust cage in white for parakeets, zebra finches or canaries.<\/p>\n","protected":false},"featured_media":5351,"template":"","meta":[],"product_brand":[],"product_cat":[50],"product_tag":[],"class_list":{"0":"post-5354","1":"product","2":"type-product","3":"status-publish","4":"has-post-thumbnail","6":"product_cat-avant-garde-en-2","8":"first","9":"instock","10":"shipping-taxable","11":"product-type-simple"},"yoast_head":"<!-- This site is optimized with the Yoast SEO plugin v27.5 - https:\/\/yoast.com\/product\/yoast-seo-wordpress\/ -->\n<title>Bird home Belinda - Skyline - Lifestyle f\u00fcr Tiere<\/title>\n<meta name=\"description\" content=\"Vogelheim Belinda is a beautiful, robust birdcage in white. Suitable for parakeets, zebra finches or canaries.\" \/>\n<meta name=\"robots\" content=\"index, follow, max-snippet:-1, max-image-preview:large, max-video-preview:-1\" \/>\n<link rel=\"canonical\" href=\"https:\/\/www.skyline.de\/en\/product\/birdcage-belinda\/\" \/>\n<meta property=\"og:locale\" content=\"en_US\" \/>\n<meta property=\"og:type\" content=\"article\" \/>\n<meta property=\"og:title\" content=\"Bird home Belinda - Skyline - Lifestyle f\u00fcr Tiere\" \/>\n<meta property=\"og:description\" content=\"Vogelheim Belinda is a beautiful, robust birdcage in white. Suitable for parakeets, zebra finches or canaries.\" \/>\n<meta property=\"og:url\" content=\"https:\/\/www.skyline.de\/en\/product\/birdcage-belinda\/\" \/>\n<meta property=\"og:site_name\" content=\"Skyline - Lifestyle f\u00fcr Tiere\" \/>\n<meta property=\"article:modified_time\" content=\"2021-02-01T10:50:51+00:00\" \/>\n<meta property=\"og:image\" content=\"https:\/\/i2.wp.com\/www.skyline.de\/wp-content\/uploads\/2019\/10\/Skyline-Vogelkaefig-belinda-we.jpg?fit=400%2C500&ssl=1\" \/>\n\t<meta property=\"og:image:width\" content=\"400\" \/>\n\t<meta property=\"og:image:height\" content=\"500\" \/>\n\t<meta property=\"og:image:type\" content=\"image\/jpeg\" \/>\n<meta name=\"twitter:card\" content=\"summary_large_image\" \/>\n<meta name=\"twitter:label1\" content=\"Est. reading time\" \/>\n\t<meta name=\"twitter:data1\" content=\"1 minute\" \/>\n<script type=\"application\/ld+json\" class=\"yoast-schema-graph\">{\"@context\":\"https:\\\/\\\/schema.org\",\"@graph\":[{\"@type\":\"WebPage\",\"@id\":\"https:\\\/\\\/www.skyline.de\\\/en\\\/product\\\/birdcage-belinda\\\/\",\"url\":\"https:\\\/\\\/www.skyline.de\\\/en\\\/product\\\/birdcage-belinda\\\/\",\"name\":\"Bird home Belinda - Skyline - Lifestyle f\u00fcr Tiere\",\"isPartOf\":{\"@id\":\"https:\\\/\\\/www.skyline.de\\\/#website\"},\"primaryImageOfPage\":{\"@id\":\"https:\\\/\\\/www.skyline.de\\\/en\\\/product\\\/birdcage-belinda\\\/#primaryimage\"},\"image\":{\"@id\":\"https:\\\/\\\/www.skyline.de\\\/en\\\/product\\\/birdcage-belinda\\\/#primaryimage\"},\"thumbnailUrl\":\"https:\\\/\\\/i0.wp.com\\\/www.skyline.de\\\/wp-content\\\/uploads\\\/2019\\\/10\\\/Skyline-Vogelkaefig-belinda-we.jpg?fit=400%2C500&ssl=1\",\"datePublished\":\"2021-02-01T06:55:36+00:00\",\"dateModified\":\"2021-02-01T10:50:51+00:00\",\"description\":\"Vogelheim Belinda is a beautiful, robust birdcage in white. Suitable for parakeets, zebra finches or canaries.\",\"breadcrumb\":{\"@id\":\"https:\\\/\\\/www.skyline.de\\\/en\\\/product\\\/birdcage-belinda\\\/#breadcrumb\"},\"inLanguage\":\"en-US\",\"potentialAction\":[{\"@type\":\"ReadAction\",\"target\":[\"https:\\\/\\\/www.skyline.de\\\/en\\\/product\\\/birdcage-belinda\\\/\"]}]},{\"@type\":\"ImageObject\",\"inLanguage\":\"en-US\",\"@id\":\"https:\\\/\\\/www.skyline.de\\\/en\\\/product\\\/birdcage-belinda\\\/#primaryimage\",\"url\":\"https:\\\/\\\/i0.wp.com\\\/www.skyline.de\\\/wp-content\\\/uploads\\\/2019\\\/10\\\/Skyline-Vogelkaefig-belinda-we.jpg?fit=400%2C500&ssl=1\",\"contentUrl\":\"https:\\\/\\\/i0.wp.com\\\/www.skyline.de\\\/wp-content\\\/uploads\\\/2019\\\/10\\\/Skyline-Vogelkaefig-belinda-we.jpg?fit=400%2C500&ssl=1\",\"width\":400,\"height\":500},{\"@type\":\"BreadcrumbList\",\"@id\":\"https:\\\/\\\/www.skyline.de\\\/en\\\/product\\\/birdcage-belinda\\\/#breadcrumb\",\"itemListElement\":[{\"@type\":\"ListItem\",\"position\":1,\"name\":\"Startseite\",\"item\":\"https:\\\/\\\/www.skyline.de\\\/en\\\/\"},{\"@type\":\"ListItem\",\"position\":2,\"name\":\"Shop\",\"item\":\"https:\\\/\\\/www.skyline.de\\\/en\\\/catalogue\\\/\"},{\"@type\":\"ListItem\",\"position\":3,\"name\":\"Bird home Belinda\"}]},{\"@type\":\"WebSite\",\"@id\":\"https:\\\/\\\/www.skyline.de\\\/#website\",\"url\":\"https:\\\/\\\/www.skyline.de\\\/\",\"name\":\"Skyline - Lifestyle f\u00fcr Tiere\",\"description\":\"Katzen, Hunde, Wild- und Gartenv\u00f6gel, Insekten, H\u00fchner, Zierv\u00f6gel, Zwergkaninchen, Meerschweinchen, Hamster, Ratten, M\u00e4use\",\"potentialAction\":[{\"@type\":\"SearchAction\",\"target\":{\"@type\":\"EntryPoint\",\"urlTemplate\":\"https:\\\/\\\/www.skyline.de\\\/?s={search_term_string}\"},\"query-input\":{\"@type\":\"PropertyValueSpecification\",\"valueRequired\":true,\"valueName\":\"search_term_string\"}}],\"inLanguage\":\"en-US\"}]}<\/script>\n<!-- \/ Yoast SEO plugin. -->","yoast_head_json":{"title":"Bird home Belinda - Skyline - Lifestyle f\u00fcr Tiere","description":"Vogelheim Belinda is a beautiful, robust birdcage in white. Suitable for parakeets, zebra finches or canaries.","robots":{"index":"index","follow":"follow","max-snippet":"max-snippet:-1","max-image-preview":"max-image-preview:large","max-video-preview":"max-video-preview:-1"},"canonical":"https:\/\/www.skyline.de\/en\/product\/birdcage-belinda\/","og_locale":"en_US","og_type":"article","og_title":"Bird home Belinda - Skyline - Lifestyle f\u00fcr Tiere","og_description":"Vogelheim Belinda is a beautiful, robust birdcage in white. Suitable for parakeets, zebra finches or canaries.","og_url":"https:\/\/www.skyline.de\/en\/product\/birdcage-belinda\/","og_site_name":"Skyline - Lifestyle f\u00fcr Tiere","article_modified_time":"2021-02-01T10:50:51+00:00","og_image":[{"width":400,"height":500,"url":"https:\/\/i2.wp.com\/www.skyline.de\/wp-content\/uploads\/2019\/10\/Skyline-Vogelkaefig-belinda-we.jpg?fit=400%2C500&ssl=1","type":"image\/jpeg"}],"twitter_card":"summary_large_image","twitter_misc":{"Est. reading time":"1 minute"},"schema":{"@context":"https:\/\/schema.org","@graph":[{"@type":"WebPage","@id":"https:\/\/www.skyline.de\/en\/product\/birdcage-belinda\/","url":"https:\/\/www.skyline.de\/en\/product\/birdcage-belinda\/","name":"Bird home Belinda - Skyline - Lifestyle f\u00fcr Tiere","isPartOf":{"@id":"https:\/\/www.skyline.de\/#website"},"primaryImageOfPage":{"@id":"https:\/\/www.skyline.de\/en\/product\/birdcage-belinda\/#primaryimage"},"image":{"@id":"https:\/\/www.skyline.de\/en\/product\/birdcage-belinda\/#primaryimage"},"thumbnailUrl":"https:\/\/i0.wp.com\/www.skyline.de\/wp-content\/uploads\/2019\/10\/Skyline-Vogelkaefig-belinda-we.jpg?fit=400%2C500&ssl=1","datePublished":"2021-02-01T06:55:36+00:00","dateModified":"2021-02-01T10:50:51+00:00","description":"Vogelheim Belinda is a beautiful, robust birdcage in white. Suitable for parakeets, zebra finches or canaries.","breadcrumb":{"@id":"https:\/\/www.skyline.de\/en\/product\/birdcage-belinda\/#breadcrumb"},"inLanguage":"en-US","potentialAction":[{"@type":"ReadAction","target":["https:\/\/www.skyline.de\/en\/product\/birdcage-belinda\/"]}]},{"@type":"ImageObject","inLanguage":"en-US","@id":"https:\/\/www.skyline.de\/en\/product\/birdcage-belinda\/#primaryimage","url":"https:\/\/i0.wp.com\/www.skyline.de\/wp-content\/uploads\/2019\/10\/Skyline-Vogelkaefig-belinda-we.jpg?fit=400%2C500&ssl=1","contentUrl":"https:\/\/i0.wp.com\/www.skyline.de\/wp-content\/uploads\/2019\/10\/Skyline-Vogelkaefig-belinda-we.jpg?fit=400%2C500&ssl=1","width":400,"height":500},{"@type":"BreadcrumbList","@id":"https:\/\/www.skyline.de\/en\/product\/birdcage-belinda\/#breadcrumb","itemListElement":[{"@type":"ListItem","position":1,"name":"Startseite","item":"https:\/\/www.skyline.de\/en\/"},{"@type":"ListItem","position":2,"name":"Shop","item":"https:\/\/www.skyline.de\/en\/catalogue\/"},{"@type":"ListItem","position":3,"name":"Bird home Belinda"}]},{"@type":"WebSite","@id":"https:\/\/www.skyline.de\/#website","url":"https:\/\/www.skyline.de\/","name":"Skyline - Lifestyle f\u00fcr Tiere","description":"Katzen, Hunde, Wild- und Gartenv\u00f6gel, Insekten, H\u00fchner, Zierv\u00f6gel, Zwergkaninchen, Meerschweinchen, Hamster, Ratten, M\u00e4use","potentialAction":[{"@type":"SearchAction","target":{"@type":"EntryPoint","urlTemplate":"https:\/\/www.skyline.de\/?s={search_term_string}"},"query-input":{"@type":"PropertyValueSpecification","valueRequired":true,"valueName":"search_term_string"}}],"inLanguage":"en-US"}]}},"_links":{"self":[{"href":"https:\/\/www.skyline.de\/en\/wp-json\/wp\/v2\/product\/5354","targetHints":{"allow":["GET"]}}],"collection":[{"href":"https:\/\/www.skyline.de\/en\/wp-json\/wp\/v2\/product"}],"about":[{"href":"https:\/\/www.skyline.de\/en\/wp-json\/wp\/v2\/types\/product"}],"wp:featuredmedia":[{"embeddable":true,"href":"https:\/\/www.skyline.de\/en\/wp-json\/wp\/v2\/media\/5351"}],"wp:attachment":[{"href":"https:\/\/www.skyline.de\/en\/wp-json\/wp\/v2\/media?parent=5354"}],"wp:term":[{"taxonomy":"product_brand","embeddable":true,"href":"https:\/\/www.skyline.de\/en\/wp-json\/wp\/v2\/product_brand?post=5354"},{"taxonomy":"product_cat","embeddable":true,"href":"https:\/\/www.skyline.de\/en\/wp-json\/wp\/v2\/product_cat?post=5354"},{"taxonomy":"product_tag","embeddable":true,"href":"https:\/\/www.skyline.de\/en\/wp-json\/wp\/v2\/product_tag?post=5354"}],"curies":[{"name":"wp","href":"https:\/\/api.w.org\/{rel}","templated":true}]}}