{"id":5343,"date":"2019-10-14T16:33:19","date_gmt":"2021-02-01T06:54:04","guid":{"rendered":"https:\/\/www.skyline.de\/?post_type=product&#038;p=5343"},"modified":"2021-02-01T11:50:43","modified_gmt":"2021-02-01T10:50:43","slug":"birdacage-antonia","status":"publish","type":"product","link":"https:\/\/www.skyline.de\/en\/product\/birdacage-antonia\/","title":{"rendered":"Home for Birds Antonia"},"content":{"rendered":"<ul class=\"product-features-list\">\n<li>Robust wooden birdcage<\/li>\n<li><i class=\"icon icon-checkmark\"><\/i>Ladder &amp; 3 wooden seat rods<\/li>\n<li><i class=\"icon icon-checkmark\"><\/i>Including. 2 food bowls for birds<\/li>\n<li><i class=\"icon icon-checkmark\"><\/i>With colorful wooden toys<\/li>\n<li><i class=\"icon icon-checkmark\"><\/i>Removable bird sand drawer for easy cleaning<\/li>\n<\/ul>\n<p><strong>Dealer information<\/strong><br \/>\nDimensions: 70x40x67cm<br \/>\nPieces of pallet: 42<br \/>\nGross weight: 7.2 kg<br \/>\nWire spacing: 1.1cm<\/p>\n","protected":false},"excerpt":{"rendered":"<p>Beautiful birdcage in white for parakeet, canary and various finch species.<\/p>\n","protected":false},"featured_media":5345,"template":"","meta":[],"product_brand":[],"product_cat":[50],"product_tag":[],"class_list":{"0":"post-5343","1":"product","2":"type-product","3":"status-publish","4":"has-post-thumbnail","6":"product_cat-avant-garde-en-2","8":"first","9":"instock","10":"shipping-taxable","11":"product-type-simple"},"yoast_head":"<!-- This site is optimized with the Yoast SEO plugin v27.5 - https:\/\/yoast.com\/product\/yoast-seo-wordpress\/ -->\n<title>Home for Birds Antonia - Skyline - Lifestyle f\u00fcr Tiere<\/title>\n<meta name=\"description\" content=\"Beautiful birdcage with wooden frame in white. For parakeet, canary and various finch species.\" \/>\n<meta name=\"robots\" content=\"index, follow, max-snippet:-1, max-image-preview:large, max-video-preview:-1\" \/>\n<link rel=\"canonical\" href=\"https:\/\/www.skyline.de\/en\/product\/birdacage-antonia\/\" \/>\n<meta property=\"og:locale\" content=\"en_US\" \/>\n<meta property=\"og:type\" content=\"article\" \/>\n<meta property=\"og:title\" content=\"Home for Birds Antonia - Skyline - Lifestyle f\u00fcr Tiere\" \/>\n<meta property=\"og:description\" content=\"Beautiful birdcage with wooden frame in white. For parakeet, canary and various finch species.\" \/>\n<meta property=\"og:url\" content=\"https:\/\/www.skyline.de\/en\/product\/birdacage-antonia\/\" \/>\n<meta property=\"og:site_name\" content=\"Skyline - Lifestyle f\u00fcr Tiere\" \/>\n<meta property=\"article:modified_time\" content=\"2021-02-01T10:50:43+00:00\" \/>\n<meta property=\"og:image\" content=\"https:\/\/i2.wp.com\/www.skyline.de\/wp-content\/uploads\/2019\/10\/Skyline-Vogelkaefig-antonia-w.jpg?fit=600%2C700&ssl=1\" \/>\n\t<meta property=\"og:image:width\" content=\"600\" \/>\n\t<meta property=\"og:image:height\" content=\"700\" \/>\n\t<meta property=\"og:image:type\" content=\"image\/jpeg\" \/>\n<meta name=\"twitter:card\" content=\"summary_large_image\" \/>\n<script type=\"application\/ld+json\" class=\"yoast-schema-graph\">{\"@context\":\"https:\\\/\\\/schema.org\",\"@graph\":[{\"@type\":\"WebPage\",\"@id\":\"https:\\\/\\\/www.skyline.de\\\/en\\\/product\\\/birdacage-antonia\\\/\",\"url\":\"https:\\\/\\\/www.skyline.de\\\/en\\\/product\\\/birdacage-antonia\\\/\",\"name\":\"Home for Birds Antonia - Skyline - Lifestyle f\u00fcr Tiere\",\"isPartOf\":{\"@id\":\"https:\\\/\\\/www.skyline.de\\\/#website\"},\"primaryImageOfPage\":{\"@id\":\"https:\\\/\\\/www.skyline.de\\\/en\\\/product\\\/birdacage-antonia\\\/#primaryimage\"},\"image\":{\"@id\":\"https:\\\/\\\/www.skyline.de\\\/en\\\/product\\\/birdacage-antonia\\\/#primaryimage\"},\"thumbnailUrl\":\"https:\\\/\\\/i0.wp.com\\\/www.skyline.de\\\/wp-content\\\/uploads\\\/2019\\\/10\\\/Skyline-Vogelkaefig-antonia-w.jpg?fit=600%2C700&ssl=1\",\"datePublished\":\"2021-02-01T06:54:04+00:00\",\"dateModified\":\"2021-02-01T10:50:43+00:00\",\"description\":\"Beautiful birdcage with wooden frame in white. For parakeet, canary and various finch species.\",\"breadcrumb\":{\"@id\":\"https:\\\/\\\/www.skyline.de\\\/en\\\/product\\\/birdacage-antonia\\\/#breadcrumb\"},\"inLanguage\":\"en-US\",\"potentialAction\":[{\"@type\":\"ReadAction\",\"target\":[\"https:\\\/\\\/www.skyline.de\\\/en\\\/product\\\/birdacage-antonia\\\/\"]}]},{\"@type\":\"ImageObject\",\"inLanguage\":\"en-US\",\"@id\":\"https:\\\/\\\/www.skyline.de\\\/en\\\/product\\\/birdacage-antonia\\\/#primaryimage\",\"url\":\"https:\\\/\\\/i0.wp.com\\\/www.skyline.de\\\/wp-content\\\/uploads\\\/2019\\\/10\\\/Skyline-Vogelkaefig-antonia-w.jpg?fit=600%2C700&ssl=1\",\"contentUrl\":\"https:\\\/\\\/i0.wp.com\\\/www.skyline.de\\\/wp-content\\\/uploads\\\/2019\\\/10\\\/Skyline-Vogelkaefig-antonia-w.jpg?fit=600%2C700&ssl=1\",\"width\":600,\"height\":700},{\"@type\":\"BreadcrumbList\",\"@id\":\"https:\\\/\\\/www.skyline.de\\\/en\\\/product\\\/birdacage-antonia\\\/#breadcrumb\",\"itemListElement\":[{\"@type\":\"ListItem\",\"position\":1,\"name\":\"Startseite\",\"item\":\"https:\\\/\\\/www.skyline.de\\\/en\\\/\"},{\"@type\":\"ListItem\",\"position\":2,\"name\":\"Shop\",\"item\":\"https:\\\/\\\/www.skyline.de\\\/en\\\/catalogue\\\/\"},{\"@type\":\"ListItem\",\"position\":3,\"name\":\"Home for Birds Antonia\"}]},{\"@type\":\"WebSite\",\"@id\":\"https:\\\/\\\/www.skyline.de\\\/#website\",\"url\":\"https:\\\/\\\/www.skyline.de\\\/\",\"name\":\"Skyline - Lifestyle f\u00fcr Tiere\",\"description\":\"Katzen, Hunde, Wild- und Gartenv\u00f6gel, Insekten, H\u00fchner, Zierv\u00f6gel, Zwergkaninchen, Meerschweinchen, Hamster, Ratten, M\u00e4use\",\"potentialAction\":[{\"@type\":\"SearchAction\",\"target\":{\"@type\":\"EntryPoint\",\"urlTemplate\":\"https:\\\/\\\/www.skyline.de\\\/?s={search_term_string}\"},\"query-input\":{\"@type\":\"PropertyValueSpecification\",\"valueRequired\":true,\"valueName\":\"search_term_string\"}}],\"inLanguage\":\"en-US\"}]}<\/script>\n<!-- \/ Yoast SEO plugin. -->","yoast_head_json":{"title":"Home for Birds Antonia - Skyline - Lifestyle f\u00fcr Tiere","description":"Beautiful birdcage with wooden frame in white. For parakeet, canary and various finch species.","robots":{"index":"index","follow":"follow","max-snippet":"max-snippet:-1","max-image-preview":"max-image-preview:large","max-video-preview":"max-video-preview:-1"},"canonical":"https:\/\/www.skyline.de\/en\/product\/birdacage-antonia\/","og_locale":"en_US","og_type":"article","og_title":"Home for Birds Antonia - Skyline - Lifestyle f\u00fcr Tiere","og_description":"Beautiful birdcage with wooden frame in white. For parakeet, canary and various finch species.","og_url":"https:\/\/www.skyline.de\/en\/product\/birdacage-antonia\/","og_site_name":"Skyline - Lifestyle f\u00fcr Tiere","article_modified_time":"2021-02-01T10:50:43+00:00","og_image":[{"width":600,"height":700,"url":"https:\/\/i2.wp.com\/www.skyline.de\/wp-content\/uploads\/2019\/10\/Skyline-Vogelkaefig-antonia-w.jpg?fit=600%2C700&ssl=1","type":"image\/jpeg"}],"twitter_card":"summary_large_image","schema":{"@context":"https:\/\/schema.org","@graph":[{"@type":"WebPage","@id":"https:\/\/www.skyline.de\/en\/product\/birdacage-antonia\/","url":"https:\/\/www.skyline.de\/en\/product\/birdacage-antonia\/","name":"Home for Birds Antonia - Skyline - Lifestyle f\u00fcr Tiere","isPartOf":{"@id":"https:\/\/www.skyline.de\/#website"},"primaryImageOfPage":{"@id":"https:\/\/www.skyline.de\/en\/product\/birdacage-antonia\/#primaryimage"},"image":{"@id":"https:\/\/www.skyline.de\/en\/product\/birdacage-antonia\/#primaryimage"},"thumbnailUrl":"https:\/\/i0.wp.com\/www.skyline.de\/wp-content\/uploads\/2019\/10\/Skyline-Vogelkaefig-antonia-w.jpg?fit=600%2C700&ssl=1","datePublished":"2021-02-01T06:54:04+00:00","dateModified":"2021-02-01T10:50:43+00:00","description":"Beautiful birdcage with wooden frame in white. For parakeet, canary and various finch species.","breadcrumb":{"@id":"https:\/\/www.skyline.de\/en\/product\/birdacage-antonia\/#breadcrumb"},"inLanguage":"en-US","potentialAction":[{"@type":"ReadAction","target":["https:\/\/www.skyline.de\/en\/product\/birdacage-antonia\/"]}]},{"@type":"ImageObject","inLanguage":"en-US","@id":"https:\/\/www.skyline.de\/en\/product\/birdacage-antonia\/#primaryimage","url":"https:\/\/i0.wp.com\/www.skyline.de\/wp-content\/uploads\/2019\/10\/Skyline-Vogelkaefig-antonia-w.jpg?fit=600%2C700&ssl=1","contentUrl":"https:\/\/i0.wp.com\/www.skyline.de\/wp-content\/uploads\/2019\/10\/Skyline-Vogelkaefig-antonia-w.jpg?fit=600%2C700&ssl=1","width":600,"height":700},{"@type":"BreadcrumbList","@id":"https:\/\/www.skyline.de\/en\/product\/birdacage-antonia\/#breadcrumb","itemListElement":[{"@type":"ListItem","position":1,"name":"Startseite","item":"https:\/\/www.skyline.de\/en\/"},{"@type":"ListItem","position":2,"name":"Shop","item":"https:\/\/www.skyline.de\/en\/catalogue\/"},{"@type":"ListItem","position":3,"name":"Home for Birds Antonia"}]},{"@type":"WebSite","@id":"https:\/\/www.skyline.de\/#website","url":"https:\/\/www.skyline.de\/","name":"Skyline - Lifestyle f\u00fcr Tiere","description":"Katzen, Hunde, Wild- und Gartenv\u00f6gel, Insekten, H\u00fchner, Zierv\u00f6gel, Zwergkaninchen, Meerschweinchen, Hamster, Ratten, M\u00e4use","potentialAction":[{"@type":"SearchAction","target":{"@type":"EntryPoint","urlTemplate":"https:\/\/www.skyline.de\/?s={search_term_string}"},"query-input":{"@type":"PropertyValueSpecification","valueRequired":true,"valueName":"search_term_string"}}],"inLanguage":"en-US"}]}},"_links":{"self":[{"href":"https:\/\/www.skyline.de\/en\/wp-json\/wp\/v2\/product\/5343","targetHints":{"allow":["GET"]}}],"collection":[{"href":"https:\/\/www.skyline.de\/en\/wp-json\/wp\/v2\/product"}],"about":[{"href":"https:\/\/www.skyline.de\/en\/wp-json\/wp\/v2\/types\/product"}],"wp:featuredmedia":[{"embeddable":true,"href":"https:\/\/www.skyline.de\/en\/wp-json\/wp\/v2\/media\/5345"}],"wp:attachment":[{"href":"https:\/\/www.skyline.de\/en\/wp-json\/wp\/v2\/media?parent=5343"}],"wp:term":[{"taxonomy":"product_brand","embeddable":true,"href":"https:\/\/www.skyline.de\/en\/wp-json\/wp\/v2\/product_brand?post=5343"},{"taxonomy":"product_cat","embeddable":true,"href":"https:\/\/www.skyline.de\/en\/wp-json\/wp\/v2\/product_cat?post=5343"},{"taxonomy":"product_tag","embeddable":true,"href":"https:\/\/www.skyline.de\/en\/wp-json\/wp\/v2\/product_tag?post=5343"}],"curies":[{"name":"wp","href":"https:\/\/api.w.org\/{rel}","templated":true}]}}