{"id":5331,"date":"2020-02-03T09:15:00","date_gmt":"2021-01-20T07:32:37","guid":{"rendered":"https:\/\/www.skyline.de\/?post_type=product&#038;p=5331"},"modified":"2021-01-20T08:33:39","modified_gmt":"2021-01-20T07:33:39","slug":"bio-bedding-terrarium-2","status":"publish","type":"product","link":"https:\/\/www.skyline.de\/en\/product\/bio-bedding-terrarium-2\/","title":{"rendered":"ORGANIC BEDDING TERRARIUMS"},"content":{"rendered":"<ul>\n<li><strong>100 Eco<\/strong><br \/>\nOnly from the shells of the nuts of untreated coconut palms<\/li>\n<li><strong>100% RENEWABLE<\/strong><br \/>\nNatural offspring year after year<\/li>\n<li><strong>100% FINE &amp; DAMP<\/strong><br \/>\n1A humus-fine quality litter<\/li>\n<li><strong>100% NATURE<\/strong><br \/>\nCompostable and biodegradable<\/li>\n<\/ul>\n<p><strong>Important!<\/strong><br \/>\nTo protect the respiratory organs, always keep the bottom of the terrarium moist!<\/p>\n<p>&nbsp;<\/p>\n<p><strong>Dealer information<\/strong><br \/>\nDimensions: 20L<br \/>\nPieces of pallet: 340 pcs.<\/p>\n","protected":false},"excerpt":{"rendered":"<p><strong>Put on &#8220;das Plus der Kokosnuss!&#8221;<\/strong><br \/>\nLitter grows to four times its volume!<\/p>\n","protected":false},"featured_media":4884,"template":"","meta":[],"product_brand":[],"product_cat":[53],"product_tag":[],"class_list":{"0":"post-5331","1":"product","2":"type-product","3":"status-publish","4":"has-post-thumbnail","6":"product_cat-kokosnuss-en","8":"first","9":"instock","10":"shipping-taxable","11":"product-type-simple"},"yoast_head":"<!-- This site is optimized with the Yoast SEO plugin v27.1.1 - https:\/\/yoast.com\/product\/yoast-seo-wordpress\/ -->\n<title>ORGANIC BEDDING TERRARIUMS - Skyline - Lifestyle f\u00fcr Tiere<\/title>\n<meta name=\"robots\" content=\"index, follow, max-snippet:-1, max-image-preview:large, max-video-preview:-1\" \/>\n<link rel=\"canonical\" href=\"https:\/\/www.skyline.de\/en\/product\/bio-bedding-terrarium-2\/\" \/>\n<meta property=\"og:locale\" content=\"en_US\" \/>\n<meta property=\"og:type\" content=\"article\" \/>\n<meta property=\"og:title\" content=\"ORGANIC BEDDING TERRARIUMS - Skyline - Lifestyle f\u00fcr Tiere\" \/>\n<meta property=\"og:description\" content=\"Put on &quot;das Plus der Kokosnuss!&quot; Litter grows to four times its volume!\" \/>\n<meta property=\"og:url\" content=\"https:\/\/www.skyline.de\/en\/product\/bio-bedding-terrarium-2\/\" \/>\n<meta property=\"og:site_name\" content=\"Skyline - Lifestyle f\u00fcr Tiere\" \/>\n<meta property=\"article:modified_time\" content=\"2021-01-20T07:33:39+00:00\" \/>\n<meta property=\"og:image\" content=\"https:\/\/i0.wp.com\/www.skyline.de\/wp-content\/uploads\/2020\/01\/einstreu-kokos-schlangen.jpg?fit=400%2C500&ssl=1\" \/>\n\t<meta property=\"og:image:width\" content=\"400\" \/>\n\t<meta property=\"og:image:height\" content=\"500\" \/>\n\t<meta property=\"og:image:type\" content=\"image\/jpeg\" \/>\n<meta name=\"twitter:card\" content=\"summary_large_image\" \/>\n<script type=\"application\/ld+json\" class=\"yoast-schema-graph\">{\"@context\":\"https:\/\/schema.org\",\"@graph\":[{\"@type\":\"WebPage\",\"@id\":\"https:\/\/www.skyline.de\/en\/product\/bio-bedding-terrarium-2\/\",\"url\":\"https:\/\/www.skyline.de\/en\/product\/bio-bedding-terrarium-2\/\",\"name\":\"ORGANIC BEDDING TERRARIUMS - Skyline - Lifestyle f\u00fcr Tiere\",\"isPartOf\":{\"@id\":\"https:\/\/www.skyline.de\/#website\"},\"primaryImageOfPage\":{\"@id\":\"https:\/\/www.skyline.de\/en\/product\/bio-bedding-terrarium-2\/#primaryimage\"},\"image\":{\"@id\":\"https:\/\/www.skyline.de\/en\/product\/bio-bedding-terrarium-2\/#primaryimage\"},\"thumbnailUrl\":\"https:\/\/i0.wp.com\/www.skyline.de\/wp-content\/uploads\/2020\/01\/einstreu-kokos-schlangen.jpg?fit=400%2C500&ssl=1\",\"datePublished\":\"2021-01-20T07:32:37+00:00\",\"dateModified\":\"2021-01-20T07:33:39+00:00\",\"breadcrumb\":{\"@id\":\"https:\/\/www.skyline.de\/en\/product\/bio-bedding-terrarium-2\/#breadcrumb\"},\"inLanguage\":\"en-US\",\"potentialAction\":[{\"@type\":\"ReadAction\",\"target\":[\"https:\/\/www.skyline.de\/en\/product\/bio-bedding-terrarium-2\/\"]}]},{\"@type\":\"ImageObject\",\"inLanguage\":\"en-US\",\"@id\":\"https:\/\/www.skyline.de\/en\/product\/bio-bedding-terrarium-2\/#primaryimage\",\"url\":\"https:\/\/i0.wp.com\/www.skyline.de\/wp-content\/uploads\/2020\/01\/einstreu-kokos-schlangen.jpg?fit=400%2C500&ssl=1\",\"contentUrl\":\"https:\/\/i0.wp.com\/www.skyline.de\/wp-content\/uploads\/2020\/01\/einstreu-kokos-schlangen.jpg?fit=400%2C500&ssl=1\",\"width\":400,\"height\":500},{\"@type\":\"BreadcrumbList\",\"@id\":\"https:\/\/www.skyline.de\/en\/product\/bio-bedding-terrarium-2\/#breadcrumb\",\"itemListElement\":[{\"@type\":\"ListItem\",\"position\":1,\"name\":\"Startseite\",\"item\":\"https:\/\/www.skyline.de\/en\/\"},{\"@type\":\"ListItem\",\"position\":2,\"name\":\"Shop\",\"item\":\"https:\/\/www.skyline.de\/en\/catalogue\/\"},{\"@type\":\"ListItem\",\"position\":3,\"name\":\"ORGANIC BEDDING TERRARIUMS\"}]},{\"@type\":\"WebSite\",\"@id\":\"https:\/\/www.skyline.de\/#website\",\"url\":\"https:\/\/www.skyline.de\/\",\"name\":\"Skyline - Lifestyle f\u00fcr Tiere\",\"description\":\"Katzen, Hunde, Wild- und Gartenv\u00f6gel, Insekten, H\u00fchner, Zierv\u00f6gel, Zwergkaninchen, Meerschweinchen, Hamster, Ratten, M\u00e4use\",\"potentialAction\":[{\"@type\":\"SearchAction\",\"target\":{\"@type\":\"EntryPoint\",\"urlTemplate\":\"https:\/\/www.skyline.de\/?s={search_term_string}\"},\"query-input\":{\"@type\":\"PropertyValueSpecification\",\"valueRequired\":true,\"valueName\":\"search_term_string\"}}],\"inLanguage\":\"en-US\"}]}<\/script>\n<!-- \/ Yoast SEO plugin. -->","yoast_head_json":{"title":"ORGANIC BEDDING TERRARIUMS - Skyline - Lifestyle f\u00fcr Tiere","robots":{"index":"index","follow":"follow","max-snippet":"max-snippet:-1","max-image-preview":"max-image-preview:large","max-video-preview":"max-video-preview:-1"},"canonical":"https:\/\/www.skyline.de\/en\/product\/bio-bedding-terrarium-2\/","og_locale":"en_US","og_type":"article","og_title":"ORGANIC BEDDING TERRARIUMS - Skyline - Lifestyle f\u00fcr Tiere","og_description":"Put on \"das Plus der Kokosnuss!\" Litter grows to four times its volume!","og_url":"https:\/\/www.skyline.de\/en\/product\/bio-bedding-terrarium-2\/","og_site_name":"Skyline - Lifestyle f\u00fcr Tiere","article_modified_time":"2021-01-20T07:33:39+00:00","og_image":[{"width":400,"height":500,"url":"https:\/\/i0.wp.com\/www.skyline.de\/wp-content\/uploads\/2020\/01\/einstreu-kokos-schlangen.jpg?fit=400%2C500&ssl=1","type":"image\/jpeg"}],"twitter_card":"summary_large_image","schema":{"@context":"https:\/\/schema.org","@graph":[{"@type":"WebPage","@id":"https:\/\/www.skyline.de\/en\/product\/bio-bedding-terrarium-2\/","url":"https:\/\/www.skyline.de\/en\/product\/bio-bedding-terrarium-2\/","name":"ORGANIC BEDDING TERRARIUMS - Skyline - Lifestyle f\u00fcr Tiere","isPartOf":{"@id":"https:\/\/www.skyline.de\/#website"},"primaryImageOfPage":{"@id":"https:\/\/www.skyline.de\/en\/product\/bio-bedding-terrarium-2\/#primaryimage"},"image":{"@id":"https:\/\/www.skyline.de\/en\/product\/bio-bedding-terrarium-2\/#primaryimage"},"thumbnailUrl":"https:\/\/i0.wp.com\/www.skyline.de\/wp-content\/uploads\/2020\/01\/einstreu-kokos-schlangen.jpg?fit=400%2C500&ssl=1","datePublished":"2021-01-20T07:32:37+00:00","dateModified":"2021-01-20T07:33:39+00:00","breadcrumb":{"@id":"https:\/\/www.skyline.de\/en\/product\/bio-bedding-terrarium-2\/#breadcrumb"},"inLanguage":"en-US","potentialAction":[{"@type":"ReadAction","target":["https:\/\/www.skyline.de\/en\/product\/bio-bedding-terrarium-2\/"]}]},{"@type":"ImageObject","inLanguage":"en-US","@id":"https:\/\/www.skyline.de\/en\/product\/bio-bedding-terrarium-2\/#primaryimage","url":"https:\/\/i0.wp.com\/www.skyline.de\/wp-content\/uploads\/2020\/01\/einstreu-kokos-schlangen.jpg?fit=400%2C500&ssl=1","contentUrl":"https:\/\/i0.wp.com\/www.skyline.de\/wp-content\/uploads\/2020\/01\/einstreu-kokos-schlangen.jpg?fit=400%2C500&ssl=1","width":400,"height":500},{"@type":"BreadcrumbList","@id":"https:\/\/www.skyline.de\/en\/product\/bio-bedding-terrarium-2\/#breadcrumb","itemListElement":[{"@type":"ListItem","position":1,"name":"Startseite","item":"https:\/\/www.skyline.de\/en\/"},{"@type":"ListItem","position":2,"name":"Shop","item":"https:\/\/www.skyline.de\/en\/catalogue\/"},{"@type":"ListItem","position":3,"name":"ORGANIC BEDDING TERRARIUMS"}]},{"@type":"WebSite","@id":"https:\/\/www.skyline.de\/#website","url":"https:\/\/www.skyline.de\/","name":"Skyline - Lifestyle f\u00fcr Tiere","description":"Katzen, Hunde, Wild- und Gartenv\u00f6gel, Insekten, H\u00fchner, Zierv\u00f6gel, Zwergkaninchen, Meerschweinchen, Hamster, Ratten, M\u00e4use","potentialAction":[{"@type":"SearchAction","target":{"@type":"EntryPoint","urlTemplate":"https:\/\/www.skyline.de\/?s={search_term_string}"},"query-input":{"@type":"PropertyValueSpecification","valueRequired":true,"valueName":"search_term_string"}}],"inLanguage":"en-US"}]}},"_links":{"self":[{"href":"https:\/\/www.skyline.de\/en\/wp-json\/wp\/v2\/product\/5331","targetHints":{"allow":["GET"]}}],"collection":[{"href":"https:\/\/www.skyline.de\/en\/wp-json\/wp\/v2\/product"}],"about":[{"href":"https:\/\/www.skyline.de\/en\/wp-json\/wp\/v2\/types\/product"}],"wp:featuredmedia":[{"embeddable":true,"href":"https:\/\/www.skyline.de\/en\/wp-json\/wp\/v2\/media\/4884"}],"wp:attachment":[{"href":"https:\/\/www.skyline.de\/en\/wp-json\/wp\/v2\/media?parent=5331"}],"wp:term":[{"taxonomy":"product_brand","embeddable":true,"href":"https:\/\/www.skyline.de\/en\/wp-json\/wp\/v2\/product_brand?post=5331"},{"taxonomy":"product_cat","embeddable":true,"href":"https:\/\/www.skyline.de\/en\/wp-json\/wp\/v2\/product_cat?post=5331"},{"taxonomy":"product_tag","embeddable":true,"href":"https:\/\/www.skyline.de\/en\/wp-json\/wp\/v2\/product_tag?post=5331"}],"curies":[{"name":"wp","href":"https:\/\/api.w.org\/{rel}","templated":true}]}}