{"id":4933,"date":"2020-04-16T07:24:39","date_gmt":"2020-04-16T05:24:39","guid":{"rendered":"http:\/\/www.skyline.de\/?page_id=4933"},"modified":"2021-02-04T15:24:51","modified_gmt":"2021-02-04T14:24:51","slug":"home-garden","status":"publish","type":"page","link":"https:\/\/www.skyline.de\/en\/home-garden\/","title":{"rendered":"home &#038; garden"},"content":{"rendered":"","protected":false},"excerpt":{"rendered":"","protected":false},"author":1,"featured_media":0,"parent":0,"menu_order":0,"comment_status":"open","ping_status":"open","template":"","meta":{"footnotes":""},"class_list":["post-4933","page","type-page","status-publish","hentry"],"yoast_head":"<!-- This site is optimized with the Yoast SEO plugin v27.1.1 - https:\/\/yoast.com\/product\/yoast-seo-wordpress\/ -->\n<title>home &amp; garden - Skyline - Lifestyle f\u00fcr Tiere<\/title>\n<meta name=\"robots\" content=\"index, follow, max-snippet:-1, max-image-preview:large, max-video-preview:-1\" \/>\n<link rel=\"canonical\" href=\"https:\/\/www.skyline.de\/en\/home-garden\/\" \/>\n<meta property=\"og:locale\" content=\"en_US\" \/>\n<meta property=\"og:type\" content=\"article\" \/>\n<meta property=\"og:title\" content=\"home &amp; garden - Skyline - Lifestyle f\u00fcr Tiere\" \/>\n<meta property=\"og:url\" content=\"https:\/\/www.skyline.de\/en\/home-garden\/\" \/>\n<meta property=\"og:site_name\" content=\"Skyline - Lifestyle f\u00fcr Tiere\" \/>\n<meta property=\"article:modified_time\" content=\"2021-02-04T14:24:51+00:00\" \/>\n<meta name=\"twitter:card\" content=\"summary_large_image\" \/>\n<script type=\"application\/ld+json\" class=\"yoast-schema-graph\">{\"@context\":\"https:\/\/schema.org\",\"@graph\":[{\"@type\":\"WebPage\",\"@id\":\"https:\/\/www.skyline.de\/en\/home-garden\/\",\"url\":\"https:\/\/www.skyline.de\/en\/home-garden\/\",\"name\":\"home & garden - Skyline - Lifestyle f\u00fcr Tiere\",\"isPartOf\":{\"@id\":\"https:\/\/www.skyline.de\/#website\"},\"datePublished\":\"2020-04-16T05:24:39+00:00\",\"dateModified\":\"2021-02-04T14:24:51+00:00\",\"breadcrumb\":{\"@id\":\"https:\/\/www.skyline.de\/en\/home-garden\/#breadcrumb\"},\"inLanguage\":\"en-US\",\"potentialAction\":[{\"@type\":\"ReadAction\",\"target\":[\"https:\/\/www.skyline.de\/en\/home-garden\/\"]}]},{\"@type\":\"BreadcrumbList\",\"@id\":\"https:\/\/www.skyline.de\/en\/home-garden\/#breadcrumb\",\"itemListElement\":[{\"@type\":\"ListItem\",\"position\":1,\"name\":\"Startseite\",\"item\":\"https:\/\/www.skyline.de\/en\/\"},{\"@type\":\"ListItem\",\"position\":2,\"name\":\"home &#038; garden\"}]},{\"@type\":\"WebSite\",\"@id\":\"https:\/\/www.skyline.de\/#website\",\"url\":\"https:\/\/www.skyline.de\/\",\"name\":\"Skyline - Lifestyle f\u00fcr Tiere\",\"description\":\"Katzen, Hunde, Wild- und Gartenv\u00f6gel, Insekten, H\u00fchner, Zierv\u00f6gel, Zwergkaninchen, Meerschweinchen, Hamster, Ratten, M\u00e4use\",\"potentialAction\":[{\"@type\":\"SearchAction\",\"target\":{\"@type\":\"EntryPoint\",\"urlTemplate\":\"https:\/\/www.skyline.de\/?s={search_term_string}\"},\"query-input\":{\"@type\":\"PropertyValueSpecification\",\"valueRequired\":true,\"valueName\":\"search_term_string\"}}],\"inLanguage\":\"en-US\"}]}<\/script>\n<!-- \/ Yoast SEO plugin. -->","yoast_head_json":{"title":"home & garden - Skyline - Lifestyle f\u00fcr Tiere","robots":{"index":"index","follow":"follow","max-snippet":"max-snippet:-1","max-image-preview":"max-image-preview:large","max-video-preview":"max-video-preview:-1"},"canonical":"https:\/\/www.skyline.de\/en\/home-garden\/","og_locale":"en_US","og_type":"article","og_title":"home & garden - Skyline - Lifestyle f\u00fcr Tiere","og_url":"https:\/\/www.skyline.de\/en\/home-garden\/","og_site_name":"Skyline - Lifestyle f\u00fcr Tiere","article_modified_time":"2021-02-04T14:24:51+00:00","twitter_card":"summary_large_image","schema":{"@context":"https:\/\/schema.org","@graph":[{"@type":"WebPage","@id":"https:\/\/www.skyline.de\/en\/home-garden\/","url":"https:\/\/www.skyline.de\/en\/home-garden\/","name":"home & garden - Skyline - Lifestyle f\u00fcr Tiere","isPartOf":{"@id":"https:\/\/www.skyline.de\/#website"},"datePublished":"2020-04-16T05:24:39+00:00","dateModified":"2021-02-04T14:24:51+00:00","breadcrumb":{"@id":"https:\/\/www.skyline.de\/en\/home-garden\/#breadcrumb"},"inLanguage":"en-US","potentialAction":[{"@type":"ReadAction","target":["https:\/\/www.skyline.de\/en\/home-garden\/"]}]},{"@type":"BreadcrumbList","@id":"https:\/\/www.skyline.de\/en\/home-garden\/#breadcrumb","itemListElement":[{"@type":"ListItem","position":1,"name":"Startseite","item":"https:\/\/www.skyline.de\/en\/"},{"@type":"ListItem","position":2,"name":"home &#038; garden"}]},{"@type":"WebSite","@id":"https:\/\/www.skyline.de\/#website","url":"https:\/\/www.skyline.de\/","name":"Skyline - Lifestyle f\u00fcr Tiere","description":"Katzen, Hunde, Wild- und Gartenv\u00f6gel, Insekten, H\u00fchner, Zierv\u00f6gel, Zwergkaninchen, Meerschweinchen, Hamster, Ratten, M\u00e4use","potentialAction":[{"@type":"SearchAction","target":{"@type":"EntryPoint","urlTemplate":"https:\/\/www.skyline.de\/?s={search_term_string}"},"query-input":{"@type":"PropertyValueSpecification","valueRequired":true,"valueName":"search_term_string"}}],"inLanguage":"en-US"}]}},"_links":{"self":[{"href":"https:\/\/www.skyline.de\/en\/wp-json\/wp\/v2\/pages\/4933","targetHints":{"allow":["GET"]}}],"collection":[{"href":"https:\/\/www.skyline.de\/en\/wp-json\/wp\/v2\/pages"}],"about":[{"href":"https:\/\/www.skyline.de\/en\/wp-json\/wp\/v2\/types\/page"}],"author":[{"embeddable":true,"href":"https:\/\/www.skyline.de\/en\/wp-json\/wp\/v2\/users\/1"}],"replies":[{"embeddable":true,"href":"https:\/\/www.skyline.de\/en\/wp-json\/wp\/v2\/comments?post=4933"}],"version-history":[{"count":1,"href":"https:\/\/www.skyline.de\/en\/wp-json\/wp\/v2\/pages\/4933\/revisions"}],"predecessor-version":[{"id":4964,"href":"https:\/\/www.skyline.de\/en\/wp-json\/wp\/v2\/pages\/4933\/revisions\/4964"}],"wp:attachment":[{"href":"https:\/\/www.skyline.de\/en\/wp-json\/wp\/v2\/media?parent=4933"}],"curies":[{"name":"wp","href":"https:\/\/api.w.org\/{rel}","templated":true}]}}