{"id":4913,"date":"2020-04-16T04:33:44","date_gmt":"2020-04-16T02:33:44","guid":{"rendered":"http:\/\/www.skyline.de\/?page_id=4913"},"modified":"2021-02-03T13:44:18","modified_gmt":"2021-02-03T12:44:18","slug":"home","status":"publish","type":"page","link":"https:\/\/www.skyline.de\/en\/","title":{"rendered":"Skyline"},"content":{"rendered":"\n<p> <\/p>\n","protected":false},"excerpt":{"rendered":"","protected":false},"author":1,"featured_media":0,"parent":0,"menu_order":0,"comment_status":"closed","ping_status":"open","template":"","meta":{"footnotes":""},"class_list":["post-4913","page","type-page","status-publish","hentry"],"yoast_head":"<!-- This site is optimized with the Yoast SEO plugin v27.1.1 - https:\/\/yoast.com\/product\/yoast-seo-wordpress\/ -->\n<title>Skyline Pet Products | Cage, Accessories For Animals<\/title>\n<meta name=\"description\" content=\"Skyline Pet Products GmbH offers pet cage, litter, boxes, and other accessories for animals at the best price. Contact @ \u260e +49 (0) 7141.866 288- 0\" \/>\n<meta name=\"robots\" content=\"index, follow, max-snippet:-1, max-image-preview:large, max-video-preview:-1\" \/>\n<link rel=\"canonical\" href=\"https:\/\/www.skyline.de\/en\/\" \/>\n<meta property=\"og:locale\" content=\"en_US\" \/>\n<meta property=\"og:type\" content=\"article\" \/>\n<meta property=\"og:title\" content=\"Skyline Pet Products | Cage, Accessories For Animals\" \/>\n<meta property=\"og:description\" content=\"Skyline Pet Products GmbH offers pet cage, litter, boxes, and other accessories for animals at the best price. Contact @ \u260e +49 (0) 7141.866 288- 0\" \/>\n<meta property=\"og:url\" content=\"https:\/\/www.skyline.de\/en\/\" \/>\n<meta property=\"og:site_name\" content=\"Skyline - Lifestyle f\u00fcr Tiere\" \/>\n<meta property=\"article:modified_time\" content=\"2021-02-03T12:44:18+00:00\" \/>\n<meta name=\"twitter:card\" content=\"summary_large_image\" \/>\n<script type=\"application\/ld+json\" class=\"yoast-schema-graph\">{\"@context\":\"https:\/\/schema.org\",\"@graph\":[{\"@type\":\"WebPage\",\"@id\":\"https:\/\/www.skyline.de\/en\/\",\"url\":\"https:\/\/www.skyline.de\/en\/\",\"name\":\"Skyline Pet Products | Cage, Accessories For Animals\",\"isPartOf\":{\"@id\":\"https:\/\/www.skyline.de\/#website\"},\"datePublished\":\"2020-04-16T02:33:44+00:00\",\"dateModified\":\"2021-02-03T12:44:18+00:00\",\"description\":\"Skyline Pet Products GmbH offers pet cage, litter, boxes, and other accessories for animals at the best price. Contact @ \u260e +49 (0) 7141.866 288- 0\",\"breadcrumb\":{\"@id\":\"https:\/\/www.skyline.de\/en\/#breadcrumb\"},\"inLanguage\":\"en-US\",\"potentialAction\":[{\"@type\":\"ReadAction\",\"target\":[\"https:\/\/www.skyline.de\/en\/\"]}]},{\"@type\":\"BreadcrumbList\",\"@id\":\"https:\/\/www.skyline.de\/en\/#breadcrumb\",\"itemListElement\":[{\"@type\":\"ListItem\",\"position\":1,\"name\":\"Startseite\",\"item\":\"https:\/\/www.skyline.de\/en\/\"},{\"@type\":\"ListItem\",\"position\":2,\"name\":\"Skyline\"}]},{\"@type\":\"WebSite\",\"@id\":\"https:\/\/www.skyline.de\/#website\",\"url\":\"https:\/\/www.skyline.de\/\",\"name\":\"Skyline - Lifestyle f\u00fcr Tiere\",\"description\":\"Katzen, Hunde, Wild- und Gartenv\u00f6gel, Insekten, H\u00fchner, Zierv\u00f6gel, Zwergkaninchen, Meerschweinchen, Hamster, Ratten, M\u00e4use\",\"potentialAction\":[{\"@type\":\"SearchAction\",\"target\":{\"@type\":\"EntryPoint\",\"urlTemplate\":\"https:\/\/www.skyline.de\/?s={search_term_string}\"},\"query-input\":{\"@type\":\"PropertyValueSpecification\",\"valueRequired\":true,\"valueName\":\"search_term_string\"}}],\"inLanguage\":\"en-US\"}]}<\/script>\n<!-- \/ Yoast SEO plugin. -->","yoast_head_json":{"title":"Skyline Pet Products | Cage, Accessories For Animals","description":"Skyline Pet Products GmbH offers pet cage, litter, boxes, and other accessories for animals at the best price. Contact @ \u260e +49 (0) 7141.866 288- 0","robots":{"index":"index","follow":"follow","max-snippet":"max-snippet:-1","max-image-preview":"max-image-preview:large","max-video-preview":"max-video-preview:-1"},"canonical":"https:\/\/www.skyline.de\/en\/","og_locale":"en_US","og_type":"article","og_title":"Skyline Pet Products | Cage, Accessories For Animals","og_description":"Skyline Pet Products GmbH offers pet cage, litter, boxes, and other accessories for animals at the best price. Contact @ \u260e +49 (0) 7141.866 288- 0","og_url":"https:\/\/www.skyline.de\/en\/","og_site_name":"Skyline - Lifestyle f\u00fcr Tiere","article_modified_time":"2021-02-03T12:44:18+00:00","twitter_card":"summary_large_image","schema":{"@context":"https:\/\/schema.org","@graph":[{"@type":"WebPage","@id":"https:\/\/www.skyline.de\/en\/","url":"https:\/\/www.skyline.de\/en\/","name":"Skyline Pet Products | Cage, Accessories For Animals","isPartOf":{"@id":"https:\/\/www.skyline.de\/#website"},"datePublished":"2020-04-16T02:33:44+00:00","dateModified":"2021-02-03T12:44:18+00:00","description":"Skyline Pet Products GmbH offers pet cage, litter, boxes, and other accessories for animals at the best price. Contact @ \u260e +49 (0) 7141.866 288- 0","breadcrumb":{"@id":"https:\/\/www.skyline.de\/en\/#breadcrumb"},"inLanguage":"en-US","potentialAction":[{"@type":"ReadAction","target":["https:\/\/www.skyline.de\/en\/"]}]},{"@type":"BreadcrumbList","@id":"https:\/\/www.skyline.de\/en\/#breadcrumb","itemListElement":[{"@type":"ListItem","position":1,"name":"Startseite","item":"https:\/\/www.skyline.de\/en\/"},{"@type":"ListItem","position":2,"name":"Skyline"}]},{"@type":"WebSite","@id":"https:\/\/www.skyline.de\/#website","url":"https:\/\/www.skyline.de\/","name":"Skyline - Lifestyle f\u00fcr Tiere","description":"Katzen, Hunde, Wild- und Gartenv\u00f6gel, Insekten, H\u00fchner, Zierv\u00f6gel, Zwergkaninchen, Meerschweinchen, Hamster, Ratten, M\u00e4use","potentialAction":[{"@type":"SearchAction","target":{"@type":"EntryPoint","urlTemplate":"https:\/\/www.skyline.de\/?s={search_term_string}"},"query-input":{"@type":"PropertyValueSpecification","valueRequired":true,"valueName":"search_term_string"}}],"inLanguage":"en-US"}]}},"_links":{"self":[{"href":"https:\/\/www.skyline.de\/en\/wp-json\/wp\/v2\/pages\/4913","targetHints":{"allow":["GET"]}}],"collection":[{"href":"https:\/\/www.skyline.de\/en\/wp-json\/wp\/v2\/pages"}],"about":[{"href":"https:\/\/www.skyline.de\/en\/wp-json\/wp\/v2\/types\/page"}],"author":[{"embeddable":true,"href":"https:\/\/www.skyline.de\/en\/wp-json\/wp\/v2\/users\/1"}],"replies":[{"embeddable":true,"href":"https:\/\/www.skyline.de\/en\/wp-json\/wp\/v2\/comments?post=4913"}],"version-history":[{"count":1,"href":"https:\/\/www.skyline.de\/en\/wp-json\/wp\/v2\/pages\/4913\/revisions"}],"predecessor-version":[{"id":4914,"href":"https:\/\/www.skyline.de\/en\/wp-json\/wp\/v2\/pages\/4913\/revisions\/4914"}],"wp:attachment":[{"href":"https:\/\/www.skyline.de\/en\/wp-json\/wp\/v2\/media?parent=4913"}],"curies":[{"name":"wp","href":"https:\/\/api.w.org\/{rel}","templated":true}]}}